{"id":4054,"date":"2024-03-21T08:51:15","date_gmt":"2024-03-21T00:51:15","guid":{"rendered":"https:\/\/zojopackaging.com\/?post_type=product&#038;p=4054"},"modified":"2025-03-27T20:45:32","modified_gmt":"2025-03-27T12:45:32","slug":"dsd-pull-out-packaging-box","status":"publish","type":"product","link":"https:\/\/zojopackaging.com\/pl\/product\/dsd-pull-out-packaging-box\/","title":{"rendered":"Niestandardowa ma\u0142a bi\u017cuteria Pier\u015bcionek Kolczyk Naszyjnik Pude\u0142ka Hurtownia"},"content":{"rendered":"<h1>Niestandardowa ma\u0142a bi\u017cuteria Pier\u015bcionek Kolczyk Naszyjnik Pude\u0142ka Hurtownia<\/h1>\n<p>Eleganckie, wyrafinowane i stylowe. Wysuwane pude\u0142ka maj\u0105 prost\u0105 konstrukcj\u0119, ale s\u0105 kreatywnym i unikalnym sposobem pakowania produkt\u00f3w. Dzi\u0119ki wysuwanemu mechanizmowi przypominaj\u0105cemu szuflad\u0119, pude\u0142ka te s\u0105 idealne do produkt\u00f3w jubilerskich, kosmetyk\u00f3w, drobnych upomink\u00f3w i nie tylko.<\/p>\n<ul>\n<li>Dost\u0119pne w 20 rozmiarach<\/li>\n<li>5 r\u00f3\u017cnych akcji do wyboru<\/li>\n<li>Dost\u0119pne laminowanie b\u0142yszcz\u0105ce, matowe i mi\u0119kkie w dotyku<\/li>\n<li>300 dpi<\/li>\n<li>CMYK<\/li>\n<\/ul>\n<p>W skr\u00f3cie<\/p>\n<table border=\"1\" cellspacing=\"1\" cellpadding=\"1\" align=\"left\">\n<thead>\n<tr>\n<th scope=\"col\">Materia\u0142<\/th>\n<th scope=\"col\">Uk\u0142ad wydruku<\/th>\n<th scope=\"col\">Dost\u0119pne laminowanie<\/th>\n<\/tr>\n<\/thead>\n<tbody>\n<tr>\n<td>Karta Classic o gramaturze 380 g\/m\u00b2<\/td>\n<td>Tylko druk zewn\u0119trzny<\/td>\n<td>Tak - laminacja b\u0142yszcz\u0105ca, matowa lub mi\u0119kka w dotyku<\/td>\n<\/tr>\n<tr>\n<td>320gsm Premium Card<\/td>\n<td>Tylko druk zewn\u0119trzny<\/td>\n<td>Nie<\/td>\n<\/tr>\n<tr>\n<td>Wyt\u0142aczana karta 320gsm<\/td>\n<td>Tylko druk zewn\u0119trzny<\/td>\n<td>Nie<\/td>\n<\/tr>\n<tr>\n<td>Br\u0105zowa karta 380 g\/m\u00b2<\/td>\n<td>Tylko druk zewn\u0119trzny<\/td>\n<td>Nie<\/td>\n<\/tr>\n<tr>\n<td>Dwustronnie powlekana karta o gramaturze 400 g\/m\u00b2<\/td>\n<td>Tylko druk wewn\u0119trzny i zewn\u0119trzny<\/td>\n<td>Tak - laminacja b\u0142yszcz\u0105ca, matowa lub mi\u0119kka w dotyku<\/td>\n<\/tr>\n<\/tbody>\n<\/table>\n<p>&nbsp;<\/p>\n<p>&nbsp;<\/p>\n<p>&nbsp;<\/p>\n<p>&nbsp;<\/p>\n<p>&nbsp;<\/p>\n<h1><strong>Specyfikacja<\/strong><\/h1>\n<table style=\"height: 666px;\" width=\"1070\">\n<tbody>\n<tr>\n<td width=\"373\">Wymiary<\/td>\n<td width=\"373\">Wszystkie niestandardowe rozmiary i kszta\u0142ty<\/td>\n<\/tr>\n<tr>\n<td width=\"373\">MOQ<\/td>\n<td width=\"373\">500szt.<\/td>\n<\/tr>\n<tr>\n<td width=\"373\">Czas pr\u00f3by<\/td>\n<td width=\"373\">3-5 dni<\/td>\n<\/tr>\n<tr>\n<td width=\"373\">Proces domy\u015blny<\/td>\n<td width=\"373\">Sztancowanie, klejenie, nacinanie, perforacja<\/td>\n<\/tr>\n<tr>\n<td width=\"373\">Drukowanie<\/td>\n<td width=\"373\">Cmyk, pms, bez drukowania<\/td>\n<\/tr>\n<tr>\n<td width=\"373\">Opcja materia\u0142u<\/td>\n<td width=\"373\">Bia\u0142y papier kartonowy, papier powlekany, papier artystyczny, papier siarczanowy, ko\u015b\u0107 s\u0142oniowa, tektura dwustronna, papier specjalny itp.<\/td>\n<\/tr>\n<tr>\n<td width=\"373\">Wyko\u0144czenie powierzchni<\/td>\n<td width=\"373\">Laminowanie matowe\/b\u0142yszcz\u0105ce, punktowe UVDebossing, t\u0142oczenie, t\u0142oczenie foli\u0105 itp.<\/td>\n<\/tr>\n<tr>\n<td width=\"373\">Wykorzystanie w przemy\u015ble<\/td>\n<td width=\"373\">kosmetyki, perfumy, odzie\u017c, bi\u017cuteria, tyto\u0144, \u017cywno\u015b\u0107, towary codziennego u\u017cytku,<\/td>\n<\/tr>\n<tr>\n<td width=\"373\">Kontrola jako\u015bci<\/td>\n<td width=\"373\">Zaawansowany sprz\u0119t i do\u015bwiadczony zesp\u00f3\u0142 kontroli jako\u015bci dok\u0142adnie sprawdz\u0105 materia\u0142y, p\u00f3\u0142produkty i gotowe produkty na ka\u017cdym etapie przed ich u\u017cyciem.<\/td>\n<\/tr>\n<tr>\n<td width=\"373\">Cena<\/td>\n<td width=\"373\">Ostateczna cena b\u0119dzie dostosowana do produktu i wymaganej ilo\u015bci<\/td>\n<\/tr>\n<tr>\n<td width=\"373\">Czas zwrotu<\/td>\n<td width=\"373\">7-14 dni roboczych, po\u015bpiech<\/td>\n<\/tr>\n<tr>\n<td width=\"373\">Papier<\/td>\n<td width=\"373\">10pt do 28pt (60lb do 400lb) ekologiczny Kraft, tektura falista e-flute, tektura bux, karton<\/td>\n<\/tr>\n<tr>\n<td width=\"373\">Format grafiki<\/td>\n<td width=\"373\">JPG, PDF, AI, CDR, EPS, GIF....<\/td>\n<\/tr>\n<tr>\n<td width=\"373\">Akcesoria<\/td>\n<td width=\"373\">Magnes, ta\u015bma, forma EVA, plastikowa taca, g\u0105bka, okienko PVC\/PET\/PP,...<\/td>\n<\/tr>\n<tr>\n<td width=\"373\">Termin p\u0142atno\u015bci<\/td>\n<td width=\"373\">T \/ T, Western Union, Paypal, depozyt 30% i saldo 70% przed wysy\u0142k\u0105.<\/td>\n<\/tr>\n<\/tbody>\n<\/table>\n<div class=\"widget block block-static-block\">\n<div class=\"landing-page-section option-bottom\">\n<div class=\"custom-materials-tabs-content container container-adjustment\">\n<div class=\"custom-materials-tab-content active\">\n<div class=\"widget block block-static-block\">\n<div class=\"options-items\">\n<div class=\"flex-grid-row-option\">\n<div class=\"flex-grid-item-option\">\n<div class=\"material-box\">\n<p>&nbsp;<\/p>\n<\/div>\n<\/div>\n<\/div>\n<\/div>\n<p><!---end of option item--><\/p>\n<\/div>\n<\/div>\n<\/div>\n<\/div>\n<\/div>","protected":false},"excerpt":{"rendered":"<ul>\n<li>MOQ: 500 sztuk<\/li>\n<li>Czas dostawy: 7-14 dni roboczych, po\u015bpiech<\/li>\n<li>Wymiary na zam\u00f3wienie (\u015brednica x wysoko\u015b\u0107)<\/li>\n<li>Drukowanie na zam\u00f3wienie<\/li>\n<li>Przyjazny dla \u015brodowiska, nadaj\u0105cy si\u0119 do recyklingu i niezawieraj\u0105cy plastiku<\/li>\n<li>Cena \uff1a Ostateczna cena zostanie dostosowana do produktu i wymaganej ilo\u015bci<\/li>\n<\/ul>","protected":false},"featured_media":4056,"template":"","meta":[],"product_brand":[],"product_cat":[30,415,31,426],"product_tag":[711,575,576],"class_list":{"0":"post-4054","1":"product","2":"type-product","3":"status-publish","4":"has-post-thumbnail","6":"product_cat-by-industry","7":"product_cat-custom-jewelry-boxes-by-industry","8":"product_cat-paper-box-style","9":"product_cat-paper-drawer-boxes","10":"product_tag-custom-small-ring-earring-boxes","11":"product_tag-jewelry-boxes-wholesale","12":"product_tag-necklace-boxes-wholesale","14":"first","15":"instock","16":"shipping-taxable","17":"product-type-grouped"},"_links":{"self":[{"href":"https:\/\/zojopackaging.com\/pl\/wp-json\/wp\/v2\/product\/4054","targetHints":{"allow":["GET"]}}],"collection":[{"href":"https:\/\/zojopackaging.com\/pl\/wp-json\/wp\/v2\/product"}],"about":[{"href":"https:\/\/zojopackaging.com\/pl\/wp-json\/wp\/v2\/types\/product"}],"version-history":[{"count":2,"href":"https:\/\/zojopackaging.com\/pl\/wp-json\/wp\/v2\/product\/4054\/revisions"}],"predecessor-version":[{"id":8422,"href":"https:\/\/zojopackaging.com\/pl\/wp-json\/wp\/v2\/product\/4054\/revisions\/8422"}],"wp:featuredmedia":[{"embeddable":true,"href":"https:\/\/zojopackaging.com\/pl\/wp-json\/wp\/v2\/media\/4056"}],"wp:attachment":[{"href":"https:\/\/zojopackaging.com\/pl\/wp-json\/wp\/v2\/media?parent=4054"}],"wp:term":[{"taxonomy":"product_brand","embeddable":true,"href":"https:\/\/zojopackaging.com\/pl\/wp-json\/wp\/v2\/product_brand?post=4054"},{"taxonomy":"product_cat","embeddable":true,"href":"https:\/\/zojopackaging.com\/pl\/wp-json\/wp\/v2\/product_cat?post=4054"},{"taxonomy":"product_tag","embeddable":true,"href":"https:\/\/zojopackaging.com\/pl\/wp-json\/wp\/v2\/product_tag?post=4054"}],"curies":[{"name":"wp","href":"https:\/\/api.w.org\/{rel}","templated":true}]}}