{"id":4061,"date":"2024-03-21T08:56:25","date_gmt":"2024-03-21T00:56:25","guid":{"rendered":"https:\/\/zojopackaging.com\/?post_type=product&#038;p=4061"},"modified":"2025-03-27T20:12:41","modified_gmt":"2025-03-27T12:12:41","slug":"watch-strap-drawer-packaging-boxes","status":"publish","type":"product","link":"https:\/\/zojopackaging.com\/pl\/product\/watch-strap-drawer-packaging-boxes\/","title":{"rendered":"Hurtowe niestandardowe papierowe pude\u0142ka do pakowania pask\u00f3w do zegark\u00f3w"},"content":{"rendered":"<h1>Hurtowe niestandardowe papierowe pude\u0142ka do pakowania pask\u00f3w do zegark\u00f3w<\/h1>\n<p>Hurtowe niestandardowe pude\u0142ka papierowe z szufladami na paski do zegark\u00f3w zosta\u0142y zaprojektowane tak, aby zapewni\u0107 eleganckie i eleganckie rozwi\u0105zanie do pakowania pask\u00f3w do zegark\u00f3w. Pude\u0142ka te maj\u0105 unikaln\u0105 konstrukcj\u0119 szuflady, kt\u00f3ra umo\u017cliwia \u0142atwy dost\u0119p do paska zegarka w \u015brodku. Opakowanie jest wykonane z wysokiej jako\u015bci materia\u0142\u00f3w, aby zapewni\u0107 trwa\u0142o\u015b\u0107 i ochron\u0119 paska zegarka podczas przechowywania i transportu.<\/p>\n<p>Zewn\u0119trzna cz\u0119\u015b\u0107 pude\u0142ka mo\u017ce zosta\u0107 spersonalizowana za pomoc\u0105 logo marki, logo i innych wzor\u00f3w, aby stworzy\u0107 wyj\u0105tkow\u0105 i przyci\u0105gaj\u0105c\u0105 wzrok prezentacj\u0119. Wn\u0119trze pude\u0142ka jest wy\u0142o\u017cone mi\u0119kkimi materia\u0142ami, aby zapobiec zarysowaniom i uszkodzeniom paska zegarka.<\/p>\n<p>Og\u00f3lnie rzecz bior\u0105c, hurtowe niestandardowe papierowe pude\u0142ka do pakowania pask\u00f3w do zegark\u00f3w s\u0105 stylowym i praktycznym sposobem przechowywania i prezentowania pask\u00f3w do zegark\u00f3w, co czyni je idealnym wyborem dla sprzedawc\u00f3w detalicznych, producent\u00f3w i entuzjast\u00f3w zegark\u00f3w.<\/p>\n<h1><strong>Specyfikacja<\/strong><\/h1>\n<table style=\"height: 666px;\" width=\"1070\">\n<tbody>\n<tr>\n<td width=\"373\">Wymiary<\/td>\n<td width=\"373\">Wszystkie niestandardowe rozmiary i kszta\u0142ty<\/td>\n<\/tr>\n<tr>\n<td width=\"373\">MOQ<\/td>\n<td width=\"373\">500szt.<\/td>\n<\/tr>\n<tr>\n<td width=\"373\">Czas pr\u00f3by<\/td>\n<td width=\"373\">3-5 dni<\/td>\n<\/tr>\n<tr>\n<td width=\"373\">Proces domy\u015blny<\/td>\n<td width=\"373\">Sztancowanie, klejenie, nacinanie, perforacja<\/td>\n<\/tr>\n<tr>\n<td width=\"373\">Drukowanie<\/td>\n<td width=\"373\">Cmyk, pms, bez drukowania<\/td>\n<\/tr>\n<tr>\n<td width=\"373\">Opcja materia\u0142u<\/td>\n<td width=\"373\">Bia\u0142y papier kartonowy, papier powlekany, papier artystyczny, papier siarczanowy, ko\u015b\u0107 s\u0142oniowa, tektura dwustronna, papier specjalny itp.<\/td>\n<\/tr>\n<tr>\n<td width=\"373\">Wyko\u0144czenie powierzchni<\/td>\n<td width=\"373\">Laminowanie matowe\/b\u0142yszcz\u0105ce, punktowe UVDebossing, t\u0142oczenie, t\u0142oczenie foli\u0105 itp.<\/td>\n<\/tr>\n<tr>\n<td width=\"373\">Wykorzystanie w przemy\u015ble<\/td>\n<td width=\"373\">kosmetyki, perfumy, odzie\u017c, bi\u017cuteria, tyto\u0144, \u017cywno\u015b\u0107, towary codziennego u\u017cytku,<\/td>\n<\/tr>\n<tr>\n<td width=\"373\">Kontrola jako\u015bci<\/td>\n<td width=\"373\">Zaawansowany sprz\u0119t i do\u015bwiadczony zesp\u00f3\u0142 kontroli jako\u015bci dok\u0142adnie sprawdz\u0105 materia\u0142y, p\u00f3\u0142produkty i gotowe produkty na ka\u017cdym etapie przed ich u\u017cyciem.<\/td>\n<\/tr>\n<tr>\n<td width=\"373\">Cena<\/td>\n<td width=\"373\">Ostateczna cena b\u0119dzie dostosowana do produktu i wymaganej ilo\u015bci<\/td>\n<\/tr>\n<tr>\n<td width=\"373\">Czas zwrotu<\/td>\n<td width=\"373\">7-14 dni roboczych, po\u015bpiech<\/td>\n<\/tr>\n<tr>\n<td width=\"373\">Papier<\/td>\n<td width=\"373\">10pt do 28pt (60lb do 400lb) ekologiczny Kraft, tektura falista e-flute, tektura bux, karton<\/td>\n<\/tr>\n<tr>\n<td width=\"373\">Format grafiki<\/td>\n<td width=\"373\">JPG, PDF, AI, CDR, EPS, GIF....<\/td>\n<\/tr>\n<tr>\n<td width=\"373\">Akcesoria<\/td>\n<td width=\"373\">Magnes, ta\u015bma, forma EVA, plastikowa taca, g\u0105bka, okienko PVC\/PET\/PP,...<\/td>\n<\/tr>\n<tr>\n<td width=\"373\">Termin p\u0142atno\u015bci<\/td>\n<td width=\"373\">T \/ T, Western Union, Paypal, depozyt 30% i saldo 70% przed wysy\u0142k\u0105.<\/td>\n<\/tr>\n<\/tbody>\n<\/table>\n<div class=\"widget block block-static-block\">\n<div class=\"landing-page-section option-bottom\">\n<div class=\"custom-materials-tabs-content container container-adjustment\">\n<div class=\"custom-materials-tab-content active\">\n<div class=\"widget block block-static-block\">\n<div class=\"options-items\">\n<div class=\"flex-grid-row-option\">\n<div class=\"flex-grid-item-option\">\n<div class=\"material-box\">\n<p>&nbsp;<\/p>\n<\/div>\n<\/div>\n<\/div>\n<\/div>\n<p><!---end of option item--><\/p>\n<\/div>\n<\/div>\n<\/div>\n<\/div>\n<\/div>","protected":false},"excerpt":{"rendered":"<p>1. Konstrukcja szuflady jest \u0142atwa do otwierania i zamykania, co skraca czas obs\u0142ugi i zwi\u0119ksza komfort rozpakowywania.<br \/>\n2. R\u00f3\u017cne rozmiary mo\u017cna dostosowa\u0107 do swoich produkt\u00f3w, odpowiednie do pakowania r\u00f3\u017cnych wysokiej klasy pask\u00f3w do zegark\u00f3w<br \/>\n3. Podszewka EVA mo\u017ce buforowa\u0107 i by\u0107 odporna na wstrz\u0105sy podczas transportu, chroni\u0105c pasek zegarka przed uszkodzeniem.<\/p>","protected":false},"featured_media":4063,"template":"","meta":[],"product_brand":[],"product_cat":[30,413,31,426],"product_tag":[706,707,705],"class_list":{"0":"post-4061","1":"product","2":"type-product","3":"status-publish","4":"has-post-thumbnail","6":"product_cat-by-industry","7":"product_cat-consumer-electronics-boxes","8":"product_cat-paper-box-style","9":"product_cat-paper-drawer-boxes","10":"product_tag-strap-drawer-boxes","11":"product_tag-strap-drawer-packaging-wholesale","12":"product_tag-watch-strap-packaging","14":"first","15":"instock","16":"shipping-taxable","17":"product-type-grouped"},"_links":{"self":[{"href":"https:\/\/zojopackaging.com\/pl\/wp-json\/wp\/v2\/product\/4061","targetHints":{"allow":["GET"]}}],"collection":[{"href":"https:\/\/zojopackaging.com\/pl\/wp-json\/wp\/v2\/product"}],"about":[{"href":"https:\/\/zojopackaging.com\/pl\/wp-json\/wp\/v2\/types\/product"}],"version-history":[{"count":2,"href":"https:\/\/zojopackaging.com\/pl\/wp-json\/wp\/v2\/product\/4061\/revisions"}],"predecessor-version":[{"id":8420,"href":"https:\/\/zojopackaging.com\/pl\/wp-json\/wp\/v2\/product\/4061\/revisions\/8420"}],"wp:featuredmedia":[{"embeddable":true,"href":"https:\/\/zojopackaging.com\/pl\/wp-json\/wp\/v2\/media\/4063"}],"wp:attachment":[{"href":"https:\/\/zojopackaging.com\/pl\/wp-json\/wp\/v2\/media?parent=4061"}],"wp:term":[{"taxonomy":"product_brand","embeddable":true,"href":"https:\/\/zojopackaging.com\/pl\/wp-json\/wp\/v2\/product_brand?post=4061"},{"taxonomy":"product_cat","embeddable":true,"href":"https:\/\/zojopackaging.com\/pl\/wp-json\/wp\/v2\/product_cat?post=4061"},{"taxonomy":"product_tag","embeddable":true,"href":"https:\/\/zojopackaging.com\/pl\/wp-json\/wp\/v2\/product_tag?post=4061"}],"curies":[{"name":"wp","href":"https:\/\/api.w.org\/{rel}","templated":true}]}}