{"id":4069,"date":"2024-03-21T09:02:33","date_gmt":"2024-03-21T01:02:33","guid":{"rendered":"https:\/\/zojopackaging.com\/?post_type=product&#038;p=4069"},"modified":"2025-03-28T15:46:03","modified_gmt":"2025-03-28T07:46:03","slug":"custom-drawer-packaging-boxes","status":"publish","type":"product","link":"https:\/\/zojopackaging.com\/pl\/product\/custom-drawer-packaging-boxes\/","title":{"rendered":"Elegancka szuflada na bi\u017cuteri\u0119 w stylu sztywnego pude\u0142ka papierowego"},"content":{"rendered":"<h1>Dlaczego warto wybra\u0107 eleganck\u0105 szuflad\u0119 na bi\u017cuteri\u0119 w stylu sztywnego pude\u0142ka papierowego?<\/h1>\n<section class=\"elementor-section elementor-top-section elementor-element elementor-element-0b2b1e4 elementor-section-boxed elementor-section-height-default elementor-section-height-default\" data-id=\"0b2b1e4\" data-element_type=\"section\" data-settings=\"{&quot;jet_parallax_layout_list&quot;:[]}\">\n<div class=\"elementor-container elementor-column-gap-default\">\n<div class=\"elementor-column elementor-col-100 elementor-top-column elementor-element elementor-element-9115fa3\" data-id=\"9115fa3\" data-element_type=\"column\">\n<div class=\"elementor-widget-wrap elementor-element-populated\">\n<div class=\"elementor-element elementor-element-83a6946 elementor-widget elementor-widget-woocommerce-archive-description\" data-id=\"83a6946\" data-element_type=\"widget\" data-widget_type=\"woocommerce-archive-description.default\">\n<div class=\"elementor-widget-container\">\n<div class=\"term-description\">\n<p dir=\"ltr\"><strong>Niestandardowe pude\u0142ka na papier do szuflad<\/strong>\u00a0to eleganckie opakowania przeznaczone do przechowywania i eksponowania ma\u0142ych produkt\u00f3w. Mo\u017cna dostosowa\u0107 pow\u0142ok\u0119 i wn\u0119trze: efekt jest gwarantowany<\/p>\n<p dir=\"ltr\"><strong>Pude\u0142ka na papier do szuflad<\/strong>\u00a0s\u0105 jednym z najbardziej praktycznych i eleganckich rozwi\u0105za\u0144 do pakowania produkt\u00f3w w prosty spos\u00f3b. System blokowania mi\u0119dzy pow\u0142ok\u0105 powierzchniow\u0105 a komor\u0105 pojemnika pozwala chroni\u0107 dowolny przedmiot i optymalnie organizowa\u0107 przestrze\u0144 wewn\u0119trzn\u0105.<\/p>\n<h2>Uzyskaj pi\u0119knie skomponowane opakowanie<\/h2>\n<p dir=\"ltr\">Niestandardowe pude\u0142ka szufladowe luzem s\u0105 odpowiednie dla ka\u017cdego sektora produkt\u00f3w, od odzie\u017cy po kosmetyki, od ciast po likiery. Najbardziej interesuj\u0105cym aspektem\u00a0<strong>pude\u0142ka z szufladami<\/strong>\u00a0jest to, \u017ce wn\u0119trza mog\u0105 by\u0107 zorganizowane tak, aby zawiera\u0142y wi\u0119cej ni\u017c jeden produkt, w zale\u017cno\u015bci od osoby\u00a0<a href=\"https:\/\/zojopackaging.com\/pl\/how-to-choose-the-suitable-drawer-boxes\/\"><strong>Niestandardowe potrzeby w zakresie opakowa\u0144 szufladowych<\/strong><\/a>.<\/p>\n<p dir=\"ltr\">\u00a0W ten spos\u00f3b mo\u017cna stworzy\u0107 kompozycj\u0119 ad hoc, szczeg\u00f3lnie przydatn\u0105 w przypadku opakowa\u0144 wieloproduktowych i upominkowych.<\/p>\n<h2>Znajd\u017a uniwersalne pude\u0142ka na papier do szuflad ze swoim logo<\/h2>\n<p dir=\"ltr\"><a href=\"https:\/\/zojopackaging.com\/pl\/kategoria-produktu\/custom-drawer-boxes\/\"><strong>Pude\u0142ka do szuflad z logo\u00a0<\/strong><\/a>doskonale nadaj\u0105 si\u0119 r\u00f3wnie\u017c do pakowania w sklepach, poniewa\u017c umo\u017cliwiaj\u0105 pe\u0142n\u0105 personalizacj\u0119 jego element\u00f3w.<\/p>\n<h2>Szuflady na \u017cywno\u015b\u0107<\/h2>\n<p dir=\"ltr\">Je\u015bli chcesz stworzy\u0107 spersonalizowane opakowanie dla swoich produkt\u00f3w spo\u017cywczych, pude\u0142ka z szufladami s\u0105 pi\u0119knym, ale tak\u017ce funkcjonalnym rozwi\u0105zaniem. Twoje spersonalizowane\u00a0<a href=\"https:\/\/zojopackaging.com\/pl\/kategoria-produktu\/custom-food-packaging-boxes\/\" target=\"_blank\" rel=\"noopener\"><strong>opakowania do \u017cywno\u015bci<\/strong><\/a>\u00a0W zwi\u0105zku z tym b\u0119d\u0105 one skonstruowane w oparciu o ilo\u015b\u0107 i rozmiar zawartych w nich produkt\u00f3w, w celu zachowania doskona\u0142ej konserwacji nawet podczas transportu.<\/p>\n<h2>Mamy najlepszy zesp\u00f3\u0142 w mie\u015bcie<\/h2>\n<p dir=\"ltr\">Co wi\u0119cej, nasi technicy pomagaj\u0105 w wyborze najbardziej odpowiednich materia\u0142\u00f3w i pod\u0105\u017caj\u0105 za Tob\u0105 krok po kroku w podejmowaniu decyzji, a\u017c do realizacji.\u00a0<strong>Niestandardowe pude\u0142ka do szuflad<\/strong>\u00a0z logo.<\/p>\n<\/div>\n<\/div>\n<\/div>\n<\/div>\n<\/div>\n<\/div>\n<\/section>\n<section class=\"elementor-section elementor-top-section elementor-element elementor-element-e5900b1 elementor-section-boxed elementor-section-height-default elementor-section-height-default\" data-id=\"e5900b1\" data-element_type=\"section\" data-settings=\"{&quot;jet_parallax_layout_list&quot;:[],&quot;background_background&quot;:&quot;classic&quot;}\">\n<div class=\"elementor-container elementor-column-gap-default\">\n<div class=\"elementor-column elementor-col-50 elementor-top-column elementor-element elementor-element-3a8f138\" data-id=\"3a8f138\" data-element_type=\"column\">\n<div class=\"elementor-widget-wrap elementor-element-populated\">\n<div class=\"elementor-element elementor-element-6ff5e36 elementor-widget elementor-widget-text-editor\" data-id=\"6ff5e36\" data-element_type=\"widget\" data-widget_type=\"text-editor.default\">\n<div class=\"elementor-widget-container\">\n<h2>Nasze pude\u0142ka wykonane na miar\u0119<\/h2>\n<p dir=\"ltr\">Wyb\u00f3r\u00a0<strong>Opakowania Silver Edge<\/strong>\u00a0oznacza wyb\u00f3r unikalnych pude\u0142ek, stworzonych specjalnie dla Twojego projektu. Masz pomys\u0142 lub produkt do zapakowania? Nasz zesp\u00f3\u0142 poprowadzi Ci\u0119 w kierunku najlepszego rozwi\u0105zania. Poniewa\u017c pude\u0142ko musi by\u0107 pi\u0119kne, ale tak\u017ce funkcjonalne. Kr\u00f3tko m\u00f3wi\u0105c, idealne.<\/p>\n<p dir=\"ltr\">Wybierz, czego potrzebujesz... my zajmiemy si\u0119 reszt\u0105<\/p>\n<h2>Najwy\u017cszej jako\u015bci niestandardowe pude\u0142ka<\/h2>\n<p dir=\"ltr\">Nasi technicy b\u0119d\u0105 najlepszymi wsp\u00f3\u0142pracownikami w tym projekcie. Daj nam zna\u0107, czego szukasz i przeka\u017c nam wszystkie szczeg\u00f3\u0142y,<\/p>\n<\/div>\n<\/div>\n<\/div>\n<\/div>\n<\/div>\n<\/section>\n<section class=\"elementor-section elementor-top-section elementor-element elementor-element-c05b718 elementor-section-boxed elementor-section-height-default elementor-section-height-default\" data-id=\"c05b718\" data-element_type=\"section\" data-settings=\"{&quot;jet_parallax_layout_list&quot;:[],&quot;background_background&quot;:&quot;classic&quot;}\">\n<div class=\"elementor-container elementor-column-gap-default\">\n<div class=\"elementor-column elementor-col-100 elementor-top-column elementor-element elementor-element-b3066e2\" data-id=\"b3066e2\" data-element_type=\"column\">\n<div class=\"elementor-widget-wrap elementor-element-populated\">\n<div class=\"elementor-element elementor-element-b1547b8 elementor-widget elementor-widget-text-editor\" data-id=\"b1547b8\" data-element_type=\"widget\" data-widget_type=\"text-editor.default\">\n<div class=\"elementor-widget-container\">\n<p>poprowadzimy Ci\u0119 w kierunku najlepszego dla Ciebie rozwi\u0105zania. Od projektu do realizacji b\u0119dzie to doskona\u0142y wysi\u0142ek zespo\u0142owy!<\/p>\n<h2>Gotowe w magazynie<\/h2>\n<p dir=\"ltr\">Je\u015bli szukasz standardowych\u00a0<strong>Niestandardowe pude\u0142ka do szuflad hurtowo<\/strong>\u00a0z logo luzem, zapoznaj si\u0119 z rozwi\u0105zaniami ju\u017c dost\u0119pnymi w magazynie! Otrzymasz je w kr\u00f3tszym czasie; czekaj\u0105 tylko na Twoje zam\u00f3wienie.<\/p>\n<h2>Najnowocze\u015bniejsze technologie dla hurtowni niestandardowych pude\u0142ek do szuflad<\/h2>\n<p dir=\"ltr\">Ka\u017cde pude\u0142ko zaczyna si\u0119 tutaj po projekcie technicznym i druku, produkujemy matryc\u0119 do odtworzenia zam\u00f3wienia, kiedy tylko chcesz. \u017badnych b\u0142\u0119d\u00f3w, pe\u0142ne bezpiecze\u0144stwo.<\/p>\n<p dir=\"ltr\">Nast\u0119pnie przechodzimy do produkcji, wycinaj\u0105c karton w specjalnych maszynach, kt\u00f3re pozwalaj\u0105 nam tworzy\u0107 niestandardowe okna i projekty.<\/p>\n<h2><b>Zam\u00f3w konfigurowalne opakowania do szuflad w cenie hurtowej od Silver Edge Packaging<\/b><\/h2>\n<p>Je\u015bli chcesz kupi\u0107 niestandardowe pude\u0142ka do szuflad dla swojej marki, musisz odwiedzi\u0107 <strong><a href=\"https:\/\/zojopackaging.com\/pl\/\">Zojoprint Packaging<\/a><\/strong>\u00a0aby z\u0142o\u017cy\u0107 zam\u00f3wienie zgodnie z konkretnymi wymaganiami. Oferujemy hurtowe rozwi\u0105zania opakowaniowe z bezp\u0142atn\u0105 us\u0142ug\u0105 wysy\u0142ki. Dlatego ju\u017c dzi\u015b mo\u017cesz \u0142atwo zam\u00f3wi\u0107 hurtowo pude\u0142ka do pakowania szuflad, aby zwi\u0119kszy\u0107 sprzeda\u017c. Dostarczymy opakowania tak szybko, jak to mo\u017cliwe.<\/p>\n<\/div>\n<\/div>\n<\/div>\n<\/div>\n<\/div>\n<\/section>\n<h1><strong>Specyfikacja<\/strong><\/h1>\n<table style=\"height: 666px;\" width=\"1070\">\n<tbody>\n<tr>\n<td width=\"373\">Wymiary<\/td>\n<td width=\"373\">Wszystkie niestandardowe rozmiary i kszta\u0142ty<\/td>\n<\/tr>\n<tr>\n<td width=\"373\">MOQ<\/td>\n<td width=\"373\">500szt.<\/td>\n<\/tr>\n<tr>\n<td width=\"373\">Czas pr\u00f3by<\/td>\n<td width=\"373\">3-5 dni<\/td>\n<\/tr>\n<tr>\n<td width=\"373\">Proces domy\u015blny<\/td>\n<td width=\"373\">Sztancowanie, klejenie, nacinanie, perforacja<\/td>\n<\/tr>\n<tr>\n<td width=\"373\">Drukowanie<\/td>\n<td width=\"373\">Cmyk, pms, bez drukowania<\/td>\n<\/tr>\n<tr>\n<td width=\"373\">Opcja materia\u0142u<\/td>\n<td width=\"373\">Bia\u0142y papier kartonowy, papier powlekany, papier artystyczny, papier siarczanowy, ko\u015b\u0107 s\u0142oniowa, tektura dwustronna, papier specjalny itp.<\/td>\n<\/tr>\n<tr>\n<td width=\"373\">Wyko\u0144czenie powierzchni<\/td>\n<td width=\"373\">Laminowanie matowe\/b\u0142yszcz\u0105ce, punktowe UVDebossing, t\u0142oczenie, t\u0142oczenie foli\u0105 itp.<\/td>\n<\/tr>\n<tr>\n<td width=\"373\">Wykorzystanie w przemy\u015ble<\/td>\n<td width=\"373\">kosmetyki, perfumy, odzie\u017c, bi\u017cuteria, tyto\u0144, \u017cywno\u015b\u0107, towary codziennego u\u017cytku,<\/td>\n<\/tr>\n<tr>\n<td width=\"373\">Kontrola jako\u015bci<\/td>\n<td width=\"373\">Zaawansowany sprz\u0119t i do\u015bwiadczony zesp\u00f3\u0142 kontroli jako\u015bci dok\u0142adnie sprawdz\u0105 materia\u0142y, p\u00f3\u0142produkty i gotowe produkty na ka\u017cdym etapie przed ich u\u017cyciem.<\/td>\n<\/tr>\n<tr>\n<td width=\"373\">Cena<\/td>\n<td width=\"373\">Ostateczna cena b\u0119dzie dostosowana do produktu i wymaganej ilo\u015bci<\/td>\n<\/tr>\n<tr>\n<td width=\"373\">Czas zwrotu<\/td>\n<td width=\"373\">7-14 dni roboczych, po\u015bpiech<\/td>\n<\/tr>\n<tr>\n<td width=\"373\">Papier<\/td>\n<td width=\"373\">10pt do 28pt (60lb do 400lb) ekologiczny Kraft, tektura falista e-flute, tektura bux, karton<\/td>\n<\/tr>\n<tr>\n<td width=\"373\">Format grafiki<\/td>\n<td width=\"373\">JPG, PDF, AI, CDR, EPS, GIF....<\/td>\n<\/tr>\n<tr>\n<td width=\"373\">Akcesoria<\/td>\n<td width=\"373\">Magnes, ta\u015bma, forma EVA, plastikowa taca, g\u0105bka, okienko PVC\/PET\/PP,...<\/td>\n<\/tr>\n<tr>\n<td width=\"373\">Termin p\u0142atno\u015bci<\/td>\n<td width=\"373\">T \/ T, Western Union, Paypal, depozyt 30% i saldo 70% przed wysy\u0142k\u0105.<\/td>\n<\/tr>\n<\/tbody>\n<\/table>\n<div class=\"widget block block-static-block\">\n<div class=\"landing-page-section option-bottom\">\n<div class=\"custom-materials-tabs-content container container-adjustment\">\n<div class=\"custom-materials-tab-content active\">\n<div class=\"widget block block-static-block\">\n<div class=\"options-items\">\n<div class=\"flex-grid-row-option\">\n<div class=\"flex-grid-item-option\">\n<div class=\"material-box\">\n<p>&nbsp;<\/p>\n<\/div>\n<\/div>\n<\/div>\n<\/div>\n<p><!---end of option item--><\/p>\n<\/div>\n<\/div>\n<\/div>\n<\/div>\n<\/div>","protected":false},"excerpt":{"rendered":"<p>1. Konstrukcja szuflady na papier i przesuwane otwarcie u\u0142atwiaj\u0105 u\u017cytkownikom otwieranie i zamykanie, poprawiaj\u0105c wra\u017cenia z rozpakowywania<br \/>\n2. Akcesoria, takie jak wst\u0105\u017cki, podkre\u015blaj\u0105 pi\u0119kno i atrakcyjno\u015b\u0107 wizualn\u0105 oraz zwi\u0119kszaj\u0105 rozpoznawalno\u015b\u0107 marki.<br \/>\n3. Schemat kolor\u00f3w macaron zmniejsza zm\u0119czenie wzroku i tworzy relaksuj\u0105c\u0105 i lecznicz\u0105 atmosfer\u0119.<\/p>","protected":false},"featured_media":4073,"template":"","meta":[],"product_brand":[],"product_cat":[30,415,31,426],"product_tag":[814,812,813],"class_list":{"0":"post-4069","1":"product","2":"type-product","3":"status-publish","4":"has-post-thumbnail","6":"product_cat-by-industry","7":"product_cat-custom-jewelry-boxes-by-industry","8":"product_cat-paper-box-style","9":"product_cat-paper-drawer-boxes","10":"product_tag-custom-jewelry-box","11":"product_tag-custom-jewelry-rigid-box","12":"product_tag-jewelry-drawer-box","14":"first","15":"instock","16":"shipping-taxable","17":"product-type-grouped"},"_links":{"self":[{"href":"https:\/\/zojopackaging.com\/pl\/wp-json\/wp\/v2\/product\/4069","targetHints":{"allow":["GET"]}}],"collection":[{"href":"https:\/\/zojopackaging.com\/pl\/wp-json\/wp\/v2\/product"}],"about":[{"href":"https:\/\/zojopackaging.com\/pl\/wp-json\/wp\/v2\/types\/product"}],"version-history":[{"count":2,"href":"https:\/\/zojopackaging.com\/pl\/wp-json\/wp\/v2\/product\/4069\/revisions"}],"predecessor-version":[{"id":8466,"href":"https:\/\/zojopackaging.com\/pl\/wp-json\/wp\/v2\/product\/4069\/revisions\/8466"}],"wp:featuredmedia":[{"embeddable":true,"href":"https:\/\/zojopackaging.com\/pl\/wp-json\/wp\/v2\/media\/4073"}],"wp:attachment":[{"href":"https:\/\/zojopackaging.com\/pl\/wp-json\/wp\/v2\/media?parent=4069"}],"wp:term":[{"taxonomy":"product_brand","embeddable":true,"href":"https:\/\/zojopackaging.com\/pl\/wp-json\/wp\/v2\/product_brand?post=4069"},{"taxonomy":"product_cat","embeddable":true,"href":"https:\/\/zojopackaging.com\/pl\/wp-json\/wp\/v2\/product_cat?post=4069"},{"taxonomy":"product_tag","embeddable":true,"href":"https:\/\/zojopackaging.com\/pl\/wp-json\/wp\/v2\/product_tag?post=4069"}],"curies":[{"name":"wp","href":"https:\/\/api.w.org\/{rel}","templated":true}]}}