{"id":4084,"date":"2024-03-21T09:35:28","date_gmt":"2024-03-21T01:35:28","guid":{"rendered":"https:\/\/zojopackaging.com\/?post_type=product&#038;p=4084"},"modified":"2025-03-28T10:25:36","modified_gmt":"2025-03-28T02:25:36","slug":"customized-drawer-packaging-boxes","status":"publish","type":"product","link":"https:\/\/zojopackaging.com\/pl\/product\/customized-drawer-packaging-boxes\/","title":{"rendered":"Luksusowe ma\u0142e pude\u0142ka do pakowania naszyjnik\u00f3w z bi\u017cuteri\u0105 Producent"},"content":{"rendered":"<h1>Luksusowe ma\u0142e pude\u0142ka do pakowania naszyjnik\u00f3w z bi\u017cuteri\u0105 Producent<\/h1>\n<p>Luksusowe ma\u0142e pude\u0142ka do pakowania naszyjnik\u00f3w z bi\u017cuteri\u0105 oferuj\u0105 dostosowane i spersonalizowane rozwi\u0105zanie do pakowania szerokiej gamy produkt\u00f3w. Pude\u0142ka te maj\u0105 unikaln\u0105 konstrukcj\u0119 szuflady, kt\u00f3ra umo\u017cliwia \u0142atwy dost\u0119p do zawarto\u015bci wewn\u0105trz, zapewniaj\u0105c wygodne i stylowe opakowanie.<\/p>\n<p>Opcje dostosowywania tych opakowa\u0144 s\u0105 praktycznie nieograniczone, umo\u017cliwiaj\u0105c firmom stworzenie rozwi\u0105zania opakowaniowego, kt\u00f3re idealnie pasuje do to\u017csamo\u015bci marki i wymaga\u0144 produktu. Od wyboru wymiar\u00f3w i materia\u0142\u00f3w po wyb\u00f3r koloru, wyko\u0144czenia i opcji drukowania, ka\u017cdy aspekt pude\u0142ek z szufladami mo\u017cna dostosowa\u0107, aby stworzy\u0107 unikalny i przyci\u0105gaj\u0105cy wzrok projekt.<\/p>\n<p>Elementy marki, takie jak logo, grafika i tekst, mog\u0105 by\u0107 wyra\u017anie widoczne na zewn\u0119trznej stronie pude\u0142ka, aby zwi\u0119kszy\u0107 rozpoznawalno\u015b\u0107 marki i stworzy\u0107 niezapomniane wra\u017cenia podczas rozpakowywania dla klient\u00f3w. Wn\u0119trze pude\u0142ka mo\u017cna r\u00f3wnie\u017c dostosowa\u0107 za pomoc\u0105 wk\u0142adek, przegr\u00f3dek lub wy\u015bci\u00f3\u0142ki, aby bezpiecznie utrzyma\u0107 produkty na miejscu i doda\u0107 wysokiej jako\u015bci akcent do prezentacji.<\/p>\n<p>Og\u00f3lnie rzecz bior\u0105c, niestandardowe pude\u0142ka z szufladami s\u0105 wszechstronnym i skutecznym rozwi\u0105zaniem opakowaniowym, kt\u00f3re pozwala firmom zaprezentowa\u0107 swoje produkty w spersonalizowany i efektowny spos\u00f3b. Niezale\u017cnie od tego, czy s\u0105 u\u017cywane do produkt\u00f3w detalicznych, prezent\u00f3w czy artyku\u0142\u00f3w promocyjnych, pude\u0142ka te z pewno\u015bci\u0105 pozostawi\u0105 trwa\u0142e wra\u017cenie na klientach i zwi\u0119ksz\u0105 og\u00f3ln\u0105 postrzegan\u0105 warto\u015b\u0107 pakowanych produkt\u00f3w.<\/p>\n<h1><strong>Specyfikacja<\/strong><\/h1>\n<table style=\"height: 666px;\" width=\"1070\">\n<tbody>\n<tr>\n<td width=\"373\">Wymiary<\/td>\n<td width=\"373\">Wszystkie niestandardowe rozmiary i kszta\u0142ty<\/td>\n<\/tr>\n<tr>\n<td width=\"373\">MOQ<\/td>\n<td width=\"373\">500szt.<\/td>\n<\/tr>\n<tr>\n<td width=\"373\">Czas pr\u00f3by<\/td>\n<td width=\"373\">3-5 dni<\/td>\n<\/tr>\n<tr>\n<td width=\"373\">Proces domy\u015blny<\/td>\n<td width=\"373\">Sztancowanie, klejenie, nacinanie, perforacja<\/td>\n<\/tr>\n<tr>\n<td width=\"373\">Drukowanie<\/td>\n<td width=\"373\">Cmyk, pms, bez drukowania<\/td>\n<\/tr>\n<tr>\n<td width=\"373\">Opcja materia\u0142u<\/td>\n<td width=\"373\">Bia\u0142y papier kartonowy, papier powlekany, papier artystyczny, papier siarczanowy, ko\u015b\u0107 s\u0142oniowa, tektura dwustronna, papier specjalny itp.<\/td>\n<\/tr>\n<tr>\n<td width=\"373\">Wyko\u0144czenie powierzchni<\/td>\n<td width=\"373\">Laminowanie matowe\/b\u0142yszcz\u0105ce, punktowe UVDebossing, t\u0142oczenie, t\u0142oczenie foli\u0105 itp.<\/td>\n<\/tr>\n<tr>\n<td width=\"373\">Wykorzystanie w przemy\u015ble<\/td>\n<td width=\"373\">kosmetyki, perfumy, odzie\u017c, bi\u017cuteria, tyto\u0144, \u017cywno\u015b\u0107, towary codziennego u\u017cytku,<\/td>\n<\/tr>\n<tr>\n<td width=\"373\">Kontrola jako\u015bci<\/td>\n<td width=\"373\">Zaawansowany sprz\u0119t i do\u015bwiadczony zesp\u00f3\u0142 kontroli jako\u015bci dok\u0142adnie sprawdz\u0105 materia\u0142y, p\u00f3\u0142produkty i gotowe produkty na ka\u017cdym etapie przed ich u\u017cyciem.<\/td>\n<\/tr>\n<tr>\n<td width=\"373\">Cena<\/td>\n<td width=\"373\">Ostateczna cena b\u0119dzie dostosowana do produktu i wymaganej ilo\u015bci<\/td>\n<\/tr>\n<tr>\n<td width=\"373\">Czas zwrotu<\/td>\n<td width=\"373\">7-14 dni roboczych, po\u015bpiech<\/td>\n<\/tr>\n<tr>\n<td width=\"373\">Papier<\/td>\n<td width=\"373\">10pt do 28pt (60lb do 400lb) ekologiczny Kraft, tektura falista e-flute, tektura bux, karton<\/td>\n<\/tr>\n<tr>\n<td width=\"373\">Format grafiki<\/td>\n<td width=\"373\">JPG, PDF, AI, CDR, EPS, GIF....<\/td>\n<\/tr>\n<tr>\n<td width=\"373\">Akcesoria<\/td>\n<td width=\"373\">Magnes, ta\u015bma, forma EVA, plastikowa taca, g\u0105bka, okienko PVC\/PET\/PP,...<\/td>\n<\/tr>\n<tr>\n<td width=\"373\">Termin p\u0142atno\u015bci<\/td>\n<td width=\"373\">T \/ T, Western Union, Paypal, depozyt 30% i saldo 70% przed wysy\u0142k\u0105.<\/td>\n<\/tr>\n<\/tbody>\n<\/table>\n<div class=\"widget block block-static-block\">\n<div class=\"landing-page-section option-bottom\">\n<div class=\"custom-materials-tabs-content container container-adjustment\">\n<div class=\"custom-materials-tab-content active\">\n<div class=\"widget block block-static-block\">\n<div class=\"options-items\">\n<div class=\"flex-grid-row-option\">\n<div class=\"flex-grid-item-option\">\n<div class=\"material-box\">\n<p>&nbsp;<\/p>\n<\/div>\n<\/div>\n<\/div>\n<\/div>\n<p><!---end of option item--><\/p>\n<\/div>\n<\/div>\n<\/div>\n<\/div>\n<\/div>","protected":false},"excerpt":{"rendered":"<p>1. Konstrukcja szuflady na papier i przesuwne otwieranie u\u0142atwiaj\u0105 u\u017cytkownikom otwieranie i zamykanie, co mo\u017ce skr\u00f3ci\u0107 czas obs\u0142ugi i poprawi\u0107 wra\u017cenia z rozpakowywania.<br \/>\n2. R\u00f3\u017cne rozmiary mo\u017cna dostosowa\u0107 do swoich produkt\u00f3w, odpowiednie do pakowania r\u00f3\u017cnych hurtowych pude\u0142ek z zawieszkami na bi\u017cuteri\u0119<br \/>\n3. System kolor\u00f3w macaron zmniejsza zm\u0119czenie wzroku i tworzy relaksuj\u0105c\u0105 i lecznicz\u0105 atmosfer\u0119.<\/p>","protected":false},"featured_media":4090,"template":"","meta":[],"product_brand":[],"product_cat":[30,415,31,426],"product_tag":[743,744,745],"class_list":{"0":"post-4084","1":"product","2":"type-product","3":"status-publish","4":"has-post-thumbnail","6":"product_cat-by-industry","7":"product_cat-custom-jewelry-boxes-by-industry","8":"product_cat-paper-box-style","9":"product_cat-paper-drawer-boxes","10":"product_tag-jewelry-packaging","11":"product_tag-necklace-packaging-boxes","12":"product_tag-small-jewelry-packaging-manufacturer","14":"first","15":"instock","16":"shipping-taxable","17":"product-type-grouped"},"_links":{"self":[{"href":"https:\/\/zojopackaging.com\/pl\/wp-json\/wp\/v2\/product\/4084","targetHints":{"allow":["GET"]}}],"collection":[{"href":"https:\/\/zojopackaging.com\/pl\/wp-json\/wp\/v2\/product"}],"about":[{"href":"https:\/\/zojopackaging.com\/pl\/wp-json\/wp\/v2\/types\/product"}],"version-history":[{"count":2,"href":"https:\/\/zojopackaging.com\/pl\/wp-json\/wp\/v2\/product\/4084\/revisions"}],"predecessor-version":[{"id":8435,"href":"https:\/\/zojopackaging.com\/pl\/wp-json\/wp\/v2\/product\/4084\/revisions\/8435"}],"wp:featuredmedia":[{"embeddable":true,"href":"https:\/\/zojopackaging.com\/pl\/wp-json\/wp\/v2\/media\/4090"}],"wp:attachment":[{"href":"https:\/\/zojopackaging.com\/pl\/wp-json\/wp\/v2\/media?parent=4084"}],"wp:term":[{"taxonomy":"product_brand","embeddable":true,"href":"https:\/\/zojopackaging.com\/pl\/wp-json\/wp\/v2\/product_brand?post=4084"},{"taxonomy":"product_cat","embeddable":true,"href":"https:\/\/zojopackaging.com\/pl\/wp-json\/wp\/v2\/product_cat?post=4084"},{"taxonomy":"product_tag","embeddable":true,"href":"https:\/\/zojopackaging.com\/pl\/wp-json\/wp\/v2\/product_tag?post=4084"}],"curies":[{"name":"wp","href":"https:\/\/api.w.org\/{rel}","templated":true}]}}