{"id":4092,"date":"2024-03-21T09:43:56","date_gmt":"2024-03-21T01:43:56","guid":{"rendered":"https:\/\/zojopackaging.com\/?post_type=product&#038;p=4092"},"modified":"2025-03-28T10:03:51","modified_gmt":"2025-03-28T02:03:51","slug":"convex-drawer-packaging-box","status":"publish","type":"product","link":"https:\/\/zojopackaging.com\/pl\/product\/convex-drawer-packaging-box\/","title":{"rendered":"Najwy\u017cszej jako\u015bci niestandardowe pude\u0142ka na bi\u017cuteri\u0119 hurtowo"},"content":{"rendered":"<h1>Najwy\u017cszej jako\u015bci niestandardowe pude\u0142ka na bi\u017cuteri\u0119 hurtowo<\/h1>\n<p>Wysokiej jako\u015bci niestandardowe pude\u0142ka na bi\u017cuteri\u0119 to unikalne i innowacyjne rozwi\u0105zanie opakowaniowe, kt\u00f3re charakteryzuje si\u0119 charakterystycznym zakrzywionym lub zaokr\u0105glonym kszta\u0142tem na przednim panelu szuflady.<\/p>\n<p>Wypuk\u0142y kszta\u0142t przedniego panelu nadaje opakowaniu nowoczesny i stylowy wygl\u0105d, dzi\u0119ki czemu idealnie nadaje si\u0119 dla marek, kt\u00f3re chc\u0105 odwa\u017cnie wyrazi\u0107 swoje opakowanie. Ta cecha konstrukcyjna nie tylko zwi\u0119ksza atrakcyjno\u015b\u0107 wizualn\u0105 pude\u0142ka, ale tak\u017ce zapewnia dotykowy i interaktywny element dla klient\u00f3w podczas rozpakowywania.<\/p>\n<p>Wykonane z wysokiej jako\u015bci materia\u0142\u00f3w, wysokiej jako\u015bci niestandardowe pude\u0142ka na bi\u017cuteri\u0119 hurtowo zapewniaj\u0105 trwa\u0142o\u015b\u0107 i ochron\u0119 zawarto\u015bci wewn\u0105trz. G\u0142adkie wyko\u0144czenie pude\u0142ka zapewnia elegancki i wysokiej jako\u015bci wygl\u0105d, a opcje dostosowywania pozwalaj\u0105 na wyeksponowanie element\u00f3w marki, logo i projekt\u00f3w na zewn\u0105trz.<\/p>\n<h1><strong>Specyfikacja<\/strong><\/h1>\n<table style=\"height: 666px;\" width=\"1070\">\n<tbody>\n<tr>\n<td width=\"373\">Wymiary<\/td>\n<td width=\"373\">Wszystkie niestandardowe rozmiary i kszta\u0142ty<\/td>\n<\/tr>\n<tr>\n<td width=\"373\">MOQ<\/td>\n<td width=\"373\">500szt.<\/td>\n<\/tr>\n<tr>\n<td width=\"373\">Czas pr\u00f3by<\/td>\n<td width=\"373\">3-5 dni<\/td>\n<\/tr>\n<tr>\n<td width=\"373\">Proces domy\u015blny<\/td>\n<td width=\"373\">Sztancowanie, klejenie, nacinanie, perforacja<\/td>\n<\/tr>\n<tr>\n<td width=\"373\">Drukowanie<\/td>\n<td width=\"373\">Cmyk, pms, bez drukowania<\/td>\n<\/tr>\n<tr>\n<td width=\"373\">Opcja materia\u0142u<\/td>\n<td width=\"373\">Bia\u0142y papier kartonowy, papier powlekany, papier artystyczny, papier siarczanowy, ko\u015b\u0107 s\u0142oniowa, tektura dwustronna, papier specjalny itp.<\/td>\n<\/tr>\n<tr>\n<td width=\"373\">Wyko\u0144czenie powierzchni<\/td>\n<td width=\"373\">Laminowanie matowe\/b\u0142yszcz\u0105ce, punktowe UVDebossing, t\u0142oczenie, t\u0142oczenie foli\u0105 itp.<\/td>\n<\/tr>\n<tr>\n<td width=\"373\">Wykorzystanie w przemy\u015ble<\/td>\n<td width=\"373\">kosmetyki, perfumy, odzie\u017c, bi\u017cuteria, tyto\u0144, \u017cywno\u015b\u0107, towary codziennego u\u017cytku,<\/td>\n<\/tr>\n<tr>\n<td width=\"373\">Kontrola jako\u015bci<\/td>\n<td width=\"373\">Zaawansowany sprz\u0119t i do\u015bwiadczony zesp\u00f3\u0142 kontroli jako\u015bci dok\u0142adnie sprawdz\u0105 materia\u0142y, p\u00f3\u0142produkty i gotowe produkty na ka\u017cdym etapie przed ich u\u017cyciem.<\/td>\n<\/tr>\n<tr>\n<td width=\"373\">Cena<\/td>\n<td width=\"373\">Ostateczna cena b\u0119dzie dostosowana do produktu i wymaganej ilo\u015bci<\/td>\n<\/tr>\n<tr>\n<td width=\"373\">Czas zwrotu<\/td>\n<td width=\"373\">7-14 dni roboczych, po\u015bpiech<\/td>\n<\/tr>\n<tr>\n<td width=\"373\">Papier<\/td>\n<td width=\"373\">10pt do 28pt (60lb do 400lb) ekologiczny Kraft, tektura falista e-flute, tektura bux, karton<\/td>\n<\/tr>\n<tr>\n<td width=\"373\">Format grafiki<\/td>\n<td width=\"373\">JPG, PDF, AI, CDR, EPS, GIF....<\/td>\n<\/tr>\n<tr>\n<td width=\"373\">Akcesoria<\/td>\n<td width=\"373\">Magnes, ta\u015bma, forma EVA, plastikowa taca, g\u0105bka, okienko PVC\/PET\/PP,...<\/td>\n<\/tr>\n<tr>\n<td width=\"373\">Termin p\u0142atno\u015bci<\/td>\n<td width=\"373\">T \/ T, Western Union, Paypal, depozyt 30% i saldo 70% przed wysy\u0142k\u0105.<\/td>\n<\/tr>\n<\/tbody>\n<\/table>\n<div class=\"widget block block-static-block\">\n<div class=\"landing-page-section option-bottom\">\n<div class=\"custom-materials-tabs-content container container-adjustment\">\n<div class=\"custom-materials-tab-content active\">\n<div class=\"widget block block-static-block\">\n<div class=\"options-items\">\n<div class=\"flex-grid-row-option\">\n<div class=\"flex-grid-item-option\">\n<div class=\"material-box\">\n<p>&nbsp;<\/p>\n<\/div>\n<\/div>\n<\/div>\n<\/div>\n<p><!---end of option item--><\/p>\n<\/div>\n<\/div>\n<\/div>\n<\/div>\n<\/div>","protected":false},"excerpt":{"rendered":"<p>1. Konstrukcja szuflady na papier i przesuwne otwieranie u\u0142atwiaj\u0105 u\u017cytkownikom otwieranie i zamykanie, co mo\u017ce skr\u00f3ci\u0107 czas obs\u0142ugi i poprawi\u0107 wra\u017cenia z rozpakowywania.<br \/>\n2. R\u00f3\u017cne rozmiary mo\u017cna dostosowa\u0107 do swoich produkt\u00f3w, odpowiednie do pakowania r\u00f3\u017cnych hurtowych pude\u0142ek z zawieszkami na bi\u017cuteri\u0119<br \/>\n3. Technologia wyt\u0142aczania nadaje opakowaniu poczucie luksusu i wysokiej jako\u015bci prezentacji wizualnej.<\/p>","protected":false},"featured_media":4097,"template":"","meta":[],"product_brand":[],"product_cat":[30,415,31,426],"product_tag":[735,736,737],"class_list":{"0":"post-4092","1":"product","2":"type-product","3":"status-publish","4":"has-post-thumbnail","6":"product_cat-by-industry","7":"product_cat-custom-jewelry-boxes-by-industry","8":"product_cat-paper-box-style","9":"product_cat-paper-drawer-boxes","10":"product_tag-custom-jewelry-boxes","11":"product_tag-pendant-boxes-wholesale","12":"product_tag-premium-jewelry-boxes","14":"first","15":"instock","16":"shipping-taxable","17":"product-type-grouped"},"_links":{"self":[{"href":"https:\/\/zojopackaging.com\/pl\/wp-json\/wp\/v2\/product\/4092","targetHints":{"allow":["GET"]}}],"collection":[{"href":"https:\/\/zojopackaging.com\/pl\/wp-json\/wp\/v2\/product"}],"about":[{"href":"https:\/\/zojopackaging.com\/pl\/wp-json\/wp\/v2\/types\/product"}],"version-history":[{"count":2,"href":"https:\/\/zojopackaging.com\/pl\/wp-json\/wp\/v2\/product\/4092\/revisions"}],"predecessor-version":[{"id":8432,"href":"https:\/\/zojopackaging.com\/pl\/wp-json\/wp\/v2\/product\/4092\/revisions\/8432"}],"wp:featuredmedia":[{"embeddable":true,"href":"https:\/\/zojopackaging.com\/pl\/wp-json\/wp\/v2\/media\/4097"}],"wp:attachment":[{"href":"https:\/\/zojopackaging.com\/pl\/wp-json\/wp\/v2\/media?parent=4092"}],"wp:term":[{"taxonomy":"product_brand","embeddable":true,"href":"https:\/\/zojopackaging.com\/pl\/wp-json\/wp\/v2\/product_brand?post=4092"},{"taxonomy":"product_cat","embeddable":true,"href":"https:\/\/zojopackaging.com\/pl\/wp-json\/wp\/v2\/product_cat?post=4092"},{"taxonomy":"product_tag","embeddable":true,"href":"https:\/\/zojopackaging.com\/pl\/wp-json\/wp\/v2\/product_tag?post=4092"}],"curies":[{"name":"wp","href":"https:\/\/api.w.org\/{rel}","templated":true}]}}