{"id":4100,"date":"2024-03-21T09:47:45","date_gmt":"2024-03-21T01:47:45","guid":{"rendered":"https:\/\/zojopackaging.com\/?post_type=product&#038;p=4100"},"modified":"2025-03-28T09:45:06","modified_gmt":"2025-03-28T01:45:06","slug":"custom-slide-out-drawer-packaging-box","status":"publish","type":"product","link":"https:\/\/zojopackaging.com\/pl\/product\/custom-slide-out-drawer-packaging-box\/","title":{"rendered":"Luksusowe niestandardowe opakowania na portfele Pude\u0142ka na prezenty Hurtownia"},"content":{"rendered":"<h1>Luksusowe niestandardowe opakowania na portfele Pude\u0142ka na prezenty Hurtownia<\/h1>\n<p>Luksusowe, niestandardowe pude\u0142ka na prezenty to wyrafinowane i wszechstronne rozwi\u0105zanie opakowaniowe, kt\u00f3re oferuje wyj\u0105tkowe wra\u017cenia podczas rozpakowywania.<\/p>\n<p>Opcje personalizacji luksusowych, niestandardowych, hurtowych pude\u0142ek na prezenty s\u0105 szerokie, umo\u017cliwiaj\u0105c firmom tworzenie dostosowanych rozwi\u0105za\u0144 opakowaniowych, kt\u00f3re s\u0105 zgodne z to\u017csamo\u015bci\u0105 marki i specyfikacj\u0105 produktu. Od wyboru wymiar\u00f3w i materia\u0142\u00f3w po wyb\u00f3r koloru, wyko\u0144czenia i opcji drukowania, ka\u017cdy aspekt pude\u0142ka mo\u017cna dostosowa\u0107, aby stworzy\u0107 jedyny w swoim rodzaju projekt.<\/p>\n<p>Elementy marki, takie jak logo, grafika i tekst, mog\u0105 by\u0107 wyra\u017anie widoczne na zewn\u0119trznym r\u0119kawie lub samej szufladzie, zwi\u0119kszaj\u0105c rozpoznawalno\u015b\u0107 marki i tworz\u0105c niezapomniane wra\u017cenia podczas rozpakowywania dla klient\u00f3w. Wn\u0119trze pude\u0142ka mo\u017cna r\u00f3wnie\u017c dostosowa\u0107 za pomoc\u0105 wk\u0142adek, przegr\u00f3dek lub wy\u015bci\u00f3\u0142ki, aby bezpiecznie utrzyma\u0107 produkty na miejscu i doda\u0107 wysokiej jako\u015bci akcent do prezentacji.<\/p>\n<p>Pude\u0142ko z wysuwan\u0105 szuflad\u0105 jest nie tylko atrakcyjne wizualnie, ale tak\u017ce funkcjonalne, zapewniaj\u0105c wygodny i stylowy spos\u00f3b prezentacji produkt\u00f3w. Niezale\u017cnie od tego, czy chodzi o artyku\u0142y detaliczne, upominki czy materia\u0142y promocyjne, to rozwi\u0105zanie opakowaniowe z pewno\u015bci\u0105 pozostawi trwa\u0142e wra\u017cenie na klientach i podniesie og\u00f3ln\u0105 postrzegan\u0105 warto\u015b\u0107 znajduj\u0105cych si\u0119 w nim produkt\u00f3w.<\/p>\n<h1><strong>Specyfikacja<\/strong><\/h1>\n<table style=\"height: 666px;\" width=\"1070\">\n<tbody>\n<tr>\n<td width=\"373\">Wymiary<\/td>\n<td width=\"373\">Wszystkie niestandardowe rozmiary i kszta\u0142ty<\/td>\n<\/tr>\n<tr>\n<td width=\"373\">MOQ<\/td>\n<td width=\"373\">500szt.<\/td>\n<\/tr>\n<tr>\n<td width=\"373\">Czas pr\u00f3by<\/td>\n<td width=\"373\">3-5 dni<\/td>\n<\/tr>\n<tr>\n<td width=\"373\">Proces domy\u015blny<\/td>\n<td width=\"373\">Sztancowanie, klejenie, nacinanie, perforacja<\/td>\n<\/tr>\n<tr>\n<td width=\"373\">Drukowanie<\/td>\n<td width=\"373\">Cmyk, pms, bez drukowania<\/td>\n<\/tr>\n<tr>\n<td width=\"373\">Opcja materia\u0142u<\/td>\n<td width=\"373\">Bia\u0142y papier kartonowy, papier powlekany, papier artystyczny, papier siarczanowy, ko\u015b\u0107 s\u0142oniowa, tektura dwustronna, papier specjalny itp.<\/td>\n<\/tr>\n<tr>\n<td width=\"373\">Wyko\u0144czenie powierzchni<\/td>\n<td width=\"373\">Laminowanie matowe\/b\u0142yszcz\u0105ce, punktowe UVDebossing, t\u0142oczenie, t\u0142oczenie foli\u0105 itp.<\/td>\n<\/tr>\n<tr>\n<td width=\"373\">Wykorzystanie w przemy\u015ble<\/td>\n<td width=\"373\">kosmetyki, perfumy, odzie\u017c, bi\u017cuteria, tyto\u0144, \u017cywno\u015b\u0107, towary codziennego u\u017cytku,<\/td>\n<\/tr>\n<tr>\n<td width=\"373\">Kontrola jako\u015bci<\/td>\n<td width=\"373\">Zaawansowany sprz\u0119t i do\u015bwiadczony zesp\u00f3\u0142 kontroli jako\u015bci dok\u0142adnie sprawdz\u0105 materia\u0142y, p\u00f3\u0142produkty i gotowe produkty na ka\u017cdym etapie przed ich u\u017cyciem.<\/td>\n<\/tr>\n<tr>\n<td width=\"373\">Cena<\/td>\n<td width=\"373\">Ostateczna cena b\u0119dzie dostosowana do produktu i wymaganej ilo\u015bci<\/td>\n<\/tr>\n<tr>\n<td width=\"373\">Czas zwrotu<\/td>\n<td width=\"373\">7-14 dni roboczych, po\u015bpiech<\/td>\n<\/tr>\n<tr>\n<td width=\"373\">Papier<\/td>\n<td width=\"373\">10pt do 28pt (60lb do 400lb) ekologiczny Kraft, tektura falista e-flute, tektura bux, karton<\/td>\n<\/tr>\n<tr>\n<td width=\"373\">Format grafiki<\/td>\n<td width=\"373\">JPG, PDF, AI, CDR, EPS, GIF....<\/td>\n<\/tr>\n<tr>\n<td width=\"373\">Akcesoria<\/td>\n<td width=\"373\">Magnes, ta\u015bma, forma EVA, plastikowa taca, g\u0105bka, okienko PVC\/PET\/PP,...<\/td>\n<\/tr>\n<tr>\n<td width=\"373\">Termin p\u0142atno\u015bci<\/td>\n<td width=\"373\">T \/ T, Western Union, Paypal, depozyt 30% i saldo 70% przed wysy\u0142k\u0105.<\/td>\n<\/tr>\n<\/tbody>\n<\/table>\n<div class=\"widget block block-static-block\">\n<div class=\"landing-page-section option-bottom\">\n<div class=\"custom-materials-tabs-content container container-adjustment\">\n<div class=\"custom-materials-tab-content active\">\n<div class=\"widget block block-static-block\">\n<div class=\"options-items\">\n<div class=\"flex-grid-row-option\">\n<div class=\"flex-grid-item-option\">\n<div class=\"material-box\">\n<p>&nbsp;<\/p>\n<\/div>\n<\/div>\n<\/div>\n<\/div>\n<p><!---end of option item--><\/p>\n<\/div>\n<\/div>\n<\/div>\n<\/div>\n<\/div>","protected":false},"excerpt":{"rendered":"<p>1. Konstrukcja dawer box i przesuwany otw\u00f3r u\u0142atwiaj\u0105 u\u017cytkownikom otwieranie i zamykanie, co mo\u017ce skr\u00f3ci\u0107 czas obs\u0142ugi i poprawi\u0107 wra\u017cenia z rozpakowywania.<br \/>\n2. R\u00f3\u017cne rozmiary mo\u017cna dostosowa\u0107 do produktu, odpowiednie do pakowania r\u00f3\u017cnych portfeli<br \/>\n3. System kolor\u00f3w macaron zmniejsza zm\u0119czenie wzroku i tworzy relaksuj\u0105c\u0105 i lecznicz\u0105 atmosfer\u0119.<\/p>","protected":false},"featured_media":4101,"template":"","meta":[],"product_brand":[],"product_cat":[30,413,31,426],"product_tag":[731,730,732],"class_list":{"0":"post-4100","1":"product","2":"type-product","3":"status-publish","4":"has-post-thumbnail","6":"product_cat-by-industry","7":"product_cat-consumer-electronics-boxes","8":"product_cat-paper-box-style","9":"product_cat-paper-drawer-boxes","10":"product_tag-wallet-gift-boxes","11":"product_tag-wallet-packaging","12":"product_tag-wallet-packaging-wholesale","14":"first","15":"instock","16":"shipping-taxable","17":"product-type-grouped"},"_links":{"self":[{"href":"https:\/\/zojopackaging.com\/pl\/wp-json\/wp\/v2\/product\/4100","targetHints":{"allow":["GET"]}}],"collection":[{"href":"https:\/\/zojopackaging.com\/pl\/wp-json\/wp\/v2\/product"}],"about":[{"href":"https:\/\/zojopackaging.com\/pl\/wp-json\/wp\/v2\/types\/product"}],"version-history":[{"count":2,"href":"https:\/\/zojopackaging.com\/pl\/wp-json\/wp\/v2\/product\/4100\/revisions"}],"predecessor-version":[{"id":8430,"href":"https:\/\/zojopackaging.com\/pl\/wp-json\/wp\/v2\/product\/4100\/revisions\/8430"}],"wp:featuredmedia":[{"embeddable":true,"href":"https:\/\/zojopackaging.com\/pl\/wp-json\/wp\/v2\/media\/4101"}],"wp:attachment":[{"href":"https:\/\/zojopackaging.com\/pl\/wp-json\/wp\/v2\/media?parent=4100"}],"wp:term":[{"taxonomy":"product_brand","embeddable":true,"href":"https:\/\/zojopackaging.com\/pl\/wp-json\/wp\/v2\/product_brand?post=4100"},{"taxonomy":"product_cat","embeddable":true,"href":"https:\/\/zojopackaging.com\/pl\/wp-json\/wp\/v2\/product_cat?post=4100"},{"taxonomy":"product_tag","embeddable":true,"href":"https:\/\/zojopackaging.com\/pl\/wp-json\/wp\/v2\/product_tag?post=4100"}],"curies":[{"name":"wp","href":"https:\/\/api.w.org\/{rel}","templated":true}]}}