{"id":4114,"date":"2024-03-21T09:55:29","date_gmt":"2024-03-21T01:55:29","guid":{"rendered":"https:\/\/zojopackaging.com\/?post_type=product&#038;p=4114"},"modified":"2025-03-27T20:30:15","modified_gmt":"2025-03-27T12:30:15","slug":"custom-triangular-drawer-boxes","status":"publish","type":"product","link":"https:\/\/zojopackaging.com\/pl\/product\/custom-triangular-drawer-boxes\/","title":{"rendered":"Niestandardowe pude\u0142ka do pakowania okular\u00f3w przeciws\u0142onecznych z nadrukiem logo Hurtownia"},"content":{"rendered":"<h1>Niestandardowe pude\u0142ka do pakowania okular\u00f3w przeciws\u0142onecznych z nadrukiem logo Hurtownia<\/h1>\n<p>Oferujemy najbardziej po\u017c\u0105dane rozwi\u0105zania opakowaniowe z szerok\u0105 gam\u0105 opcji. Produkujemy najbardziej przyst\u0119pne cenowo i stylowe niestandardowe pude\u0142ka tr\u00f3jk\u0105tne z dba\u0142o\u015bci\u0105 o szczeg\u00f3\u0142y. Poniewa\u017c chcesz, aby Twoi klienci byli zadowoleni z Twojego produktu, my r\u00f3wnie\u017c. Nasze pude\u0142ka najlepiej nadaj\u0105 si\u0119 do pakowania jadalnych produkt\u00f3w w nienaruszonym stanie.<\/p>\n<p><strong>Kluczowe punkty<\/strong><\/p>\n<ul>\n<li>Inny spos\u00f3b prezentacji produkt\u00f3w<\/li>\n<li>Nadaj swoim produktom luksusowy wygl\u0105d<\/li>\n<li>100% z mo\u017cliwo\u015bci\u0105 dostosowania<\/li>\n<li>Dost\u0119pne we wszystkich rozmiarach<\/li>\n<li>Karton, tektura falista E-flute, ekologiczny papier pakowy lub wymagany materia\u0142<\/li>\n<\/ul>\n<h1><strong>Specyfikacja<\/strong><\/h1>\n<table style=\"height: 666px;\" width=\"1070\">\n<tbody>\n<tr>\n<td width=\"373\">Wymiary<\/td>\n<td width=\"373\">Wszystkie niestandardowe rozmiary i kszta\u0142ty<\/td>\n<\/tr>\n<tr>\n<td width=\"373\">MOQ<\/td>\n<td width=\"373\">500szt.<\/td>\n<\/tr>\n<tr>\n<td width=\"373\">Czas pr\u00f3by<\/td>\n<td width=\"373\">3-5 dni<\/td>\n<\/tr>\n<tr>\n<td width=\"373\">Proces domy\u015blny<\/td>\n<td width=\"373\">Sztancowanie, klejenie, nacinanie, perforacja<\/td>\n<\/tr>\n<tr>\n<td width=\"373\">Drukowanie<\/td>\n<td width=\"373\">Cmyk, pms, bez drukowania<\/td>\n<\/tr>\n<tr>\n<td width=\"373\">Opcja materia\u0142u<\/td>\n<td width=\"373\">Bia\u0142y papier kartonowy, papier powlekany, papier artystyczny, papier siarczanowy, ko\u015b\u0107 s\u0142oniowa, tektura dwustronna, papier specjalny itp.<\/td>\n<\/tr>\n<tr>\n<td width=\"373\">Wyko\u0144czenie powierzchni<\/td>\n<td width=\"373\">Laminowanie matowe\/b\u0142yszcz\u0105ce, punktowe UVDebossing, t\u0142oczenie, t\u0142oczenie foli\u0105 itp.<\/td>\n<\/tr>\n<tr>\n<td width=\"373\">Wykorzystanie w przemy\u015ble<\/td>\n<td width=\"373\">kosmetyki, perfumy, odzie\u017c, bi\u017cuteria, tyto\u0144, \u017cywno\u015b\u0107, towary codziennego u\u017cytku,<\/td>\n<\/tr>\n<tr>\n<td width=\"373\">Kontrola jako\u015bci<\/td>\n<td width=\"373\">Zaawansowany sprz\u0119t i do\u015bwiadczony zesp\u00f3\u0142 kontroli jako\u015bci dok\u0142adnie sprawdz\u0105 materia\u0142y, p\u00f3\u0142produkty i gotowe produkty na ka\u017cdym etapie przed ich u\u017cyciem.<\/td>\n<\/tr>\n<tr>\n<td width=\"373\">Cena<\/td>\n<td width=\"373\">Ostateczna cena b\u0119dzie dostosowana do produktu i wymaganej ilo\u015bci<\/td>\n<\/tr>\n<tr>\n<td width=\"373\">Czas zwrotu<\/td>\n<td width=\"373\">7-14 dni roboczych, po\u015bpiech<\/td>\n<\/tr>\n<tr>\n<td width=\"373\">Papier<\/td>\n<td width=\"373\">10pt do 28pt (60lb do 400lb) ekologiczny Kraft, tektura falista e-flute, tektura bux, karton<\/td>\n<\/tr>\n<tr>\n<td width=\"373\">Format grafiki<\/td>\n<td width=\"373\">JPG, PDF, AI, CDR, EPS, GIF....<\/td>\n<\/tr>\n<tr>\n<td width=\"373\">Akcesoria<\/td>\n<td width=\"373\">Magnes, ta\u015bma, forma EVA, plastikowa taca, g\u0105bka, okienko PVC\/PET\/PP,...<\/td>\n<\/tr>\n<tr>\n<td width=\"373\">Termin p\u0142atno\u015bci<\/td>\n<td width=\"373\">T \/ T, Western Union, Paypal, depozyt 30% i saldo 70% przed wysy\u0142k\u0105.<\/td>\n<\/tr>\n<\/tbody>\n<\/table>\n<div class=\"widget block block-static-block\">\n<div class=\"landing-page-section option-bottom\">\n<div class=\"custom-materials-tabs-content container container-adjustment\">\n<div class=\"custom-materials-tab-content active\">\n<div class=\"widget block block-static-block\">\n<div class=\"options-items\">\n<div class=\"flex-grid-row-option\">\n<div class=\"flex-grid-item-option\">\n<div class=\"material-box\">\n<p>&nbsp;<\/p>\n<\/div>\n<\/div>\n<\/div>\n<\/div>\n<p><!---end of option item--><\/p>\n<\/div>\n<\/div>\n<\/div>\n<\/div>\n<\/div>","protected":false},"excerpt":{"rendered":"<p>1. Szuflada Papierowa konstrukcja pude\u0142ka, \u0142atwa do otwierania i zamykania, mo\u017ce skr\u00f3ci\u0107 czas pracy i zwi\u0119kszy\u0107 do\u015bwiadczenie rozpakowywania<br \/>\n2. R\u00f3\u017cne rozmiary mo\u017cna dostosowa\u0107 do produktu, odpowiednie do pakowania r\u00f3\u017cnych wysokiej klasy pask\u00f3w do zegark\u00f3w<br \/>\n3. Podszewka EVA, mo\u017ce buforowa\u0107 i wytrzymywa\u0107 wstrz\u0105sy podczas transportu, chroni\u0107 paski okular\u00f3w przeciws\u0142onecznych przed uszkodzeniem<br \/>\n4. Przyjazny dla \u015brodowiska i wielofunkcyjny papier pakowy<\/p>","protected":false},"featured_media":4116,"template":"","meta":[],"product_brand":[],"product_cat":[30,413,31,426],"product_tag":[708,710,709],"class_list":{"0":"post-4114","1":"product","2":"type-product","3":"status-publish","4":"has-post-thumbnail","6":"product_cat-by-industry","7":"product_cat-consumer-electronics-boxes","8":"product_cat-paper-box-style","9":"product_cat-paper-drawer-boxes","10":"product_tag-custom-sunglasses-boxes","11":"product_tag-sunglasses-boxes-wholesale","12":"product_tag-sunglasses-packaging-wholesale","14":"first","15":"instock","16":"shipping-taxable","17":"product-type-grouped"},"_links":{"self":[{"href":"https:\/\/zojopackaging.com\/pl\/wp-json\/wp\/v2\/product\/4114","targetHints":{"allow":["GET"]}}],"collection":[{"href":"https:\/\/zojopackaging.com\/pl\/wp-json\/wp\/v2\/product"}],"about":[{"href":"https:\/\/zojopackaging.com\/pl\/wp-json\/wp\/v2\/types\/product"}],"version-history":[{"count":2,"href":"https:\/\/zojopackaging.com\/pl\/wp-json\/wp\/v2\/product\/4114\/revisions"}],"predecessor-version":[{"id":8421,"href":"https:\/\/zojopackaging.com\/pl\/wp-json\/wp\/v2\/product\/4114\/revisions\/8421"}],"wp:featuredmedia":[{"embeddable":true,"href":"https:\/\/zojopackaging.com\/pl\/wp-json\/wp\/v2\/media\/4116"}],"wp:attachment":[{"href":"https:\/\/zojopackaging.com\/pl\/wp-json\/wp\/v2\/media?parent=4114"}],"wp:term":[{"taxonomy":"product_brand","embeddable":true,"href":"https:\/\/zojopackaging.com\/pl\/wp-json\/wp\/v2\/product_brand?post=4114"},{"taxonomy":"product_cat","embeddable":true,"href":"https:\/\/zojopackaging.com\/pl\/wp-json\/wp\/v2\/product_cat?post=4114"},{"taxonomy":"product_tag","embeddable":true,"href":"https:\/\/zojopackaging.com\/pl\/wp-json\/wp\/v2\/product_tag?post=4114"}],"curies":[{"name":"wp","href":"https:\/\/api.w.org\/{rel}","templated":true}]}}