{"id":4125,"date":"2024-03-21T10:00:52","date_gmt":"2024-03-21T02:00:52","guid":{"rendered":"https:\/\/zojopackaging.com\/?post_type=product&#038;p=4125"},"modified":"2025-03-28T11:23:03","modified_gmt":"2025-03-28T03:23:03","slug":"two-way-drawer-packaging-box","status":"publish","type":"product","link":"https:\/\/zojopackaging.com\/pl\/product\/two-way-drawer-packaging-box\/","title":{"rendered":"Niestandardowe drukowane luksusowe opakowanie na kartrid\u017ce Vape Hurtownia"},"content":{"rendered":"<h1>Niestandardowe drukowane luksusowe opakowanie na kartrid\u017ce Vape Hurtownia<\/h1>\n<p>Dwustronne pude\u0142ko z szufladami to wszechstronne i funkcjonalne rozwi\u0105zanie opakowaniowe, kt\u00f3re oferuje unikalny mechanizm otwierania zapewniaj\u0105cy \u0142atwy dost\u0119p do zawarto\u015bci wewn\u0105trz. Ten innowacyjny projekt obejmuje szuflady, kt\u00f3re mo\u017cna otwiera\u0107 z obu ko\u0144c\u00f3w, zapewniaj\u0105c wygod\u0119 i elastyczno\u015b\u0107 klientom podczas rozpakowywania.<\/p>\n<p>Wykonane z wysokiej jako\u015bci materia\u0142\u00f3w, takich jak trwa\u0142y karton lub tektura, dwukierunkowe pude\u0142ko z szufladami zapewnia ochron\u0119 i bezpiecze\u0144stwo zapakowanych produkt\u00f3w. Funkcja podw\u00f3jnego otwierania dodaje odrobin\u0119 interaktywno\u015bci i zaanga\u017cowania, dzi\u0119ki czemu jest to wyj\u0105tkowy wyb\u00f3r dla marek, kt\u00f3re chc\u0105 stworzy\u0107 niezapomniane wra\u017cenia z rozpakowywania.<\/p>\n<p>Eleganckie wyko\u0144czenie pude\u0142ka z dwukierunkow\u0105 szuflad\u0105 nadaje mu nowoczesny i wyrafinowany wygl\u0105d, poprawiaj\u0105c og\u00f3ln\u0105 prezentacj\u0119 produkt\u00f3w w \u015brodku. Dost\u0119pne s\u0105 opcje personalizacji w celu dodania element\u00f3w marki, logo i wzor\u00f3w na zewn\u0105trz pude\u0142ka, umo\u017cliwiaj\u0105c firmom stworzenie spersonalizowanego i efektownego rozwi\u0105zania opakowaniowego.<\/p>\n<h1><strong>Specyfikacja<\/strong><\/h1>\n<table style=\"height: 666px;\" width=\"1070\">\n<tbody>\n<tr>\n<td width=\"373\">Wymiary<\/td>\n<td width=\"373\">Wszystkie niestandardowe rozmiary i kszta\u0142ty<\/td>\n<\/tr>\n<tr>\n<td width=\"373\">MOQ<\/td>\n<td width=\"373\">500szt.<\/td>\n<\/tr>\n<tr>\n<td width=\"373\">Czas pr\u00f3by<\/td>\n<td width=\"373\">3-5 dni<\/td>\n<\/tr>\n<tr>\n<td width=\"373\">Proces domy\u015blny<\/td>\n<td width=\"373\">Sztancowanie, klejenie, nacinanie, perforacja<\/td>\n<\/tr>\n<tr>\n<td width=\"373\">Drukowanie<\/td>\n<td width=\"373\">Cmyk, pms, bez drukowania<\/td>\n<\/tr>\n<tr>\n<td width=\"373\">Opcja materia\u0142u<\/td>\n<td width=\"373\">Bia\u0142y papier kartonowy, papier powlekany, papier artystyczny, papier siarczanowy, ko\u015b\u0107 s\u0142oniowa, tektura dwustronna, papier specjalny itp.<\/td>\n<\/tr>\n<tr>\n<td width=\"373\">Wyko\u0144czenie powierzchni<\/td>\n<td width=\"373\">Laminowanie matowe\/b\u0142yszcz\u0105ce, punktowe UVDebossing, t\u0142oczenie, t\u0142oczenie foli\u0105 itp.<\/td>\n<\/tr>\n<tr>\n<td width=\"373\">Wykorzystanie w przemy\u015ble<\/td>\n<td width=\"373\">kosmetyki, perfumy, odzie\u017c, bi\u017cuteria, tyto\u0144, \u017cywno\u015b\u0107, towary codziennego u\u017cytku,<\/td>\n<\/tr>\n<tr>\n<td width=\"373\">Kontrola jako\u015bci<\/td>\n<td width=\"373\">Zaawansowany sprz\u0119t i do\u015bwiadczony zesp\u00f3\u0142 kontroli jako\u015bci dok\u0142adnie sprawdz\u0105 materia\u0142y, p\u00f3\u0142produkty i gotowe produkty na ka\u017cdym etapie przed ich u\u017cyciem.<\/td>\n<\/tr>\n<tr>\n<td width=\"373\">Cena<\/td>\n<td width=\"373\">Ostateczna cena b\u0119dzie dostosowana do produktu i wymaganej ilo\u015bci<\/td>\n<\/tr>\n<tr>\n<td width=\"373\">Czas zwrotu<\/td>\n<td width=\"373\">7-14 dni roboczych, po\u015bpiech<\/td>\n<\/tr>\n<tr>\n<td width=\"373\">Papier<\/td>\n<td width=\"373\">10pt do 28pt (60lb do 400lb) ekologiczny Kraft, tektura falista e-flute, tektura bux, karton<\/td>\n<\/tr>\n<tr>\n<td width=\"373\">Format grafiki<\/td>\n<td width=\"373\">JPG, PDF, AI, CDR, EPS, GIF....<\/td>\n<\/tr>\n<tr>\n<td width=\"373\">Akcesoria<\/td>\n<td width=\"373\">Magnes, ta\u015bma, forma EVA, plastikowa taca, g\u0105bka, okienko PVC\/PET\/PP,...<\/td>\n<\/tr>\n<tr>\n<td width=\"373\">Termin p\u0142atno\u015bci<\/td>\n<td width=\"373\">T \/ T, Western Union, Paypal, depozyt 30% i saldo 70% przed wysy\u0142k\u0105.<\/td>\n<\/tr>\n<\/tbody>\n<\/table>\n<div class=\"widget block block-static-block\">\n<div class=\"landing-page-section option-bottom\">\n<div class=\"custom-materials-tabs-content container container-adjustment\">\n<div class=\"custom-materials-tab-content active\">\n<div class=\"widget block block-static-block\">\n<div class=\"options-items\">\n<div class=\"flex-grid-row-option\">\n<div class=\"flex-grid-item-option\">\n<div class=\"material-box\">\n<p>&nbsp;<\/p>\n<\/div>\n<\/div>\n<\/div>\n<\/div>\n<p><!---end of option item--><\/p>\n<\/div>\n<\/div>\n<\/div>\n<\/div>\n<\/div>","protected":false},"excerpt":{"rendered":"<p>1. Konstrukcja szuflady i przesuwne otwieranie u\u0142atwiaj\u0105 u\u017cytkownikom otwieranie i zamykanie, zwi\u0119kszaj\u0105c komfort rozpakowywania.<br \/>\n2. R\u00f3\u017cne rozmiary mo\u017cna dostosowa\u0107 do swoich produkt\u00f3w, odpowiednie do pakowania r\u00f3\u017cnych waporyzator\u00f3w do konopi indyjskich<br \/>\n3. Nadruk na powierzchni pude\u0142ka jest wyra\u017any i nie r\u00f3\u017cni si\u0119 kolorem.<\/p>","protected":false},"featured_media":4130,"template":"","meta":[],"product_brand":[],"product_cat":[30,420,31,426],"product_tag":[594,756,593],"class_list":{"0":"post-4125","1":"product","2":"type-product","3":"status-publish","4":"has-post-thumbnail","6":"product_cat-by-industry","7":"product_cat-custom-cannabis-boxes","8":"product_cat-paper-box-style","9":"product_cat-paper-drawer-boxes","10":"product_tag-custom-vape-packaging","11":"product_tag-vape-box-wholesale","12":"product_tag-vape-cartridge-packaging","14":"first","15":"instock","16":"shipping-taxable","17":"product-type-grouped"},"_links":{"self":[{"href":"https:\/\/zojopackaging.com\/pl\/wp-json\/wp\/v2\/product\/4125","targetHints":{"allow":["GET"]}}],"collection":[{"href":"https:\/\/zojopackaging.com\/pl\/wp-json\/wp\/v2\/product"}],"about":[{"href":"https:\/\/zojopackaging.com\/pl\/wp-json\/wp\/v2\/types\/product"}],"version-history":[{"count":2,"href":"https:\/\/zojopackaging.com\/pl\/wp-json\/wp\/v2\/product\/4125\/revisions"}],"predecessor-version":[{"id":8440,"href":"https:\/\/zojopackaging.com\/pl\/wp-json\/wp\/v2\/product\/4125\/revisions\/8440"}],"wp:featuredmedia":[{"embeddable":true,"href":"https:\/\/zojopackaging.com\/pl\/wp-json\/wp\/v2\/media\/4130"}],"wp:attachment":[{"href":"https:\/\/zojopackaging.com\/pl\/wp-json\/wp\/v2\/media?parent=4125"}],"wp:term":[{"taxonomy":"product_brand","embeddable":true,"href":"https:\/\/zojopackaging.com\/pl\/wp-json\/wp\/v2\/product_brand?post=4125"},{"taxonomy":"product_cat","embeddable":true,"href":"https:\/\/zojopackaging.com\/pl\/wp-json\/wp\/v2\/product_cat?post=4125"},{"taxonomy":"product_tag","embeddable":true,"href":"https:\/\/zojopackaging.com\/pl\/wp-json\/wp\/v2\/product_tag?post=4125"}],"curies":[{"name":"wp","href":"https:\/\/api.w.org\/{rel}","templated":true}]}}