{"id":4134,"date":"2024-03-21T10:04:33","date_gmt":"2024-03-21T02:04:33","guid":{"rendered":"https:\/\/zojopackaging.com\/?post_type=product&#038;p=4134"},"modified":"2025-03-28T10:10:46","modified_gmt":"2025-03-28T02:10:46","slug":"underwear-drawer-packaging-box","status":"publish","type":"product","link":"https:\/\/zojopackaging.com\/pl\/product\/underwear-drawer-packaging-box\/","title":{"rendered":"Pude\u0142ko do pakowania bielizny damskiej z przesuwan\u0105 szuflad\u0105"},"content":{"rendered":"<h1>Pude\u0142ko do pakowania bielizny damskiej z przesuwan\u0105 szuflad\u0105<\/h1>\n<p>Pude\u0142ko z wysuwan\u0105 szuflad\u0105 na bielizn\u0119 damsk\u0105 to specjalistyczne i praktyczne rozwi\u0105zanie opakowaniowe zaprojektowane specjalnie do przechowywania i prezentowania bielizny. Ta innowacyjna konstrukcja posiada otw\u00f3r w stylu szuflady, kt\u00f3ry umo\u017cliwia \u0142atwy dost\u0119p do odzie\u017cy znajduj\u0105cej si\u0119 w \u015brodku, dzi\u0119ki czemu klienci mog\u0105 wygodnie wyjmowa\u0107 i przechowywa\u0107 swoje produkty.<\/p>\n<p>Wykonane z wysokiej jako\u015bci materia\u0142\u00f3w, takich jak wytrzyma\u0142y karton lub tektura, pude\u0142ko z szufladami na bielizn\u0119 zapewnia ochron\u0119 i organizacj\u0119 delikatnej odzie\u017cy. Konstrukcja szuflady zapewnia, \u017ce bielizna pozostaje starannie z\u0142o\u017cona i bezpieczna podczas przechowywania i transportu, pomagaj\u0105c zachowa\u0107 jej kszta\u0142t i jako\u015b\u0107.<\/p>\n<p>Eleganckie i nowoczesne wyko\u0144czenie pude\u0142ka na bielizn\u0119 nadaje mu stylowy i wyrafinowany wygl\u0105d, poprawiaj\u0105c og\u00f3ln\u0105 prezentacj\u0119 bielizny. Dost\u0119pne s\u0105 opcje dostosowywania, aby doda\u0107 elementy marki, logo i projekty na zewn\u0105trz pude\u0142ka, tworz\u0105c spersonalizowane i atrakcyjne rozwi\u0105zanie opakowaniowe.<\/p>\n<h1><strong>Specyfikacja<\/strong><\/h1>\n<table style=\"height: 666px;\" width=\"1070\">\n<tbody>\n<tr>\n<td width=\"373\">Wymiary<\/td>\n<td width=\"373\">Wszystkie niestandardowe rozmiary i kszta\u0142ty<\/td>\n<\/tr>\n<tr>\n<td width=\"373\">MOQ<\/td>\n<td width=\"373\">500szt.<\/td>\n<\/tr>\n<tr>\n<td width=\"373\">Czas pr\u00f3by<\/td>\n<td width=\"373\">3-5 dni<\/td>\n<\/tr>\n<tr>\n<td width=\"373\">Proces domy\u015blny<\/td>\n<td width=\"373\">Sztancowanie, klejenie, nacinanie, perforacja<\/td>\n<\/tr>\n<tr>\n<td width=\"373\">Drukowanie<\/td>\n<td width=\"373\">Cmyk, pms, bez drukowania<\/td>\n<\/tr>\n<tr>\n<td width=\"373\">Opcja materia\u0142u<\/td>\n<td width=\"373\">Bia\u0142y papier kartonowy, papier powlekany, papier artystyczny, papier siarczanowy, ko\u015b\u0107 s\u0142oniowa, tektura dwustronna, papier specjalny itp.<\/td>\n<\/tr>\n<tr>\n<td width=\"373\">Wyko\u0144czenie powierzchni<\/td>\n<td width=\"373\">Laminowanie matowe\/b\u0142yszcz\u0105ce, punktowe UVDebossing, t\u0142oczenie, t\u0142oczenie foli\u0105 itp.<\/td>\n<\/tr>\n<tr>\n<td width=\"373\">Wykorzystanie w przemy\u015ble<\/td>\n<td width=\"373\">kosmetyki, perfumy, odzie\u017c, bi\u017cuteria, tyto\u0144, \u017cywno\u015b\u0107, towary codziennego u\u017cytku,<\/td>\n<\/tr>\n<tr>\n<td width=\"373\">Kontrola jako\u015bci<\/td>\n<td width=\"373\">Zaawansowany sprz\u0119t i do\u015bwiadczony zesp\u00f3\u0142 kontroli jako\u015bci dok\u0142adnie sprawdz\u0105 materia\u0142y, p\u00f3\u0142produkty i gotowe produkty na ka\u017cdym etapie przed ich u\u017cyciem.<\/td>\n<\/tr>\n<tr>\n<td width=\"373\">Cena<\/td>\n<td width=\"373\">Ostateczna cena b\u0119dzie dostosowana do produktu i wymaganej ilo\u015bci<\/td>\n<\/tr>\n<tr>\n<td width=\"373\">Czas zwrotu<\/td>\n<td width=\"373\">7-14 dni roboczych, po\u015bpiech<\/td>\n<\/tr>\n<tr>\n<td width=\"373\">Papier<\/td>\n<td width=\"373\">10pt do 28pt (60lb do 400lb) ekologiczny Kraft, tektura falista e-flute, tektura bux, karton<\/td>\n<\/tr>\n<tr>\n<td width=\"373\">Format grafiki<\/td>\n<td width=\"373\">JPG, PDF, AI, CDR, EPS, GIF....<\/td>\n<\/tr>\n<tr>\n<td width=\"373\">Akcesoria<\/td>\n<td width=\"373\">Magnes, ta\u015bma, forma EVA, plastikowa taca, g\u0105bka, okienko PVC\/PET\/PP,...<\/td>\n<\/tr>\n<tr>\n<td width=\"373\">Termin p\u0142atno\u015bci<\/td>\n<td width=\"373\">T \/ T, Western Union, Paypal, depozyt 30% i saldo 70% przed wysy\u0142k\u0105.<\/td>\n<\/tr>\n<\/tbody>\n<\/table>\n<div class=\"widget block block-static-block\">\n<div class=\"landing-page-section option-bottom\">\n<div class=\"custom-materials-tabs-content container container-adjustment\">\n<div class=\"custom-materials-tab-content active\">\n<div class=\"widget block block-static-block\">\n<div class=\"options-items\">\n<div class=\"flex-grid-row-option\">\n<div class=\"flex-grid-item-option\">\n<div class=\"material-box\">\n<p>&nbsp;<\/p>\n<\/div>\n<\/div>\n<\/div>\n<\/div>\n<p><!---end of option item--><\/p>\n<\/div>\n<\/div>\n<\/div>\n<\/div>\n<\/div>","protected":false},"excerpt":{"rendered":"<p>1. Czerwona z\u0142ota folia t\u0142oczona na gor\u0105co, nadaj\u0105ca opakowaniu poczucie luksusu i wysokiej jako\u015bci prezentacji wizualnej.<br \/>\n2. R\u00f3\u017cne rozmiary mo\u017cna dostosowa\u0107 do produktu, odpowiednie do pakowania r\u00f3\u017cnych rodzaj\u00f3w odzie\u017cy<br \/>\n3. Konstrukcja szuflady na papier, przesuwne otwieranie sprawia, \u017ce otwieranie i zamykanie jest wygodne dla u\u017cytkownik\u00f3w, co mo\u017ce skr\u00f3ci\u0107 czas pracy u\u017cytkownika i poprawi\u0107 wra\u017cenia z rozpakowywania.<\/p>","protected":false},"featured_media":4140,"template":"","meta":[],"product_brand":[],"product_cat":[30,415,31,426],"product_tag":[738,739,740],"class_list":{"0":"post-4134","1":"product","2":"type-product","3":"status-publish","4":"has-post-thumbnail","6":"product_cat-by-industry","7":"product_cat-custom-jewelry-boxes-by-industry","8":"product_cat-paper-box-style","9":"product_cat-paper-drawer-boxes","10":"product_tag-underwear-packaging-box","11":"product_tag-underwear-sliding-drawer-box","12":"product_tag-women-underwear-packaging","14":"first","15":"instock","16":"shipping-taxable","17":"product-type-grouped"},"_links":{"self":[{"href":"https:\/\/zojopackaging.com\/pl\/wp-json\/wp\/v2\/product\/4134","targetHints":{"allow":["GET"]}}],"collection":[{"href":"https:\/\/zojopackaging.com\/pl\/wp-json\/wp\/v2\/product"}],"about":[{"href":"https:\/\/zojopackaging.com\/pl\/wp-json\/wp\/v2\/types\/product"}],"version-history":[{"count":2,"href":"https:\/\/zojopackaging.com\/pl\/wp-json\/wp\/v2\/product\/4134\/revisions"}],"predecessor-version":[{"id":8433,"href":"https:\/\/zojopackaging.com\/pl\/wp-json\/wp\/v2\/product\/4134\/revisions\/8433"}],"wp:featuredmedia":[{"embeddable":true,"href":"https:\/\/zojopackaging.com\/pl\/wp-json\/wp\/v2\/media\/4140"}],"wp:attachment":[{"href":"https:\/\/zojopackaging.com\/pl\/wp-json\/wp\/v2\/media?parent=4134"}],"wp:term":[{"taxonomy":"product_brand","embeddable":true,"href":"https:\/\/zojopackaging.com\/pl\/wp-json\/wp\/v2\/product_brand?post=4134"},{"taxonomy":"product_cat","embeddable":true,"href":"https:\/\/zojopackaging.com\/pl\/wp-json\/wp\/v2\/product_cat?post=4134"},{"taxonomy":"product_tag","embeddable":true,"href":"https:\/\/zojopackaging.com\/pl\/wp-json\/wp\/v2\/product_tag?post=4134"}],"curies":[{"name":"wp","href":"https:\/\/api.w.org\/{rel}","templated":true}]}}