{"id":4141,"date":"2024-03-21T10:08:37","date_gmt":"2024-03-21T02:08:37","guid":{"rendered":"https:\/\/zojopackaging.com\/?post_type=product&#038;p=4141"},"modified":"2025-03-28T09:54:37","modified_gmt":"2025-03-28T01:54:37","slug":"custom-printing-drawer-packaging-box","status":"publish","type":"product","link":"https:\/\/zojopackaging.com\/pl\/product\/custom-printing-drawer-packaging-box\/","title":{"rendered":"Niestandardowe markowe tekturowe pude\u0142ka na bi\u017cuteri\u0119 Anklet Boxes Wholesale"},"content":{"rendered":"<h1>Niestandardowe markowe tekturowe pude\u0142ka na bi\u017cuteri\u0119 Anklet Boxes Wholesale<\/h1>\n<p>Niestandardowe kartonowe pude\u0142ka na bi\u017cuteri\u0119 z niestandardow\u0105 mark\u0105 to wszechstronne i spersonalizowane rozwi\u0105zanie opakowaniowe, kt\u00f3re oferuje wysoki poziom personalizacji, aby spe\u0142ni\u0107 unikalne potrzeby firm w zakresie brandingu. Ten innowacyjny projekt charakteryzuje si\u0119 otwieran\u0105 szuflad\u0105 zapewniaj\u0105c\u0105 \u0142atwy dost\u0119p do zawarto\u015bci wewn\u0105trz, w po\u0142\u0105czeniu z mo\u017cliwo\u015bci\u0105 zaprezentowania niestandardowych projekt\u00f3w, logo i element\u00f3w marki na zewn\u0105trz pude\u0142ka.<\/p>\n<p>Wykonane z wysokiej jako\u015bci materia\u0142\u00f3w, takich jak trwa\u0142y karton lub tektura, pude\u0142ko z szuflad\u0105 z niestandardowym nadrukiem zapewnia zar\u00f3wno ochron\u0119, jak i atrakcyjno\u015b\u0107 wizualn\u0105 pakowanych produkt\u00f3w. Opcja niestandardowego nadruku pozwala firmom stworzy\u0107 w pe\u0142ni spersonalizowane rozwi\u0105zanie opakowaniowe, kt\u00f3re odzwierciedla to\u017csamo\u015b\u0107 marki i przekaz, dzi\u0119ki czemu jest pot\u0119\u017cnym narz\u0119dziem marketingowym zwi\u0119kszaj\u0105cym rozpoznawalno\u015b\u0107 marki i zaanga\u017cowanie klient\u00f3w.<\/p>\n<p>Eleganckie wyko\u0144czenie niestandardowego opakowania szufladowego z nadrukiem nadaje mu profesjonalny i dopracowany wygl\u0105d, podnosz\u0105c og\u00f3ln\u0105 prezentacj\u0119 znajduj\u0105cych si\u0119 w nim produkt\u00f3w. Firmy mog\u0105 wybiera\u0107 spo\u015br\u00f3d r\u00f3\u017cnych technik drukowania, w tym druku offsetowego, druku cyfrowego lub t\u0142oczenia foli\u0105, aby tworzy\u0107 przyci\u0105gaj\u0105ce wzrok i \u017cywe projekty, kt\u00f3re przyci\u0105gaj\u0105 klient\u00f3w i pozostawiaj\u0105 trwa\u0142e wra\u017cenie.<\/p>\n<h1><strong>Specyfikacja<\/strong><\/h1>\n<table style=\"height: 666px;\" width=\"1070\">\n<tbody>\n<tr>\n<td width=\"373\">Wymiary<\/td>\n<td width=\"373\">Wszystkie niestandardowe rozmiary i kszta\u0142ty<\/td>\n<\/tr>\n<tr>\n<td width=\"373\">MOQ<\/td>\n<td width=\"373\">500szt.<\/td>\n<\/tr>\n<tr>\n<td width=\"373\">Czas pr\u00f3by<\/td>\n<td width=\"373\">3-5 dni<\/td>\n<\/tr>\n<tr>\n<td width=\"373\">Proces domy\u015blny<\/td>\n<td width=\"373\">Sztancowanie, klejenie, nacinanie, perforacja<\/td>\n<\/tr>\n<tr>\n<td width=\"373\">Drukowanie<\/td>\n<td width=\"373\">Cmyk, pms, bez drukowania<\/td>\n<\/tr>\n<tr>\n<td width=\"373\">Opcja materia\u0142u<\/td>\n<td width=\"373\">Bia\u0142y papier kartonowy, papier powlekany, papier artystyczny, papier siarczanowy, ko\u015b\u0107 s\u0142oniowa, tektura dwustronna, papier specjalny itp.<\/td>\n<\/tr>\n<tr>\n<td width=\"373\">Wyko\u0144czenie powierzchni<\/td>\n<td width=\"373\">Laminowanie matowe\/b\u0142yszcz\u0105ce, punktowe UVDebossing, t\u0142oczenie, t\u0142oczenie foli\u0105 itp.<\/td>\n<\/tr>\n<tr>\n<td width=\"373\">Wykorzystanie w przemy\u015ble<\/td>\n<td width=\"373\">kosmetyki, perfumy, odzie\u017c, bi\u017cuteria, tyto\u0144, \u017cywno\u015b\u0107, towary codziennego u\u017cytku,<\/td>\n<\/tr>\n<tr>\n<td width=\"373\">Kontrola jako\u015bci<\/td>\n<td width=\"373\">Zaawansowany sprz\u0119t i do\u015bwiadczony zesp\u00f3\u0142 kontroli jako\u015bci dok\u0142adnie sprawdz\u0105 materia\u0142y, p\u00f3\u0142produkty i gotowe produkty na ka\u017cdym etapie przed ich u\u017cyciem.<\/td>\n<\/tr>\n<tr>\n<td width=\"373\">Cena<\/td>\n<td width=\"373\">Ostateczna cena b\u0119dzie dostosowana do produktu i wymaganej ilo\u015bci<\/td>\n<\/tr>\n<tr>\n<td width=\"373\">Czas zwrotu<\/td>\n<td width=\"373\">7-14 dni roboczych, po\u015bpiech<\/td>\n<\/tr>\n<tr>\n<td width=\"373\">Papier<\/td>\n<td width=\"373\">10pt do 28pt (60lb do 400lb) ekologiczny Kraft, tektura falista e-flute, tektura bux, karton<\/td>\n<\/tr>\n<tr>\n<td width=\"373\">Format grafiki<\/td>\n<td width=\"373\">JPG, PDF, AI, CDR, EPS, GIF....<\/td>\n<\/tr>\n<tr>\n<td width=\"373\">Akcesoria<\/td>\n<td width=\"373\">Magnes, ta\u015bma, forma EVA, plastikowa taca, g\u0105bka, okienko PVC\/PET\/PP,...<\/td>\n<\/tr>\n<tr>\n<td width=\"373\">Termin p\u0142atno\u015bci<\/td>\n<td width=\"373\">T \/ T, Western Union, Paypal, depozyt 30% i saldo 70% przed wysy\u0142k\u0105.<\/td>\n<\/tr>\n<\/tbody>\n<\/table>\n<div class=\"widget block block-static-block\">\n<div class=\"landing-page-section option-bottom\">\n<div class=\"custom-materials-tabs-content container container-adjustment\">\n<div class=\"custom-materials-tab-content active\">\n<div class=\"widget block block-static-block\">\n<div class=\"options-items\">\n<div class=\"flex-grid-row-option\">\n<div class=\"flex-grid-item-option\">\n<div class=\"material-box\">\n<p>&nbsp;<\/p>\n<\/div>\n<\/div>\n<\/div>\n<\/div>\n<p><!---end of option item--><\/p>\n<\/div>\n<\/div>\n<\/div>\n<\/div>\n<\/div>","protected":false},"excerpt":{"rendered":"<p>1. Konstrukcja szuflady na papier i przesuwne otwieranie u\u0142atwiaj\u0105 u\u017cytkownikom otwieranie i zamykanie, co mo\u017ce skr\u00f3ci\u0107 czas obs\u0142ugi i poprawi\u0107 wra\u017cenia z rozpakowywania.<br \/>\n2. R\u00f3\u017cne rozmiary mo\u017cna dostosowa\u0107 do swoich produkt\u00f3w, odpowiednie do pakowania r\u00f3\u017cnych bi\u017cuteryjnych bransoletek i pier\u015bcionk\u00f3w<br \/>\n3. System kolor\u00f3w macaron zmniejsza zm\u0119czenie wzroku i tworzy relaksuj\u0105c\u0105 i lecznicz\u0105 atmosfer\u0119.<\/p>","protected":false},"featured_media":4143,"template":"","meta":[],"product_brand":[],"product_cat":[30,415,31,426],"product_tag":[734,733,575],"class_list":{"0":"post-4141","1":"product","2":"type-product","3":"status-publish","4":"has-post-thumbnail","6":"product_cat-by-industry","7":"product_cat-custom-jewelry-boxes-by-industry","8":"product_cat-paper-box-style","9":"product_cat-paper-drawer-boxes","10":"product_tag-cardboard-jewelry-boxes","11":"product_tag-custom-ring-boxes","12":"product_tag-jewelry-boxes-wholesale","14":"first","15":"instock","16":"shipping-taxable","17":"product-type-grouped"},"_links":{"self":[{"href":"https:\/\/zojopackaging.com\/pl\/wp-json\/wp\/v2\/product\/4141","targetHints":{"allow":["GET"]}}],"collection":[{"href":"https:\/\/zojopackaging.com\/pl\/wp-json\/wp\/v2\/product"}],"about":[{"href":"https:\/\/zojopackaging.com\/pl\/wp-json\/wp\/v2\/types\/product"}],"version-history":[{"count":2,"href":"https:\/\/zojopackaging.com\/pl\/wp-json\/wp\/v2\/product\/4141\/revisions"}],"predecessor-version":[{"id":8431,"href":"https:\/\/zojopackaging.com\/pl\/wp-json\/wp\/v2\/product\/4141\/revisions\/8431"}],"wp:featuredmedia":[{"embeddable":true,"href":"https:\/\/zojopackaging.com\/pl\/wp-json\/wp\/v2\/media\/4143"}],"wp:attachment":[{"href":"https:\/\/zojopackaging.com\/pl\/wp-json\/wp\/v2\/media?parent=4141"}],"wp:term":[{"taxonomy":"product_brand","embeddable":true,"href":"https:\/\/zojopackaging.com\/pl\/wp-json\/wp\/v2\/product_brand?post=4141"},{"taxonomy":"product_cat","embeddable":true,"href":"https:\/\/zojopackaging.com\/pl\/wp-json\/wp\/v2\/product_cat?post=4141"},{"taxonomy":"product_tag","embeddable":true,"href":"https:\/\/zojopackaging.com\/pl\/wp-json\/wp\/v2\/product_tag?post=4141"}],"curies":[{"name":"wp","href":"https:\/\/api.w.org\/{rel}","templated":true}]}}