{"id":4170,"date":"2024-03-21T10:37:14","date_gmt":"2024-03-21T02:37:14","guid":{"rendered":"https:\/\/zojopackaging.com\/?post_type=product&#038;p=4170"},"modified":"2025-04-03T12:51:52","modified_gmt":"2025-04-03T04:51:52","slug":"valentines-day-gift-packaging-box","status":"publish","type":"product","link":"https:\/\/zojopackaging.com\/pl\/product\/valentines-day-gift-packaging-box\/","title":{"rendered":"Niestandardowe opakowanie magnetyczne na prezent walentynkowy"},"content":{"rendered":"<h1>Niestandardowe opakowanie magnetyczne na prezent walentynkowy<\/h1>\n<p>Pude\u0142ko na prezenty walentynkowe to urocze i romantyczne rozwi\u0105zanie opakowaniowe zaprojektowane z my\u015bl\u0105 o dodaniu wyj\u0105tkowego akcentu do prezent\u00f3w wymienianych z tej mi\u0142osnej okazji. Ten unikalny projekt ma zachwycaj\u0105cy i \u015bwi\u0105teczny motyw, kt\u00f3ry oddaje ducha Walentynek, dzi\u0119ki czemu jest idealnym wyborem do pakowania prezent\u00f3w dla bliskich.<\/p>\n<p>Wykonane z wysokiej jako\u015bci materia\u0142\u00f3w, takich jak wysokiej jako\u015bci karton lub tektura, walentynkowe pude\u0142ko na prezent oferuje zar\u00f3wno trwa\u0142o\u015b\u0107, jak i atrakcyjno\u015b\u0107 wizualn\u0105. Pude\u0142ko mo\u017cna ozdobi\u0107 romantycznymi motywami, takimi jak serca, r\u00f3\u017ce lub amorek, aby stworzy\u0107 kapry\u015bny i czaruj\u0105cy projekt, kt\u00f3ry nada idealny ton okazji.<\/p>\n<p>\u017bywe i kolorowe wyko\u0144czenie walentynkowego pude\u0142ka na prezenty dodaje \u015bwi\u0105tecznego i uroczystego elementu, poprawiaj\u0105c og\u00f3ln\u0105 prezentacj\u0119 prezent\u00f3w w \u015brodku. Dost\u0119pne s\u0105 opcje personalizacji w celu dodania spersonalizowanych wiadomo\u015bci, imion lub wzor\u00f3w na zewn\u0119trznej stronie pude\u0142ka, umo\u017cliwiaj\u0105c obdarowuj\u0105cym stworzenie naprawd\u0119 wyj\u0105tkowego i serdecznego rozwi\u0105zania opakowaniowego.<\/p>\n<p>Niezale\u017cnie od tego, czy jest u\u017cywane do prezentowania czekoladek, bi\u017cuterii, kwiat\u00f3w czy innych specjalnych prezent\u00f3w, walentynkowe opakowanie na prezent z pewno\u015bci\u0105 zachwyci odbiorc\u00f3w swoim przemy\u015blanym i romantycznym designem. To rozwi\u0105zanie opakowaniowe nie tylko dodaje dodatkowej warstwy uroku i emocji do do\u015bwiadczenia wr\u0119czania prezent\u00f3w, ale tak\u017ce s\u0142u\u017cy jako pi\u0119kna pami\u0105tka, kt\u00f3ra oddaje mi\u0142o\u015b\u0107 i uczucie dzielone w Walentynki.<\/p>\n<h1><strong>Specyfikacja<\/strong><\/h1>\n<table style=\"border-collapse: collapse; width: 759.02pt;\" border=\"0\" width=\"1012\" cellspacing=\"0\" cellpadding=\"0\">\n<tbody>\n<tr style=\"height: 16.50pt;\">\n<td class=\"et3\" style=\"height: 16.50pt; width: 379.50pt;\" width=\"506\" height=\"22\">Wymiary<\/td>\n<td class=\"et3\" style=\"width: 379.50pt;\" width=\"506\">Wszystkie niestandardowe rozmiary i kszta\u0142ty<\/td>\n<\/tr>\n<tr style=\"height: 16.50pt;\">\n<td class=\"et3\" style=\"height: 16.50pt;\" height=\"22\">Min. ilo\u015b\u0107<\/td>\n<td class=\"et3\">50 pude\u0142ek (dost\u0119pna opcja twardej pr\u00f3bki)<\/td>\n<\/tr>\n<tr style=\"height: 16.50pt;\">\n<td class=\"et3\" style=\"height: 16.50pt;\" height=\"22\">Proces domy\u015blny<\/td>\n<td class=\"et3\">Sztancowanie, klejenie, nacinanie, perforacja<\/td>\n<\/tr>\n<tr style=\"height: 16.50pt;\">\n<td class=\"et3\" style=\"height: 16.50pt;\" height=\"22\">Drukowanie<\/td>\n<td class=\"et3\">Cmyk, pms, bez drukowania<\/td>\n<\/tr>\n<tr style=\"height: 16.50pt;\">\n<td class=\"et3\" style=\"height: 16.50pt;\" height=\"22\">Opcja materia\u0142u<\/td>\n<td class=\"et3\">Bia\u0142y papier kartonowy, papier powlekany, papier artystyczny, papier siarczanowy, ko\u015b\u0107 s\u0142oniowa, tektura dwustronna, papier specjalny itp.<\/td>\n<\/tr>\n<tr style=\"height: 17.25pt;\">\n<td class=\"et3\" style=\"height: 17.25pt;\" height=\"23\">Wyko\u0144czenie powierzchni<\/td>\n<td class=\"et4\" style=\"width: 379.50pt;\" width=\"506\">Laminowanie matowe\/b\u0142yszcz\u0105ce, punktowe UVDebossing, t\u0142oczenie, t\u0142oczenie foli\u0105 itp.<\/td>\n<\/tr>\n<tr style=\"height: 17.25pt;\">\n<td class=\"et4\" style=\"height: 17.25pt; width: 379.50pt;\" width=\"506\" height=\"23\">Wykorzystanie w przemy\u015ble<\/td>\n<td class=\"et4\" style=\"width: 379.50pt;\" width=\"506\">kosmetyki, perfumy, odzie\u017c, bi\u017cuteria, tyto\u0144, \u017cywno\u015b\u0107, towary codziennego u\u017cytku,<\/td>\n<\/tr>\n<tr style=\"height: 34.50pt;\">\n<td class=\"et4\" style=\"height: 34.50pt; width: 379.50pt;\" width=\"506\" height=\"46\">Kontrola jako\u015bci<\/td>\n<td class=\"et4\" style=\"width: 379.50pt;\" width=\"506\">Zaawansowany sprz\u0119t i do\u015bwiadczony zesp\u00f3\u0142 kontroli jako\u015bci dok\u0142adnie sprawdz\u0105 materia\u0142y, p\u00f3\u0142produkty i gotowe produkty na ka\u017cdym etapie przed ich u\u017cyciem.<\/td>\n<\/tr>\n<tr style=\"height: 34.50pt;\">\n<td class=\"et4\" style=\"height: 34.50pt; width: 379.50pt;\" width=\"506\" height=\"46\">Cena<\/td>\n<td class=\"et4\" style=\"width: 379.50pt;\" width=\"506\">Ostateczna cena b\u0119dzie dostosowana do produktu i wymaganej ilo\u015bci<\/td>\n<\/tr>\n<tr style=\"height: 16.50pt;\">\n<td class=\"et3\" style=\"height: 16.50pt;\" height=\"22\">Czas zwrotu<\/td>\n<td class=\"et3\">10-12 dni roboczych, po\u015bpiech<\/td>\n<\/tr>\n<tr style=\"height: 16.50pt;\">\n<td class=\"et3\" style=\"height: 16.50pt;\" height=\"22\">Papier<\/td>\n<td class=\"et3\">10pt do 28pt (60lb do 400lb) ekologiczny Kraft, tektura falista e-flute, tektura bux, karton<\/td>\n<\/tr>\n<tr style=\"height: 16.50pt;\">\n<td class=\"et3\" style=\"height: 16.50pt;\" height=\"22\">Dow\u00f3d<\/td>\n<td class=\"et3\">Widok p\u0142aski, makieta 3D, pr\u00f3bkowanie fizyczne (na \u017c\u0105danie)<\/td>\n<\/tr>\n<\/tbody>\n<\/table>\n<div class=\"widget block block-static-block\">\n<div class=\"landing-page-section option-bottom\">\n<div class=\"custom-materials-tabs-content container container-adjustment\">\n<div class=\"custom-materials-tab-content active\">\n<div class=\"widget block block-static-block\">\n<div class=\"options-items\">\n<div class=\"flex-grid-row-option\">\n<div class=\"flex-grid-item-option\">\n<div class=\"material-box\">\n<div class=\"material-des\">\n<p>&nbsp;<\/p>\n<\/div>\n<p>&nbsp;<\/p>\n<\/div>\n<\/div>\n<\/div>\n<\/div>\n<p><!---end of option item--><\/p>\n<\/div>\n<\/div>\n<\/div>\n<\/div>\n<\/div>","protected":false},"excerpt":{"rendered":"<p>Pude\u0142ka na prezenty walentynkowe mo\u017cna spersonalizowa\u0107 za pomoc\u0105 wielu kana\u0142\u00f3w: B\u0142yszcz\u0105cy papier, wyt\u0142aczane logo, t\u0142oczenie foli\u0105, aksamitna wk\u0142adka itp.<\/p>\n<p>Rodzaj materia\u0142u: Ekologiczne, posiadaj\u0105 certyfikaty FSC\/ISO\/BSCI<br \/>\nCzas produkcji: Pr\u00f3bka 1-3 dni; Luzem 7-9 dni<br \/>\nCzas wysy\u0142ki: Express 3-7 dni; Air 12-16 dni; Boat 25-30 dni\uff08R\u00f3\u017cne kraje maj\u0105 r\u00f3\u017cne czasy)<\/p>\n<p>Cena:Skontaktuj si\u0119 z nami, aby wys\u0142a\u0107 zapytanie!<\/p>","protected":false},"featured_media":4174,"template":"","meta":[],"product_brand":[],"product_cat":[30,423,424,31],"product_tag":[809,810,811],"class_list":{"0":"post-4170","1":"product","2":"type-product","3":"status-publish","4":"has-post-thumbnail","6":"product_cat-by-industry","7":"product_cat-custom-presentation-boxes-by-industry","8":"product_cat-magnetic-closure-boxes","9":"product_cat-paper-box-style","10":"product_tag-custom-valentines-day-gift-box","11":"product_tag-magnetic-box-maker","12":"product_tag-packaging-box-maker","14":"first","15":"instock","16":"shipping-taxable","17":"product-type-grouped"},"_links":{"self":[{"href":"https:\/\/zojopackaging.com\/pl\/wp-json\/wp\/v2\/product\/4170","targetHints":{"allow":["GET"]}}],"collection":[{"href":"https:\/\/zojopackaging.com\/pl\/wp-json\/wp\/v2\/product"}],"about":[{"href":"https:\/\/zojopackaging.com\/pl\/wp-json\/wp\/v2\/types\/product"}],"version-history":[{"count":1,"href":"https:\/\/zojopackaging.com\/pl\/wp-json\/wp\/v2\/product\/4170\/revisions"}],"predecessor-version":[{"id":8465,"href":"https:\/\/zojopackaging.com\/pl\/wp-json\/wp\/v2\/product\/4170\/revisions\/8465"}],"wp:featuredmedia":[{"embeddable":true,"href":"https:\/\/zojopackaging.com\/pl\/wp-json\/wp\/v2\/media\/4174"}],"wp:attachment":[{"href":"https:\/\/zojopackaging.com\/pl\/wp-json\/wp\/v2\/media?parent=4170"}],"wp:term":[{"taxonomy":"product_brand","embeddable":true,"href":"https:\/\/zojopackaging.com\/pl\/wp-json\/wp\/v2\/product_brand?post=4170"},{"taxonomy":"product_cat","embeddable":true,"href":"https:\/\/zojopackaging.com\/pl\/wp-json\/wp\/v2\/product_cat?post=4170"},{"taxonomy":"product_tag","embeddable":true,"href":"https:\/\/zojopackaging.com\/pl\/wp-json\/wp\/v2\/product_tag?post=4170"}],"curies":[{"name":"wp","href":"https:\/\/api.w.org\/{rel}","templated":true}]}}