{"id":4217,"date":"2024-03-21T11:28:54","date_gmt":"2024-03-21T03:28:54","guid":{"rendered":"https:\/\/zojopackaging.com\/?post_type=product&#038;p=4217"},"modified":"2025-03-28T14:40:05","modified_gmt":"2025-03-28T06:40:05","slug":"double-layer-flip-top-packaging-box","status":"publish","type":"product","link":"https:\/\/zojopackaging.com\/pl\/product\/double-layer-flip-top-packaging-box\/","title":{"rendered":"Producenci niestandardowych dwuwarstwowych sztywnych opakowa\u0144 magnetycznych"},"content":{"rendered":"<h1>Producenci niestandardowych dwuwarstwowych sztywnych opakowa\u0144 magnetycznych<\/h1>\n<p>Dwuwarstwowe pude\u0142ko typu flip-top to wszechstronne i innowacyjne rozwi\u0105zanie opakowaniowe zaprojektowane w celu zapewnienia bezpiecznego przechowywania i \u0142atwego dost\u0119pu do r\u00f3\u017cnych produkt\u00f3w. Ta wyspecjalizowana konstrukcja sk\u0142ada si\u0119 z dw\u00f3ch warstw, kt\u00f3re mo\u017cna niezale\u017cnie otwiera\u0107, oferuj\u0105c wygodny spos\u00f3b organizowania i eksponowania przedmiot\u00f3w.<\/p>\n<p>Wykonane z wysokiej jako\u015bci materia\u0142\u00f3w, takich jak wytrzyma\u0142y karton lub tektura, dwuwarstwowe pude\u0142ko typu flip-top zapewnia trwa\u0142o\u015b\u0107 i ochron\u0119 znajduj\u0105cych si\u0119 w nim produkt\u00f3w. Dwuwarstwowa konstrukcja pozwala na efektywne wykorzystanie przestrzeni i lepsz\u0105 organizacj\u0119, dzi\u0119ki czemu idealnie nadaje si\u0119 do szerokiej gamy przedmiot\u00f3w, takich jak kosmetyki, elektronika, bi\u017cuteria lub ma\u0142e akcesoria.<\/p>\n<p>Odchylana pokrywa zapewnia \u0142atwy dost\u0119p do obu warstw pude\u0142ka, umo\u017cliwiaj\u0105c szybkie wyjmowanie przedmiot\u00f3w bez konieczno\u015bci ca\u0142kowitego zdejmowania g\u00f3rnej warstwy. Ta funkcja zwi\u0119ksza komfort u\u017cytkowania i sprawia, \u017ce opakowanie jest przyjazne dla u\u017cytkownika i praktyczne zar\u00f3wno do przechowywania, jak i ekspozycji.<\/p>\n<h1>Specyfikacje<\/h1>\n<table style=\"border-collapse: collapse; width: 759.02pt;\" border=\"0\" width=\"1012\" cellspacing=\"0\" cellpadding=\"0\">\n<tbody>\n<tr style=\"height: 16.50pt;\">\n<td class=\"et3\" style=\"height: 16.50pt; width: 379.50pt;\" width=\"506\" height=\"22\">Wymiary<\/td>\n<td class=\"et3\" style=\"width: 379.50pt;\" width=\"506\">Wszystkie niestandardowe rozmiary i kszta\u0142ty<\/td>\n<\/tr>\n<tr style=\"height: 16.50pt;\">\n<td class=\"et3\" style=\"height: 16.50pt;\" height=\"22\">Min. ilo\u015b\u0107<\/td>\n<td class=\"et3\">500 szt.<\/td>\n<\/tr>\n<tr style=\"height: 16.50pt;\">\n<td class=\"et3\" style=\"height: 16.50pt;\" height=\"22\">Proces domy\u015blny<\/td>\n<td class=\"et3\">Sztancowanie, klejenie, nacinanie, perforacja<\/td>\n<\/tr>\n<tr style=\"height: 16.50pt;\">\n<td class=\"et3\" style=\"height: 16.50pt;\" height=\"22\">Drukowanie<\/td>\n<td class=\"et3\">Cmyk, pms, bez drukowania<\/td>\n<\/tr>\n<tr style=\"height: 16.50pt;\">\n<td class=\"et3\" style=\"height: 16.50pt;\" height=\"22\">Opcja materia\u0142u<\/td>\n<td class=\"et3\">Bia\u0142y papier kartonowy, papier powlekany, papier artystyczny, papier siarczanowy, ko\u015b\u0107 s\u0142oniowa, tektura dwustronna, papier specjalny itp.<\/td>\n<\/tr>\n<tr style=\"height: 17.25pt;\">\n<td class=\"et3\" style=\"height: 17.25pt;\" height=\"23\">Wyko\u0144czenie powierzchni<\/td>\n<td class=\"et4\" style=\"width: 379.50pt;\" width=\"506\">Laminowanie matowe\/b\u0142yszcz\u0105ce, punktowe UVDebossing, t\u0142oczenie, t\u0142oczenie foli\u0105 itp.<\/td>\n<\/tr>\n<tr style=\"height: 17.25pt;\">\n<td class=\"et4\" style=\"height: 17.25pt; width: 379.50pt;\" width=\"506\" height=\"23\">Wykorzystanie w przemy\u015ble<\/td>\n<td class=\"et4\" style=\"width: 379.50pt;\" width=\"506\">kosmetyki, perfumy, odzie\u017c, bi\u017cuteria, tyto\u0144, \u017cywno\u015b\u0107, towary codziennego u\u017cytku,<\/td>\n<\/tr>\n<tr style=\"height: 34.50pt;\">\n<td class=\"et4\" style=\"height: 34.50pt; width: 379.50pt;\" width=\"506\" height=\"46\">Kontrola jako\u015bci<\/td>\n<td class=\"et4\" style=\"width: 379.50pt;\" width=\"506\">Zaawansowany sprz\u0119t i do\u015bwiadczony zesp\u00f3\u0142 kontroli jako\u015bci dok\u0142adnie sprawdz\u0105 materia\u0142y, p\u00f3\u0142produkty i gotowe produkty na ka\u017cdym etapie przed ich u\u017cyciem.<\/td>\n<\/tr>\n<tr style=\"height: 34.50pt;\">\n<td class=\"et4\" style=\"height: 34.50pt; width: 379.50pt;\" width=\"506\" height=\"46\">Cena<\/td>\n<td class=\"et4\" style=\"width: 379.50pt;\" width=\"506\">Ostateczna cena b\u0119dzie dostosowana do produktu i wymaganej ilo\u015bci<\/td>\n<\/tr>\n<tr style=\"height: 16.50pt;\">\n<td class=\"et3\" style=\"height: 16.50pt;\" height=\"22\">Czas zwrotu<\/td>\n<td class=\"et3\">7-14 dni roboczych, po\u015bpiech<\/td>\n<\/tr>\n<tr style=\"height: 16.50pt;\">\n<td class=\"et3\" style=\"height: 16.50pt;\" height=\"22\">Papier<\/td>\n<td class=\"et3\">10pt do 28pt (60lb do 400lb) ekologiczny Kraft, tektura falista e-flute, tektura bux, karton<\/td>\n<\/tr>\n<tr style=\"height: 16.50pt;\">\n<td class=\"et3\" style=\"height: 16.50pt;\" height=\"22\">Dow\u00f3d<\/td>\n<td class=\"et3\">Widok p\u0142aski, makieta 3D, pr\u00f3bkowanie fizyczne (na \u017c\u0105danie)<\/td>\n<\/tr>\n<\/tbody>\n<\/table>\n<div class=\"widget block block-static-block\">\n<div class=\"landing-page-section option-bottom\">\n<div class=\"custom-materials-tabs-content container container-adjustment\">\n<div class=\"custom-materials-tab-content active\">\n<div class=\"widget block block-static-block\">\n<div class=\"options-items\">\n<div class=\"flex-grid-row-option\">\n<div class=\"flex-grid-item-option\">\n<div class=\"material-box\">\n<p>&nbsp;<\/p>\n<\/div>\n<\/div>\n<\/div>\n<\/div>\n<p><!---end of option item--><\/p>\n<\/div>\n<\/div>\n<\/div>\n<\/div>\n<\/div>","protected":false},"excerpt":{"rendered":"<p>Nasze dwuwarstwowe magnetyczne pude\u0142ka upominkowe prezentuj\u0105 produkt w wyj\u0105tkowy spos\u00f3b. Te wytrzyma\u0142e pude\u0142ka z magnetycznym zamkni\u0119ciem s\u0105 spersonalizowane, aby pom\u00f3c Twojej marce zab\u0142ysn\u0105\u0107!<\/p>\n<p>Rodzaj materia\u0142u: Ekologiczne, posiadaj\u0105 certyfikaty FSC\/ISO\/BSCI<br \/>\nCzas produkcji: Pr\u00f3bka 1-3 dni; Luzem 7-9 dni<br \/>\nCzas wysy\u0142ki: Express 3-7 dni; Air 12-16 dni; Boat 25-30 dni\uff08R\u00f3\u017cne kraje maj\u0105 r\u00f3\u017cne czasy)<\/p>\n<p>Cena:Skontaktuj si\u0119 z nami, aby wys\u0142a\u0107 zapytanie!<\/p>","protected":false},"featured_media":4221,"template":"","meta":[],"product_brand":[],"product_cat":[30,423,424,31],"product_tag":[801,769,800],"class_list":{"0":"post-4217","1":"product","2":"type-product","3":"status-publish","4":"has-post-thumbnail","6":"product_cat-by-industry","7":"product_cat-custom-presentation-boxes-by-industry","8":"product_cat-magnetic-closure-boxes","9":"product_cat-paper-box-style","10":"product_tag-magnetic-box-manufacturers","11":"product_tag-packaging-box-manufacturers","12":"product_tag-two-layers-box","14":"first","15":"instock","16":"shipping-taxable","17":"product-type-grouped"},"_links":{"self":[{"href":"https:\/\/zojopackaging.com\/pl\/wp-json\/wp\/v2\/product\/4217","targetHints":{"allow":["GET"]}}],"collection":[{"href":"https:\/\/zojopackaging.com\/pl\/wp-json\/wp\/v2\/product"}],"about":[{"href":"https:\/\/zojopackaging.com\/pl\/wp-json\/wp\/v2\/types\/product"}],"version-history":[{"count":2,"href":"https:\/\/zojopackaging.com\/pl\/wp-json\/wp\/v2\/product\/4217\/revisions"}],"predecessor-version":[{"id":8461,"href":"https:\/\/zojopackaging.com\/pl\/wp-json\/wp\/v2\/product\/4217\/revisions\/8461"}],"wp:featuredmedia":[{"embeddable":true,"href":"https:\/\/zojopackaging.com\/pl\/wp-json\/wp\/v2\/media\/4221"}],"wp:attachment":[{"href":"https:\/\/zojopackaging.com\/pl\/wp-json\/wp\/v2\/media?parent=4217"}],"wp:term":[{"taxonomy":"product_brand","embeddable":true,"href":"https:\/\/zojopackaging.com\/pl\/wp-json\/wp\/v2\/product_brand?post=4217"},{"taxonomy":"product_cat","embeddable":true,"href":"https:\/\/zojopackaging.com\/pl\/wp-json\/wp\/v2\/product_cat?post=4217"},{"taxonomy":"product_tag","embeddable":true,"href":"https:\/\/zojopackaging.com\/pl\/wp-json\/wp\/v2\/product_tag?post=4217"}],"curies":[{"name":"wp","href":"https:\/\/api.w.org\/{rel}","templated":true}]}}