{"id":4225,"date":"2024-03-21T11:37:12","date_gmt":"2024-03-21T03:37:12","guid":{"rendered":"https:\/\/zojopackaging.com\/?post_type=product&#038;p=4225"},"modified":"2025-03-26T20:54:19","modified_gmt":"2025-03-26T12:54:19","slug":"water-cup-flip-top-packaging-box","status":"publish","type":"product","link":"https:\/\/zojopackaging.com\/pl\/product\/water-cup-flip-top-packaging-box\/","title":{"rendered":"Luksusowe niestandardowe torebki na herbat\u0119 Pude\u0142ka do pakowania Hurtownia"},"content":{"rendered":"<h1>Luksusowe niestandardowe torebki na herbat\u0119 Pude\u0142ka do pakowania Hurtownia<\/h1>\n<p>Pude\u0142ko z klapk\u0105 na kubek na wod\u0119 to specjalistyczne i praktyczne rozwi\u0105zanie opakowaniowe przeznaczone do bezpiecznego przechowywania i wygodnego dost\u0119pu do kubk\u00f3w na wod\u0119 lub innych podobnych produkt\u00f3w. Ta innowacyjna konstrukcja jest wyposa\u017cona w pokryw\u0119 typu flip-top, kt\u00f3ra umo\u017cliwia \u0142atwe otwieranie i zamykanie, zapewniaj\u0105c przyjazne dla u\u017cytkownika do\u015bwiadczenie zar\u00f3wno podczas przechowywania, jak i transportu.<\/p>\n<p>Wykonane z wysokiej jako\u015bci materia\u0142\u00f3w, takich jak wytrzyma\u0142y karton lub tektura, opakowanie typu flip-top na kubki na wod\u0119 zapewnia trwa\u0142o\u015b\u0107 i ochron\u0119 znajduj\u0105cych si\u0119 w nim kubk\u00f3w. Konstrukcja jest dostosowana do kszta\u0142tu i rozmiaru kubk\u00f3w na wod\u0119, zapewniaj\u0105c bezpieczne dopasowanie, aby zapobiec przesuwaniu si\u0119 lub uszkodzeniu podczas przenoszenia i przechowywania.<\/p>\n<p>Konstrukcja z klapk\u0105 umo\u017cliwia szybki i \u0142atwy dost\u0119p do kubk\u00f3w na wod\u0119, dzi\u0119ki czemu u\u017cytkownicy mog\u0105 wygodnie pobiera\u0107 i uzupe\u0142nia\u0107 kubki w razie potrzeby. Ta cecha zwi\u0119ksza funkcjonalno\u015b\u0107 opakowania i podnosi poziom wygody zar\u00f3wno dla firm, jak i klient\u00f3w.<\/p>\n<h1>Specyfikacje<\/h1>\n<table style=\"border-collapse: collapse; width: 759.02pt;\" border=\"0\" width=\"1012\" cellspacing=\"0\" cellpadding=\"0\">\n<tbody>\n<tr style=\"height: 16.50pt;\">\n<td class=\"et3\" style=\"height: 16.50pt; width: 379.50pt;\" width=\"506\" height=\"22\">Wymiary<\/td>\n<td class=\"et3\" style=\"width: 379.50pt;\" width=\"506\">Wszystkie niestandardowe rozmiary i kszta\u0142ty<\/td>\n<\/tr>\n<tr style=\"height: 16.50pt;\">\n<td class=\"et3\" style=\"height: 16.50pt;\" height=\"22\">Min. ilo\u015b\u0107<\/td>\n<td class=\"et3\">500 szt.<\/td>\n<\/tr>\n<tr style=\"height: 16.50pt;\">\n<td class=\"et3\" style=\"height: 16.50pt;\" height=\"22\">Proces domy\u015blny<\/td>\n<td class=\"et3\">Sztancowanie, klejenie, nacinanie, perforacja<\/td>\n<\/tr>\n<tr style=\"height: 16.50pt;\">\n<td class=\"et3\" style=\"height: 16.50pt;\" height=\"22\">Drukowanie<\/td>\n<td class=\"et3\">Cmyk, pms, bez drukowania<\/td>\n<\/tr>\n<tr style=\"height: 16.50pt;\">\n<td class=\"et3\" style=\"height: 16.50pt;\" height=\"22\">Opcja materia\u0142u<\/td>\n<td class=\"et3\">Bia\u0142y papier kartonowy, papier powlekany, papier artystyczny, papier siarczanowy, ko\u015b\u0107 s\u0142oniowa, tektura dwustronna, papier specjalny itp.<\/td>\n<\/tr>\n<tr style=\"height: 17.25pt;\">\n<td class=\"et3\" style=\"height: 17.25pt;\" height=\"23\">Wyko\u0144czenie powierzchni<\/td>\n<td class=\"et4\" style=\"width: 379.50pt;\" width=\"506\">Laminowanie matowe\/b\u0142yszcz\u0105ce, punktowe UVDebossing, t\u0142oczenie, t\u0142oczenie foli\u0105 itp.<\/td>\n<\/tr>\n<tr style=\"height: 17.25pt;\">\n<td class=\"et4\" style=\"height: 17.25pt; width: 379.50pt;\" width=\"506\" height=\"23\">Wykorzystanie w przemy\u015ble<\/td>\n<td class=\"et4\" style=\"width: 379.50pt;\" width=\"506\">kosmetyki, perfumy, odzie\u017c, bi\u017cuteria, tyto\u0144, \u017cywno\u015b\u0107, towary codziennego u\u017cytku,<\/td>\n<\/tr>\n<tr style=\"height: 34.50pt;\">\n<td class=\"et4\" style=\"height: 34.50pt; width: 379.50pt;\" width=\"506\" height=\"46\">Kontrola jako\u015bci<\/td>\n<td class=\"et4\" style=\"width: 379.50pt;\" width=\"506\">Zaawansowany sprz\u0119t i do\u015bwiadczony zesp\u00f3\u0142 kontroli jako\u015bci dok\u0142adnie sprawdz\u0105 materia\u0142y, p\u00f3\u0142produkty i gotowe produkty na ka\u017cdym etapie przed ich u\u017cyciem.<\/td>\n<\/tr>\n<tr style=\"height: 34.50pt;\">\n<td class=\"et4\" style=\"height: 34.50pt; width: 379.50pt;\" width=\"506\" height=\"46\">Cena<\/td>\n<td class=\"et4\" style=\"width: 379.50pt;\" width=\"506\">Ostateczna cena b\u0119dzie dostosowana do produktu i wymaganej ilo\u015bci<\/td>\n<\/tr>\n<tr style=\"height: 16.50pt;\">\n<td class=\"et3\" style=\"height: 16.50pt;\" height=\"22\">Czas zwrotu<\/td>\n<td class=\"et3\">7-14 dni roboczych, po\u015bpiech<\/td>\n<\/tr>\n<tr style=\"height: 16.50pt;\">\n<td class=\"et3\" style=\"height: 16.50pt;\" height=\"22\">Papier<\/td>\n<td class=\"et3\">10pt do 28pt (60lb do 400lb) ekologiczny Kraft, tektura falista e-flute, tektura bux, karton<\/td>\n<\/tr>\n<tr style=\"height: 16.50pt;\">\n<td class=\"et3\" style=\"height: 16.50pt;\" height=\"22\">Dow\u00f3d<\/td>\n<td class=\"et3\">Widok p\u0142aski, makieta 3D, pr\u00f3bkowanie fizyczne (na \u017c\u0105danie)<\/td>\n<\/tr>\n<\/tbody>\n<\/table>\n<div class=\"widget block block-static-block\">\n<div class=\"landing-page-section option-bottom\">\n<div class=\"custom-materials-tabs-content container container-adjustment\">\n<div class=\"custom-materials-tab-content active\">\n<div class=\"widget block block-static-block\">\n<div class=\"options-items\">\n<div class=\"flex-grid-row-option\">\n<div class=\"flex-grid-item-option\">\n<div class=\"material-box\">\n<p>&nbsp;<\/p>\n<\/div>\n<\/div>\n<\/div>\n<\/div>\n<p><!---end of option item--><\/p>\n<\/div>\n<\/div>\n<\/div>\n<\/div>\n<\/div>","protected":false},"excerpt":{"rendered":"<p>Magnetyczne zamkni\u0119cie, konstrukcja zapobiegaj\u0105ca zu\u017cyciu. Proces t\u0142oczenia na gor\u0105co w kolorze Macaron, leczniczy luksus. Nieograniczone dostosowywanie typu \/ rozmiaru \/ nadruku pude\u0142ka, konfigurowalna podszewka, aby zapobiec uszkodzeniom podczas transportu. Chi\u0144ska fabryka \u017ar\u00f3d\u0142owa, bezp\u0142atne pr\u00f3bki \/ projekty, kontrola jako\u015bci.<\/p>","protected":false},"featured_media":4230,"template":"","meta":[],"product_brand":[],"product_cat":[30,422,424,31],"product_tag":[650,648,649],"class_list":{"0":"post-4225","1":"product","2":"type-product","3":"status-publish","4":"has-post-thumbnail","6":"product_cat-by-industry","7":"product_cat-custom-gourmet-boxes-by-industry","8":"product_cat-magnetic-closure-boxes","9":"product_cat-paper-box-style","10":"product_tag-gourmet-boxes-wholesale","11":"product_tag-gourmet-tea-packaging","12":"product_tag-tea-packaging-boxes","14":"first","15":"instock","16":"shipping-taxable","17":"product-type-grouped"},"_links":{"self":[{"href":"https:\/\/zojopackaging.com\/pl\/wp-json\/wp\/v2\/product\/4225","targetHints":{"allow":["GET"]}}],"collection":[{"href":"https:\/\/zojopackaging.com\/pl\/wp-json\/wp\/v2\/product"}],"about":[{"href":"https:\/\/zojopackaging.com\/pl\/wp-json\/wp\/v2\/types\/product"}],"version-history":[{"count":2,"href":"https:\/\/zojopackaging.com\/pl\/wp-json\/wp\/v2\/product\/4225\/revisions"}],"predecessor-version":[{"id":8316,"href":"https:\/\/zojopackaging.com\/pl\/wp-json\/wp\/v2\/product\/4225\/revisions\/8316"}],"wp:featuredmedia":[{"embeddable":true,"href":"https:\/\/zojopackaging.com\/pl\/wp-json\/wp\/v2\/media\/4230"}],"wp:attachment":[{"href":"https:\/\/zojopackaging.com\/pl\/wp-json\/wp\/v2\/media?parent=4225"}],"wp:term":[{"taxonomy":"product_brand","embeddable":true,"href":"https:\/\/zojopackaging.com\/pl\/wp-json\/wp\/v2\/product_brand?post=4225"},{"taxonomy":"product_cat","embeddable":true,"href":"https:\/\/zojopackaging.com\/pl\/wp-json\/wp\/v2\/product_cat?post=4225"},{"taxonomy":"product_tag","embeddable":true,"href":"https:\/\/zojopackaging.com\/pl\/wp-json\/wp\/v2\/product_tag?post=4225"}],"curies":[{"name":"wp","href":"https:\/\/api.w.org\/{rel}","templated":true}]}}