{"id":4234,"date":"2024-03-21T14:00:48","date_gmt":"2024-03-21T06:00:48","guid":{"rendered":"https:\/\/zojopackaging.com\/?post_type=product&#038;p=4234"},"modified":"2025-03-28T14:03:03","modified_gmt":"2025-03-28T06:03:03","slug":"projector-packaging-box","status":"publish","type":"product","link":"https:\/\/zojopackaging.com\/pl\/product\/projector-packaging-box\/","title":{"rendered":"Niestandardowe opakowania na zszywki do d\u0142ugopis\u00f3w i o\u0142\u00f3wk\u00f3w Hurtownia"},"content":{"rendered":"<h1>Niestandardowe opakowania na zszywki do d\u0142ugopis\u00f3w i o\u0142\u00f3wk\u00f3w Hurtownia<\/h1>\n<p>Pude\u0142ko do pakowania niestandardowych zszywek do d\u0142ugopis\u00f3w i o\u0142\u00f3wk\u00f3w w hurtowych opakowaniach upominkowych jest solidne i ochronne, aby zapewni\u0107, \u017ce zszywki do d\u0142ugopis\u00f3w i o\u0142\u00f3wk\u00f3w nie zostan\u0105 uszkodzone podczas wysy\u0142ki lub przenoszenia. Pude\u0142ko powinno by\u0107 wykonane z wysokiej jako\u015bci tektury lub materia\u0142u falistego, aby zapewni\u0107 odpowiedni\u0105 amortyzacj\u0119 i wsparcie. Pude\u0142ko powinno by\u0107 r\u00f3wnie\u017c wyposa\u017cone w specjalne przegr\u00f3dki lub wk\u0142adki, kt\u00f3re utrzymaj\u0105 projektor w bezpiecznym miejscu i zapobiegn\u0105 jego przemieszczaniu si\u0119 podczas transportu. Dodatkowo, pude\u0142ko powinno by\u0107 oznaczone jasnymi instrukcjami i wytycznymi dotycz\u0105cymi obs\u0142ugi, aby zapewni\u0107 bezpieczne i prawid\u0142owe rozpakowanie projektora.<\/p>\n<h1>Specyfikacje<\/h1>\n<table style=\"border-collapse: collapse; width: 759.02pt;\" border=\"0\" width=\"1012\" cellspacing=\"0\" cellpadding=\"0\">\n<tbody>\n<tr style=\"height: 16.50pt;\">\n<td class=\"et3\" style=\"height: 16.50pt; width: 379.50pt;\" width=\"506\" height=\"22\">Wymiary<\/td>\n<td class=\"et3\" style=\"width: 379.50pt;\" width=\"506\">Wszystkie niestandardowe rozmiary i kszta\u0142ty<\/td>\n<\/tr>\n<tr style=\"height: 16.50pt;\">\n<td class=\"et3\" style=\"height: 16.50pt;\" height=\"22\">Min. ilo\u015b\u0107<\/td>\n<td class=\"et3\">500 szt.<\/td>\n<\/tr>\n<tr style=\"height: 16.50pt;\">\n<td class=\"et3\" style=\"height: 16.50pt;\" height=\"22\">Proces domy\u015blny<\/td>\n<td class=\"et3\">Sztancowanie, klejenie, nacinanie, perforacja<\/td>\n<\/tr>\n<tr style=\"height: 16.50pt;\">\n<td class=\"et3\" style=\"height: 16.50pt;\" height=\"22\">Drukowanie<\/td>\n<td class=\"et3\">Cmyk, pms, bez drukowania<\/td>\n<\/tr>\n<tr style=\"height: 16.50pt;\">\n<td class=\"et3\" style=\"height: 16.50pt;\" height=\"22\">Opcja materia\u0142u<\/td>\n<td class=\"et3\">Bia\u0142y papier kartonowy, papier powlekany, papier artystyczny, papier siarczanowy, ko\u015b\u0107 s\u0142oniowa, tektura dwustronna, papier specjalny itp.<\/td>\n<\/tr>\n<tr style=\"height: 17.25pt;\">\n<td class=\"et3\" style=\"height: 17.25pt;\" height=\"23\">Wyko\u0144czenie powierzchni<\/td>\n<td class=\"et4\" style=\"width: 379.50pt;\" width=\"506\">Laminowanie matowe\/b\u0142yszcz\u0105ce, punktowe UVDebossing, t\u0142oczenie, t\u0142oczenie foli\u0105 itp.<\/td>\n<\/tr>\n<tr style=\"height: 17.25pt;\">\n<td class=\"et4\" style=\"height: 17.25pt; width: 379.50pt;\" width=\"506\" height=\"23\">Wykorzystanie w przemy\u015ble<\/td>\n<td class=\"et4\" style=\"width: 379.50pt;\" width=\"506\">kosmetyki, perfumy, odzie\u017c, bi\u017cuteria, tyto\u0144, \u017cywno\u015b\u0107, towary codziennego u\u017cytku,<\/td>\n<\/tr>\n<tr style=\"height: 34.50pt;\">\n<td class=\"et4\" style=\"height: 34.50pt; width: 379.50pt;\" width=\"506\" height=\"46\">Kontrola jako\u015bci<\/td>\n<td class=\"et4\" style=\"width: 379.50pt;\" width=\"506\">Zaawansowany sprz\u0119t i do\u015bwiadczony zesp\u00f3\u0142 kontroli jako\u015bci dok\u0142adnie sprawdz\u0105 materia\u0142y, p\u00f3\u0142produkty i gotowe produkty na ka\u017cdym etapie przed ich u\u017cyciem.<\/td>\n<\/tr>\n<tr style=\"height: 34.50pt;\">\n<td class=\"et4\" style=\"height: 34.50pt; width: 379.50pt;\" width=\"506\" height=\"46\">Cena<\/td>\n<td class=\"et4\" style=\"width: 379.50pt;\" width=\"506\">Ostateczna cena b\u0119dzie dostosowana do produktu i wymaganej ilo\u015bci<\/td>\n<\/tr>\n<tr style=\"height: 16.50pt;\">\n<td class=\"et3\" style=\"height: 16.50pt;\" height=\"22\">Czas zwrotu<\/td>\n<td class=\"et3\">7-14 dni roboczych, po\u015bpiech<\/td>\n<\/tr>\n<tr style=\"height: 16.50pt;\">\n<td class=\"et3\" style=\"height: 16.50pt;\" height=\"22\">Papier<\/td>\n<td class=\"et3\">10pt do 28pt (60lb do 400lb) ekologiczny Kraft, tektura falista e-flute, tektura bux, karton<\/td>\n<\/tr>\n<tr style=\"height: 16.50pt;\">\n<td class=\"et3\" style=\"height: 16.50pt;\" height=\"22\">Dow\u00f3d<\/td>\n<td class=\"et3\">Widok p\u0142aski, makieta 3D, pr\u00f3bkowanie fizyczne (na \u017c\u0105danie)<\/td>\n<\/tr>\n<\/tbody>\n<\/table>\n<div class=\"widget block block-static-block\">\n<div class=\"landing-page-section option-bottom\">\n<div class=\"custom-materials-tabs-content container container-adjustment\">\n<div class=\"custom-materials-tab-content active\">\n<div class=\"widget block block-static-block\">\n<div class=\"options-items\">\n<div class=\"flex-grid-row-option\">\n<div class=\"flex-grid-item-option\">\n<div class=\"material-box\">\n<p>&nbsp;<\/p>\n<\/div>\n<\/div>\n<\/div>\n<\/div>\n<p><!---end of option item--><\/p>\n<\/div>\n<\/div>\n<\/div>\n<\/div>\n<\/div>","protected":false},"excerpt":{"rendered":"<p>1. Podw\u00f3jne otwierane pude\u0142ko na artyku\u0142y papiernicze, unikalna metoda otwierania, poprawia wra\u017cenia u\u017cytkownika podczas rozpakowywania<br \/>\n2. R\u00f3\u017cne rozmiary mo\u017cna dostosowa\u0107 do swoich produkt\u00f3w, odpowiednie do wszystkich rodzaj\u00f3w opakowa\u0144 papierniczych<br \/>\n3. Powlekany papier artystyczny C2S o gramaturze 157 g + sztywny karton o gramaturze 1200 g, materia\u0142 przyjazny dla \u015brodowiska i zapewniaj\u0105cy zr\u00f3wnowa\u017cony rozw\u00f3j<\/p>","protected":false},"featured_media":4239,"template":"","meta":[],"product_brand":[],"product_cat":[30,423,428,31],"product_tag":[487,787,788],"class_list":{"0":"post-4234","1":"product","2":"type-product","3":"status-publish","4":"has-post-thumbnail","6":"product_cat-by-industry","7":"product_cat-custom-presentation-boxes-by-industry","8":"product_cat-irregular-shaped-gift-boxes","9":"product_cat-paper-box-style","10":"product_tag-custom-pen-packaging","11":"product_tag-pencil-gift-boxes","12":"product_tag-staple-packaging-wholesale","14":"first","15":"instock","16":"shipping-taxable","17":"product-type-grouped"},"_links":{"self":[{"href":"https:\/\/zojopackaging.com\/pl\/wp-json\/wp\/v2\/product\/4234","targetHints":{"allow":["GET"]}}],"collection":[{"href":"https:\/\/zojopackaging.com\/pl\/wp-json\/wp\/v2\/product"}],"about":[{"href":"https:\/\/zojopackaging.com\/pl\/wp-json\/wp\/v2\/types\/product"}],"version-history":[{"count":2,"href":"https:\/\/zojopackaging.com\/pl\/wp-json\/wp\/v2\/product\/4234\/revisions"}],"predecessor-version":[{"id":8456,"href":"https:\/\/zojopackaging.com\/pl\/wp-json\/wp\/v2\/product\/4234\/revisions\/8456"}],"wp:featuredmedia":[{"embeddable":true,"href":"https:\/\/zojopackaging.com\/pl\/wp-json\/wp\/v2\/media\/4239"}],"wp:attachment":[{"href":"https:\/\/zojopackaging.com\/pl\/wp-json\/wp\/v2\/media?parent=4234"}],"wp:term":[{"taxonomy":"product_brand","embeddable":true,"href":"https:\/\/zojopackaging.com\/pl\/wp-json\/wp\/v2\/product_brand?post=4234"},{"taxonomy":"product_cat","embeddable":true,"href":"https:\/\/zojopackaging.com\/pl\/wp-json\/wp\/v2\/product_cat?post=4234"},{"taxonomy":"product_tag","embeddable":true,"href":"https:\/\/zojopackaging.com\/pl\/wp-json\/wp\/v2\/product_tag?post=4234"}],"curies":[{"name":"wp","href":"https:\/\/api.w.org\/{rel}","templated":true}]}}