{"id":4270,"date":"2024-03-21T15:38:04","date_gmt":"2024-03-21T07:38:04","guid":{"rendered":"https:\/\/zojopackaging.com\/?post_type=product&#038;p=4270"},"modified":"2025-04-03T17:06:28","modified_gmt":"2025-04-03T09:06:28","slug":"custom-luxury-lid-and-base-box","status":"publish","type":"product","link":"https:\/\/zojopackaging.com\/pl\/product\/custom-luxury-lid-and-base-box\/","title":{"rendered":"Niestandardowa luksusowa pokrywa i podstawa pude\u0142ka"},"content":{"rendered":"<h1>Niestandardowa luksusowa pokrywa i podstawa pude\u0142ka<\/h1>\n<p>Skrzynka z pokryw\u0105 i podstaw\u0105 to model teleskopowy, w kt\u00f3rym pokrywa pasuje do podstawy, gdzie podstawa jest w\u0119\u017csz\u0105 cz\u0119\u015bci\u0105. Pokrywa mo\u017ce by\u0107 tak du\u017ca, jak jest to potrzebne do\u00a0<strong>\u0142atwo si\u0119 zdejmuje lub szczelnie otacza podstaw\u0119<\/strong>. W przypadku ciasnego dopasowania pokrywy, znanego r\u00f3wnie\u017c jako dopasowanie pr\u00f3\u017cniowe, do otwarcia pude\u0142ka potrzebne s\u0105 dwie r\u0119ce. Je\u015bli pokrywa jest lu\u017ana, mo\u017cna otworzy\u0107 pude\u0142ko jedn\u0105 r\u0119k\u0105, dno pozostanie na miejscu, a pokrywa podniesie si\u0119.<\/p>\n<p>Pokrywa i podstawa idealnie do siebie pasuj\u0105, zapewniaj\u0105c bezpieczne zamkni\u0119cie i chroni\u0105c zawarto\u015b\u0107. Wn\u0119trze mo\u017ce by\u0107 wy\u0142o\u017cone mi\u0119kkimi materia\u0142ami, aby doda\u0107 dodatkow\u0105 warstw\u0119 luksusu i chroni\u0107 produkty przed zadrapaniami i uszkodzeniami.<\/p>\n<p>Niezale\u017cnie od tego, czy pakujesz wysokiej klasy kosmetyki, bi\u017cuteri\u0119 czy inne luksusowe przedmioty, nasze niestandardowe luksusowe pude\u0142ko z pokrywk\u0105 i podstaw\u0105 jest idealnym wyborem. To nie jest zwyk\u0142e pude\u0142ko; to wyraz elegancji i jako\u015bci, kt\u00f3ry zwi\u0119kszy warto\u015b\u0107 Twoich produkt\u00f3w.<\/p>\n<h1><strong>Specyfikacja<\/strong><\/h1>\n<div class=\"widget block block-static-block\">\n<div class=\"landing-page-section option-bottom\">\n<div class=\"custom-materials-tabs-content container container-adjustment\">\n<div class=\"custom-materials-tab-content active\">\n<div class=\"widget block block-static-block\">\n<div class=\"options-items\">\n<div class=\"flex-grid-row-option\">\n<div class=\"flex-grid-item-option\">\n<div class=\"material-box\">\n<div class=\"material-des\">\n<table width=\"1070\">\n<tbody>\n<tr>\n<td width=\"373\">Wymiary<\/td>\n<td width=\"373\">Wszystkie niestandardowe rozmiary i kszta\u0142ty<\/td>\n<\/tr>\n<tr>\n<td width=\"373\">MOQ<\/td>\n<td width=\"373\">500szt.<\/td>\n<\/tr>\n<tr>\n<td width=\"373\">Czas pr\u00f3by<\/td>\n<td width=\"373\">\u00a03-5 dni<\/td>\n<\/tr>\n<tr>\n<td width=\"373\">Proces domy\u015blny<\/td>\n<td width=\"373\">Sztancowanie, klejenie, nacinanie, perforacja<\/td>\n<\/tr>\n<tr>\n<td width=\"373\">Drukowanie<\/td>\n<td width=\"373\">Cmyk, pms, bez drukowania<\/td>\n<\/tr>\n<tr>\n<td width=\"373\">Opcja materia\u0142u<\/td>\n<td width=\"373\">Bia\u0142y papier kartonowy, papier powlekany, papier artystyczny, papier siarczanowy, ko\u015b\u0107 s\u0142oniowa, tektura dwustronna, papier specjalny itp.<\/td>\n<\/tr>\n<tr>\n<td width=\"373\">Wyko\u0144czenie powierzchni<\/td>\n<td width=\"373\">Laminowanie matowe\/b\u0142yszcz\u0105ce, punktowe UVDebossing, t\u0142oczenie, t\u0142oczenie foli\u0105 itp.<\/td>\n<\/tr>\n<tr>\n<td width=\"373\">Wykorzystanie w przemy\u015ble<\/td>\n<td width=\"373\">kosmetyki, perfumy, odzie\u017c, bi\u017cuteria, tyto\u0144, \u017cywno\u015b\u0107, towary codziennego u\u017cytku,<\/td>\n<\/tr>\n<tr>\n<td width=\"373\">Kontrola jako\u015bci<\/td>\n<td width=\"373\">Zaawansowany sprz\u0119t i do\u015bwiadczony zesp\u00f3\u0142 kontroli jako\u015bci dok\u0142adnie sprawdz\u0105 materia\u0142y, p\u00f3\u0142produkty i gotowe produkty na ka\u017cdym etapie przed ich u\u017cyciem.<\/td>\n<\/tr>\n<tr>\n<td width=\"373\">Cena<\/td>\n<td width=\"373\">Ostateczna cena b\u0119dzie dostosowana do produktu i wymaganej ilo\u015bci<\/td>\n<\/tr>\n<tr>\n<td width=\"373\">Czas zwrotu<\/td>\n<td width=\"373\">7-14 dni roboczych, po\u015bpiech<\/td>\n<\/tr>\n<tr>\n<td width=\"373\">Papier<\/td>\n<td width=\"373\">10pt do 28pt (60lb do 400lb) ekologiczny Kraft, tektura falista e-flute, tektura bux, karton<\/td>\n<\/tr>\n<tr>\n<td width=\"373\">Format grafiki<\/td>\n<td width=\"373\">JPG, PDF, AI, CDR, EPS, GIF....<\/td>\n<\/tr>\n<tr>\n<td width=\"373\">Akcesoria<\/td>\n<td width=\"373\">Magnes, ta\u015bma, forma EVA, plastikowa taca, g\u0105bka, okienko PVC\/PET\/PP,...<\/td>\n<\/tr>\n<tr>\n<td width=\"373\">Termin p\u0142atno\u015bci<\/td>\n<td width=\"373\">T \/ T, Western Union, Paypal, depozyt 30% i saldo 70% przed wysy\u0142k\u0105.<\/td>\n<\/tr>\n<\/tbody>\n<\/table>\n<\/div>\n<\/div>\n<\/div>\n<\/div>\n<\/div>\n<\/div>\n<\/div>\n<\/div>\n<\/div>\n<\/div>\n<div class=\"widget block block-static-block\">\n<div class=\"landing-page-section option-bottom\">\n<div class=\"custom-materials-tabs-content container container-adjustment\">\n<div class=\"custom-materials-tab-content active\">\n<div class=\"widget block block-static-block\">\n<div class=\"options-items\">\n<div class=\"flex-grid-row-option\">\n<div class=\"flex-grid-item-option\">\n<div class=\"material-box\">\n<p>&nbsp;<\/p>\n<\/div>\n<\/div>\n<\/div>\n<\/div>\n<p><!---end of option item--><\/p>\n<\/div>\n<\/div>\n<\/div>\n<\/div>\n<\/div>","protected":false},"excerpt":{"rendered":"<p>1. Podw\u00f3jne otwierane pude\u0142ko na artyku\u0142y papiernicze, unikalna metoda otwierania, poprawia wra\u017cenia u\u017cytkownika podczas rozpakowywania<br \/>\n2. R\u00f3\u017cne rozmiary mo\u017cna dostosowa\u0107 do swoich produkt\u00f3w, odpowiednie do wszystkich rodzaj\u00f3w opakowa\u0144 papierniczych<br \/>\n3. Powlekany papier artystyczny C2S o gramaturze 157 g + sztywny karton o gramaturze 1200 g, materia\u0142 przyjazny dla \u015brodowiska i zapewniaj\u0105cy zr\u00f3wnowa\u017cony rozw\u00f3j<\/p>","protected":false},"featured_media":4275,"template":"","meta":[],"product_brand":[],"product_cat":[30,413,425,31],"product_tag":[242,284,243,230],"class_list":{"0":"post-4270","1":"product","2":"type-product","3":"status-publish","4":"has-post-thumbnail","6":"product_cat-by-industry","7":"product_cat-consumer-electronics-boxes","8":"product_cat-lid-and-base-gift-box","9":"product_cat-paper-box-style","10":"product_tag-custom-gift-box","11":"product_tag-lid-and-base-box","12":"product_tag-paper-box-manufacturer","13":"product_tag-wholesale-packaging-box","15":"first","16":"instock","17":"shipping-taxable","18":"product-type-grouped"},"_links":{"self":[{"href":"https:\/\/zojopackaging.com\/pl\/wp-json\/wp\/v2\/product\/4270","targetHints":{"allow":["GET"]}}],"collection":[{"href":"https:\/\/zojopackaging.com\/pl\/wp-json\/wp\/v2\/product"}],"about":[{"href":"https:\/\/zojopackaging.com\/pl\/wp-json\/wp\/v2\/types\/product"}],"version-history":[{"count":2,"href":"https:\/\/zojopackaging.com\/pl\/wp-json\/wp\/v2\/product\/4270\/revisions"}],"predecessor-version":[{"id":8454,"href":"https:\/\/zojopackaging.com\/pl\/wp-json\/wp\/v2\/product\/4270\/revisions\/8454"}],"wp:featuredmedia":[{"embeddable":true,"href":"https:\/\/zojopackaging.com\/pl\/wp-json\/wp\/v2\/media\/4275"}],"wp:attachment":[{"href":"https:\/\/zojopackaging.com\/pl\/wp-json\/wp\/v2\/media?parent=4270"}],"wp:term":[{"taxonomy":"product_brand","embeddable":true,"href":"https:\/\/zojopackaging.com\/pl\/wp-json\/wp\/v2\/product_brand?post=4270"},{"taxonomy":"product_cat","embeddable":true,"href":"https:\/\/zojopackaging.com\/pl\/wp-json\/wp\/v2\/product_cat?post=4270"},{"taxonomy":"product_tag","embeddable":true,"href":"https:\/\/zojopackaging.com\/pl\/wp-json\/wp\/v2\/product_tag?post=4270"}],"curies":[{"name":"wp","href":"https:\/\/api.w.org\/{rel}","templated":true}]}}