{"id":4285,"date":"2024-03-21T15:54:56","date_gmt":"2024-03-21T07:54:56","guid":{"rendered":"https:\/\/zojopackaging.com\/?post_type=product&#038;p=4285"},"modified":"2025-03-28T14:13:09","modified_gmt":"2025-03-28T06:13:09","slug":"portable-electronic-cigarette-box","status":"publish","type":"product","link":"https:\/\/zojopackaging.com\/pl\/product\/portable-electronic-cigarette-box\/","title":{"rendered":"Niestandardowa pokrywa i podstawa Vape Pen hurtowo w Chinach"},"content":{"rendered":"<h1>Niestandardowa pokrywa i podstawa Vape Pen hurtowo w Chinach<\/h1>\n<p>Electronic Cigarette Box to przeno\u015bne i wygodne urz\u0105dzenie przeznaczone dla entuzjast\u00f3w waporyzacji.<\/p>\n<ul>\n<li>Bateria: Elektroniczny papieros jest zasilany akumulatorem, kt\u00f3ry zapewnia energi\u0119 potrzebn\u0105 do podgrzania e-liquidu i wytworzenia pary.<\/li>\n<li>Zbiornik: Zbiornik, znany r\u00f3wnie\u017c jako atomizer lub clearomizer, to miejsce przechowywania e-cieczy. Zawiera on cewk\u0119, kt\u00f3ra nagrzewa si\u0119 po aktywacji, zamieniaj\u0105c e-ciecz w par\u0119.<\/li>\n<li>Panel sterowania: Wiele elektronicznych papieros\u00f3w posiada panel sterowania z przyciskami do regulacji ustawie\u0144, takich jak moc, temperatura i przep\u0142yw powietrza, aby dostosowa\u0107 doznania z waporyzacji.<\/li>\n<li>Ekran wy\u015bwietlacza: Niekt\u00f3re modele s\u0105 wyposa\u017cone w wy\u015bwietlacz OLED lub LED, kt\u00f3ry pokazuje wa\u017cne informacje, takie jak \u017cywotno\u015b\u0107 baterii, moc, op\u00f3r i liczba zaci\u0105gni\u0119\u0107.<\/li>\n<li>Funkcje bezpiecze\u0144stwa: Elektroniczne pude\u0142ka na papierosy cz\u0119sto maj\u0105 wbudowane funkcje bezpiecze\u0144stwa, takie jak ochrona przed zwarciem, ochrona przed przegrzaniem i ostrze\u017cenie o niskim poziomie na\u0142adowania baterii, aby zapewni\u0107 bezpieczne u\u017cytkowanie.<\/li>\n<li>Opcje personalizacji: U\u017cytkownicy cz\u0119sto mog\u0105 dostosowa\u0107 swoje doznania z waporyzacji, dostosowuj\u0105c ustawienia takie jak moc, temperatura i przep\u0142yw powietrza do swoich preferencji.<\/li>\n<li>Design: Pude\u0142ka na papierosy elektroniczne s\u0105 dost\u0119pne w r\u00f3\u017cnych wzorach, rozmiarach i kolorach, aby zaspokoi\u0107 r\u00f3\u017cne gusta i style.<\/li>\n<\/ul>\n<h1><strong>Specyfikacja<\/strong><\/h1>\n<div class=\"widget block block-static-block\">\n<div class=\"landing-page-section option-bottom\">\n<div class=\"custom-materials-tabs-content container container-adjustment\">\n<div class=\"custom-materials-tab-content active\">\n<div class=\"widget block block-static-block\">\n<div class=\"options-items\">\n<div class=\"flex-grid-row-option\">\n<div class=\"flex-grid-item-option\">\n<div class=\"material-box\">\n<div class=\"material-des\">\n<table width=\"1070\">\n<tbody>\n<tr>\n<td width=\"373\">Wymiary<\/td>\n<td width=\"373\">Wszystkie niestandardowe rozmiary i kszta\u0142ty<\/td>\n<\/tr>\n<tr>\n<td width=\"373\">MOQ<\/td>\n<td width=\"373\">500szt.<\/td>\n<\/tr>\n<tr>\n<td width=\"373\">Czas pr\u00f3by<\/td>\n<td width=\"373\">\u00a03-5 dni<\/td>\n<\/tr>\n<tr>\n<td width=\"373\">Proces domy\u015blny<\/td>\n<td width=\"373\">Sztancowanie, klejenie, nacinanie, perforacja<\/td>\n<\/tr>\n<tr>\n<td width=\"373\">Drukowanie<\/td>\n<td width=\"373\">Cmyk, pms, bez drukowania<\/td>\n<\/tr>\n<tr>\n<td width=\"373\">Opcja materia\u0142u<\/td>\n<td width=\"373\">Bia\u0142y papier kartonowy, papier powlekany, papier artystyczny, papier siarczanowy, ko\u015b\u0107 s\u0142oniowa, tektura dwustronna, papier specjalny itp.<\/td>\n<\/tr>\n<tr>\n<td width=\"373\">Wyko\u0144czenie powierzchni<\/td>\n<td width=\"373\">Laminowanie matowe\/b\u0142yszcz\u0105ce, punktowe UVDebossing, t\u0142oczenie, t\u0142oczenie foli\u0105 itp.<\/td>\n<\/tr>\n<tr>\n<td width=\"373\">Wykorzystanie w przemy\u015ble<\/td>\n<td width=\"373\">kosmetyki, perfumy, odzie\u017c, bi\u017cuteria, tyto\u0144, \u017cywno\u015b\u0107, towary codziennego u\u017cytku,<\/td>\n<\/tr>\n<tr>\n<td width=\"373\">Kontrola jako\u015bci<\/td>\n<td width=\"373\">Zaawansowany sprz\u0119t i do\u015bwiadczony zesp\u00f3\u0142 kontroli jako\u015bci dok\u0142adnie sprawdz\u0105 materia\u0142y, p\u00f3\u0142produkty i gotowe produkty na ka\u017cdym etapie przed ich u\u017cyciem.<\/td>\n<\/tr>\n<tr>\n<td width=\"373\">Cena<\/td>\n<td width=\"373\">Ostateczna cena b\u0119dzie dostosowana do produktu i wymaganej ilo\u015bci<\/td>\n<\/tr>\n<tr>\n<td width=\"373\">Czas zwrotu<\/td>\n<td width=\"373\">7-14 dni roboczych, po\u015bpiech<\/td>\n<\/tr>\n<tr>\n<td width=\"373\">Papier<\/td>\n<td width=\"373\">10pt do 28pt (60lb do 400lb) ekologiczny Kraft, tektura falista e-flute, tektura bux, karton<\/td>\n<\/tr>\n<tr>\n<td width=\"373\">Format grafiki<\/td>\n<td width=\"373\">JPG, PDF, AI, CDR, EPS, GIF....<\/td>\n<\/tr>\n<tr>\n<td width=\"373\">Akcesoria<\/td>\n<td width=\"373\">Magnes, ta\u015bma, forma EVA, plastikowa taca, g\u0105bka, okienko PVC\/PET\/PP,...<\/td>\n<\/tr>\n<tr>\n<td width=\"373\">Termin p\u0142atno\u015bci<\/td>\n<td width=\"373\">T \/ T, Western Union, Paypal, depozyt 30% i saldo 70% przed wysy\u0142k\u0105.<\/td>\n<\/tr>\n<\/tbody>\n<\/table>\n<\/div>\n<\/div>\n<\/div>\n<\/div>\n<\/div>\n<\/div>\n<\/div>\n<\/div>\n<\/div>\n<\/div>\n<h1><strong style=\"font-size: 16px;\">POSZUKIWANIE SPECJALISTYCZNEJ WIEDZY W ZAKRESIE PROJEKTOWANIA NIESTANDARDOWYCH PUDE\u0141EK<\/strong><\/h1>\n<div class=\"widget block block-static-block\">\n<div class=\"landing-page-section option-bottom\">\n<div class=\"custom-materials-tabs-content container container-adjustment\">\n<div class=\"custom-materials-tab-content active\">\n<div class=\"widget block block-static-block\">\n<div class=\"options-items\">\n<div class=\"flex-grid-row-option\">\n<div class=\"flex-grid-item-option\">\n<div class=\"material-box\">\n<div class=\"material-des\">\n<p>Custom Packaging posiada zesp\u00f3\u0142 projektant\u00f3w-ekspert\u00f3w, kt\u00f3rzy pomog\u0105 Ci stworzy\u0107 najlepsze\u00a0<strong>Niestandardowe skrzynki ko\u0144cowe z uszczelnieniem<\/strong>\u00a0zgodnie z Twoimi wymaganiami. Nasi projektanci pomog\u0105 Ci wybra\u0107 najlepszy materia\u0142, kszta\u0142t, rozmiar i kolor do zaprojektowania spersonalizowanego pude\u0142ka wed\u0142ug w\u0142asnego wyboru. Co wi\u0119cej, mo\u017cesz r\u00f3wnie\u017c uzyska\u0107 wskaz\u00f3wki od naszych specjalist\u00f3w bez dodatkowych op\u0142at. Proces produkcyjny z dostosowanych pude\u0142ek ko\u0144cowych nie zostanie rozpocz\u0119ty, chyba \u017ce zostanie zatwierdzony przez klient\u00f3w. Nasi projektanci dostarcz\u0105 bezp\u0142atne pr\u00f3bki pude\u0142ek z ostatecznymi projektami przed rozpocz\u0119ciem procesu produkcyjnego, aby klienci wiedzieli, co otrzymuj\u0105.<\/p>\n<h2><strong>WSPIERAMY KLIENT\u00d3W NA KA\u017bDYM KROKU<\/strong><\/h2>\n<p>Nasz zesp\u00f3\u0142 w The Custom Packaging jest tutaj, aby u\u0142atwi\u0107 naszym klientom na ka\u017cdym kroku. Dbamy o to, aby oferowa\u0107 naszym klientom najlepsze us\u0142ugi dostosowywania w cenach hurtowych. Skontaktuj si\u0119 z nami za po\u015brednictwem poczty elektronicznej lub zadzwo\u0144 do nas, aby otrzyma\u0107 od nas swoje zam\u00f3wienia. Obiecujemy spe\u0142ni\u0107 wszystkie wymagania dotycz\u0105ce opakowa\u0144 naszych cennych klient\u00f3w.<\/p>\n<\/div>\n<p>&nbsp;<\/p>\n<\/div>\n<\/div>\n<\/div>\n<\/div>\n<p><!---end of option item--><\/p>\n<\/div>\n<\/div>\n<\/div>\n<\/div>\n<\/div>","protected":false},"excerpt":{"rendered":"<p>Klasyczne sztywne opakowanie na d\u0142ugopis vape. Niestandardowy z prywatnym projektem klienta na pude\u0142ku.<\/p>\n<p>Rodzaj materia\u0142u: Ekologiczne, posiadaj\u0105 certyfikaty FSC\/ISO\/BSCI<br \/>\nCzas produkcji: Pr\u00f3bka 1-3 dni; Luzem 7-9 dni<br \/>\nCzas wysy\u0142ki: Express 3-7 dni; Air 12-16 dni; Boat 25-30 dni\uff08R\u00f3\u017cne kraje maj\u0105 r\u00f3\u017cne czasy)<\/p>\n<p>Cena:Skontaktuj si\u0119 z nami, aby wys\u0142a\u0107 zapytanie!<\/p>\n<p>&nbsp;<\/p>","protected":false},"featured_media":4288,"template":"","meta":[],"product_brand":[],"product_cat":[30,420,425,31],"product_tag":[791,789,790],"class_list":{"0":"post-4285","1":"product","2":"type-product","3":"status-publish","4":"has-post-thumbnail","6":"product_cat-by-industry","7":"product_cat-custom-cannabis-boxes","8":"product_cat-lid-and-base-gift-box","9":"product_cat-paper-box-style","10":"product_tag-box-wholesale-in-china","11":"product_tag-custom-vape-pen-box","12":"product_tag-vape-pen-box-wholesale","14":"first","15":"instock","16":"shipping-taxable","17":"product-type-grouped"},"_links":{"self":[{"href":"https:\/\/zojopackaging.com\/pl\/wp-json\/wp\/v2\/product\/4285","targetHints":{"allow":["GET"]}}],"collection":[{"href":"https:\/\/zojopackaging.com\/pl\/wp-json\/wp\/v2\/product"}],"about":[{"href":"https:\/\/zojopackaging.com\/pl\/wp-json\/wp\/v2\/types\/product"}],"version-history":[{"count":2,"href":"https:\/\/zojopackaging.com\/pl\/wp-json\/wp\/v2\/product\/4285\/revisions"}],"predecessor-version":[{"id":8457,"href":"https:\/\/zojopackaging.com\/pl\/wp-json\/wp\/v2\/product\/4285\/revisions\/8457"}],"wp:featuredmedia":[{"embeddable":true,"href":"https:\/\/zojopackaging.com\/pl\/wp-json\/wp\/v2\/media\/4288"}],"wp:attachment":[{"href":"https:\/\/zojopackaging.com\/pl\/wp-json\/wp\/v2\/media?parent=4285"}],"wp:term":[{"taxonomy":"product_brand","embeddable":true,"href":"https:\/\/zojopackaging.com\/pl\/wp-json\/wp\/v2\/product_brand?post=4285"},{"taxonomy":"product_cat","embeddable":true,"href":"https:\/\/zojopackaging.com\/pl\/wp-json\/wp\/v2\/product_cat?post=4285"},{"taxonomy":"product_tag","embeddable":true,"href":"https:\/\/zojopackaging.com\/pl\/wp-json\/wp\/v2\/product_tag?post=4285"}],"curies":[{"name":"wp","href":"https:\/\/api.w.org\/{rel}","templated":true}]}}