{"id":4292,"date":"2024-03-21T16:02:55","date_gmt":"2024-03-21T08:02:55","guid":{"rendered":"https:\/\/zojopackaging.com\/?post_type=product&#038;p=4292"},"modified":"2025-03-28T13:59:55","modified_gmt":"2025-03-28T05:59:55","slug":"headphone-packaging-box","status":"publish","type":"product","link":"https:\/\/zojopackaging.com\/pl\/product\/headphone-packaging-box\/","title":{"rendered":"Niestandardowe sztywne pude\u0142ko na s\u0142uchawki dla producenta pude\u0142ek korporacyjnych"},"content":{"rendered":"<h1>Niestandardowe sztywne pude\u0142ko na s\u0142uchawki dla producenta pude\u0142ek korporacyjnych<\/h1>\n<p>Pude\u0142ko do pakowania s\u0142uchawek jest przeznaczone do bezpiecznego przechowywania i prezentowania s\u0142uchawek do sprzeda\u017cy detalicznej lub jako cz\u0119\u015b\u0107 opakowania produktu.<\/p>\n<ul>\n<li>Materia\u0142: Pude\u0142ko jest zwykle wykonane z wytrzyma\u0142ego kartonu lub tektury, aby zapewni\u0107 ochron\u0119 s\u0142uchawek podczas transportu i przenoszenia.<\/li>\n<li>Wygl\u0105d: Projekt pude\u0142ka mo\u017ce si\u0119 r\u00f3\u017cni\u0107, ale cz\u0119sto zawiera przedni panel z przezroczystym plastikowym okienkiem, aby zaprezentowa\u0107 s\u0142uchawki w \u015brodku. Projekt mo\u017ce r\u00f3wnie\u017c zawiera\u0107 branding, informacje o produkcie i atrakcyjn\u0105 grafik\u0119, aby przyci\u0105gn\u0105\u0107 klient\u00f3w.<\/li>\n<li>Wk\u0142adki: Wiele pude\u0142ek do pakowania s\u0142uchawek zawiera niestandardowe wk\u0142adki lub piankowe wy\u015bci\u00f3\u0142ki, kt\u00f3re utrzymuj\u0105 s\u0142uchawki bezpiecznie na miejscu i zapobiegaj\u0105 uszkodzeniom podczas transportu.<\/li>\n<li>Zamkni\u0119cie: Pude\u0142ko mo\u017ce mie\u0107 klapk\u0119 lub zamkni\u0119cie magnetyczne, aby bezpiecznie przechowywa\u0107 s\u0142uchawki w \u015brodku.<\/li>\n<li>Rozmiar: Rozmiar pude\u0142ka jest dostosowany do konkretnych s\u0142uchawek, dla kt\u00f3rych jest przeznaczony, zapewniaj\u0105c dok\u0142adne dopasowanie i profesjonaln\u0105 prezentacj\u0119.<\/li>\n<li>Dodatkowe informacje: Opakowanie mo\u017ce zawiera\u0107 szczeg\u00f3\u0142y dotycz\u0105ce s\u0142uchawek, takie jak specyfikacje, funkcje i informacje o gwarancji.<\/li>\n<li>Branding: Pude\u0142ko cz\u0119sto zawiera logo i nazw\u0119 marki w widocznym miejscu, aby pom\u00f3c klientom zidentyfikowa\u0107 produkt i zbudowa\u0107 rozpoznawalno\u015b\u0107 marki.<\/li>\n<\/ul>\n<h1><strong>Specyfikacja<\/strong><\/h1>\n<div class=\"widget block block-static-block\">\n<div class=\"landing-page-section option-bottom\">\n<div class=\"custom-materials-tabs-content container container-adjustment\">\n<div class=\"custom-materials-tab-content active\">\n<div class=\"widget block block-static-block\">\n<div class=\"options-items\">\n<div class=\"flex-grid-row-option\">\n<div class=\"flex-grid-item-option\">\n<div class=\"material-box\">\n<div class=\"material-des\">\n<table width=\"1070\">\n<tbody>\n<tr>\n<td width=\"373\">Wymiary<\/td>\n<td width=\"373\">Wszystkie niestandardowe rozmiary i kszta\u0142ty<\/td>\n<\/tr>\n<tr>\n<td width=\"373\">MOQ<\/td>\n<td width=\"373\">500szt.<\/td>\n<\/tr>\n<tr>\n<td width=\"373\">Czas pr\u00f3by<\/td>\n<td width=\"373\">\u00a03-5 dni<\/td>\n<\/tr>\n<tr>\n<td width=\"373\">Proces domy\u015blny<\/td>\n<td width=\"373\">Sztancowanie, klejenie, nacinanie, perforacja<\/td>\n<\/tr>\n<tr>\n<td width=\"373\">Drukowanie<\/td>\n<td width=\"373\">Cmyk, pms, bez drukowania<\/td>\n<\/tr>\n<tr>\n<td width=\"373\">Opcja materia\u0142u<\/td>\n<td width=\"373\">Bia\u0142y papier kartonowy, papier powlekany, papier artystyczny, papier siarczanowy, ko\u015b\u0107 s\u0142oniowa, tektura dwustronna, papier specjalny itp.<\/td>\n<\/tr>\n<tr>\n<td width=\"373\">Wyko\u0144czenie powierzchni<\/td>\n<td width=\"373\">Laminowanie matowe\/b\u0142yszcz\u0105ce, punktowe UVDebossing, t\u0142oczenie, t\u0142oczenie foli\u0105 itp.<\/td>\n<\/tr>\n<tr>\n<td width=\"373\">Wykorzystanie w przemy\u015ble<\/td>\n<td width=\"373\">kosmetyki, perfumy, odzie\u017c, bi\u017cuteria, tyto\u0144, \u017cywno\u015b\u0107, towary codziennego u\u017cytku,<\/td>\n<\/tr>\n<tr>\n<td width=\"373\">Kontrola jako\u015bci<\/td>\n<td width=\"373\">Zaawansowany sprz\u0119t i do\u015bwiadczony zesp\u00f3\u0142 kontroli jako\u015bci dok\u0142adnie sprawdz\u0105 materia\u0142y, p\u00f3\u0142produkty i gotowe produkty na ka\u017cdym etapie przed ich u\u017cyciem.<\/td>\n<\/tr>\n<tr>\n<td width=\"373\">Cena<\/td>\n<td width=\"373\">Ostateczna cena b\u0119dzie dostosowana do produktu i wymaganej ilo\u015bci<\/td>\n<\/tr>\n<tr>\n<td width=\"373\">Czas zwrotu<\/td>\n<td width=\"373\">7-14 dni roboczych, po\u015bpiech<\/td>\n<\/tr>\n<tr>\n<td width=\"373\">Papier<\/td>\n<td width=\"373\">10pt do 28pt (60lb do 400lb) ekologiczny Kraft, tektura falista e-flute, tektura bux, karton<\/td>\n<\/tr>\n<tr>\n<td width=\"373\">Format grafiki<\/td>\n<td width=\"373\">JPG, PDF, AI, CDR, EPS, GIF....<\/td>\n<\/tr>\n<tr>\n<td width=\"373\">Akcesoria<\/td>\n<td width=\"373\">Magnes, ta\u015bma, forma EVA, plastikowa taca, g\u0105bka, okienko PVC\/PET\/PP,...<\/td>\n<\/tr>\n<tr>\n<td width=\"373\">Termin p\u0142atno\u015bci<\/td>\n<td width=\"373\">T \/ T, Western Union, Paypal, depozyt 30% i saldo 70% przed wysy\u0142k\u0105.<\/td>\n<\/tr>\n<\/tbody>\n<\/table>\n<\/div>\n<\/div>\n<\/div>\n<\/div>\n<\/div>\n<\/div>\n<\/div>\n<\/div>\n<\/div>\n<\/div>\n<div class=\"widget block block-static-block\">\n<div class=\"landing-page-section option-bottom\">\n<div class=\"custom-materials-tabs-content container container-adjustment\">\n<div class=\"custom-materials-tab-content active\">\n<div class=\"widget block block-static-block\">\n<div class=\"options-items\">\n<div class=\"flex-grid-row-option\">\n<div class=\"flex-grid-item-option\">\n<div class=\"material-box\">\n<p>&nbsp;<\/p>\n<\/div>\n<\/div>\n<\/div>\n<\/div>\n<p><!---end of option item--><\/p>\n<\/div>\n<\/div>\n<\/div>\n<\/div>\n<\/div>","protected":false},"excerpt":{"rendered":"<p>Niestandardowe s\u0142uchawki to \u015bwietny spos\u00f3b na dodanie logo firmy lub kolor\u00f3w do prezentu. Stanowi\u0105 one \u015bwietny dodatek do niestandardowych upomink\u00f3w dla klient\u00f3w, przetrwania na targach.<\/p>\n<p>Rodzaj materia\u0142u: Ekologiczne, posiadaj\u0105 certyfikaty FSC\/ISO\/BSCI<br \/>\nCzas produkcji: Pr\u00f3bka 1-3 dni; Luzem 7-9 dni<br \/>\nCzas wysy\u0142ki: Express 3-7 dni; Air 12-16 dni; Boat 25-30 dni\uff08R\u00f3\u017cne kraje maj\u0105 r\u00f3\u017cne czasy)<\/p>\n<p>Cena:Skontaktuj si\u0119 z nami, aby wys\u0142a\u0107 zapytanie!<\/p>","protected":false},"featured_media":4297,"template":"","meta":[],"product_brand":[],"product_cat":[30,413,425,31],"product_tag":[785,784,786],"class_list":{"0":"post-4292","1":"product","2":"type-product","3":"status-publish","4":"has-post-thumbnail","6":"product_cat-by-industry","7":"product_cat-consumer-electronics-boxes","8":"product_cat-lid-and-base-gift-box","9":"product_cat-paper-box-style","10":"product_tag-corporate-boxes-manufacturer","11":"product_tag-custom-headphones-rigid-box","12":"product_tag-headphones-rigid-box","14":"first","15":"instock","16":"shipping-taxable","17":"product-type-grouped"},"_links":{"self":[{"href":"https:\/\/zojopackaging.com\/pl\/wp-json\/wp\/v2\/product\/4292","targetHints":{"allow":["GET"]}}],"collection":[{"href":"https:\/\/zojopackaging.com\/pl\/wp-json\/wp\/v2\/product"}],"about":[{"href":"https:\/\/zojopackaging.com\/pl\/wp-json\/wp\/v2\/types\/product"}],"version-history":[{"count":2,"href":"https:\/\/zojopackaging.com\/pl\/wp-json\/wp\/v2\/product\/4292\/revisions"}],"predecessor-version":[{"id":8455,"href":"https:\/\/zojopackaging.com\/pl\/wp-json\/wp\/v2\/product\/4292\/revisions\/8455"}],"wp:featuredmedia":[{"embeddable":true,"href":"https:\/\/zojopackaging.com\/pl\/wp-json\/wp\/v2\/media\/4297"}],"wp:attachment":[{"href":"https:\/\/zojopackaging.com\/pl\/wp-json\/wp\/v2\/media?parent=4292"}],"wp:term":[{"taxonomy":"product_brand","embeddable":true,"href":"https:\/\/zojopackaging.com\/pl\/wp-json\/wp\/v2\/product_brand?post=4292"},{"taxonomy":"product_cat","embeddable":true,"href":"https:\/\/zojopackaging.com\/pl\/wp-json\/wp\/v2\/product_cat?post=4292"},{"taxonomy":"product_tag","embeddable":true,"href":"https:\/\/zojopackaging.com\/pl\/wp-json\/wp\/v2\/product_tag?post=4292"}],"curies":[{"name":"wp","href":"https:\/\/api.w.org\/{rel}","templated":true}]}}