{"id":4330,"date":"2024-03-21T16:43:04","date_gmt":"2024-03-21T08:43:04","guid":{"rendered":"https:\/\/zojopackaging.com\/?post_type=product&#038;p=4330"},"modified":"2025-03-28T13:40:43","modified_gmt":"2025-03-28T05:40:43","slug":"hair-curler-packaging-box","status":"publish","type":"product","link":"https:\/\/zojopackaging.com\/pl\/product\/hair-curler-packaging-box\/","title":{"rendered":"Niestandardowa golarka elektryczna Trymer do w\u0142os\u00f3w Pude\u0142ka do pakowania maszynek do golenia"},"content":{"rendered":"<h1 class=\"self-content-pre-ca33f6\">Niestandardowa golarka elektryczna Trymer do w\u0142os\u00f3w Pude\u0142ka do pakowania maszynek do golenia<\/h1>\n<p>The<\/p>\n<p>Niestandardowe pude\u0142ka na golarki elektryczne, maszynki do strzy\u017cenia w\u0142os\u00f3w i maszynki do golenia zosta\u0142y zaprojektowane w celu ochrony i wyeksponowania stylowej lok\u00f3wki do w\u0142os\u00f3w. Pude\u0142ko jest zazwyczaj wykonane z wytrzyma\u0142ych materia\u0142\u00f3w, aby zapewni\u0107 bezpiecze\u0144stwo lok\u00f3wki podczas transportu i przechowywania.<\/p>\n<p>Opakowanie mo\u017ce mie\u0107 atrakcyjny wygl\u0105d, by\u0107 mo\u017ce ze zdj\u0119ciami pi\u0119knych lok\u00f3w lub logo marki, przyci\u0105gaj\u0105c uwag\u0119 kupuj\u0105cego. Mo\u017ce r\u00f3wnie\u017c zawiera\u0107 informacje o funkcjach i zaletach lok\u00f3wki do w\u0142os\u00f3w, takich jak r\u00f3\u017cne ustawienia temperatury, rodzaje lok\u00f3w i \u0142atwo\u015b\u0107 u\u017cycia.<\/p>\n<p>Pude\u0142ko mo\u017ce mie\u0107 okienko lub przezroczyst\u0105 sekcj\u0119, dzi\u0119ki czemu klient mo\u017ce rzuci\u0107 okiem na sam\u0105 lok\u00f3wk\u0119. Daje im to wgl\u0105d w to, co mog\u0105 osi\u0105gn\u0105\u0107 dzi\u0119ki produktowi.<\/p>\n<p>Z ty\u0142u lub po bokach opakowania mog\u0105 znajdowa\u0107 si\u0119 instrukcje dotycz\u0105ce korzystania z lok\u00f3wki do w\u0142os\u00f3w, a tak\u017ce \u015brodki ostro\u017cno\u015bci. Pomaga to u\u017cytkownikom zrozumie\u0107, jak uzyska\u0107 najlepsze rezultaty podczas bezpiecznego korzystania z lok\u00f3wki.<\/p>\n<h1><strong>Specyfikacja<\/strong><\/h1>\n<table style=\"border-collapse: collapse; width: 759.02pt;\" border=\"0\" width=\"1012\" cellspacing=\"0\" cellpadding=\"0\">\n<tbody>\n<tr style=\"height: 16.50pt;\">\n<td class=\"et3\" style=\"height: 16.50pt; width: 379.50pt;\" width=\"506\" height=\"22\">Wymiary<\/td>\n<td class=\"et3\" style=\"width: 379.50pt;\" width=\"506\">Wszystkie niestandardowe rozmiary i kszta\u0142ty<\/td>\n<\/tr>\n<tr style=\"height: 16.50pt;\">\n<td class=\"et3\" style=\"height: 16.50pt;\" height=\"22\">Min. ilo\u015b\u0107<\/td>\n<td class=\"et3\">500 szt.<\/td>\n<\/tr>\n<tr style=\"height: 16.50pt;\">\n<td class=\"et3\" style=\"height: 16.50pt;\" height=\"22\">Proces domy\u015blny<\/td>\n<td class=\"et3\">Sztancowanie, klejenie, nacinanie, perforacja<\/td>\n<\/tr>\n<tr style=\"height: 16.50pt;\">\n<td class=\"et3\" style=\"height: 16.50pt;\" height=\"22\">Drukowanie<\/td>\n<td class=\"et3\">Cmyk, pms, bez drukowania<\/td>\n<\/tr>\n<tr style=\"height: 16.50pt;\">\n<td class=\"et3\" style=\"height: 16.50pt;\" height=\"22\">Opcja materia\u0142u<\/td>\n<td class=\"et3\">Bia\u0142y papier kartonowy, papier powlekany, papier artystyczny, papier siarczanowy, ko\u015b\u0107 s\u0142oniowa, tektura dwustronna, papier specjalny itp.<\/td>\n<\/tr>\n<tr style=\"height: 17.25pt;\">\n<td class=\"et3\" style=\"height: 17.25pt;\" height=\"23\">Wyko\u0144czenie powierzchni<\/td>\n<td class=\"et4\" style=\"width: 379.50pt;\" width=\"506\">Laminowanie matowe\/b\u0142yszcz\u0105ce, punktowe UVDebossing, t\u0142oczenie, t\u0142oczenie foli\u0105 itp.<\/td>\n<\/tr>\n<tr style=\"height: 17.25pt;\">\n<td class=\"et4\" style=\"height: 17.25pt; width: 379.50pt;\" width=\"506\" height=\"23\">Wykorzystanie w przemy\u015ble<\/td>\n<td class=\"et4\" style=\"width: 379.50pt;\" width=\"506\">kosmetyki, perfumy, odzie\u017c, bi\u017cuteria, tyto\u0144, \u017cywno\u015b\u0107, towary codziennego u\u017cytku,<\/td>\n<\/tr>\n<tr style=\"height: 34.50pt;\">\n<td class=\"et4\" style=\"height: 34.50pt; width: 379.50pt;\" width=\"506\" height=\"46\">Kontrola jako\u015bci<\/td>\n<td class=\"et4\" style=\"width: 379.50pt;\" width=\"506\">Zaawansowany sprz\u0119t i do\u015bwiadczony zesp\u00f3\u0142 kontroli jako\u015bci dok\u0142adnie sprawdz\u0105 materia\u0142y, p\u00f3\u0142produkty i gotowe produkty na ka\u017cdym etapie przed ich u\u017cyciem.<\/td>\n<\/tr>\n<tr style=\"height: 34.50pt;\">\n<td class=\"et4\" style=\"height: 34.50pt; width: 379.50pt;\" width=\"506\" height=\"46\">Cena<\/td>\n<td class=\"et4\" style=\"width: 379.50pt;\" width=\"506\">Ostateczna cena b\u0119dzie dostosowana do produktu i wymaganej ilo\u015bci<\/td>\n<\/tr>\n<tr style=\"height: 16.50pt;\">\n<td class=\"et3\" style=\"height: 16.50pt;\" height=\"22\">Czas zwrotu<\/td>\n<td class=\"et3\">7-14 dni roboczych, po\u015bpiech<\/td>\n<\/tr>\n<tr style=\"height: 16.50pt;\">\n<td class=\"et3\" style=\"height: 16.50pt;\" height=\"22\">Papier<\/td>\n<td class=\"et3\">10pt do 28pt (60lb do 400lb) ekologiczny Kraft, tektura falista e-flute, tektura bux, karton<\/td>\n<\/tr>\n<tr style=\"height: 16.50pt;\">\n<td class=\"et3\" style=\"height: 16.50pt;\" height=\"22\">Dow\u00f3d<\/td>\n<td class=\"et3\">Widok p\u0142aski, makieta 3D, pr\u00f3bkowanie fizyczne (na \u017c\u0105danie)<\/td>\n<\/tr>\n<\/tbody>\n<\/table>\n<div class=\"widget block block-static-block\">\n<div class=\"landing-page-section option-bottom\">\n<div class=\"custom-materials-tabs-content container container-adjustment\">\n<div class=\"custom-materials-tab-content active\">\n<div class=\"widget block block-static-block\">\n<div class=\"options-items\">\n<div class=\"flex-grid-row-option\">\n<div class=\"flex-grid-item-option\">\n<div class=\"material-box\">\n<p>&nbsp;<\/p>\n<\/div>\n<\/div>\n<\/div>\n<\/div>\n<p><!---end of option item--><\/p>\n<\/div>\n<\/div>\n<\/div>\n<\/div>\n<\/div>","protected":false},"excerpt":{"rendered":"<p>1. Typ pude\u0142ka z pokrywk\u0105 i podstaw\u0105 jest \u0142atwy do zabrania i oszcz\u0119dza nawyki konsument\u00f3w<br \/>\n2. 157 g powlekanego papieru artystycznego C2S + 1200 g sztywnego materia\u0142u kartonowego Przyjazny dla \u015brodowiska i zr\u00f3wnowa\u017cony materia\u0142<br \/>\n3. R\u00f3\u017cne rozmiary mo\u017cna dostosowa\u0107 do produktu Odpowiednie do r\u00f3\u017cnych golarek elektrycznych, trymer\u00f3w do w\u0142os\u00f3w, opakowa\u0144 elektroniki u\u017cytkowej<\/p>","protected":false},"featured_media":4335,"template":"","meta":[],"product_brand":[],"product_cat":[30,413,425,31],"product_tag":[780,778,779],"class_list":{"0":"post-4330","1":"product","2":"type-product","3":"status-publish","4":"has-post-thumbnail","6":"product_cat-by-industry","7":"product_cat-consumer-electronics-boxes","8":"product_cat-lid-and-base-gift-box","9":"product_cat-paper-box-style","10":"product_tag-custom-razor-packaging","11":"product_tag-electric-shaver-packaging","12":"product_tag-hair-trimmer-packaging-boxes","14":"first","15":"instock","16":"shipping-taxable","17":"product-type-grouped"},"_links":{"self":[{"href":"https:\/\/zojopackaging.com\/pl\/wp-json\/wp\/v2\/product\/4330","targetHints":{"allow":["GET"]}}],"collection":[{"href":"https:\/\/zojopackaging.com\/pl\/wp-json\/wp\/v2\/product"}],"about":[{"href":"https:\/\/zojopackaging.com\/pl\/wp-json\/wp\/v2\/types\/product"}],"version-history":[{"count":2,"href":"https:\/\/zojopackaging.com\/pl\/wp-json\/wp\/v2\/product\/4330\/revisions"}],"predecessor-version":[{"id":8452,"href":"https:\/\/zojopackaging.com\/pl\/wp-json\/wp\/v2\/product\/4330\/revisions\/8452"}],"wp:featuredmedia":[{"embeddable":true,"href":"https:\/\/zojopackaging.com\/pl\/wp-json\/wp\/v2\/media\/4335"}],"wp:attachment":[{"href":"https:\/\/zojopackaging.com\/pl\/wp-json\/wp\/v2\/media?parent=4330"}],"wp:term":[{"taxonomy":"product_brand","embeddable":true,"href":"https:\/\/zojopackaging.com\/pl\/wp-json\/wp\/v2\/product_brand?post=4330"},{"taxonomy":"product_cat","embeddable":true,"href":"https:\/\/zojopackaging.com\/pl\/wp-json\/wp\/v2\/product_cat?post=4330"},{"taxonomy":"product_tag","embeddable":true,"href":"https:\/\/zojopackaging.com\/pl\/wp-json\/wp\/v2\/product_tag?post=4330"}],"curies":[{"name":"wp","href":"https:\/\/api.w.org\/{rel}","templated":true}]}}