{"id":4337,"date":"2024-03-21T16:49:03","date_gmt":"2024-03-21T08:49:03","guid":{"rendered":"https:\/\/zojopackaging.com\/?post_type=product&#038;p=4337"},"modified":"2025-03-28T13:48:54","modified_gmt":"2025-03-28T05:48:54","slug":"bluetooth-speaker-packaging-box","status":"publish","type":"product","link":"https:\/\/zojopackaging.com\/pl\/product\/bluetooth-speaker-packaging-box\/","title":{"rendered":"Producent niestandardowych opakowa\u0144 na s\u0142uchawki Bluetooth z pokrywk\u0105 i podstaw\u0105"},"content":{"rendered":"<h1 class=\"self-content-pre-ca33f6\">Producent niestandardowych opakowa\u0144 na s\u0142uchawki Bluetooth z pokrywk\u0105 i podstaw\u0105<\/h1>\n<p>Pude\u0142ko do pakowania g\u0142o\u015bnika Bluetooth to kompaktowy pojemnik, w kt\u00f3rym mie\u015bci si\u0119 kompaktowy i pot\u0119\u017cny ma\u0142y g\u0142o\u015bnik Bluetooth. Pude\u0142ko zosta\u0142o zaprojektowane tak, aby nie tylko chroni\u0107 g\u0142o\u015bnik, ale tak\u017ce prezentowa\u0107 jego funkcje i styl.<\/p>\n<p>Pude\u0142ko mo\u017ce zawiera\u0107 mark\u0119 i model g\u0142o\u015bnika, wraz z obrazem lub renderingiem urz\u0105dzenia, daj\u0105c potencjalnym nabywcom podgl\u0105d tego, co znajduje si\u0119 w \u015brodku. Mo\u017ce r\u00f3wnie\u017c podkre\u015bla\u0107 kluczowe specyfikacje, takie jak \u0142\u0105czno\u015b\u0107 Bluetooth, \u017cywotno\u015b\u0107 baterii i wyj\u015bcie audio.<\/p>\n<p>Opakowanie mo\u017ce zawiera\u0107 s\u0142owa takie jak \"przeno\u015bny\", \"bezprzewodowy\" i \"wysokiej jako\u015bci d\u017awi\u0119k\", aby podkre\u015bli\u0107 wygod\u0119 i mo\u017cliwo\u015bci audio g\u0142o\u015bnika. Ponadto mo\u017ce wspomina\u0107 o kompatybilno\u015bci z r\u00f3\u017cnymi urz\u0105dzeniami, umo\u017cliwiaj\u0105c u\u017cytkownikom p\u0142ynne po\u0142\u0105czenie.<\/p>\n<p>Projekt opakowania mo\u017ce r\u00f3wnie\u017c odgrywa\u0107 rol\u0119 w przyci\u0105ganiu konsument\u00f3w. Mo\u017ce mie\u0107 nowoczesny i elegancki wygl\u0105d, a mo\u017ce by\u0107 bardziej \u017cywy i przyci\u0105gaj\u0105cy wzrok, aby wyr\u00f3\u017cnia\u0107 si\u0119 na p\u00f3\u0142kach sklepowych.<\/p>\n<h1><strong>Specyfikacja<\/strong><\/h1>\n<table style=\"border-collapse: collapse; width: 759.02pt;\" border=\"0\" width=\"1012\" cellspacing=\"0\" cellpadding=\"0\">\n<tbody>\n<tr style=\"height: 16.50pt;\">\n<td class=\"et3\" style=\"height: 16.50pt; width: 379.50pt;\" width=\"506\" height=\"22\">Wymiary<\/td>\n<td class=\"et3\" style=\"width: 379.50pt;\" width=\"506\">Wszystkie niestandardowe rozmiary i kszta\u0142ty<\/td>\n<\/tr>\n<tr style=\"height: 16.50pt;\">\n<td class=\"et3\" style=\"height: 16.50pt;\" height=\"22\">Min. ilo\u015b\u0107<\/td>\n<td class=\"et3\">500 szt.<\/td>\n<\/tr>\n<tr style=\"height: 16.50pt;\">\n<td class=\"et3\" style=\"height: 16.50pt;\" height=\"22\">Proces domy\u015blny<\/td>\n<td class=\"et3\">Sztancowanie, klejenie, nacinanie, perforacja<\/td>\n<\/tr>\n<tr style=\"height: 16.50pt;\">\n<td class=\"et3\" style=\"height: 16.50pt;\" height=\"22\">Drukowanie<\/td>\n<td class=\"et3\">Cmyk, pms, bez drukowania<\/td>\n<\/tr>\n<tr style=\"height: 16.50pt;\">\n<td class=\"et3\" style=\"height: 16.50pt;\" height=\"22\">Opcja materia\u0142u<\/td>\n<td class=\"et3\">Bia\u0142y papier kartonowy, papier powlekany, papier artystyczny, papier siarczanowy, ko\u015b\u0107 s\u0142oniowa, tektura dwustronna, papier specjalny itp.<\/td>\n<\/tr>\n<tr style=\"height: 17.25pt;\">\n<td class=\"et3\" style=\"height: 17.25pt;\" height=\"23\">Wyko\u0144czenie powierzchni<\/td>\n<td class=\"et4\" style=\"width: 379.50pt;\" width=\"506\">Laminowanie matowe\/b\u0142yszcz\u0105ce, punktowe UVDebossing, t\u0142oczenie, t\u0142oczenie foli\u0105 itp.<\/td>\n<\/tr>\n<tr style=\"height: 17.25pt;\">\n<td class=\"et4\" style=\"height: 17.25pt; width: 379.50pt;\" width=\"506\" height=\"23\">Wykorzystanie w przemy\u015ble<\/td>\n<td class=\"et4\" style=\"width: 379.50pt;\" width=\"506\">kosmetyki, perfumy, odzie\u017c, bi\u017cuteria, tyto\u0144, \u017cywno\u015b\u0107, towary codziennego u\u017cytku,<\/td>\n<\/tr>\n<tr style=\"height: 34.50pt;\">\n<td class=\"et4\" style=\"height: 34.50pt; width: 379.50pt;\" width=\"506\" height=\"46\">Kontrola jako\u015bci<\/td>\n<td class=\"et4\" style=\"width: 379.50pt;\" width=\"506\">Zaawansowany sprz\u0119t i do\u015bwiadczony zesp\u00f3\u0142 kontroli jako\u015bci dok\u0142adnie sprawdz\u0105 materia\u0142y, p\u00f3\u0142produkty i gotowe produkty na ka\u017cdym etapie przed ich u\u017cyciem.<\/td>\n<\/tr>\n<tr style=\"height: 34.50pt;\">\n<td class=\"et4\" style=\"height: 34.50pt; width: 379.50pt;\" width=\"506\" height=\"46\">Cena<\/td>\n<td class=\"et4\" style=\"width: 379.50pt;\" width=\"506\">Ostateczna cena b\u0119dzie dostosowana do produktu i wymaganej ilo\u015bci<\/td>\n<\/tr>\n<tr style=\"height: 16.50pt;\">\n<td class=\"et3\" style=\"height: 16.50pt;\" height=\"22\">Czas zwrotu<\/td>\n<td class=\"et3\">7-14 dni roboczych, po\u015bpiech<\/td>\n<\/tr>\n<tr style=\"height: 16.50pt;\">\n<td class=\"et3\" style=\"height: 16.50pt;\" height=\"22\">Papier<\/td>\n<td class=\"et3\">10pt do 28pt (60lb do 400lb) ekologiczny Kraft, tektura falista e-flute, tektura bux, karton<\/td>\n<\/tr>\n<tr style=\"height: 16.50pt;\">\n<td class=\"et3\" style=\"height: 16.50pt;\" height=\"22\">Dow\u00f3d<\/td>\n<td class=\"et3\">Widok p\u0142aski, makieta 3D, pr\u00f3bkowanie fizyczne (na \u017c\u0105danie)<\/td>\n<\/tr>\n<\/tbody>\n<\/table>\n<div class=\"widget block block-static-block\">\n<div class=\"landing-page-section option-bottom\">\n<div class=\"custom-materials-tabs-content container container-adjustment\">\n<div class=\"custom-materials-tab-content active\">\n<div class=\"widget block block-static-block\">\n<div class=\"options-items\">\n<div class=\"flex-grid-row-option\">\n<div class=\"flex-grid-item-option\">\n<div class=\"material-box\">\n<p>&nbsp;<\/p>\n<\/div>\n<\/div>\n<\/div>\n<\/div>\n<p><!---end of option item--><\/p>\n<\/div>\n<\/div>\n<\/div>\n<\/div>\n<\/div>","protected":false},"excerpt":{"rendered":"<p>Dostosuj opakowanie do dowolnego rozmiaru, materia\u0142u i sposobu drukowania. Papier z recyklingu 100% na pude\u0142ko papierowe.<\/p>\n<p>Rodzaj materia\u0142u: Ekologiczne, posiadaj\u0105 certyfikaty FSC\/ISO\/BSCI<br \/>\nCzas produkcji: Pr\u00f3bka 1-3 dni; Luzem 7-9 dni<br \/>\nCzas wysy\u0142ki: Express 3-7 dni; Air 12-16 dni; Boat 25-30 dni\uff08R\u00f3\u017cne kraje maj\u0105 r\u00f3\u017cne czasy)<\/p>\n<p>Cena:Skontaktuj si\u0119 z nami, aby wys\u0142a\u0107 zapytanie<\/p>\n<p>&nbsp;<\/p>","protected":false},"featured_media":4341,"template":"","meta":[],"product_brand":[],"product_cat":[30,413,425],"product_tag":[783,781,782],"class_list":{"0":"post-4337","1":"product","2":"type-product","3":"status-publish","4":"has-post-thumbnail","6":"product_cat-by-industry","7":"product_cat-consumer-electronics-boxes","8":"product_cat-lid-and-base-gift-box","9":"product_tag-bluetooth-earphone-box-maker","10":"product_tag-bluetooth-earphone-packaging","11":"product_tag-custom-lid-and-base-box","13":"first","14":"instock","15":"shipping-taxable","16":"product-type-grouped"},"_links":{"self":[{"href":"https:\/\/zojopackaging.com\/pl\/wp-json\/wp\/v2\/product\/4337","targetHints":{"allow":["GET"]}}],"collection":[{"href":"https:\/\/zojopackaging.com\/pl\/wp-json\/wp\/v2\/product"}],"about":[{"href":"https:\/\/zojopackaging.com\/pl\/wp-json\/wp\/v2\/types\/product"}],"version-history":[{"count":2,"href":"https:\/\/zojopackaging.com\/pl\/wp-json\/wp\/v2\/product\/4337\/revisions"}],"predecessor-version":[{"id":8453,"href":"https:\/\/zojopackaging.com\/pl\/wp-json\/wp\/v2\/product\/4337\/revisions\/8453"}],"wp:featuredmedia":[{"embeddable":true,"href":"https:\/\/zojopackaging.com\/pl\/wp-json\/wp\/v2\/media\/4341"}],"wp:attachment":[{"href":"https:\/\/zojopackaging.com\/pl\/wp-json\/wp\/v2\/media?parent=4337"}],"wp:term":[{"taxonomy":"product_brand","embeddable":true,"href":"https:\/\/zojopackaging.com\/pl\/wp-json\/wp\/v2\/product_brand?post=4337"},{"taxonomy":"product_cat","embeddable":true,"href":"https:\/\/zojopackaging.com\/pl\/wp-json\/wp\/v2\/product_cat?post=4337"},{"taxonomy":"product_tag","embeddable":true,"href":"https:\/\/zojopackaging.com\/pl\/wp-json\/wp\/v2\/product_tag?post=4337"}],"curies":[{"name":"wp","href":"https:\/\/api.w.org\/{rel}","templated":true}]}}