{"id":4344,"date":"2024-03-21T16:57:26","date_gmt":"2024-03-21T08:57:26","guid":{"rendered":"https:\/\/zojopackaging.com\/?post_type=product&#038;p=4344"},"modified":"2025-03-28T13:18:15","modified_gmt":"2025-03-28T05:18:15","slug":"beauty-gift-packaging-box","status":"publish","type":"product","link":"https:\/\/zojopackaging.com\/pl\/product\/beauty-gift-packaging-box\/","title":{"rendered":"Niestandardowe pude\u0142ka do pakowania produkt\u00f3w kosmetycznych hurtowo"},"content":{"rendered":"<h1 class=\"self-content-pre-ca33f6\">Niestandardowe pude\u0142ka do pakowania produkt\u00f3w kosmetycznych hurtowo<\/h1>\n<p>Niestandardowe pude\u0142ka do pakowania produkt\u00f3w kosmetycznych hurtowo to oaza rozkoszy i elegancji, zaprojektowana w celu zwi\u0119kszenia uroku cennych prezent\u00f3w. Jego zewn\u0119trzna strona to symfonia wykwintnych materia\u0142\u00f3w, skrupulatnie wykonanych, aby stworzy\u0107 wizualnie urzekaj\u0105ce do\u015bwiadczenie.<\/p>\n<p>Pude\u0142ko mo\u017ce by\u0107 ozdobione delikatnymi wzorami, luksusowymi wyko\u0144czeniami lub wyt\u0142oczonymi detalami, dodaj\u0105c odrobin\u0119 wyrafinowania i wyrafinowania. Pude\u0142ko s\u0142u\u017cy jako p\u0142\u00f3tno, pozwalaj\u0105c, aby pi\u0119kno zawarto\u015bci \u015bwieci\u0142o.<\/p>\n<p>Wewn\u0105trz opakowanie zapewnia bezpieczn\u0105 przysta\u0144 dla starannie wyselekcjonowanych kosmetyk\u00f3w. Ka\u017cdy przedmiot jest przytulnie umieszczony, chroniony przed uszkodzeniem podczas transportu. Wn\u0119trze jest cz\u0119sto wy\u0142o\u017cone mi\u0119kkimi materia\u0142ami, tworz\u0105c wra\u017cenie bogactwa.<\/p>\n<p>Opakowanie Beauty Gift Box to nie tylko wygl\u0105d; to deklaracja jako\u015bci. Pokazuje trosk\u0119 i staranno\u015b\u0107 w\u0142o\u017con\u0105 w wyb\u00f3r idealnych prezent\u00f3w dla tej wyj\u0105tkowej osoby. Niezale\u017cnie od tego, czy zawiera niezb\u0119dne produkty do piel\u0119gnacji sk\u00f3ry, ulubione kosmetyki do makija\u017cu, czy skarby zapachowe, to opakowanie wznosi prezenty na nowy poziom.<\/p>\n<p>Dzi\u0119ki swojemu urokowi i powabowi, Beauty Gift Packaging Box staje si\u0119 zachwycaj\u0105c\u0105 niespodziank\u0105, wywo\u0142uj\u0105c emocje rado\u015bci i ekscytacji po otwarciu.<\/p>\n<h1><strong>Specyfikacja<\/strong><\/h1>\n<table style=\"border-collapse: collapse; width: 759.02pt;\" border=\"0\" width=\"1012\" cellspacing=\"0\" cellpadding=\"0\">\n<tbody>\n<tr style=\"height: 16.50pt;\">\n<td class=\"et3\" style=\"height: 16.50pt; width: 379.50pt;\" width=\"506\" height=\"22\">Wymiary<\/td>\n<td class=\"et3\" style=\"width: 379.50pt;\" width=\"506\">Wszystkie niestandardowe rozmiary i kszta\u0142ty<\/td>\n<\/tr>\n<tr style=\"height: 16.50pt;\">\n<td class=\"et3\" style=\"height: 16.50pt;\" height=\"22\">Min. ilo\u015b\u0107<\/td>\n<td class=\"et3\">500 szt.<\/td>\n<\/tr>\n<tr style=\"height: 16.50pt;\">\n<td class=\"et3\" style=\"height: 16.50pt;\" height=\"22\">Proces domy\u015blny<\/td>\n<td class=\"et3\">Sztancowanie, klejenie, nacinanie, perforacja<\/td>\n<\/tr>\n<tr style=\"height: 16.50pt;\">\n<td class=\"et3\" style=\"height: 16.50pt;\" height=\"22\">Drukowanie<\/td>\n<td class=\"et3\">Cmyk, pms, bez drukowania<\/td>\n<\/tr>\n<tr style=\"height: 16.50pt;\">\n<td class=\"et3\" style=\"height: 16.50pt;\" height=\"22\">Opcja materia\u0142u<\/td>\n<td class=\"et3\">Bia\u0142y papier kartonowy, papier powlekany, papier artystyczny, papier siarczanowy, ko\u015b\u0107 s\u0142oniowa, tektura dwustronna, papier specjalny itp.<\/td>\n<\/tr>\n<tr style=\"height: 17.25pt;\">\n<td class=\"et3\" style=\"height: 17.25pt;\" height=\"23\">Wyko\u0144czenie powierzchni<\/td>\n<td class=\"et4\" style=\"width: 379.50pt;\" width=\"506\">Laminowanie matowe\/b\u0142yszcz\u0105ce, punktowe UVDebossing, t\u0142oczenie, t\u0142oczenie foli\u0105 itp.<\/td>\n<\/tr>\n<tr style=\"height: 17.25pt;\">\n<td class=\"et4\" style=\"height: 17.25pt; width: 379.50pt;\" width=\"506\" height=\"23\">Wykorzystanie w przemy\u015ble<\/td>\n<td class=\"et4\" style=\"width: 379.50pt;\" width=\"506\">kosmetyki, perfumy, odzie\u017c, bi\u017cuteria, tyto\u0144, \u017cywno\u015b\u0107, towary codziennego u\u017cytku,<\/td>\n<\/tr>\n<tr style=\"height: 34.50pt;\">\n<td class=\"et4\" style=\"height: 34.50pt; width: 379.50pt;\" width=\"506\" height=\"46\">Kontrola jako\u015bci<\/td>\n<td class=\"et4\" style=\"width: 379.50pt;\" width=\"506\">Zaawansowany sprz\u0119t i do\u015bwiadczony zesp\u00f3\u0142 kontroli jako\u015bci dok\u0142adnie sprawdz\u0105 materia\u0142y, p\u00f3\u0142produkty i gotowe produkty na ka\u017cdym etapie przed ich u\u017cyciem.<\/td>\n<\/tr>\n<tr style=\"height: 34.50pt;\">\n<td class=\"et4\" style=\"height: 34.50pt; width: 379.50pt;\" width=\"506\" height=\"46\">Cena<\/td>\n<td class=\"et4\" style=\"width: 379.50pt;\" width=\"506\">Ostateczna cena b\u0119dzie dostosowana do produktu i wymaganej ilo\u015bci<\/td>\n<\/tr>\n<tr style=\"height: 16.50pt;\">\n<td class=\"et3\" style=\"height: 16.50pt;\" height=\"22\">Czas zwrotu<\/td>\n<td class=\"et3\">7-14 dni roboczych, po\u015bpiech<\/td>\n<\/tr>\n<tr style=\"height: 16.50pt;\">\n<td class=\"et3\" style=\"height: 16.50pt;\" height=\"22\">Papier<\/td>\n<td class=\"et3\">10pt do 28pt (60lb do 400lb) ekologiczny Kraft, tektura falista e-flute, tektura bux, karton<\/td>\n<\/tr>\n<tr style=\"height: 16.50pt;\">\n<td class=\"et3\" style=\"height: 16.50pt;\" height=\"22\">Dow\u00f3d<\/td>\n<td class=\"et3\">Widok p\u0142aski, makieta 3D, pr\u00f3bkowanie fizyczne (na \u017c\u0105danie)<\/td>\n<\/tr>\n<\/tbody>\n<\/table>\n<div class=\"widget block block-static-block\">\n<div class=\"landing-page-section option-bottom\">\n<div class=\"custom-materials-tabs-content container container-adjustment\">\n<div class=\"custom-materials-tab-content active\">\n<div class=\"widget block block-static-block\">\n<div class=\"options-items\">\n<div class=\"flex-grid-row-option\">\n<div class=\"flex-grid-item-option\">\n<div class=\"material-box\">\n<p>&nbsp;<\/p>\n<\/div>\n<\/div>\n<\/div>\n<\/div>\n<p><!---end of option item--><\/p>\n<\/div>\n<\/div>\n<\/div>\n<\/div>\n<\/div>","protected":false},"excerpt":{"rendered":"<p>1. Typ pude\u0142ka z pokryw\u0105 i podstaw\u0105 przyjmuje struktur\u0119 g\u00f3rnej i dolnej pokrywy, kt\u00f3ra jest wygodna do zabrania i oszcz\u0119dza nawyki konsument\u00f3w<br \/>\n2. Powlekany papier artystyczny C2S o gramaturze 157 g + sztywny karton o gramaturze 1200 g to materia\u0142 przyjazny dla \u015brodowiska i zapewniaj\u0105cy zr\u00f3wnowa\u017cony rozw\u00f3j.<br \/>\n3. R\u00f3\u017cne rozmiary mo\u017cna dostosowa\u0107 do swoich produkt\u00f3w, odpowiednie do r\u00f3\u017cnych kosmetyk\u00f3w i opakowa\u0144 produkt\u00f3w do piel\u0119gnacji sk\u00f3ry<\/p>","protected":false},"featured_media":4347,"template":"","meta":[],"product_brand":[],"product_cat":[30,390,425,31],"product_tag":[776,777,775],"class_list":{"0":"post-4344","1":"product","2":"type-product","3":"status-publish","4":"has-post-thumbnail","6":"product_cat-by-industry","7":"product_cat-custom-cosmetics-boxes","8":"product_cat-lid-and-base-gift-box","9":"product_cat-paper-box-style","10":"product_tag-beauty-packaging-boxes","11":"product_tag-cosmetic-boxes-wholesale","12":"product_tag-custom-cosmetic-packaging","14":"first","15":"instock","16":"shipping-taxable","17":"product-type-grouped"},"_links":{"self":[{"href":"https:\/\/zojopackaging.com\/pl\/wp-json\/wp\/v2\/product\/4344","targetHints":{"allow":["GET"]}}],"collection":[{"href":"https:\/\/zojopackaging.com\/pl\/wp-json\/wp\/v2\/product"}],"about":[{"href":"https:\/\/zojopackaging.com\/pl\/wp-json\/wp\/v2\/types\/product"}],"version-history":[{"count":2,"href":"https:\/\/zojopackaging.com\/pl\/wp-json\/wp\/v2\/product\/4344\/revisions"}],"predecessor-version":[{"id":8451,"href":"https:\/\/zojopackaging.com\/pl\/wp-json\/wp\/v2\/product\/4344\/revisions\/8451"}],"wp:featuredmedia":[{"embeddable":true,"href":"https:\/\/zojopackaging.com\/pl\/wp-json\/wp\/v2\/media\/4347"}],"wp:attachment":[{"href":"https:\/\/zojopackaging.com\/pl\/wp-json\/wp\/v2\/media?parent=4344"}],"wp:term":[{"taxonomy":"product_brand","embeddable":true,"href":"https:\/\/zojopackaging.com\/pl\/wp-json\/wp\/v2\/product_brand?post=4344"},{"taxonomy":"product_cat","embeddable":true,"href":"https:\/\/zojopackaging.com\/pl\/wp-json\/wp\/v2\/product_cat?post=4344"},{"taxonomy":"product_tag","embeddable":true,"href":"https:\/\/zojopackaging.com\/pl\/wp-json\/wp\/v2\/product_tag?post=4344"}],"curies":[{"name":"wp","href":"https:\/\/api.w.org\/{rel}","templated":true}]}}