{"id":4351,"date":"2024-03-21T17:03:29","date_gmt":"2024-03-21T09:03:29","guid":{"rendered":"https:\/\/zojopackaging.com\/?post_type=product&#038;p=4351"},"modified":"2025-03-27T21:32:26","modified_gmt":"2025-03-27T13:32:26","slug":"beauty-bra-packaging-box","status":"publish","type":"product","link":"https:\/\/zojopackaging.com\/pl\/product\/beauty-bra-packaging-box\/","title":{"rendered":"Niestandardowy szalik Pasek Odzie\u017c Bandana Fabryka pude\u0142ek na bielizn\u0119"},"content":{"rendered":"<h1 class=\"self-content-pre-ca33f6\">Niestandardowy szalik Pasek Odzie\u017c Bandana Fabryka pude\u0142ek na bielizn\u0119<\/h1>\n<p>Beauty Bra Packaging Box to stylowy i funkcjonalny pojemnik, kt\u00f3ry prezentuje elegancj\u0119 i jako\u015b\u0107 biustonosza znajduj\u0105cego si\u0119 w \u015brodku. Zaprojektowane z precyzj\u0105, to opakowanie nie tylko chroni biustonosz, ale tak\u017ce dodaje odrobin\u0119 wyrafinowania do og\u00f3lnej prezentacji.<\/p>\n<p>Pude\u0142ko mo\u017ce mie\u0107 przyci\u0105gaj\u0105cy wzrok design, zawieraj\u0105cy kolory i wzory, kt\u00f3re uzupe\u0142niaj\u0105 estetyk\u0119 biustonosza kosmetycznego. Mo\u017ce mie\u0107 elegancki i nowoczesny wygl\u0105d lub bardziej kobiecy i delikatny styl, w zale\u017cno\u015bci od to\u017csamo\u015bci marki.<\/p>\n<p>Opakowanie mo\u017ce zawiera\u0107 wa\u017cne informacje, takie jak rozmiar biustonosza, rozmiar miseczki i sk\u0142ad tkaniny, umo\u017cliwiaj\u0105c klientce dokonanie \u015bwiadomego wyboru. Mo\u017ce r\u00f3wnie\u017c podkre\u015bla\u0107 kluczowe cechy, takie jak wsparcie, komfort i mo\u017cliwo\u015bci kszta\u0142towania.<\/p>\n<p>Aby poprawi\u0107 wra\u017cenia klienta, pude\u0142ko mo\u017ce mie\u0107 magnetyczne zamkni\u0119cie lub wst\u0105\u017ck\u0119 do \u0142atwego i eleganckiego otwierania. Wewn\u0105trz biustonosz jest starannie umieszczony, ewentualnie owini\u0119ty w bibu\u0142k\u0119 lub zabezpieczony wyjmowan\u0105 wk\u0142adk\u0105.<\/p>\n<h1><strong>Specyfikacja<\/strong><\/h1>\n<table style=\"border-collapse: collapse; width: 759.02pt;\" border=\"0\" width=\"1012\" cellspacing=\"0\" cellpadding=\"0\">\n<tbody>\n<tr style=\"height: 16.50pt;\">\n<td class=\"et3\" style=\"height: 16.50pt; width: 379.50pt;\" width=\"506\" height=\"22\">Wymiary<\/td>\n<td class=\"et3\" style=\"width: 379.50pt;\" width=\"506\">Wszystkie niestandardowe rozmiary i kszta\u0142ty<\/td>\n<\/tr>\n<tr style=\"height: 16.50pt;\">\n<td class=\"et3\" style=\"height: 16.50pt;\" height=\"22\">Min. ilo\u015b\u0107<\/td>\n<td class=\"et3\">500 szt.<\/td>\n<\/tr>\n<tr style=\"height: 16.50pt;\">\n<td class=\"et3\" style=\"height: 16.50pt;\" height=\"22\">Proces domy\u015blny<\/td>\n<td class=\"et3\">Sztancowanie, klejenie, nacinanie, perforacja<\/td>\n<\/tr>\n<tr style=\"height: 16.50pt;\">\n<td class=\"et3\" style=\"height: 16.50pt;\" height=\"22\">Drukowanie<\/td>\n<td class=\"et3\">Cmyk, pms, bez drukowania<\/td>\n<\/tr>\n<tr style=\"height: 16.50pt;\">\n<td class=\"et3\" style=\"height: 16.50pt;\" height=\"22\">Opcja materia\u0142u<\/td>\n<td class=\"et3\">Bia\u0142y papier kartonowy, papier powlekany, papier artystyczny, papier siarczanowy, ko\u015b\u0107 s\u0142oniowa, tektura dwustronna, papier specjalny itp.<\/td>\n<\/tr>\n<tr style=\"height: 17.25pt;\">\n<td class=\"et3\" style=\"height: 17.25pt;\" height=\"23\">Wyko\u0144czenie powierzchni<\/td>\n<td class=\"et4\" style=\"width: 379.50pt;\" width=\"506\">Laminowanie matowe\/b\u0142yszcz\u0105ce, punktowe UVDebossing, t\u0142oczenie, t\u0142oczenie foli\u0105 itp.<\/td>\n<\/tr>\n<tr style=\"height: 17.25pt;\">\n<td class=\"et4\" style=\"height: 17.25pt; width: 379.50pt;\" width=\"506\" height=\"23\">Wykorzystanie w przemy\u015ble<\/td>\n<td class=\"et4\" style=\"width: 379.50pt;\" width=\"506\">kosmetyki, perfumy, odzie\u017c, bi\u017cuteria, tyto\u0144, \u017cywno\u015b\u0107, towary codziennego u\u017cytku,<\/td>\n<\/tr>\n<tr style=\"height: 34.50pt;\">\n<td class=\"et4\" style=\"height: 34.50pt; width: 379.50pt;\" width=\"506\" height=\"46\">Kontrola jako\u015bci<\/td>\n<td class=\"et4\" style=\"width: 379.50pt;\" width=\"506\">Zaawansowany sprz\u0119t i do\u015bwiadczony zesp\u00f3\u0142 kontroli jako\u015bci dok\u0142adnie sprawdz\u0105 materia\u0142y, p\u00f3\u0142produkty i gotowe produkty na ka\u017cdym etapie przed ich u\u017cyciem.<\/td>\n<\/tr>\n<tr style=\"height: 34.50pt;\">\n<td class=\"et4\" style=\"height: 34.50pt; width: 379.50pt;\" width=\"506\" height=\"46\">Cena<\/td>\n<td class=\"et4\" style=\"width: 379.50pt;\" width=\"506\">Ostateczna cena b\u0119dzie dostosowana do produktu i wymaganej ilo\u015bci<\/td>\n<\/tr>\n<tr style=\"height: 16.50pt;\">\n<td class=\"et3\" style=\"height: 16.50pt;\" height=\"22\">Czas zwrotu<\/td>\n<td class=\"et3\">7-14 dni roboczych, po\u015bpiech<\/td>\n<\/tr>\n<tr style=\"height: 16.50pt;\">\n<td class=\"et3\" style=\"height: 16.50pt;\" height=\"22\">Papier<\/td>\n<td class=\"et3\">10pt do 28pt (60lb do 400lb) ekologiczny Kraft, tektura falista e-flute, tektura bux, karton<\/td>\n<\/tr>\n<tr style=\"height: 16.50pt;\">\n<td class=\"et3\" style=\"height: 16.50pt;\" height=\"22\">Dow\u00f3d<\/td>\n<td class=\"et3\">Widok p\u0142aski, makieta 3D, pr\u00f3bkowanie fizyczne (na \u017c\u0105danie)<\/td>\n<\/tr>\n<\/tbody>\n<\/table>\n<div class=\"widget block block-static-block\">\n<div class=\"landing-page-section option-bottom\">\n<div class=\"custom-materials-tabs-content container container-adjustment\">\n<div class=\"custom-materials-tab-content active\">\n<div class=\"widget block block-static-block\">\n<div class=\"options-items\">\n<div class=\"flex-grid-row-option\">\n<div class=\"flex-grid-item-option\">\n<div class=\"material-box\">\n<p>&nbsp;<\/p>\n<\/div>\n<\/div>\n<\/div>\n<\/div>\n<p><!---end of option item--><\/p>\n<\/div>\n<\/div>\n<\/div>\n<\/div>\n<\/div>","protected":false},"excerpt":{"rendered":"<ul>\n<li>MOQ: 500 sztuk<\/li>\n<li>Czas dostawy: 7-14 dni roboczych, po\u015bpiech<\/li>\n<li>Wymiary na zam\u00f3wienie (\u015brednica x wysoko\u015b\u0107)<\/li>\n<li>Drukowanie na zam\u00f3wienie<\/li>\n<li>Przyjazny dla \u015brodowiska, nadaj\u0105cy si\u0119 do recyklingu i niezawieraj\u0105cy plastiku<\/li>\n<li>Cena \uff1a Ostateczna cena zostanie dostosowana do produktu i wymaganej ilo\u015bci<\/li>\n<\/ul>","protected":false},"featured_media":4352,"template":"","meta":[],"product_brand":[],"product_cat":[30,414,425,31],"product_tag":[724,725,723],"class_list":{"0":"post-4351","1":"product","2":"type-product","3":"status-publish","4":"has-post-thumbnail","6":"product_cat-by-industry","7":"product_cat-custom-apparel-boxes","8":"product_cat-lid-and-base-gift-box","9":"product_cat-paper-box-style","10":"product_tag-clothing-box-factory","11":"product_tag-custom-lingerie-box","12":"product_tag-custom-scarf-box","14":"first","15":"instock","16":"shipping-taxable","17":"product-type-grouped"},"_links":{"self":[{"href":"https:\/\/zojopackaging.com\/pl\/wp-json\/wp\/v2\/product\/4351","targetHints":{"allow":["GET"]}}],"collection":[{"href":"https:\/\/zojopackaging.com\/pl\/wp-json\/wp\/v2\/product"}],"about":[{"href":"https:\/\/zojopackaging.com\/pl\/wp-json\/wp\/v2\/types\/product"}],"version-history":[{"count":2,"href":"https:\/\/zojopackaging.com\/pl\/wp-json\/wp\/v2\/product\/4351\/revisions"}],"predecessor-version":[{"id":8427,"href":"https:\/\/zojopackaging.com\/pl\/wp-json\/wp\/v2\/product\/4351\/revisions\/8427"}],"wp:featuredmedia":[{"embeddable":true,"href":"https:\/\/zojopackaging.com\/pl\/wp-json\/wp\/v2\/media\/4352"}],"wp:attachment":[{"href":"https:\/\/zojopackaging.com\/pl\/wp-json\/wp\/v2\/media?parent=4351"}],"wp:term":[{"taxonomy":"product_brand","embeddable":true,"href":"https:\/\/zojopackaging.com\/pl\/wp-json\/wp\/v2\/product_brand?post=4351"},{"taxonomy":"product_cat","embeddable":true,"href":"https:\/\/zojopackaging.com\/pl\/wp-json\/wp\/v2\/product_cat?post=4351"},{"taxonomy":"product_tag","embeddable":true,"href":"https:\/\/zojopackaging.com\/pl\/wp-json\/wp\/v2\/product_tag?post=4351"}],"curies":[{"name":"wp","href":"https:\/\/api.w.org\/{rel}","templated":true}]}}