{"id":4358,"date":"2024-03-21T17:12:19","date_gmt":"2024-03-21T09:12:19","guid":{"rendered":"https:\/\/zojopackaging.com\/?post_type=product&#038;p=4358"},"modified":"2025-03-28T12:01:32","modified_gmt":"2025-03-28T04:01:32","slug":"puzzle-toy-packaging-box","status":"publish","type":"product","link":"https:\/\/zojopackaging.com\/pl\/product\/puzzle-toy-packaging-box\/","title":{"rendered":"Dostosowywanie zabawek logicznych Producenci sztywnych opakowa\u0144"},"content":{"rendered":"<div class=\"ast-row single-product-specifications\">\n<div class=\"ast-container\">\n<div class=\"ast-col-xs-12\">\n<div class=\"single-product-specification-wrapper\">\n<h1><strong>Specyfikacja<\/strong><\/h1>\n<table style=\"border-collapse: collapse; width: 759.02pt;\" border=\"0\" width=\"1012\" cellspacing=\"0\" cellpadding=\"0\">\n<tbody>\n<tr style=\"height: 16.50pt;\">\n<td class=\"et3\" style=\"height: 16.50pt; width: 379.50pt;\" width=\"506\" height=\"22\">Wymiary<\/td>\n<td class=\"et3\" style=\"width: 379.50pt;\" width=\"506\">Wszystkie niestandardowe rozmiary i kszta\u0142ty<\/td>\n<\/tr>\n<tr style=\"height: 16.50pt;\">\n<td class=\"et3\" style=\"height: 16.50pt;\" height=\"22\">Min. ilo\u015b\u0107<\/td>\n<td class=\"et3\">500 szt.<\/td>\n<\/tr>\n<tr style=\"height: 16.50pt;\">\n<td class=\"et3\" style=\"height: 16.50pt;\" height=\"22\">Proces domy\u015blny<\/td>\n<td class=\"et3\">Sztancowanie, klejenie, nacinanie, perforacja<\/td>\n<\/tr>\n<tr style=\"height: 16.50pt;\">\n<td class=\"et3\" style=\"height: 16.50pt;\" height=\"22\">Drukowanie<\/td>\n<td class=\"et3\">Cmyk, pms, bez drukowania<\/td>\n<\/tr>\n<tr style=\"height: 16.50pt;\">\n<td class=\"et3\" style=\"height: 16.50pt;\" height=\"22\">Opcja materia\u0142u<\/td>\n<td class=\"et3\">Bia\u0142y papier kartonowy, papier powlekany, papier artystyczny, papier siarczanowy, ko\u015b\u0107 s\u0142oniowa, tektura dwustronna, papier specjalny itp.<\/td>\n<\/tr>\n<tr style=\"height: 17.25pt;\">\n<td class=\"et3\" style=\"height: 17.25pt;\" height=\"23\">Wyko\u0144czenie powierzchni<\/td>\n<td class=\"et4\" style=\"width: 379.50pt;\" width=\"506\">Laminowanie matowe\/b\u0142yszcz\u0105ce, punktowe UVDebossing, t\u0142oczenie, t\u0142oczenie foli\u0105 itp.<\/td>\n<\/tr>\n<tr style=\"height: 17.25pt;\">\n<td class=\"et4\" style=\"height: 17.25pt; width: 379.50pt;\" width=\"506\" height=\"23\">Wykorzystanie w przemy\u015ble<\/td>\n<td class=\"et4\" style=\"width: 379.50pt;\" width=\"506\">kosmetyki, perfumy, odzie\u017c, bi\u017cuteria, tyto\u0144, \u017cywno\u015b\u0107, towary codziennego u\u017cytku,<\/td>\n<\/tr>\n<tr style=\"height: 34.50pt;\">\n<td class=\"et4\" style=\"height: 34.50pt; width: 379.50pt;\" width=\"506\" height=\"46\">Kontrola jako\u015bci<\/td>\n<td class=\"et4\" style=\"width: 379.50pt;\" width=\"506\">Zaawansowany sprz\u0119t i do\u015bwiadczony zesp\u00f3\u0142 kontroli jako\u015bci dok\u0142adnie sprawdz\u0105 materia\u0142y, p\u00f3\u0142produkty i gotowe produkty na ka\u017cdym etapie przed ich u\u017cyciem.<\/td>\n<\/tr>\n<tr style=\"height: 34.50pt;\">\n<td class=\"et4\" style=\"height: 34.50pt; width: 379.50pt;\" width=\"506\" height=\"46\">Cena<\/td>\n<td class=\"et4\" style=\"width: 379.50pt;\" width=\"506\">Ostateczna cena b\u0119dzie dostosowana do produktu i wymaganej ilo\u015bci<\/td>\n<\/tr>\n<tr style=\"height: 16.50pt;\">\n<td class=\"et3\" style=\"height: 16.50pt;\" height=\"22\">Czas zwrotu<\/td>\n<td class=\"et3\">7-14 dni roboczych, po\u015bpiech<\/td>\n<\/tr>\n<tr style=\"height: 16.50pt;\">\n<td class=\"et3\" style=\"height: 16.50pt;\" height=\"22\">Papier<\/td>\n<td class=\"et3\">Od 250GSM do 350GSM - 10pt do 28pt (60lb do 400lb), Silk Card\/Art Card, Cardboard, Corrugated e\/c\/b flute, Kraft Card, Bux Board and PVC\/Plastic and Frosted od 300 do 760 mikron\u00f3w.<\/td>\n<\/tr>\n<tr style=\"height: 16.50pt;\">\n<td class=\"et3\" style=\"height: 16.50pt;\" height=\"22\">Dow\u00f3d<\/td>\n<td class=\"et3\">Widok p\u0142aski, makieta 3D, pr\u00f3bkowanie fizyczne (na \u017c\u0105danie)<\/td>\n<\/tr>\n<\/tbody>\n<\/table>\n<\/div>\n<\/div>\n<\/div>\n<\/div>\n<div class=\"ast-row single-product-description\">\n<div class=\"ast-container\">\n<div class=\"ast-col-xs-12\">\n<h2>\u015awi\u0119towanie s\u0142odyczy: Z Personalizowanymi Pude\u0142kami do Pakowania Zabawek Puzzle Magic:<\/h2>\n<p>W zachwycaj\u0105cym \u015bwiecie s\u0142odyczy, gdzie s\u0142odycz zajmuje centralne miejsce,\u00a0<strong>Opakowanie Zojoprint<\/strong>\u00a0wprowadzamy wyspecjalizowane pude\u0142ka do pakowania zabawek logicznych zaprojektowane w celu zachowania, prezentacji i zwi\u0119kszenia uroku tych pysznych kreacji. tworzymy niesamowite pude\u0142ka na ciasta, kt\u00f3re zar\u00f3wno wygl\u0105daj\u0105 niesamowicie, jak i zapewniaj\u0105 bezpiecze\u0144stwo ciast. Tworzenie pude\u0142ek na ciasta jest nasz\u0105 pierwsz\u0105 trosk\u0105, aby klienci byli zach\u0119cani do gryzienia i delektowania si\u0119 pyszno\u015bciami. Nie ma znaczenia, jak du\u017ca lub ma\u0142a jest Twoja firma, wsp\u00f3\u0142pracujemy z oboma typami firm. Przez ca\u0142y czas\u00a0<strong>Wielka Brytania i Europa<\/strong>\"Zojoprint Packaging Box\" jest wiarygodnym \u017ar\u00f3d\u0142em do tworzenia markowych pude\u0142ek na ciasta. W szczeg\u00f3lno\u015bci w przypadku ma\u0142ych przedsi\u0119biorstw wierzymy w produkcj\u0119 pude\u0142ek premium w rozs\u0105dnych cenach. Nasi utalentowani projektanci produkuj\u0105 pude\u0142ka na ciasta, kt\u00f3re doskonale uzupe\u0142niaj\u0105 og\u00f3lny wygl\u0105d marki. Niezale\u017cnie od tego, ile potrzebujesz, mo\u017cemy stworzy\u0107 pude\u0142ka w dowolnej ilo\u015bci. Dysponujemy zaawansowanym parkiem maszynowym na czterech kontynentach. Je\u015bli nie masz jeszcze projektu pude\u0142ka, jest to najlepsza opcja, jak\u0105 mamy. Nasz personel projektowy s\u0142u\u017cy pomoc\u0105 bez dodatkowych op\u0142at. Tutaj<\/p>\n<h3>Niestandardowe pude\u0142ka do pakowania zabawek logicznych z indywidualnymi wymaganiami dost\u0119pne pod adresem <strong>Opakowanie Zojoprint<\/strong><\/h3>\n<p>\"Zojoprint Packaging Box\" mo\u017ce pom\u00f3c w przekszta\u0142ceniu pude\u0142ek na ciasto w naprawd\u0119 pi\u0119kne.  Oferujemy najlepsze \u017ar\u00f3d\u0142o unikalnych pude\u0142ek w Wielkiej Brytanii. Opr\u00f3cz zapewnienia, \u017ce pude\u0142ka s\u0105 mocne, dbamy r\u00f3wnie\u017c o to, aby wygl\u0105da\u0142y fantastycznie. Dbamy o \u015brodowisko i u\u017cywamy materia\u0142\u00f3w takich jak karton, kraft\/craft, tektura falista i jedwabny karton. Materia\u0142y te poprawiaj\u0105 stan naszej planety. Oferujemy du\u017cy wyb\u00f3r wspania\u0142ych kolor\u00f3w do wyboru podczas projektowania pude\u0142ek. Aby Twoje pude\u0142ka na ciasta by\u0142y wyj\u0105tkowe, dodaj dodatkowe elementy, takie jak nadruk tekstur, punktowe UV, z\u0142ote i srebrne foliowanie, wyt\u0142aczanie i wyt\u0142aczanie. Najlepsz\u0105 rzecz\u0105 jest to, \u017ce b\u0142yszcz\u0105ca lub matowa laminacja jest dost\u0119pna bez dodatkowych koszt\u00f3w, co poprawi wygl\u0105d pude\u0142ek. Nasz zesp\u00f3\u0142 pomo\u017ce Ci bezp\u0142atnie zaprojektowa\u0107 pude\u0142ko, je\u015bli nie masz jeszcze gotowego projektu. Je\u015bli wydasz wi\u0119cej ni\u017c 200 GBP, dostarczymy je za darmo do dowolnej lokalizacji w Wielkiej Brytanii. Twoja marka b\u0119dzie b\u0142yszcze\u0107 jeszcze bardziej, ni\u017c mog\u0142e\u015b sobie wyobrazi\u0107, dzi\u0119ki naszym ultra fajnym opakowaniom. Wybierz nas, aby zapewni\u0107 swojej marce najbardziej unikalne i \u0142atwe opakowanie, kt\u00f3re wyr\u00f3\u017cnia si\u0119 na tle konkurencji.<\/p>\n<h4>Hurtowy dostawca markowych pude\u0142ek do pakowania zabawek logicznych w Wielkiej Brytanii i Europie<\/h4>\n<p>Zojoprint Packaging Box sta\u0142 si\u0119 najbardziej zaufanym hurtowym dostawc\u0105 pude\u0142ek do pakowania zabawek logicznych na zam\u00f3wienie. Dostarczyli\u015bmy setki i tysi\u0105ce markowych pude\u0142ek Puzzle Toys tysi\u0105com klient\u00f3w w Wielkiej Brytanii i Europie. Je\u015bli wi\u0119c potrzebujesz pude\u0142ek Puzzle Toys z w\u0142asnym logo i spersonalizowan\u0105 wiadomo\u015bci\u0105, skontaktuj si\u0119 z nami ju\u017c dzi\u015b, a my zaoferujemy Ci cen\u0119 nie do pobicia. Podziel si\u0119 z nami swoimi wymaganiami dotycz\u0105cymi pude\u0142ek i uzyskaj bezp\u0142atn\u0105 wycen\u0119 bez zobowi\u0105za\u0144.<\/p>\n<\/div>\n<\/div>\n<\/div>\n<div class=\"widget block block-static-block\">\n<div class=\"landing-page-section option-bottom\">\n<div class=\"custom-materials-tabs-content container container-adjustment\">\n<div class=\"custom-materials-tab-content active\">\n<div class=\"widget block block-static-block\">\n<p><!---end of option item--><\/p>\n<\/div>\n<\/div>\n<\/div>\n<\/div>\n<\/div>","protected":false},"excerpt":{"rendered":"<p>Odkryj Puzzle Box w ZOJO Print.  16 lat do\u015bwiadczenia niezawodnego producenta z Chin. Skontaktuj si\u0119 z nami, aby uzyska\u0107 wi\u0119cej informacji!<\/p>\n<p>Personalizacja: Mo\u017cliwo\u015b\u0107 dostosowania rozmiaru\/druku\/materia\u0142u\/wyko\u0144czenia\/kszta\u0142tu itp.<br \/>\nRodzaj materia\u0142u: Ekologiczne, posiadaj\u0105 certyfikaty FSC\/ISO\/BSCI<br \/>\nCzas produkcji: Pr\u00f3bka 1-3 dni; Luzem 7-9 dni<\/p>","protected":false},"featured_media":4363,"template":"","meta":[],"product_brand":[],"product_cat":[30,423,425,31],"product_tag":[768,769,770],"class_list":{"0":"post-4358","1":"product","2":"type-product","3":"status-publish","4":"has-post-thumbnail","6":"product_cat-by-industry","7":"product_cat-custom-presentation-boxes-by-industry","8":"product_cat-lid-and-base-gift-box","9":"product_cat-paper-box-style","10":"product_tag-customization-rigid-box","11":"product_tag-packaging-box-manufacturers","12":"product_tag-puzzle-toy-box","14":"first","15":"instock","16":"shipping-taxable","17":"product-type-grouped"},"_links":{"self":[{"href":"https:\/\/zojopackaging.com\/pl\/wp-json\/wp\/v2\/product\/4358","targetHints":{"allow":["GET"]}}],"collection":[{"href":"https:\/\/zojopackaging.com\/pl\/wp-json\/wp\/v2\/product"}],"about":[{"href":"https:\/\/zojopackaging.com\/pl\/wp-json\/wp\/v2\/types\/product"}],"version-history":[{"count":2,"href":"https:\/\/zojopackaging.com\/pl\/wp-json\/wp\/v2\/product\/4358\/revisions"}],"predecessor-version":[{"id":8448,"href":"https:\/\/zojopackaging.com\/pl\/wp-json\/wp\/v2\/product\/4358\/revisions\/8448"}],"wp:featuredmedia":[{"embeddable":true,"href":"https:\/\/zojopackaging.com\/pl\/wp-json\/wp\/v2\/media\/4363"}],"wp:attachment":[{"href":"https:\/\/zojopackaging.com\/pl\/wp-json\/wp\/v2\/media?parent=4358"}],"wp:term":[{"taxonomy":"product_brand","embeddable":true,"href":"https:\/\/zojopackaging.com\/pl\/wp-json\/wp\/v2\/product_brand?post=4358"},{"taxonomy":"product_cat","embeddable":true,"href":"https:\/\/zojopackaging.com\/pl\/wp-json\/wp\/v2\/product_cat?post=4358"},{"taxonomy":"product_tag","embeddable":true,"href":"https:\/\/zojopackaging.com\/pl\/wp-json\/wp\/v2\/product_tag?post=4358"}],"curies":[{"name":"wp","href":"https:\/\/api.w.org\/{rel}","templated":true}]}}