{"id":4436,"date":"2024-03-22T14:37:29","date_gmt":"2024-03-22T06:37:29","guid":{"rendered":"https:\/\/zojopackaging.com\/?post_type=product&#038;p=4436"},"modified":"2025-03-28T12:04:32","modified_gmt":"2025-03-28T04:04:32","slug":"custom-cardboard-rigid-gift-boxes","status":"publish","type":"product","link":"https:\/\/zojopackaging.com\/pl\/product\/custom-cardboard-rigid-gift-boxes\/","title":{"rendered":"Niestandardowe sztywne pude\u0142ka na prezenty z pami\u0105tkami Brand Design Maker"},"content":{"rendered":"<h1 class=\"self-content-pre-ca33f6\">Niestandardowe sztywne pude\u0142ka na prezenty z pami\u0105tkami Brand Design Maker<\/h1>\n<p>Sztywne pude\u0142ka na odzie\u017c musz\u0105 doskonale uzupe\u0142nia\u0107 produkty znajduj\u0105ce si\u0119 w \u015brodku. Dlatego musz\u0105 by\u0107 ozdobione przyci\u0105gaj\u0105cymi wzrok niestandardowymi nadrukami, kt\u00f3re zaprezentuj\u0105 Twoje produkty i przenios\u0105 Twoj\u0105 mark\u0119 na wy\u017cszy poziom. Je\u015bli szukasz takich sztywnych pude\u0142ek na odzie\u017c, nie szukaj dalej ni\u017c Zojoprint.<\/p>\n<p>Pomagamy zaprojektowa\u0107 <a href=\"https:\/\/zojopackaging.com\/pl\/kategoria-produktu\/lid-and-base-boxes\/\"><strong>sztywne pude\u0142ko<\/strong> <\/a>dla sprzeda\u017cy hurtowej i detalicznej, kt\u00f3re wygl\u0105daj\u0105 inaczej ni\u017c wszystko, co klienci widzieli wcze\u015bniej. Osi\u0105gamy to dzi\u0119ki wysokiej jako\u015bci sztywnym materia\u0142om opakowaniowym. Nasze po\u0142\u0105czenie doskona\u0142ych technik drukowania i \u015bwiatowych standard\u00f3w kolorystycznych pomaga udekorowa\u0107 opakowanie wed\u0142ug w\u0142asnego uznania. Co wi\u0119cej, mo\u017cesz spersonalizowa\u0107 opakowanie za pomoc\u0105 naszych modnych dodatk\u00f3w i pow\u0142ok wyko\u0144czeniowych. Bez obaw. Oferujemy opcje prototypowania, aby upewni\u0107 si\u0119, \u017ce niczego nie przeoczy\u0142e\u015b.<\/p>\n<div class=\"reviw-title\">\n<h1>Specyfikacja<\/h1>\n<\/div>\n<div class=\"tab-content\">\n<div id=\"specifications\" class=\"tab-pane active show\" role=\"tabpanel\">\n<article>\n<div class=\"col-md-12 category-hd\">\n<div id=\"Specifications\">\n<table class=\"table table-striped\">\n<tbody>\n<tr>\n<td>Wymiary<\/td>\n<td>Wszystkie niestandardowe rozmiary i kszta\u0142ty<\/td>\n<\/tr>\n<tr>\n<td>Drukowanie<\/td>\n<td>CMYK, PMS, bez nadruku<\/td>\n<\/tr>\n<tr>\n<td>Papier zapasowy<\/td>\n<td>10pt do 28pt (60lb do 400lb) Ekologiczny Kraft, tektura falista E-flute, tektura Bux, karton<\/td>\n<\/tr>\n<tr>\n<td>Ilo\u015bci<\/td>\n<td>500 &#8211; 500,000<\/td>\n<\/tr>\n<tr>\n<td>Pow\u0142oka<\/td>\n<td>B\u0142yszcz\u0105cy, matowy, punktowy UV<\/td>\n<\/tr>\n<tr>\n<td>Proces domy\u015blny<\/td>\n<td>Sztancowanie, klejenie, nacinanie, perforacja<\/td>\n<\/tr>\n<tr>\n<td>Opcje<\/td>\n<td>Niestandardowe wyci\u0119cie okna, foliowanie z\u0142ote\/srebrne, wyt\u0142aczanie, wypuk\u0142y atrament, arkusz PVC.<\/td>\n<\/tr>\n<tr>\n<td>Dow\u00f3d<\/td>\n<td>Widok p\u0142aski, makieta 3D, pr\u00f3bkowanie fizyczne (na \u017c\u0105danie)<\/td>\n<\/tr>\n<tr>\n<td>Czas realizacji<\/td>\n<td>7-14 dni roboczych, po\u015bpiech<\/td>\n<\/tr>\n<\/tbody>\n<\/table>\n<div class=\"material-des\">\n<h1><strong>FAQ<\/strong><\/h1>\n<p><strong>Czy jeste\u015b w fabryce?<\/strong><\/p>\n<p>Tak, jeste\u015bmy fabryk\u0105, jeste\u015bmy profesjonalnym producentem pude\u0142ek papierowych i toreb papierowych.<\/p>\n<p><strong>Czy mo\u017ce by\u0107 dostarczany z p\u0142askim?<\/strong><\/p>\n<p>Nie, jest wykonany z papieru artystycznego + kartonu, wi\u0119c jest to sztywne pude\u0142ko papierowe<\/p>\n<p><strong>Czy mo\u017cemy dostosowa\u0107?<\/strong><\/p>\n<p>Tak, mo\u017cemy dostosowa\u0107 dla Ciebie pude\u0142ko papierowe, aby\u015b m\u00f3g\u0142 wybra\u0107 rozmiar pude\u0142ka, kolor pude\u0142ka i logo.<\/p>\n<p><strong>Czy m\u00f3g\u0142by\u015b zrobi\u0107 dla mnie pr\u00f3bk\u0119?<\/strong><\/p>\n<p>Tak, mo\u017cemy wykona\u0107 pr\u00f3bk\u0119 dla Ciebie, a op\u0142ata za pr\u00f3bk\u0119 zale\u017cy od procesu.<\/p>\n<p><strong>Jak z\u0142o\u017cy\u0107 zam\u00f3wienie?<\/strong><\/p>\n<ol>\n<li>Podaj nam swoje dane<\/li>\n<li>Przedstawiamy wycen\u0119<\/li>\n<li>zrobi\u0107 pr\u00f3bk\u0119<\/li>\n<li>Wp\u0142aci\u0107 depozyt<\/li>\n<li>Produkcja masowa<\/li>\n<li>Pay balacne<\/li>\n<li>Wysy\u0142ka produktu<\/li>\n<\/ol>\n<p>&nbsp;<\/p>\n<p><strong>Co z plikiem projektu?<\/strong><\/p>\n<p>PDF, AI s\u0105 w porz\u0105dku.<\/p>\n<p><strong>Ile jest sposob\u00f3w na wysy\u0142k\u0119, kt\u00f3ry jest lepszy?<\/strong><\/p>\n<p>Drog\u0105 morsk\u0105, ekspresow\u0105, lotnicz\u0105, w zale\u017cno\u015bci od tego, kiedy chcesz otrzyma\u0107 produkcj\u0119 i na podstawie zam\u00f3wionej ilo\u015bci.<\/p>\n<\/div>\n<p>&nbsp;<\/p>\n<\/div>\n<\/div>\n<\/article>\n<\/div>\n<\/div>\n<div class=\"widget block block-static-block\">\n<div class=\"landing-page-section option-bottom\">\n<div class=\"custom-materials-tabs-content container container-adjustment\">\n<div class=\"custom-materials-tab-content active\">\n<div class=\"widget block block-static-block\">\n<div class=\"options-items\">\n<div class=\"flex-grid-row-option\">\n<div class=\"flex-grid-item-option\">\n<div class=\"material-box\">\n<p>&nbsp;<\/p>\n<\/div>\n<\/div>\n<\/div>\n<\/div>\n<p><!---end of option item--><\/p>\n<\/div>\n<\/div>\n<\/div>\n<\/div>\n<\/div>","protected":false},"excerpt":{"rendered":"<p>Mo\u017cesz umie\u015bci\u0107 swoje logo, projekt lub wiadomo\u015b\u0107, aby Twoje pude\u0142ka do pakowania zabawek by\u0142y bardziej spersonalizowane i wyr\u00f3\u017cniaj\u0105ce si\u0119. Kocha nas ponad 5000 du\u017cych i ma\u0142ych marek!<\/p>\n<p>Rodzaj materia\u0142u: Ekologiczne, posiadaj\u0105 certyfikaty FSC\/ISO\/BSCI<br \/>\nCzas produkcji: Pr\u00f3bka 1-3 dni; Luzem 7-9 dni<\/p>","protected":false},"featured_media":4438,"template":"","meta":[],"product_brand":[],"product_cat":[30,423,425,31],"product_tag":[767,771,766],"class_list":{"0":"post-4436","1":"product","2":"type-product","3":"status-publish","4":"has-post-thumbnail","6":"product_cat-by-industry","7":"product_cat-custom-presentation-boxes-by-industry","8":"product_cat-lid-and-base-gift-box","9":"product_cat-paper-box-style","10":"product_tag-boxes-brand-design-maker","11":"product_tag-custom-souvenir-box","12":"product_tag-gift-boxes-brand-design","14":"first","15":"instock","16":"shipping-taxable","17":"product-type-grouped"},"_links":{"self":[{"href":"https:\/\/zojopackaging.com\/pl\/wp-json\/wp\/v2\/product\/4436","targetHints":{"allow":["GET"]}}],"collection":[{"href":"https:\/\/zojopackaging.com\/pl\/wp-json\/wp\/v2\/product"}],"about":[{"href":"https:\/\/zojopackaging.com\/pl\/wp-json\/wp\/v2\/types\/product"}],"version-history":[{"count":3,"href":"https:\/\/zojopackaging.com\/pl\/wp-json\/wp\/v2\/product\/4436\/revisions"}],"predecessor-version":[{"id":8449,"href":"https:\/\/zojopackaging.com\/pl\/wp-json\/wp\/v2\/product\/4436\/revisions\/8449"}],"wp:featuredmedia":[{"embeddable":true,"href":"https:\/\/zojopackaging.com\/pl\/wp-json\/wp\/v2\/media\/4438"}],"wp:attachment":[{"href":"https:\/\/zojopackaging.com\/pl\/wp-json\/wp\/v2\/media?parent=4436"}],"wp:term":[{"taxonomy":"product_brand","embeddable":true,"href":"https:\/\/zojopackaging.com\/pl\/wp-json\/wp\/v2\/product_brand?post=4436"},{"taxonomy":"product_cat","embeddable":true,"href":"https:\/\/zojopackaging.com\/pl\/wp-json\/wp\/v2\/product_cat?post=4436"},{"taxonomy":"product_tag","embeddable":true,"href":"https:\/\/zojopackaging.com\/pl\/wp-json\/wp\/v2\/product_tag?post=4436"}],"curies":[{"name":"wp","href":"https:\/\/api.w.org\/{rel}","templated":true}]}}