{"id":4452,"date":"2024-03-22T14:48:53","date_gmt":"2024-03-22T06:48:53","guid":{"rendered":"https:\/\/zojopackaging.com\/?post_type=product&#038;p=4452"},"modified":"2025-03-27T21:24:39","modified_gmt":"2025-03-27T13:24:39","slug":"earphone-packaging-boxes","status":"publish","type":"product","link":"https:\/\/zojopackaging.com\/pl\/product\/earphone-packaging-boxes\/","title":{"rendered":"Profesjonalne niestandardowe opakowania na s\u0142uchawki Pude\u0142ka na prezenty Eksport"},"content":{"rendered":"<h1 class=\"LC20lb MBeuO DKV0Md\">Profesjonalne niestandardowe opakowania na s\u0142uchawki Pude\u0142ka na prezenty Eksport<\/h1>\n<p>Kszta\u0142tuj unikaln\u0105 osobowo\u015b\u0107 swoich s\u0142uchawek, uzyskuj\u0105c pi\u0119kny wygl\u0105d <strong>Pude\u0142ka do pakowania s\u0142uchawek<\/strong>\u00a0aby je zaprezentowa\u0107. Ca\u0142kowicie usprawnij sw\u00f3j biznes, korzystaj\u0105c z tych modnych rozwi\u0105za\u0144 <strong>Pude\u0142ka do pakowania s\u0142uchawek<\/strong>. Doskona\u0142y\u00a0<em>Niestandardowe pude\u0142ka na s\u0142uchawki<\/em> mo\u017ce mie\u0107 ogromny wp\u0142yw na sprzeda\u017c produkt\u00f3w s\u0142uchawkowych. Nasze opakowania na s\u0142uchawki s\u0105 dost\u0119pne w r\u00f3\u017cnych rozmiarach i stylach. Niestandardowe okno wiolonczeli mo\u017cna doda\u0107 do podgl\u0105du produktu, a inne opcje dekoracji mo\u017cna r\u00f3wnie\u017c doda\u0107, aby uzyska\u0107 efekt wyr\u00f3\u017cniaj\u0105cy.<\/p>\n<h1><strong>Specyfikacja<\/strong><\/h1>\n<table style=\"height: 666px;\" width=\"1070\">\n<tbody>\n<tr>\n<td width=\"373\">Wymiary<\/td>\n<td width=\"373\">Wszystkie niestandardowe rozmiary i kszta\u0142ty<\/td>\n<\/tr>\n<tr>\n<td width=\"373\">MOQ<\/td>\n<td width=\"373\">500szt.<\/td>\n<\/tr>\n<tr>\n<td width=\"373\">Czas pr\u00f3by<\/td>\n<td width=\"373\">3-5 dni<\/td>\n<\/tr>\n<tr>\n<td width=\"373\">Proces domy\u015blny<\/td>\n<td width=\"373\">Sztancowanie, klejenie, nacinanie, perforacja<\/td>\n<\/tr>\n<tr>\n<td width=\"373\">Drukowanie<\/td>\n<td width=\"373\">Cmyk, pms, bez drukowania<\/td>\n<\/tr>\n<tr>\n<td width=\"373\">Opcja materia\u0142u<\/td>\n<td width=\"373\">Bia\u0142y papier kartonowy, papier powlekany, papier artystyczny, papier siarczanowy, ko\u015b\u0107 s\u0142oniowa, tektura dwustronna, papier specjalny itp.<\/td>\n<\/tr>\n<tr>\n<td width=\"373\">Wyko\u0144czenie powierzchni<\/td>\n<td width=\"373\">Laminowanie matowe\/b\u0142yszcz\u0105ce, punktowe UVDebossing, t\u0142oczenie, t\u0142oczenie foli\u0105 itp.<\/td>\n<\/tr>\n<tr>\n<td width=\"373\">Wykorzystanie w przemy\u015ble<\/td>\n<td width=\"373\">kosmetyki, perfumy, odzie\u017c, bi\u017cuteria, tyto\u0144, \u017cywno\u015b\u0107, towary codziennego u\u017cytku,<\/td>\n<\/tr>\n<tr>\n<td width=\"373\">Kontrola jako\u015bci<\/td>\n<td width=\"373\">Zaawansowany sprz\u0119t i do\u015bwiadczony zesp\u00f3\u0142 kontroli jako\u015bci dok\u0142adnie sprawdz\u0105 materia\u0142y, p\u00f3\u0142produkty i gotowe produkty na ka\u017cdym etapie przed ich u\u017cyciem.<\/td>\n<\/tr>\n<tr>\n<td width=\"373\">Cena<\/td>\n<td width=\"373\">Ostateczna cena b\u0119dzie dostosowana do produktu i wymaganej ilo\u015bci<\/td>\n<\/tr>\n<tr>\n<td width=\"373\">Czas zwrotu<\/td>\n<td width=\"373\">7-14 dni roboczych, po\u015bpiech<\/td>\n<\/tr>\n<tr>\n<td width=\"373\">Papier<\/td>\n<td width=\"373\">10pt do 28pt (60lb do 400lb) ekologiczny Kraft, tektura falista e-flute, tektura bux, karton<\/td>\n<\/tr>\n<tr>\n<td width=\"373\">Format grafiki<\/td>\n<td width=\"373\">JPG, PDF, AI, CDR, EPS, GIF....<\/td>\n<\/tr>\n<tr>\n<td width=\"373\">Akcesoria<\/td>\n<td width=\"373\">Magnes, ta\u015bma, forma EVA, plastikowa taca, g\u0105bka, okienko PVC\/PET\/PP,...<\/td>\n<\/tr>\n<tr>\n<td width=\"373\">Termin p\u0142atno\u015bci<\/td>\n<td width=\"373\">T \/ T, Western Union, Paypal, depozyt 30% i saldo 70% przed wysy\u0142k\u0105.<\/td>\n<\/tr>\n<\/tbody>\n<\/table>\n<div><\/div>\n<div class=\"widget block block-static-block\">\n<div class=\"landing-page-section option-bottom\">\n<div class=\"custom-materials-tabs-content container container-adjustment\">\n<div class=\"custom-materials-tab-content active\">\n<div class=\"widget block block-static-block\">\n<div class=\"options-items\">\n<div class=\"flex-grid-row-option\">\n<div class=\"flex-grid-item-option\">\n<div class=\"material-box\">\n<div class=\"material-des\">\n<h1><strong>FAQ<\/strong><\/h1>\n<p><strong>Czy jeste\u015b w fabryce?<\/strong><\/p>\n<p>Tak, jeste\u015bmy fabryk\u0105, jeste\u015bmy profesjonalnym producentem pude\u0142ek papierowych i toreb papierowych.<\/p>\n<p><strong>Czy mo\u017ce by\u0107 dostarczany z p\u0142askim?<\/strong><\/p>\n<p>Nie, jest wykonany z papieru artystycznego + kartonu, wi\u0119c jest to sztywne pude\u0142ko papierowe<\/p>\n<p><strong>Czy mo\u017cemy dostosowa\u0107?<\/strong><\/p>\n<p>Tak, mo\u017cemy dostosowa\u0107 dla Ciebie pude\u0142ko papierowe, aby\u015b m\u00f3g\u0142 wybra\u0107 rozmiar pude\u0142ka, kolor pude\u0142ka i logo.<\/p>\n<p><strong>Czy m\u00f3g\u0142by\u015b zrobi\u0107 dla mnie pr\u00f3bk\u0119?<\/strong><\/p>\n<p>Tak, mo\u017cemy wykona\u0107 pr\u00f3bk\u0119 dla Ciebie, a op\u0142ata za pr\u00f3bk\u0119 zale\u017cy od procesu.<\/p>\n<p><strong>Jak z\u0142o\u017cy\u0107 zam\u00f3wienie?<\/strong><\/p>\n<ol>\n<li>Podaj nam swoje dane<\/li>\n<li>Przedstawiamy wycen\u0119<\/li>\n<li>zrobi\u0107 pr\u00f3bk\u0119<\/li>\n<li>Wp\u0142aci\u0107 depozyt<\/li>\n<li>Produkcja masowa<\/li>\n<li>Pay balacne<\/li>\n<li>Wysy\u0142ka produktu<\/li>\n<\/ol>\n<p><strong>Co z plikiem projektu?<\/strong><\/p>\n<p>PDF, AI s\u0105 w porz\u0105dku.<\/p>\n<p><strong>Ile jest sposob\u00f3w na wysy\u0142k\u0119, kt\u00f3ry jest lepszy?<\/strong><\/p>\n<p>Drog\u0105 morsk\u0105, ekspresow\u0105, lotnicz\u0105, w zale\u017cno\u015bci od tego, kiedy chcesz otrzyma\u0107 produkcj\u0119 i na podstawie zam\u00f3wionej ilo\u015bci.<\/p>\n<\/div>\n<\/div>\n<\/div>\n<\/div>\n<\/div>\n<\/div>\n<\/div>\n<\/div>\n<\/div>\n<\/div>\n<div class=\"widget block block-static-block\">\n<div class=\"landing-page-section option-bottom\">\n<div class=\"custom-materials-tabs-content container container-adjustment\">\n<div class=\"custom-materials-tab-content active\">\n<div class=\"widget block block-static-block\">\n<div class=\"options-items\">\n<div class=\"flex-grid-row-option\">\n<div class=\"flex-grid-item-option\"><\/div>\n<\/div>\n<\/div>\n<p><!---end of option item--><\/p>\n<\/div>\n<\/div>\n<\/div>\n<\/div>\n<\/div>","protected":false},"excerpt":{"rendered":"<p>-Twoje pude\u0142ko b\u0119dzie: Sztywne, ochronne, z wyra\u017anym nadrukiem, wodoodporne<br \/>\n-Rodzaj materia\u0142u: Ekologiczny, posiada certyfikaty FSC, ISO, BSCI<br \/>\n-Dostosowanie: Mo\u017ce niestandardowy rozmiar \/ nadruk \/ materia\u0142 \/ wyko\u0144czenie \/ kszta\u0142t itp.<br \/>\n-Czas produkcji: Pr\u00f3bka 1-3 dni; Bulk 7-9 dni Czas wysy\u0142ki: Express 3-7 dni; Air 12-16 dni; Boat 25-30 dni\uff08R\u00f3\u017cne kraje maj\u0105 r\u00f3\u017cne czasy)<br \/>\n-Cena: Skontaktuj si\u0119 z nami, aby wys\u0142a\u0107 zapytanie<\/p>","protected":false},"featured_media":4457,"template":"","meta":[],"product_brand":[],"product_cat":[30,413,425,31],"product_tag":[259,263,608,609,607],"class_list":{"0":"post-4452","1":"product","2":"type-product","3":"status-publish","4":"has-post-thumbnail","6":"product_cat-by-industry","7":"product_cat-consumer-electronics-boxes","8":"product_cat-lid-and-base-gift-box","9":"product_cat-paper-box-style","10":"product_tag-custom-electronics-boxes","11":"product_tag-custom-headphone-boxes","12":"product_tag-earphone-boxes","13":"product_tag-gift-boxes-export","14":"product_tag-professional-customized-boxes","16":"first","17":"instock","18":"shipping-taxable","19":"product-type-grouped"},"_links":{"self":[{"href":"https:\/\/zojopackaging.com\/pl\/wp-json\/wp\/v2\/product\/4452","targetHints":{"allow":["GET"]}}],"collection":[{"href":"https:\/\/zojopackaging.com\/pl\/wp-json\/wp\/v2\/product"}],"about":[{"href":"https:\/\/zojopackaging.com\/pl\/wp-json\/wp\/v2\/types\/product"}],"version-history":[{"count":2,"href":"https:\/\/zojopackaging.com\/pl\/wp-json\/wp\/v2\/product\/4452\/revisions"}],"predecessor-version":[{"id":8210,"href":"https:\/\/zojopackaging.com\/pl\/wp-json\/wp\/v2\/product\/4452\/revisions\/8210"}],"wp:featuredmedia":[{"embeddable":true,"href":"https:\/\/zojopackaging.com\/pl\/wp-json\/wp\/v2\/media\/4457"}],"wp:attachment":[{"href":"https:\/\/zojopackaging.com\/pl\/wp-json\/wp\/v2\/media?parent=4452"}],"wp:term":[{"taxonomy":"product_brand","embeddable":true,"href":"https:\/\/zojopackaging.com\/pl\/wp-json\/wp\/v2\/product_brand?post=4452"},{"taxonomy":"product_cat","embeddable":true,"href":"https:\/\/zojopackaging.com\/pl\/wp-json\/wp\/v2\/product_cat?post=4452"},{"taxonomy":"product_tag","embeddable":true,"href":"https:\/\/zojopackaging.com\/pl\/wp-json\/wp\/v2\/product_tag?post=4452"}],"curies":[{"name":"wp","href":"https:\/\/api.w.org\/{rel}","templated":true}]}}