{"id":4459,"date":"2024-03-22T14:54:30","date_gmt":"2024-03-22T06:54:30","guid":{"rendered":"https:\/\/zojopackaging.com\/?post_type=product&#038;p=4459"},"modified":"2025-03-24T16:13:16","modified_gmt":"2025-03-24T08:13:16","slug":"wireless-earbuds-packaging-box","status":"publish","type":"product","link":"https:\/\/zojopackaging.com\/pl\/product\/wireless-earbuds-packaging-box\/","title":{"rendered":"Niestandardowe pude\u0142ka do pakowania s\u0142uchawek Bluetooth Fabryka"},"content":{"rendered":"<h1 class=\"self-content-pre-ca33f6\">Niestandardowe pude\u0142ka do pakowania s\u0142uchawek Bluetooth Fabryka<\/h1>\n<p>Pude\u0142ko na bezprzewodowe s\u0142uchawki douszne zosta\u0142o specjalnie zaprojektowane, aby zapewni\u0107 bezpieczne i atrakcyjne wizualnie rozwi\u0105zanie do pakowania bezprzewodowych s\u0142uchawek dousznych.<\/p>\n<p>Opakowanie bezprzewodowych s\u0142uchawek dousznych ma zazwyczaj kompaktow\u0105 i lekk\u0105 konstrukcj\u0119, dzi\u0119ki czemu jest wygodne do przechowywania i transportu. Pude\u0142ko mo\u017ce zawiera\u0107 przezroczyste okienko lub przezroczysty panel, aby zaprezentowa\u0107 s\u0142uchawki douszne, umo\u017cliwiaj\u0105c klientom obejrzenie produktu przed dokonaniem zakupu.<\/p>\n<p>Opr\u00f3cz estetycznego wygl\u0105du, opakowanie Wireless Earbuds zapewnia ochron\u0119 s\u0142uchawek podczas transportu i przenoszenia. Wytrzyma\u0142e materia\u0142y u\u017cyte w konstrukcji pude\u0142ka pomagaj\u0105 zapobiega\u0107 uszkodzeniom i zapewniaj\u0105, \u017ce s\u0142uchawki douszne dotr\u0105 do klienta w nieskazitelnym stanie.<\/p>\n<p>Ponadto opakowanie mo\u017ce zawiera\u0107 przegr\u00f3dki lub wk\u0142adki do przechowywania akcesori\u00f3w, takich jak kable do \u0142adowania, ko\u0144c\u00f3wki douszne i instrukcje obs\u0142ugi. Pomaga to utrzyma\u0107 porz\u0105dek w zawarto\u015bci i zapewnia klientowi kompletne wra\u017cenia z rozpakowywania.<\/p>\n<h1><strong>Specyfikacja<\/strong><\/h1>\n<table style=\"border-collapse: collapse; width: 759.02pt;\" border=\"0\" width=\"1012\" cellspacing=\"0\" cellpadding=\"0\">\n<tbody>\n<tr style=\"height: 16.50pt;\">\n<td class=\"et3\" style=\"height: 16.50pt; width: 379.50pt;\" width=\"506\" height=\"22\">Wymiary<\/td>\n<td class=\"et3\" style=\"width: 379.50pt;\" width=\"506\">Wszystkie niestandardowe rozmiary i kszta\u0142ty<\/td>\n<\/tr>\n<tr style=\"height: 16.50pt;\">\n<td class=\"et3\" style=\"height: 16.50pt;\" height=\"22\">Min. ilo\u015b\u0107<\/td>\n<td class=\"et3\">500 szt.<\/td>\n<\/tr>\n<tr style=\"height: 16.50pt;\">\n<td class=\"et3\" style=\"height: 16.50pt;\" height=\"22\">Proces domy\u015blny<\/td>\n<td class=\"et3\">Sztancowanie, klejenie, nacinanie, perforacja<\/td>\n<\/tr>\n<tr style=\"height: 16.50pt;\">\n<td class=\"et3\" style=\"height: 16.50pt;\" height=\"22\">Drukowanie<\/td>\n<td class=\"et3\">Cmyk, pms, bez drukowania<\/td>\n<\/tr>\n<tr style=\"height: 16.50pt;\">\n<td class=\"et3\" style=\"height: 16.50pt;\" height=\"22\">Opcja materia\u0142u<\/td>\n<td class=\"et3\">Bia\u0142y papier kartonowy, papier powlekany, papier artystyczny, papier siarczanowy, ko\u015b\u0107 s\u0142oniowa, tektura dwustronna, papier specjalny itp.<\/td>\n<\/tr>\n<tr style=\"height: 17.25pt;\">\n<td class=\"et3\" style=\"height: 17.25pt;\" height=\"23\">Wyko\u0144czenie powierzchni<\/td>\n<td class=\"et4\" style=\"width: 379.50pt;\" width=\"506\">Laminowanie matowe\/b\u0142yszcz\u0105ce, punktowe UVDebossing, t\u0142oczenie, t\u0142oczenie foli\u0105 itp.<\/td>\n<\/tr>\n<tr style=\"height: 17.25pt;\">\n<td class=\"et4\" style=\"height: 17.25pt; width: 379.50pt;\" width=\"506\" height=\"23\">Wykorzystanie w przemy\u015ble<\/td>\n<td class=\"et4\" style=\"width: 379.50pt;\" width=\"506\">kosmetyki, perfumy, odzie\u017c, bi\u017cuteria, tyto\u0144, \u017cywno\u015b\u0107, towary codziennego u\u017cytku,<\/td>\n<\/tr>\n<tr style=\"height: 34.50pt;\">\n<td class=\"et4\" style=\"height: 34.50pt; width: 379.50pt;\" width=\"506\" height=\"46\">Kontrola jako\u015bci<\/td>\n<td class=\"et4\" style=\"width: 379.50pt;\" width=\"506\">Zaawansowany sprz\u0119t i do\u015bwiadczony zesp\u00f3\u0142 kontroli jako\u015bci dok\u0142adnie sprawdz\u0105 materia\u0142y, p\u00f3\u0142produkty i gotowe produkty na ka\u017cdym etapie przed ich u\u017cyciem.<\/td>\n<\/tr>\n<tr style=\"height: 34.50pt;\">\n<td class=\"et4\" style=\"height: 34.50pt; width: 379.50pt;\" width=\"506\" height=\"46\">Cena<\/td>\n<td class=\"et4\" style=\"width: 379.50pt;\" width=\"506\">Ostateczna cena b\u0119dzie dostosowana do produktu i wymaganej ilo\u015bci<\/td>\n<\/tr>\n<tr style=\"height: 16.50pt;\">\n<td class=\"et3\" style=\"height: 16.50pt;\" height=\"22\">Czas zwrotu<\/td>\n<td class=\"et3\">7-14 dni roboczych, po\u015bpiech<\/td>\n<\/tr>\n<tr style=\"height: 16.50pt;\">\n<td class=\"et3\" style=\"height: 16.50pt;\" height=\"22\">Papier<\/td>\n<td class=\"et3\">10pt do 28pt (60lb do 400lb) ekologiczny Kraft, tektura falista e-flute, tektura bux, karton<\/td>\n<\/tr>\n<tr style=\"height: 16.50pt;\">\n<td class=\"et3\" style=\"height: 16.50pt;\" height=\"22\">Dow\u00f3d<\/td>\n<td class=\"et3\">Widok p\u0142aski, makieta 3D, pr\u00f3bkowanie fizyczne (na \u017c\u0105danie)<\/td>\n<\/tr>\n<\/tbody>\n<\/table>\n<p>&nbsp;<\/p>\n<div class=\"widget block block-static-block\">\n<div class=\"landing-page-section option-bottom\">\n<div class=\"custom-materials-tabs-content container container-adjustment\">\n<div class=\"custom-materials-tab-content active\">\n<div class=\"widget block block-static-block\">\n<div class=\"options-items\">\n<div class=\"flex-grid-row-option\">\n<div class=\"flex-grid-item-option\">\n<div class=\"material-box\">\n<div class=\"material-des\">\n<p>&nbsp;<\/p>\n<\/div>\n<p>&nbsp;<\/p>\n<\/div>\n<\/div>\n<\/div>\n<\/div>\n<p><!---end of option item--><\/p>\n<\/div>\n<\/div>\n<\/div>\n<\/div>\n<\/div>","protected":false},"excerpt":{"rendered":"<p>Spersonalizowana pokrywa i podstawa s\u0142uchawek bezprzewodowych, elastyczny rozmiar pasuj\u0105cy do wszystkich typ\u00f3w modeli, per\u0142owa bawe\u0142niana podszewka zapewniaj\u0105ca inteligentn\u0105 ochron\u0119 kszta\u0142tu, bezpo\u015brednia dostawa z chi\u0144skiej fabryki z technologi\u0105 wycinania bez szablon\u00f3w.<\/p>","protected":false},"featured_media":4461,"template":"","meta":[],"product_brand":[],"product_cat":[30,413,425,31],"product_tag":[563,565,564],"class_list":{"0":"post-4459","1":"product","2":"type-product","3":"status-publish","4":"has-post-thumbnail","6":"product_cat-by-industry","7":"product_cat-consumer-electronics-boxes","8":"product_cat-lid-and-base-gift-box","9":"product_cat-paper-box-style","10":"product_tag-bluetooth-headset-packaging","11":"product_tag-headset-boxes-factory","12":"product_tag-headset-headphone-packaging","14":"first","15":"instock","16":"shipping-taxable","17":"product-type-grouped"},"_links":{"self":[{"href":"https:\/\/zojopackaging.com\/pl\/wp-json\/wp\/v2\/product\/4459","targetHints":{"allow":["GET"]}}],"collection":[{"href":"https:\/\/zojopackaging.com\/pl\/wp-json\/wp\/v2\/product"}],"about":[{"href":"https:\/\/zojopackaging.com\/pl\/wp-json\/wp\/v2\/types\/product"}],"version-history":[{"count":2,"href":"https:\/\/zojopackaging.com\/pl\/wp-json\/wp\/v2\/product\/4459\/revisions"}],"predecessor-version":[{"id":8105,"href":"https:\/\/zojopackaging.com\/pl\/wp-json\/wp\/v2\/product\/4459\/revisions\/8105"}],"wp:featuredmedia":[{"embeddable":true,"href":"https:\/\/zojopackaging.com\/pl\/wp-json\/wp\/v2\/media\/4461"}],"wp:attachment":[{"href":"https:\/\/zojopackaging.com\/pl\/wp-json\/wp\/v2\/media?parent=4459"}],"wp:term":[{"taxonomy":"product_brand","embeddable":true,"href":"https:\/\/zojopackaging.com\/pl\/wp-json\/wp\/v2\/product_brand?post=4459"},{"taxonomy":"product_cat","embeddable":true,"href":"https:\/\/zojopackaging.com\/pl\/wp-json\/wp\/v2\/product_cat?post=4459"},{"taxonomy":"product_tag","embeddable":true,"href":"https:\/\/zojopackaging.com\/pl\/wp-json\/wp\/v2\/product_tag?post=4459"}],"curies":[{"name":"wp","href":"https:\/\/api.w.org\/{rel}","templated":true}]}}