{"id":4480,"date":"2024-03-22T15:14:04","date_gmt":"2024-03-22T07:14:04","guid":{"rendered":"https:\/\/zojopackaging.com\/?post_type=product&#038;p=4480"},"modified":"2025-03-24T14:13:18","modified_gmt":"2025-03-24T06:13:18","slug":"customized-soap-boxes","status":"publish","type":"product","link":"https:\/\/zojopackaging.com\/pl\/product\/customized-soap-boxes\/","title":{"rendered":"Profesjonalna dystrybucja niestandardowych pude\u0142ek na \u015bwiece z nadrukiem"},"content":{"rendered":"<h1 class=\"self-content-pre-ca33f6\">Profesjonalna dystrybucja mydelniczek z nadrukiem na zam\u00f3wienie<\/h1>\n<p>Aromatherapy Packaging Box to specjalnie zaprojektowany pojemnik, kt\u00f3ry zapewnia bezpieczne i atrakcyjne wizualnie rozwi\u0105zanie do pakowania produkt\u00f3w do aromaterapii, takich jak olejki eteryczne, dyfuzory, \u015bwiece i inne powi\u0105zane przedmioty.<\/p>\n<p>Projekt opakowania do aromaterapii jest cz\u0119sto uspokajaj\u0105cy i koj\u0105cy, odzwierciedlaj\u0105c charakter produkt\u00f3w do aromaterapii i ich przeznaczenie. Pude\u0142ko mo\u017ce zawiera\u0107 naturalne elementy, delikatne kolory i spokojne obrazy, aby stworzy\u0107 poczucie relaksu i dobrego samopoczucia.<\/p>\n<p>Wykonane z wysokiej jako\u015bci materia\u0142\u00f3w opakowanie Aromatherapy Packaging Box zapewnia trwa\u0142o\u015b\u0107 i ochron\u0119 delikatnych produkt\u00f3w do aromaterapii. Pude\u0142ko zosta\u0142o zaprojektowane tak, aby chroni\u0107 produkty przed uszkodzeniami zewn\u0119trznymi, zapewniaj\u0105c, \u017ce dotr\u0105 one do klienta w idealnym stanie.<\/p>\n<p>Ponadto opakowanie mo\u017ce zawiera\u0107 przegr\u00f3dki, przek\u0142adki lub wk\u0142adki do bezpiecznego przechowywania i organizowania produkt\u00f3w do aromaterapii. Pomaga to zapobiega\u0107 przesuwaniu si\u0119 przedmiot\u00f3w podczas transportu i zapewnia schludn\u0105 i uporz\u0105dkowan\u0105 prezentacj\u0119 po otwarciu pude\u0142ka.<\/p>\n<h1><strong>Specyfikacja<\/strong><\/h1>\n<table style=\"border-collapse: collapse; width: 759.02pt;\" border=\"0\" width=\"1012\" cellspacing=\"0\" cellpadding=\"0\">\n<tbody>\n<tr style=\"height: 16.50pt;\">\n<td class=\"et3\" style=\"height: 16.50pt; width: 379.50pt;\" width=\"506\" height=\"22\">Wymiary<\/td>\n<td class=\"et3\" style=\"width: 379.50pt;\" width=\"506\">Wszystkie niestandardowe rozmiary i kszta\u0142ty<\/td>\n<\/tr>\n<tr style=\"height: 16.50pt;\">\n<td class=\"et3\" style=\"height: 16.50pt;\" height=\"22\">Min. ilo\u015b\u0107<\/td>\n<td class=\"et3\">500 szt.<\/td>\n<\/tr>\n<tr style=\"height: 16.50pt;\">\n<td class=\"et3\" style=\"height: 16.50pt;\" height=\"22\">Proces domy\u015blny<\/td>\n<td class=\"et3\">Sztancowanie, klejenie, nacinanie, perforacja<\/td>\n<\/tr>\n<tr style=\"height: 16.50pt;\">\n<td class=\"et3\" style=\"height: 16.50pt;\" height=\"22\">Drukowanie<\/td>\n<td class=\"et3\">Cmyk, pms, bez drukowania<\/td>\n<\/tr>\n<tr style=\"height: 16.50pt;\">\n<td class=\"et3\" style=\"height: 16.50pt;\" height=\"22\">Opcja materia\u0142u<\/td>\n<td class=\"et3\">Bia\u0142y papier kartonowy, papier powlekany, papier artystyczny, papier siarczanowy, ko\u015b\u0107 s\u0142oniowa, tektura dwustronna, papier specjalny itp.<\/td>\n<\/tr>\n<tr style=\"height: 17.25pt;\">\n<td class=\"et3\" style=\"height: 17.25pt;\" height=\"23\">Wyko\u0144czenie powierzchni<\/td>\n<td class=\"et4\" style=\"width: 379.50pt;\" width=\"506\">Laminowanie matowe\/b\u0142yszcz\u0105ce, punktowe UVDebossing, t\u0142oczenie, t\u0142oczenie foli\u0105 itp.<\/td>\n<\/tr>\n<tr style=\"height: 17.25pt;\">\n<td class=\"et4\" style=\"height: 17.25pt; width: 379.50pt;\" width=\"506\" height=\"23\">Wykorzystanie w przemy\u015ble<\/td>\n<td class=\"et4\" style=\"width: 379.50pt;\" width=\"506\">kosmetyki, perfumy, odzie\u017c, bi\u017cuteria, tyto\u0144, \u017cywno\u015b\u0107, towary codziennego u\u017cytku,<\/td>\n<\/tr>\n<tr style=\"height: 34.50pt;\">\n<td class=\"et4\" style=\"height: 34.50pt; width: 379.50pt;\" width=\"506\" height=\"46\">Kontrola jako\u015bci<\/td>\n<td class=\"et4\" style=\"width: 379.50pt;\" width=\"506\">Zaawansowany sprz\u0119t i do\u015bwiadczony zesp\u00f3\u0142 kontroli jako\u015bci dok\u0142adnie sprawdz\u0105 materia\u0142y, p\u00f3\u0142produkty i gotowe produkty na ka\u017cdym etapie przed ich u\u017cyciem.<\/td>\n<\/tr>\n<tr style=\"height: 34.50pt;\">\n<td class=\"et4\" style=\"height: 34.50pt; width: 379.50pt;\" width=\"506\" height=\"46\">Cena<\/td>\n<td class=\"et4\" style=\"width: 379.50pt;\" width=\"506\">Ostateczna cena b\u0119dzie dostosowana do produktu i wymaganej ilo\u015bci<\/td>\n<\/tr>\n<tr style=\"height: 16.50pt;\">\n<td class=\"et3\" style=\"height: 16.50pt;\" height=\"22\">Czas zwrotu<\/td>\n<td class=\"et3\">7-14 dni roboczych, po\u015bpiech<\/td>\n<\/tr>\n<tr style=\"height: 16.50pt;\">\n<td class=\"et3\" style=\"height: 16.50pt;\" height=\"22\">Papier<\/td>\n<td class=\"et3\">10pt do 28pt (60lb do 400lb) ekologiczny Kraft, tektura falista e-flute, tektura bux, karton<\/td>\n<\/tr>\n<tr style=\"height: 16.50pt;\">\n<td class=\"et3\" style=\"height: 16.50pt;\" height=\"22\">Dow\u00f3d<\/td>\n<td class=\"et3\">Widok p\u0142aski, makieta 3D, pr\u00f3bkowanie fizyczne (na \u017c\u0105danie)<\/td>\n<\/tr>\n<\/tbody>\n<\/table>\n<div class=\"widget block block-static-block\">\n<div class=\"landing-page-section option-bottom\">\n<div class=\"custom-materials-tabs-content container container-adjustment\">\n<div class=\"custom-materials-tab-content active\">\n<div class=\"widget block block-static-block\">\n<div class=\"options-items\">\n<div class=\"flex-grid-row-option\">\n<div class=\"flex-grid-item-option\">\n<div class=\"material-box\">\n<p>&nbsp;<\/p>\n<\/div>\n<\/div>\n<\/div>\n<\/div>\n<p><!---end of option item--><\/p>\n<\/div>\n<\/div>\n<\/div>\n<\/div>\n<\/div>","protected":false},"excerpt":{"rendered":"<p>Dostosowana pokrywa \u015bwiecy i pude\u0142ko podstawowe, pe\u0142nowymiarowa elastyczna adaptacja, ekskluzywna podszewka zapewniaj\u0105ca precyzyjn\u0105 ochron\u0119. Technologia laminowania matowego w chi\u0144skiej fabryce + pe\u0142nokolorowy druk w wysokiej rozdzielczo\u015bci w celu uzyskania prezentacji tekstury bez r\u00f3\u017cnicy kolor\u00f3w<\/p>","protected":false},"featured_media":4486,"template":"","meta":[],"product_brand":[],"product_cat":[30,416,425,31],"product_tag":[550,549,551],"class_list":{"0":"post-4480","1":"product","2":"type-product","3":"status-publish","4":"has-post-thumbnail","6":"product_cat-by-industry","7":"product_cat-custom-candle-boxes","8":"product_cat-lid-and-base-gift-box","9":"product_cat-paper-box-style","10":"product_tag-candle-boxes-distribution","11":"product_tag-custom-candle-boxes","12":"product_tag-custom-printed-candle-boxes","14":"first","15":"instock","16":"shipping-taxable","17":"product-type-grouped"},"_links":{"self":[{"href":"https:\/\/zojopackaging.com\/pl\/wp-json\/wp\/v2\/product\/4480","targetHints":{"allow":["GET"]}}],"collection":[{"href":"https:\/\/zojopackaging.com\/pl\/wp-json\/wp\/v2\/product"}],"about":[{"href":"https:\/\/zojopackaging.com\/pl\/wp-json\/wp\/v2\/types\/product"}],"version-history":[{"count":2,"href":"https:\/\/zojopackaging.com\/pl\/wp-json\/wp\/v2\/product\/4480\/revisions"}],"predecessor-version":[{"id":8099,"href":"https:\/\/zojopackaging.com\/pl\/wp-json\/wp\/v2\/product\/4480\/revisions\/8099"}],"wp:featuredmedia":[{"embeddable":true,"href":"https:\/\/zojopackaging.com\/pl\/wp-json\/wp\/v2\/media\/4486"}],"wp:attachment":[{"href":"https:\/\/zojopackaging.com\/pl\/wp-json\/wp\/v2\/media?parent=4480"}],"wp:term":[{"taxonomy":"product_brand","embeddable":true,"href":"https:\/\/zojopackaging.com\/pl\/wp-json\/wp\/v2\/product_brand?post=4480"},{"taxonomy":"product_cat","embeddable":true,"href":"https:\/\/zojopackaging.com\/pl\/wp-json\/wp\/v2\/product_cat?post=4480"},{"taxonomy":"product_tag","embeddable":true,"href":"https:\/\/zojopackaging.com\/pl\/wp-json\/wp\/v2\/product_tag?post=4480"}],"curies":[{"name":"wp","href":"https:\/\/api.w.org\/{rel}","templated":true}]}}