{"id":4525,"date":"2024-03-22T16:13:40","date_gmt":"2024-03-22T08:13:40","guid":{"rendered":"https:\/\/zojopackaging.com\/?post_type=product&#038;p=4525"},"modified":"2025-03-24T15:16:05","modified_gmt":"2025-03-24T07:16:05","slug":"custom-smart-watch-boxes","status":"publish","type":"product","link":"https:\/\/zojopackaging.com\/pl\/product\/custom-smart-watch-boxes\/","title":{"rendered":"Spersonalizowane niestandardowe pude\u0142ka Premium na inteligentne zegarki hurtowo"},"content":{"rendered":"<h1>Zdob\u0105d\u017a nasze spersonalizowane, niestandardowe pude\u0142ka na inteligentne zegarki hurtowo, aby podnie\u015b\u0107 reputacj\u0119 swojej marki<\/h1>\n<p>Nasze niestandardowe pude\u0142ka na inteligentne zegarki s\u0105 wykonane z precyzj\u0105 i staranno\u015bci\u0105, przy u\u017cyciu wysokiej jako\u015bci materia\u0142\u00f3w, kt\u00f3re nie tylko chroni\u0105 cenne produkty, ale tak\u017ce emanuj\u0105 elegancj\u0105 i wyrafinowaniem.<\/p>\n<p>Zaprojektowane z my\u015bl\u0105 o unikalnych potrzebach Twojej marki, pude\u0142ka te mo\u017cna w pe\u0142ni dostosowa\u0107 pod wzgl\u0119dem rozmiaru, kszta\u0142tu, koloru i nadruku. Niezale\u017cnie od tego, czy preferujesz elegancki i minimalistyczny wygl\u0105d, czy odwa\u017cny i \u017cywy design, nasz zesp\u00f3\u0142 do\u015bwiadczonych projektant\u00f3w b\u0119dzie wsp\u00f3\u0142pracowa\u0107 z Tob\u0105, aby stworzy\u0107 rozwi\u0105zanie opakowaniowe, kt\u00f3re odzwierciedla to\u017csamo\u015b\u0107 i warto\u015bci Twojej marki.<\/p>\n<p>Trwa\u0142o\u015b\u0107 naszych inteligentnych pude\u0142ek na zegarki zapewnia bezpiecze\u0144stwo produkt\u00f3w podczas transportu i przechowywania. Wn\u0119trze jest wy\u0142o\u017cone mi\u0119kkimi materia\u0142ami, aby zapobiec zarysowaniom i uszkodzeniom zegark\u00f3w, podczas gdy obudowa zewn\u0119trzna jest wykonana z wytrzyma\u0142ych materia\u0142\u00f3w, kt\u00f3re mog\u0105 wytrzyma\u0107 rygory przenoszenia.<\/p>\n<p>Skorzystaj z naszej pomocy ju\u017c teraz, wybieraj\u0105c numer +86 15017910372 lub mo\u017cesz r\u00f3wnie\u017c skontaktowa\u0107 si\u0119 z nami, wysy\u0142aj\u0105c wiadomo\u015b\u0107 e-mail na adres info@zojoprint.com, aby zarezerwowa\u0107 zam\u00f3wienie i zostawi\u0107 wszystko nam.<\/p>\n<h1><strong>Specyfikacja<\/strong><\/h1>\n<table style=\"border-collapse: collapse; width: 759.02pt;\" border=\"0\" width=\"1012\" cellspacing=\"0\" cellpadding=\"0\">\n<tbody>\n<tr style=\"height: 16.50pt;\">\n<td class=\"et3\" style=\"height: 16.50pt; width: 379.50pt;\" width=\"506\" height=\"22\">Wymiary<\/td>\n<td class=\"et3\" style=\"width: 379.50pt;\" width=\"506\">Wszystkie niestandardowe rozmiary i kszta\u0142ty<\/td>\n<\/tr>\n<tr style=\"height: 16.50pt;\">\n<td class=\"et3\" style=\"height: 16.50pt;\" height=\"22\">Min. ilo\u015b\u0107<\/td>\n<td class=\"et3\">500 szt.<\/td>\n<\/tr>\n<tr style=\"height: 16.50pt;\">\n<td class=\"et3\" style=\"height: 16.50pt;\" height=\"22\">Proces domy\u015blny<\/td>\n<td class=\"et3\">Sztancowanie, klejenie, nacinanie, perforacja<\/td>\n<\/tr>\n<tr style=\"height: 16.50pt;\">\n<td class=\"et3\" style=\"height: 16.50pt;\" height=\"22\">Drukowanie<\/td>\n<td class=\"et3\">Cmyk, pms, bez drukowania<\/td>\n<\/tr>\n<tr style=\"height: 16.50pt;\">\n<td class=\"et3\" style=\"height: 16.50pt;\" height=\"22\">Opcja materia\u0142u<\/td>\n<td class=\"et3\">Bia\u0142y papier kartonowy, papier powlekany, papier artystyczny, papier siarczanowy, ko\u015b\u0107 s\u0142oniowa, tektura dwustronna, papier specjalny itp.<\/td>\n<\/tr>\n<tr style=\"height: 17.25pt;\">\n<td class=\"et3\" style=\"height: 17.25pt;\" height=\"23\">Wyko\u0144czenie powierzchni<\/td>\n<td class=\"et4\" style=\"width: 379.50pt;\" width=\"506\">Laminowanie matowe\/b\u0142yszcz\u0105ce, punktowe UVDebossing, t\u0142oczenie, t\u0142oczenie foli\u0105 itp.<\/td>\n<\/tr>\n<tr style=\"height: 17.25pt;\">\n<td class=\"et4\" style=\"height: 17.25pt; width: 379.50pt;\" width=\"506\" height=\"23\">Wykorzystanie w przemy\u015ble<\/td>\n<td class=\"et4\" style=\"width: 379.50pt;\" width=\"506\">kosmetyki, perfumy, odzie\u017c, bi\u017cuteria, tyto\u0144, \u017cywno\u015b\u0107, towary codziennego u\u017cytku,<\/td>\n<\/tr>\n<tr style=\"height: 34.50pt;\">\n<td class=\"et4\" style=\"height: 34.50pt; width: 379.50pt;\" width=\"506\" height=\"46\">Kontrola jako\u015bci<\/td>\n<td class=\"et4\" style=\"width: 379.50pt;\" width=\"506\">Zaawansowany sprz\u0119t i do\u015bwiadczony zesp\u00f3\u0142 kontroli jako\u015bci dok\u0142adnie sprawdz\u0105 materia\u0142y, p\u00f3\u0142produkty i gotowe produkty na ka\u017cdym etapie przed ich u\u017cyciem.<\/td>\n<\/tr>\n<tr style=\"height: 34.50pt;\">\n<td class=\"et4\" style=\"height: 34.50pt; width: 379.50pt;\" width=\"506\" height=\"46\">Cena<\/td>\n<td class=\"et4\" style=\"width: 379.50pt;\" width=\"506\">Ostateczna cena b\u0119dzie dostosowana do produktu i wymaganej ilo\u015bci<\/td>\n<\/tr>\n<tr style=\"height: 16.50pt;\">\n<td class=\"et3\" style=\"height: 16.50pt;\" height=\"22\">Czas zwrotu<\/td>\n<td class=\"et3\">7-14 dni roboczych, po\u015bpiech<\/td>\n<\/tr>\n<tr style=\"height: 16.50pt;\">\n<td class=\"et3\" style=\"height: 16.50pt;\" height=\"22\">Papier<\/td>\n<td class=\"et3\">10pt do 28pt (60lb do 400lb) ekologiczny Kraft, tektura falista e-flute, tektura bux, karton<\/td>\n<\/tr>\n<tr style=\"height: 16.50pt;\">\n<td class=\"et3\" style=\"height: 16.50pt;\" height=\"22\">Dow\u00f3d<\/td>\n<td class=\"et3\">Widok p\u0142aski, makieta 3D, pr\u00f3bkowanie fizyczne (na \u017c\u0105danie)<\/td>\n<\/tr>\n<\/tbody>\n<\/table>\n<p>&nbsp;<\/p>\n<div class=\"widget block block-static-block\">\n<div class=\"landing-page-section option-bottom\">\n<div class=\"custom-materials-tabs-content container container-adjustment\">\n<div class=\"custom-materials-tab-content active\">\n<div class=\"widget block block-static-block\">\n<div class=\"options-items\">\n<div class=\"flex-grid-row-option\">\n<div class=\"flex-grid-item-option\">\n<div class=\"material-box\">\n<div class=\"material-des\">\n<p>&nbsp;<\/p>\n<\/div>\n<p>&nbsp;<\/p>\n<\/div>\n<\/div>\n<\/div>\n<\/div>\n<p><!---end of option item--><\/p>\n<\/div>\n<\/div>\n<\/div>\n<\/div>\n<\/div>","protected":false},"excerpt":{"rendered":"<p>Dostosowane pude\u0142ko na inteligentny zegarek z pokrywk\u0105 i podstaw\u0105, elastyczne, aby pasowa\u0142o do wszystkich rozmiar\u00f3w, bezpo\u015brednia dostawa z chi\u0144skiej fabryki, zapewnienie jako\u015bci<\/p>","protected":false},"featured_media":4527,"template":"","meta":[],"product_brand":[],"product_cat":[30,413,425,31],"product_tag":[299,558,559],"class_list":{"0":"post-4525","1":"product","2":"type-product","3":"status-publish","4":"has-post-thumbnail","6":"product_cat-by-industry","7":"product_cat-consumer-electronics-boxes","8":"product_cat-lid-and-base-gift-box","9":"product_cat-paper-box-style","10":"product_tag-custom-smart-watch-boxes","11":"product_tag-premium-smart-watch-boxes","12":"product_tag-watch-boxes-wholesale","14":"first","15":"instock","16":"shipping-taxable","17":"product-type-grouped"},"_links":{"self":[{"href":"https:\/\/zojopackaging.com\/pl\/wp-json\/wp\/v2\/product\/4525","targetHints":{"allow":["GET"]}}],"collection":[{"href":"https:\/\/zojopackaging.com\/pl\/wp-json\/wp\/v2\/product"}],"about":[{"href":"https:\/\/zojopackaging.com\/pl\/wp-json\/wp\/v2\/types\/product"}],"version-history":[{"count":2,"href":"https:\/\/zojopackaging.com\/pl\/wp-json\/wp\/v2\/product\/4525\/revisions"}],"predecessor-version":[{"id":8103,"href":"https:\/\/zojopackaging.com\/pl\/wp-json\/wp\/v2\/product\/4525\/revisions\/8103"}],"wp:featuredmedia":[{"embeddable":true,"href":"https:\/\/zojopackaging.com\/pl\/wp-json\/wp\/v2\/media\/4527"}],"wp:attachment":[{"href":"https:\/\/zojopackaging.com\/pl\/wp-json\/wp\/v2\/media?parent=4525"}],"wp:term":[{"taxonomy":"product_brand","embeddable":true,"href":"https:\/\/zojopackaging.com\/pl\/wp-json\/wp\/v2\/product_brand?post=4525"},{"taxonomy":"product_cat","embeddable":true,"href":"https:\/\/zojopackaging.com\/pl\/wp-json\/wp\/v2\/product_cat?post=4525"},{"taxonomy":"product_tag","embeddable":true,"href":"https:\/\/zojopackaging.com\/pl\/wp-json\/wp\/v2\/product_tag?post=4525"}],"curies":[{"name":"wp","href":"https:\/\/api.w.org\/{rel}","templated":true}]}}