{"id":4533,"date":"2024-03-22T16:30:33","date_gmt":"2024-03-22T08:30:33","guid":{"rendered":"https:\/\/zojopackaging.com\/?post_type=product&#038;p=4533"},"modified":"2025-03-27T21:29:29","modified_gmt":"2025-03-27T13:29:29","slug":"tableware-gift-packaging-box","status":"publish","type":"product","link":"https:\/\/zojopackaging.com\/pl\/product\/tableware-gift-packaging-box\/","title":{"rendered":"Niestandardowa 3-warstwowa fabryka organizator\u00f3w suwak\u00f3w \u017cywno\u015bci w Chinach"},"content":{"rendered":"<h1 class=\"self-content-pre-ca33f6\">Niestandardowa 3-warstwowa fabryka organizator\u00f3w suwak\u00f3w \u017cywno\u015bci w Chinach<\/h1>\n<p>Pude\u0142ko na prezenty na zastaw\u0119 sto\u0142ow\u0105 to pi\u0119knie zaprojektowany pojemnik stworzony do eleganckiej prezentacji i ochrony zastawy sto\u0142owej, takiej jak talerze, miski, przybory kuchenne i szk\u0142o. Te pude\u0142ka do pakowania s\u0105 skrupulatnie tworzone, aby poprawi\u0107 wra\u017cenia zwi\u0105zane z wr\u0119czaniem prezent\u00f3w i zapewni\u0107, \u017ce elementy zastawy sto\u0142owej s\u0105 prezentowane w wyrafinowany i atrakcyjny spos\u00f3b.<\/p>\n<p>Projekt opakowania prezentowego na zastaw\u0119 sto\u0142ow\u0105 jest cz\u0119sto stylowy i luksusowy, odzwierciedlaj\u0105c jako\u015b\u0107 i elegancj\u0119 znajduj\u0105cej si\u0119 w nim zastawy sto\u0142owej. Pude\u0142ko mo\u017ce zawiera\u0107 dekoracyjne wzory, eleganckie wyko\u0144czenia i elementy marki premium, aby stworzy\u0107 poczucie luksusu i wyrafinowania.<\/p>\n<p>Wykonane z wysokiej jako\u015bci materia\u0142\u00f3w pude\u0142ko na zastaw\u0119 sto\u0142ow\u0105 zapewnia zar\u00f3wno trwa\u0142o\u015b\u0107, jak i ochron\u0119 delikatnych element\u00f3w zastawy sto\u0142owej znajduj\u0105cych si\u0119 w \u015brodku. Pude\u0142ko zosta\u0142o zaprojektowane tak, aby chroni\u0107 zastaw\u0119 sto\u0142ow\u0105 przed uszkodzeniem podczas transportu i przenoszenia, zapewniaj\u0105c, \u017ce dotrze do odbiorcy w nieskazitelnym stanie.<\/p>\n<p>Ponadto opakowanie mo\u017ce zawiera\u0107 niestandardowe wk\u0142adki, przegr\u00f3dki lub wy\u015bci\u00f3\u0142k\u0119, aby bezpiecznie utrzyma\u0107 elementy zastawy sto\u0142owej na miejscu i zapobiec ich przesuwaniu si\u0119 lub uszkodzeniu. Pomaga to zachowa\u0107 integralno\u015b\u0107 zastawy sto\u0142owej i zapewnia jej pi\u0119kn\u0105 prezentacj\u0119 po otwarciu pude\u0142ka.<\/p>\n<h1><strong>Specyfikacja<\/strong><\/h1>\n<div class=\"widget block block-static-block\">\n<div class=\"landing-page-section option-bottom\">\n<div class=\"custom-materials-tabs-content container container-adjustment\">\n<div class=\"custom-materials-tab-content active\">\n<div class=\"widget block block-static-block\">\n<div class=\"options-items\">\n<div class=\"flex-grid-row-option\">\n<div class=\"flex-grid-item-option\">\n<div class=\"material-box\">\n<div class=\"material-des\">\n<table style=\"border-collapse: collapse; width: 759.02pt;\" border=\"0\" width=\"1012\" cellspacing=\"0\" cellpadding=\"0\">\n<tbody>\n<tr style=\"height: 16.50pt;\">\n<td class=\"et3\" style=\"height: 16.50pt; width: 379.50pt;\" width=\"506\" height=\"22\">Wymiary<\/td>\n<td class=\"et3\" style=\"width: 379.50pt;\" width=\"506\">Wszystkie niestandardowe rozmiary i kszta\u0142ty<\/td>\n<\/tr>\n<tr style=\"height: 16.50pt;\">\n<td class=\"et3\" style=\"height: 16.50pt;\" height=\"22\">Min. ilo\u015b\u0107<\/td>\n<td class=\"et3\">500 szt.<\/td>\n<\/tr>\n<tr style=\"height: 16.50pt;\">\n<td class=\"et3\" style=\"height: 16.50pt;\" height=\"22\">Proces domy\u015blny<\/td>\n<td class=\"et3\">Sztancowanie, klejenie, nacinanie, perforacja<\/td>\n<\/tr>\n<tr style=\"height: 16.50pt;\">\n<td class=\"et3\" style=\"height: 16.50pt;\" height=\"22\">Drukowanie<\/td>\n<td class=\"et3\">Cmyk, pms, bez drukowania<\/td>\n<\/tr>\n<tr style=\"height: 16.50pt;\">\n<td class=\"et3\" style=\"height: 16.50pt;\" height=\"22\">Opcja materia\u0142u<\/td>\n<td class=\"et3\">Bia\u0142y papier kartonowy, papier powlekany, papier artystyczny, papier siarczanowy, ko\u015b\u0107 s\u0142oniowa, tektura dwustronna, papier specjalny itp.<\/td>\n<\/tr>\n<tr style=\"height: 17.25pt;\">\n<td class=\"et3\" style=\"height: 17.25pt;\" height=\"23\">Wyko\u0144czenie powierzchni<\/td>\n<td class=\"et4\" style=\"width: 379.50pt;\" width=\"506\">Laminowanie matowe\/b\u0142yszcz\u0105ce, punktowe UVDebossing, t\u0142oczenie, t\u0142oczenie foli\u0105 itp.<\/td>\n<\/tr>\n<tr style=\"height: 17.25pt;\">\n<td class=\"et4\" style=\"height: 17.25pt; width: 379.50pt;\" width=\"506\" height=\"23\">Wykorzystanie w przemy\u015ble<\/td>\n<td class=\"et4\" style=\"width: 379.50pt;\" width=\"506\">kosmetyki, perfumy, odzie\u017c, bi\u017cuteria, tyto\u0144, \u017cywno\u015b\u0107, towary codziennego u\u017cytku,<\/td>\n<\/tr>\n<tr style=\"height: 34.50pt;\">\n<td class=\"et4\" style=\"height: 34.50pt; width: 379.50pt;\" width=\"506\" height=\"46\">Kontrola jako\u015bci<\/td>\n<td class=\"et4\" style=\"width: 379.50pt;\" width=\"506\">Zaawansowany sprz\u0119t i do\u015bwiadczony zesp\u00f3\u0142 kontroli jako\u015bci dok\u0142adnie sprawdz\u0105 materia\u0142y, p\u00f3\u0142produkty i gotowe produkty na ka\u017cdym etapie przed ich u\u017cyciem.<\/td>\n<\/tr>\n<tr style=\"height: 34.50pt;\">\n<td class=\"et4\" style=\"height: 34.50pt; width: 379.50pt;\" width=\"506\" height=\"46\">Cena<\/td>\n<td class=\"et4\" style=\"width: 379.50pt;\" width=\"506\">Ostateczna cena b\u0119dzie dostosowana do produktu i wymaganej ilo\u015bci<\/td>\n<\/tr>\n<tr style=\"height: 16.50pt;\">\n<td class=\"et3\" style=\"height: 16.50pt;\" height=\"22\">Czas zwrotu<\/td>\n<td class=\"et3\">7-14 dni roboczych, po\u015bpiech<\/td>\n<\/tr>\n<tr style=\"height: 16.50pt;\">\n<td class=\"et3\" style=\"height: 16.50pt;\" height=\"22\">Papier<\/td>\n<td class=\"et3\">10pt do 28pt (60lb do 400lb) ekologiczny Kraft, tektura falista e-flute, tektura bux, karton<\/td>\n<\/tr>\n<tr style=\"height: 16.50pt;\">\n<td class=\"et3\" style=\"height: 16.50pt;\" height=\"22\">Dow\u00f3d<\/td>\n<td class=\"et3\">Widok p\u0142aski, makieta 3D, pr\u00f3bkowanie fizyczne (na \u017c\u0105danie)<\/td>\n<\/tr>\n<\/tbody>\n<\/table>\n<\/div>\n<\/div>\n<\/div>\n<\/div>\n<\/div>\n<\/div>\n<\/div>\n<\/div>\n<\/div>\n<\/div>\n<div class=\"widget block block-static-block\">\n<div class=\"landing-page-section option-bottom\">\n<div class=\"custom-materials-tabs-content container container-adjustment\">\n<div class=\"custom-materials-tab-content active\">\n<div class=\"widget block block-static-block\">\n<div class=\"options-items\">\n<div class=\"flex-grid-row-option\">\n<div class=\"flex-grid-item-option\">\n<div class=\"material-box\">\n<p>&nbsp;<\/p>\n<\/div>\n<\/div>\n<\/div>\n<\/div>\n<p><!---end of option item--><\/p>\n<\/div>\n<\/div>\n<\/div>\n<\/div>\n<\/div>","protected":false},"excerpt":{"rendered":"<ul>\n<li>3-warstwowa struktura pude\u0142ka umo\u017cliwia pakowanie zestaw\u00f3w produkt\u00f3w. 16 lat do\u015bwiadczenia w dostosowywaniu pude\u0142ek pomaga zrealizowa\u0107 Tw\u00f3j pomys\u0142.<\/li>\n<li>MOQ: 500 sztuk<\/li>\n<li>Czas dostawy: 7-14 dni roboczych, po\u015bpiech<\/li>\n<li>Wymiary na zam\u00f3wienie (\u015brednica x wysoko\u015b\u0107)<\/li>\n<li>Drukowanie na zam\u00f3wienie<\/li>\n<li>Przyjazny dla \u015brodowiska, nadaj\u0105cy si\u0119 do recyklingu i niezawieraj\u0105cy plastiku<\/li>\n<li>Cena \uff1a Ostateczna cena zostanie dostosowana do produktu i wymaganej ilo\u015bci<\/li>\n<\/ul>","protected":false},"featured_media":4538,"template":"","meta":[],"product_brand":[],"product_cat":[30,422,428,31],"product_tag":[720,722,721],"class_list":{"0":"post-4533","1":"product","2":"type-product","3":"status-publish","4":"has-post-thumbnail","6":"product_cat-by-industry","7":"product_cat-custom-gourmet-boxes-by-industry","8":"product_cat-irregular-shaped-gift-boxes","9":"product_cat-paper-box-style","10":"product_tag-3-layers-slider-box","11":"product_tag-box-factory-in-china","12":"product_tag-food-slider-ognizer-box","14":"first","15":"instock","16":"shipping-taxable","17":"product-type-grouped"},"_links":{"self":[{"href":"https:\/\/zojopackaging.com\/pl\/wp-json\/wp\/v2\/product\/4533","targetHints":{"allow":["GET"]}}],"collection":[{"href":"https:\/\/zojopackaging.com\/pl\/wp-json\/wp\/v2\/product"}],"about":[{"href":"https:\/\/zojopackaging.com\/pl\/wp-json\/wp\/v2\/types\/product"}],"version-history":[{"count":2,"href":"https:\/\/zojopackaging.com\/pl\/wp-json\/wp\/v2\/product\/4533\/revisions"}],"predecessor-version":[{"id":8426,"href":"https:\/\/zojopackaging.com\/pl\/wp-json\/wp\/v2\/product\/4533\/revisions\/8426"}],"wp:featuredmedia":[{"embeddable":true,"href":"https:\/\/zojopackaging.com\/pl\/wp-json\/wp\/v2\/media\/4538"}],"wp:attachment":[{"href":"https:\/\/zojopackaging.com\/pl\/wp-json\/wp\/v2\/media?parent=4533"}],"wp:term":[{"taxonomy":"product_brand","embeddable":true,"href":"https:\/\/zojopackaging.com\/pl\/wp-json\/wp\/v2\/product_brand?post=4533"},{"taxonomy":"product_cat","embeddable":true,"href":"https:\/\/zojopackaging.com\/pl\/wp-json\/wp\/v2\/product_cat?post=4533"},{"taxonomy":"product_tag","embeddable":true,"href":"https:\/\/zojopackaging.com\/pl\/wp-json\/wp\/v2\/product_tag?post=4533"}],"curies":[{"name":"wp","href":"https:\/\/api.w.org\/{rel}","templated":true}]}}