{"id":4544,"date":"2024-03-22T16:47:04","date_gmt":"2024-03-22T08:47:04","guid":{"rendered":"https:\/\/zojopackaging.com\/?post_type=product&#038;p=4544"},"modified":"2025-03-24T17:01:42","modified_gmt":"2025-03-24T09:01:42","slug":"custom-printing-gift-packaging-box","status":"publish","type":"product","link":"https:\/\/zojopackaging.com\/pl\/product\/custom-printing-gift-packaging-box\/","title":{"rendered":"Eleganckie niestandardowe pude\u0142ka na naszyjniki z okienkiem hurtowym"},"content":{"rendered":"<h1 class=\"self-content-pre-ca33f6\">Eleganckie niestandardowe pude\u0142ka na naszyjniki z okienkiem hurtowym<\/h1>\n<p>Pude\u0142ko na prezenty z niestandardowym nadrukiem to wszechstronny i spersonalizowany pojemnik zaprojektowany w celu poprawy prezentacji i ochrony r\u00f3\u017cnych przedmiot\u00f3w upominkowych. Te pude\u0142ka do pakowania s\u0105 unikalnie wykonane, aby spe\u0142ni\u0107 okre\u015blone potrzeby i preferencje klient\u00f3w, umo\u017cliwiaj\u0105c w\u0142\u0105czenie do opakowania niestandardowych projekt\u00f3w, element\u00f3w marki i wiadomo\u015bci.<\/p>\n<p>Projekt niestandardowego opakowania na prezent jest w pe\u0142ni konfigurowalny, daj\u0105c klientom swobod\u0119 wyboru rozmiaru, kszta\u0142tu, koloru, grafiki i tekstu, kt\u00f3re najlepiej reprezentuj\u0105 zamierzony prezent i odbiorc\u0119. Niezale\u017cnie od tego, czy chodzi o specjalne okazje, takie jak urodziny, wesela, \u015bwi\u0119ta czy imprezy firmowe, niestandardowy nadruk pozwala na naprawd\u0119 wyj\u0105tkowy i spersonalizowany charakter opakowania.<\/p>\n<p>Wykonane z wysokiej jako\u015bci materia\u0142\u00f3w pude\u0142ko na prezenty z niestandardowym nadrukiem zapewnia trwa\u0142o\u015b\u0107 i ochron\u0119 znajduj\u0105cych si\u0119 w nim upomink\u00f3w. Solidna konstrukcja zapewnia ochron\u0119 zawarto\u015bci podczas transportu i przenoszenia, zachowuj\u0105c jej nieskazitelny stan do momentu wr\u0119czenia odbiorcy.<\/p>\n<p>Co wi\u0119cej, pude\u0142ko mo\u017cna dostosowa\u0107 za pomoc\u0105 niestandardowych wk\u0142adek, przegr\u00f3dek lub wy\u015bci\u00f3\u0142ki, aby bezpiecznie utrzyma\u0107 przedmioty upominkowe na miejscu i zapobiec ich przesuni\u0119ciu lub uszkodzeniu. Gwarantuje to, \u017ce prezent b\u0119dzie pi\u0119knie prezentowa\u0142 si\u0119 po otwarciu pude\u0142ka, zwi\u0119kszaj\u0105c og\u00f3lne podekscytowanie i rado\u015b\u0107 z otrzymania spersonalizowanego prezentu.<\/p>\n<h1><strong>Specyfikacja<\/strong><\/h1>\n<div class=\"widget block block-static-block\">\n<div class=\"landing-page-section option-bottom\">\n<div class=\"custom-materials-tabs-content container container-adjustment\">\n<div class=\"custom-materials-tab-content active\">\n<div class=\"widget block block-static-block\">\n<div class=\"options-items\">\n<div class=\"flex-grid-row-option\">\n<div class=\"flex-grid-item-option\">\n<div class=\"material-box\">\n<div class=\"material-des\">\n<table style=\"border-collapse: collapse; width: 759.02pt;\" border=\"0\" width=\"1012\" cellspacing=\"0\" cellpadding=\"0\">\n<tbody>\n<tr style=\"height: 16.50pt;\">\n<td class=\"et3\" style=\"height: 16.50pt; width: 379.50pt;\" width=\"506\" height=\"22\">Wymiary<\/td>\n<td class=\"et3\" style=\"width: 379.50pt;\" width=\"506\">Wszystkie niestandardowe rozmiary i kszta\u0142ty<\/td>\n<\/tr>\n<tr style=\"height: 16.50pt;\">\n<td class=\"et3\" style=\"height: 16.50pt;\" height=\"22\">Min. ilo\u015b\u0107<\/td>\n<td class=\"et3\">500 szt.<\/td>\n<\/tr>\n<tr style=\"height: 16.50pt;\">\n<td class=\"et3\" style=\"height: 16.50pt;\" height=\"22\">Proces domy\u015blny<\/td>\n<td class=\"et3\">Sztancowanie, klejenie, nacinanie, perforacja<\/td>\n<\/tr>\n<tr style=\"height: 16.50pt;\">\n<td class=\"et3\" style=\"height: 16.50pt;\" height=\"22\">Drukowanie<\/td>\n<td class=\"et3\">Cmyk, pms, bez drukowania<\/td>\n<\/tr>\n<tr style=\"height: 16.50pt;\">\n<td class=\"et3\" style=\"height: 16.50pt;\" height=\"22\">Opcja materia\u0142u<\/td>\n<td class=\"et3\">Bia\u0142y papier kartonowy, papier powlekany, papier artystyczny, papier siarczanowy, ko\u015b\u0107 s\u0142oniowa, tektura dwustronna, papier specjalny itp.<\/td>\n<\/tr>\n<tr style=\"height: 17.25pt;\">\n<td class=\"et3\" style=\"height: 17.25pt;\" height=\"23\">Wyko\u0144czenie powierzchni<\/td>\n<td class=\"et4\" style=\"width: 379.50pt;\" width=\"506\">Laminowanie matowe\/b\u0142yszcz\u0105ce, punktowe UVDebossing, t\u0142oczenie, t\u0142oczenie foli\u0105 itp.<\/td>\n<\/tr>\n<tr style=\"height: 17.25pt;\">\n<td class=\"et4\" style=\"height: 17.25pt; width: 379.50pt;\" width=\"506\" height=\"23\">Wykorzystanie w przemy\u015ble<\/td>\n<td class=\"et4\" style=\"width: 379.50pt;\" width=\"506\">kosmetyki, perfumy, odzie\u017c, bi\u017cuteria, tyto\u0144, \u017cywno\u015b\u0107, towary codziennego u\u017cytku,<\/td>\n<\/tr>\n<tr style=\"height: 34.50pt;\">\n<td class=\"et4\" style=\"height: 34.50pt; width: 379.50pt;\" width=\"506\" height=\"46\">Kontrola jako\u015bci<\/td>\n<td class=\"et4\" style=\"width: 379.50pt;\" width=\"506\">Zaawansowany sprz\u0119t i do\u015bwiadczony zesp\u00f3\u0142 kontroli jako\u015bci dok\u0142adnie sprawdz\u0105 materia\u0142y, p\u00f3\u0142produkty i gotowe produkty na ka\u017cdym etapie przed ich u\u017cyciem.<\/td>\n<\/tr>\n<tr style=\"height: 34.50pt;\">\n<td class=\"et4\" style=\"height: 34.50pt; width: 379.50pt;\" width=\"506\" height=\"46\">Cena<\/td>\n<td class=\"et4\" style=\"width: 379.50pt;\" width=\"506\">Ostateczna cena b\u0119dzie dostosowana do produktu i wymaganej ilo\u015bci<\/td>\n<\/tr>\n<tr style=\"height: 16.50pt;\">\n<td class=\"et3\" style=\"height: 16.50pt;\" height=\"22\">Czas zwrotu<\/td>\n<td class=\"et3\">7-14 dni roboczych, po\u015bpiech<\/td>\n<\/tr>\n<tr style=\"height: 16.50pt;\">\n<td class=\"et3\" style=\"height: 16.50pt;\" height=\"22\">Papier<\/td>\n<td class=\"et3\">10pt do 28pt (60lb do 400lb) ekologiczny Kraft, tektura falista e-flute, tektura bux, karton<\/td>\n<\/tr>\n<tr style=\"height: 16.50pt;\">\n<td class=\"et3\" style=\"height: 16.50pt;\" height=\"22\">Dow\u00f3d<\/td>\n<td class=\"et3\">Widok p\u0142aski, makieta 3D, pr\u00f3bkowanie fizyczne (na \u017c\u0105danie)<\/td>\n<\/tr>\n<\/tbody>\n<\/table>\n<\/div>\n<\/div>\n<\/div>\n<\/div>\n<\/div>\n<\/div>\n<\/div>\n<\/div>\n<\/div>\n<\/div>\n<div class=\"widget block block-static-block\">\n<div class=\"landing-page-section option-bottom\">\n<div class=\"custom-materials-tabs-content container container-adjustment\">\n<div class=\"custom-materials-tab-content active\">\n<div class=\"widget block block-static-block\">\n<div class=\"options-items\">\n<div class=\"flex-grid-row-option\">\n<div class=\"flex-grid-item-option\">\n<div class=\"material-box\">\n<p>&nbsp;<\/p>\n<\/div>\n<\/div>\n<\/div>\n<\/div>\n<p><!---end of option item--><\/p>\n<\/div>\n<\/div>\n<\/div>\n<\/div>\n<\/div>","protected":false},"excerpt":{"rendered":"<p>Zaprezentuj swoj\u0105 bi\u017cuteri\u0119 w dobrym stylu dzi\u0119ki pude\u0142kom na naszyjniki z okienkiem, z matowym wyko\u0144czeniem i akcentami ze srebrnej folii. Mo\u017cliwo\u015b\u0107 dostosowania rozmiaru, precyzyjnie wyci\u0119te wk\u0142adki i dok\u0142adne odwzorowanie kolor\u00f3w zapewniaj\u0105, \u017ce Twoje projekty b\u0119d\u0105 b\u0142yszcze\u0107. Idealne po\u0142\u0105czenie luksusu i funkcjonalno\u015bci.<\/p>","protected":false},"featured_media":4552,"template":"","meta":[],"product_brand":[],"product_cat":[30,415,425,31],"product_tag":[577,575,576],"class_list":{"0":"post-4544","1":"product","2":"type-product","3":"status-publish","4":"has-post-thumbnail","6":"product_cat-by-industry","7":"product_cat-custom-jewelry-boxes-by-industry","8":"product_cat-lid-and-base-gift-box","9":"product_cat-paper-box-style","10":"product_tag-custom-jewelry-necklace-boxes","11":"product_tag-jewelry-boxes-wholesale","12":"product_tag-necklace-boxes-wholesale","14":"first","15":"instock","16":"shipping-taxable","17":"product-type-grouped"},"_links":{"self":[{"href":"https:\/\/zojopackaging.com\/pl\/wp-json\/wp\/v2\/product\/4544","targetHints":{"allow":["GET"]}}],"collection":[{"href":"https:\/\/zojopackaging.com\/pl\/wp-json\/wp\/v2\/product"}],"about":[{"href":"https:\/\/zojopackaging.com\/pl\/wp-json\/wp\/v2\/types\/product"}],"version-history":[{"count":2,"href":"https:\/\/zojopackaging.com\/pl\/wp-json\/wp\/v2\/product\/4544\/revisions"}],"predecessor-version":[{"id":8110,"href":"https:\/\/zojopackaging.com\/pl\/wp-json\/wp\/v2\/product\/4544\/revisions\/8110"}],"wp:featuredmedia":[{"embeddable":true,"href":"https:\/\/zojopackaging.com\/pl\/wp-json\/wp\/v2\/media\/4552"}],"wp:attachment":[{"href":"https:\/\/zojopackaging.com\/pl\/wp-json\/wp\/v2\/media?parent=4544"}],"wp:term":[{"taxonomy":"product_brand","embeddable":true,"href":"https:\/\/zojopackaging.com\/pl\/wp-json\/wp\/v2\/product_brand?post=4544"},{"taxonomy":"product_cat","embeddable":true,"href":"https:\/\/zojopackaging.com\/pl\/wp-json\/wp\/v2\/product_cat?post=4544"},{"taxonomy":"product_tag","embeddable":true,"href":"https:\/\/zojopackaging.com\/pl\/wp-json\/wp\/v2\/product_tag?post=4544"}],"curies":[{"name":"wp","href":"https:\/\/api.w.org\/{rel}","templated":true}]}}