{"id":4565,"date":"2024-03-22T17:33:01","date_gmt":"2024-03-22T09:33:01","guid":{"rendered":"https:\/\/zojopackaging.com\/?post_type=product&#038;p=4565"},"modified":"2025-03-26T20:37:46","modified_gmt":"2025-03-26T12:37:46","slug":"red-lid-base-gift-boxes","status":"publish","type":"product","link":"https:\/\/zojopackaging.com\/pl\/product\/red-lid-base-gift-boxes\/","title":{"rendered":"Pude\u0142ka z pokrywk\u0105 i podstaw\u0105 - hurtowe opakowania na prezenty walentynkowe"},"content":{"rendered":"<h1 class=\"self-content-pre-ca33f6\">Pude\u0142ko z pokrywk\u0105 i podstaw\u0105 Hurtownia opakowa\u0144 na prezenty \u015bwi\u0105teczne<\/h1>\n<p>Pude\u0142ka prezentowe z pokrywk\u0105 i podstaw\u0105 to eleganckie i wszechstronne rozwi\u0105zania opakowaniowe zaprojektowane z my\u015bl\u0105 o lepszej prezentacji prezent\u00f3w na r\u00f3\u017cne okazje.<\/p>\n<p>Pude\u0142ka Red Lid &amp; Base Gift Box maj\u0105 elegancki i nowoczesny wygl\u0105d, dzi\u0119ki czemu nadaj\u0105 si\u0119 do szerokiej gamy upomink\u00f3w, takich jak bi\u017cuteria, kosmetyki, drobne akcesoria i nie tylko. \u017bywy czerwony kolor dodaje opakowaniu odrobin\u0119 wyrafinowania i luksusu, dzi\u0119ki czemu idealnie nadaje si\u0119 na specjalne okazje, takie jak urodziny, rocznice, \u015bwi\u0119ta i prezenty firmowe.<\/p>\n<p>Wykonane z wysokiej jako\u015bci materia\u0142\u00f3w pude\u0142ka Red Lid &amp; Base Gift Box oferuj\u0105 trwa\u0142o\u015b\u0107 i ochron\u0119 znajduj\u0105cych si\u0119 w nich upomink\u00f3w. Solidna podstawa zapewnia bezpieczn\u0105 podstaw\u0119 dla zawarto\u015bci, podczas gdy dobrze dopasowana pokrywa zapewnia, \u017ce przedmioty s\u0105 bezpiecznie zamkni\u0119te i prezentowane w atrakcyjny spos\u00f3b.<\/p>\n<p>Dodatkowo, czerwon\u0105 pokryw\u0119 i podstaw\u0119 mo\u017cna \u0142atwo dostosowa\u0107 za pomoc\u0105 r\u00f3\u017cnych opcji wyko\u0144czenia, takich jak wyt\u0142aczanie, t\u0142oczenie foli\u0105 lub drukowanie, aby nada\u0107 opakowaniu spersonalizowany charakter. Takie dostosowanie pozwala na w\u0142\u0105czenie element\u00f3w brandingowych, wiadomo\u015bci lub akcent\u00f3w dekoracyjnych, dzi\u0119ki czemu ka\u017cde pude\u0142ko jest wyj\u0105tkowe i dostosowane do okazji.<\/p>\n<h1><strong>Specyfikacja<\/strong><\/h1>\n<div class=\"widget block block-static-block\">\n<div class=\"landing-page-section option-bottom\">\n<div class=\"custom-materials-tabs-content container container-adjustment\">\n<div class=\"custom-materials-tab-content active\">\n<div class=\"widget block block-static-block\">\n<div class=\"options-items\">\n<div class=\"flex-grid-row-option\">\n<div class=\"flex-grid-item-option\">\n<div class=\"material-box\">\n<div class=\"material-des\">\n<table style=\"border-collapse: collapse; width: 759.02pt;\" border=\"0\" width=\"1012\" cellspacing=\"0\" cellpadding=\"0\">\n<tbody>\n<tr style=\"height: 16.50pt;\">\n<td class=\"et3\" style=\"height: 16.50pt; width: 379.50pt;\" width=\"506\" height=\"22\">Wymiary<\/td>\n<td class=\"et3\" style=\"width: 379.50pt;\" width=\"506\">Wszystkie niestandardowe rozmiary i kszta\u0142ty<\/td>\n<\/tr>\n<tr style=\"height: 16.50pt;\">\n<td class=\"et3\" style=\"height: 16.50pt;\" height=\"22\">Min. ilo\u015b\u0107<\/td>\n<td class=\"et3\">500 szt.<\/td>\n<\/tr>\n<tr style=\"height: 16.50pt;\">\n<td class=\"et3\" style=\"height: 16.50pt;\" height=\"22\">Proces domy\u015blny<\/td>\n<td class=\"et3\">Sztancowanie, klejenie, nacinanie, perforacja<\/td>\n<\/tr>\n<tr style=\"height: 16.50pt;\">\n<td class=\"et3\" style=\"height: 16.50pt;\" height=\"22\">Drukowanie<\/td>\n<td class=\"et3\">Cmyk, pms, bez drukowania<\/td>\n<\/tr>\n<tr style=\"height: 16.50pt;\">\n<td class=\"et3\" style=\"height: 16.50pt;\" height=\"22\">Opcja materia\u0142u<\/td>\n<td class=\"et3\">Bia\u0142y papier kartonowy, papier powlekany, papier artystyczny, papier siarczanowy, ko\u015b\u0107 s\u0142oniowa, tektura dwustronna, papier specjalny itp.<\/td>\n<\/tr>\n<tr style=\"height: 17.25pt;\">\n<td class=\"et3\" style=\"height: 17.25pt;\" height=\"23\">Wyko\u0144czenie powierzchni<\/td>\n<td class=\"et4\" style=\"width: 379.50pt;\" width=\"506\">Laminowanie matowe\/b\u0142yszcz\u0105ce, punktowe UVDebossing, t\u0142oczenie, t\u0142oczenie foli\u0105 itp.<\/td>\n<\/tr>\n<tr style=\"height: 17.25pt;\">\n<td class=\"et4\" style=\"height: 17.25pt; width: 379.50pt;\" width=\"506\" height=\"23\">Wykorzystanie w przemy\u015ble<\/td>\n<td class=\"et4\" style=\"width: 379.50pt;\" width=\"506\">kosmetyki, perfumy, odzie\u017c, bi\u017cuteria, tyto\u0144, \u017cywno\u015b\u0107, towary codziennego u\u017cytku,<\/td>\n<\/tr>\n<tr style=\"height: 34.50pt;\">\n<td class=\"et4\" style=\"height: 34.50pt; width: 379.50pt;\" width=\"506\" height=\"46\">Kontrola jako\u015bci<\/td>\n<td class=\"et4\" style=\"width: 379.50pt;\" width=\"506\">Zaawansowany sprz\u0119t i do\u015bwiadczony zesp\u00f3\u0142 kontroli jako\u015bci dok\u0142adnie sprawdz\u0105 materia\u0142y, p\u00f3\u0142produkty i gotowe produkty na ka\u017cdym etapie przed ich u\u017cyciem.<\/td>\n<\/tr>\n<tr style=\"height: 34.50pt;\">\n<td class=\"et4\" style=\"height: 34.50pt; width: 379.50pt;\" width=\"506\" height=\"46\">Cena<\/td>\n<td class=\"et4\" style=\"width: 379.50pt;\" width=\"506\">Ostateczna cena b\u0119dzie dostosowana do produktu i wymaganej ilo\u015bci<\/td>\n<\/tr>\n<tr style=\"height: 16.50pt;\">\n<td class=\"et3\" style=\"height: 16.50pt;\" height=\"22\">Czas zwrotu<\/td>\n<td class=\"et3\">7-14 dni roboczych, po\u015bpiech<\/td>\n<\/tr>\n<tr style=\"height: 16.50pt;\">\n<td class=\"et3\" style=\"height: 16.50pt;\" height=\"22\">Papier<\/td>\n<td class=\"et3\">10pt do 28pt (60lb do 400lb) ekologiczny Kraft, tektura falista e-flute, tektura bux, karton<\/td>\n<\/tr>\n<tr style=\"height: 16.50pt;\">\n<td class=\"et3\" style=\"height: 16.50pt;\" height=\"22\">Dow\u00f3d<\/td>\n<td class=\"et3\">Widok p\u0142aski, makieta 3D, pr\u00f3bkowanie fizyczne (na \u017c\u0105danie)<\/td>\n<\/tr>\n<\/tbody>\n<\/table>\n<\/div>\n<\/div>\n<\/div>\n<\/div>\n<\/div>\n<\/div>\n<\/div>\n<\/div>\n<\/div>\n<\/div>\n<div class=\"widget block block-static-block\">\n<div class=\"landing-page-section option-bottom\">\n<div class=\"custom-materials-tabs-content container container-adjustment\">\n<div class=\"custom-materials-tab-content active\">\n<div class=\"widget block block-static-block\">\n<div class=\"options-items\">\n<div class=\"flex-grid-row-option\">\n<div class=\"flex-grid-item-option\">\n<div class=\"material-box\">\n<p>&nbsp;<\/p>\n<\/div>\n<\/div>\n<\/div>\n<\/div>\n<p><!---end of option item--><\/p>\n<\/div>\n<\/div>\n<\/div>\n<\/div>\n<\/div>","protected":false},"excerpt":{"rendered":"<p>Pokrywa prezentowa i pude\u0142ko podstawowe, dostosowana podszewka antysejsmiczna do transportu odpornego na straty, przyci\u0105gaj\u0105cy wzrok nadruk marki. Wst\u0105\u017cka z akcesoriami zwi\u0119ksza pi\u0119kno i rozpoznawalno\u015b\u0107, obs\u0142uguje dostosowywanie wielu rozmiar\u00f3w, najlepszy wyb\u00f3r do pakowania prezent\u00f3w walentynkowych<\/p>","protected":false},"featured_media":4568,"template":"","meta":[],"product_brand":[],"product_cat":[30,423,425,31],"product_tag":[647,645,646],"class_list":{"0":"post-4565","1":"product","2":"type-product","3":"status-publish","4":"has-post-thumbnail","6":"product_cat-by-industry","7":"product_cat-custom-presentation-boxes-by-industry","8":"product_cat-lid-and-base-gift-box","9":"product_cat-paper-box-style","10":"product_tag-valentines-day-boxes-wholesale","11":"product_tag-valentines-day-gift-packaging","12":"product_tag-valentines-day-packaging","14":"first","15":"instock","16":"shipping-taxable","17":"product-type-grouped"},"_links":{"self":[{"href":"https:\/\/zojopackaging.com\/pl\/wp-json\/wp\/v2\/product\/4565","targetHints":{"allow":["GET"]}}],"collection":[{"href":"https:\/\/zojopackaging.com\/pl\/wp-json\/wp\/v2\/product"}],"about":[{"href":"https:\/\/zojopackaging.com\/pl\/wp-json\/wp\/v2\/types\/product"}],"version-history":[{"count":2,"href":"https:\/\/zojopackaging.com\/pl\/wp-json\/wp\/v2\/product\/4565\/revisions"}],"predecessor-version":[{"id":8314,"href":"https:\/\/zojopackaging.com\/pl\/wp-json\/wp\/v2\/product\/4565\/revisions\/8314"}],"wp:featuredmedia":[{"embeddable":true,"href":"https:\/\/zojopackaging.com\/pl\/wp-json\/wp\/v2\/media\/4568"}],"wp:attachment":[{"href":"https:\/\/zojopackaging.com\/pl\/wp-json\/wp\/v2\/media?parent=4565"}],"wp:term":[{"taxonomy":"product_brand","embeddable":true,"href":"https:\/\/zojopackaging.com\/pl\/wp-json\/wp\/v2\/product_brand?post=4565"},{"taxonomy":"product_cat","embeddable":true,"href":"https:\/\/zojopackaging.com\/pl\/wp-json\/wp\/v2\/product_cat?post=4565"},{"taxonomy":"product_tag","embeddable":true,"href":"https:\/\/zojopackaging.com\/pl\/wp-json\/wp\/v2\/product_tag?post=4565"}],"curies":[{"name":"wp","href":"https:\/\/api.w.org\/{rel}","templated":true}]}}