{"id":4645,"date":"2024-03-25T10:12:36","date_gmt":"2024-03-25T02:12:36","guid":{"rendered":"https:\/\/zojopackaging.com\/?post_type=product&#038;p=4645"},"modified":"2025-03-24T16:03:31","modified_gmt":"2025-03-24T08:03:31","slug":"luxury-pvc-paper-gift-box","status":"publish","type":"product","link":"https:\/\/zojopackaging.com\/pl\/product\/luxury-pvc-paper-gift-box\/","title":{"rendered":"Spersonalizowane unikalne opakowania na bi\u017cuteri\u0119 Hurtownie sztywnych pude\u0142ek"},"content":{"rendered":"<h1 class=\"self-content-pre-ca33f6\">Spersonalizowane unikalne opakowania na bi\u017cuteri\u0119 Hurtownie sztywnych pude\u0142ek<\/h1>\n<p>Luksusowe papierowe pude\u0142ko prezentowe z PVC to wysokiej jako\u015bci opakowanie, kt\u00f3re \u0142\u0105czy w sobie elegancj\u0119 papieru z trwa\u0142o\u015bci\u0105 materia\u0142u PVC.<\/p>\n<p><strong>Kluczowe cechy luksusowego pude\u0142ka prezentowego z papieru PVC obejmuj\u0105:<\/strong><\/p>\n<ul>\n<li>Po\u0142\u0105czenie materia\u0142u PVC zapewniaj\u0105cego trwa\u0142o\u015b\u0107 i papieru zapewniaj\u0105cego luksusowe wyko\u0144czenie<\/li>\n<li>Przezroczyste okienko z PVC pozwala wyeksponowa\u0107 zawarto\u015b\u0107 i doda\u0107 jej wyrafinowania.<\/li>\n<li>Mo\u017cliwo\u015b\u0107 dostosowania rozmiaru, koloru i szczeg\u00f3\u0142\u00f3w projektu do w\u0142asnych preferencji<\/li>\n<li>Solidna konstrukcja chroni\u0105ca zawarto\u015b\u0107 i zapewniaj\u0105ca bezpieczn\u0105 dostaw\u0119<\/li>\n<li>Idealny do prezentowania przedmiot\u00f3w takich jak kosmetyki, perfumy, akcesoria i inne produkty premium.<\/li>\n<\/ul>\n<p>Niezale\u017cnie od tego, czy chcesz zaimponowa\u0107 ukochanej osobie, czy klientowi luksusow\u0105 prezentacj\u0105, luksusowe papierowe pude\u0142ko upominkowe z PVC jest idealnym wyborem, aby doda\u0107 odrobin\u0119 elegancji i klasy do prezentu.<\/p>\n<h1><strong>Specyfikacja<\/strong><\/h1>\n<div class=\"widget block block-static-block\">\n<div class=\"landing-page-section option-bottom\">\n<div class=\"custom-materials-tabs-content container container-adjustment\">\n<div class=\"custom-materials-tab-content active\">\n<div class=\"widget block block-static-block\">\n<div class=\"options-items\">\n<div class=\"flex-grid-row-option\">\n<div class=\"flex-grid-item-option\">\n<div class=\"material-box\">\n<div class=\"material-des\">\n<table style=\"border-collapse: collapse; width: 759.02pt;\" border=\"0\" width=\"1012\" cellspacing=\"0\" cellpadding=\"0\">\n<tbody>\n<tr style=\"height: 16.50pt;\">\n<td class=\"et3\" style=\"height: 16.50pt; width: 379.50pt;\" width=\"506\" height=\"22\">Wymiary<\/td>\n<td class=\"et3\" style=\"width: 379.50pt;\" width=\"506\">Wszystkie niestandardowe rozmiary i kszta\u0142ty<\/td>\n<\/tr>\n<tr style=\"height: 16.50pt;\">\n<td class=\"et3\" style=\"height: 16.50pt;\" height=\"22\">Min. ilo\u015b\u0107<\/td>\n<td class=\"et3\">500 szt.<\/td>\n<\/tr>\n<tr style=\"height: 16.50pt;\">\n<td class=\"et3\" style=\"height: 16.50pt;\" height=\"22\">Proces domy\u015blny<\/td>\n<td class=\"et3\">Sztancowanie, klejenie, nacinanie, perforacja<\/td>\n<\/tr>\n<tr style=\"height: 16.50pt;\">\n<td class=\"et3\" style=\"height: 16.50pt;\" height=\"22\">Drukowanie<\/td>\n<td class=\"et3\">Cmyk, pms, bez drukowania<\/td>\n<\/tr>\n<tr style=\"height: 16.50pt;\">\n<td class=\"et3\" style=\"height: 16.50pt;\" height=\"22\">Opcja materia\u0142u<\/td>\n<td class=\"et3\">Bia\u0142y papier kartonowy, papier powlekany, papier artystyczny, papier siarczanowy, ko\u015b\u0107 s\u0142oniowa, tektura dwustronna, papier specjalny itp.<\/td>\n<\/tr>\n<tr style=\"height: 17.25pt;\">\n<td class=\"et3\" style=\"height: 17.25pt;\" height=\"23\">Wyko\u0144czenie powierzchni<\/td>\n<td class=\"et4\" style=\"width: 379.50pt;\" width=\"506\">Laminowanie matowe\/b\u0142yszcz\u0105ce, punktowe UVDebossing, t\u0142oczenie, t\u0142oczenie foli\u0105 itp.<\/td>\n<\/tr>\n<tr style=\"height: 17.25pt;\">\n<td class=\"et4\" style=\"height: 17.25pt; width: 379.50pt;\" width=\"506\" height=\"23\">Wykorzystanie w przemy\u015ble<\/td>\n<td class=\"et4\" style=\"width: 379.50pt;\" width=\"506\">kosmetyki, perfumy, odzie\u017c, bi\u017cuteria, tyto\u0144, \u017cywno\u015b\u0107, towary codziennego u\u017cytku,<\/td>\n<\/tr>\n<tr style=\"height: 34.50pt;\">\n<td class=\"et4\" style=\"height: 34.50pt; width: 379.50pt;\" width=\"506\" height=\"46\">Kontrola jako\u015bci<\/td>\n<td class=\"et4\" style=\"width: 379.50pt;\" width=\"506\">Zaawansowany sprz\u0119t i do\u015bwiadczony zesp\u00f3\u0142 kontroli jako\u015bci dok\u0142adnie sprawdz\u0105 materia\u0142y, p\u00f3\u0142produkty i gotowe produkty na ka\u017cdym etapie przed ich u\u017cyciem.<\/td>\n<\/tr>\n<tr style=\"height: 34.50pt;\">\n<td class=\"et4\" style=\"height: 34.50pt; width: 379.50pt;\" width=\"506\" height=\"46\">Cena<\/td>\n<td class=\"et4\" style=\"width: 379.50pt;\" width=\"506\">Ostateczna cena b\u0119dzie dostosowana do produktu i wymaganej ilo\u015bci<\/td>\n<\/tr>\n<tr style=\"height: 16.50pt;\">\n<td class=\"et3\" style=\"height: 16.50pt;\" height=\"22\">Czas zwrotu<\/td>\n<td class=\"et3\">7-14 dni roboczych, po\u015bpiech<\/td>\n<\/tr>\n<tr style=\"height: 16.50pt;\">\n<td class=\"et3\" style=\"height: 16.50pt;\" height=\"22\">Papier<\/td>\n<td class=\"et3\">10pt do 28pt (60lb do 400lb) ekologiczny Kraft, tektura falista e-flute, tektura bux, karton<\/td>\n<\/tr>\n<tr style=\"height: 16.50pt;\">\n<td class=\"et3\" style=\"height: 16.50pt;\" height=\"22\">Dow\u00f3d<\/td>\n<td class=\"et3\">Widok p\u0142aski, makieta 3D, pr\u00f3bkowanie fizyczne (na \u017c\u0105danie)<\/td>\n<\/tr>\n<\/tbody>\n<\/table>\n<\/div>\n<\/div>\n<\/div>\n<\/div>\n<\/div>\n<\/div>\n<\/div>\n<\/div>\n<\/div>\n<\/div>\n<div class=\"widget block block-static-block\">\n<div class=\"landing-page-section option-bottom\">\n<div class=\"custom-materials-tabs-content container container-adjustment\">\n<div class=\"custom-materials-tab-content active\">\n<div class=\"widget block block-static-block\">\n<div class=\"options-items\">\n<div class=\"flex-grid-row-option\">\n<div class=\"flex-grid-item-option\">\n<div class=\"material-box\">\n<p>&nbsp;<\/p>\n<\/div>\n<\/div>\n<\/div>\n<\/div>\n<p><!---end of option item--><\/p>\n<\/div>\n<\/div>\n<\/div>\n<\/div>\n<\/div>","protected":false},"excerpt":{"rendered":"<p>Pude\u0142ko na bi\u017cuteri\u0119 z pokrywk\u0105 i podstaw\u0105, flokowana podszewka dostosowana na \u017c\u0105danie, odpowiednia do ka\u017cdego rozmiaru, wyra\u017any nadruk bez r\u00f3\u017cnicy kolor\u00f3w, Chiny fabryka bezpo\u015brednia dostawa wysoce przezroczystego akrylowego rozwi\u0105zania okiennego.<\/p>","protected":false},"featured_media":4650,"template":"","meta":[],"product_brand":[],"product_cat":[30,415,425,31],"product_tag":[562,560,561],"class_list":{"0":"post-4645","1":"product","2":"type-product","3":"status-publish","4":"has-post-thumbnail","6":"product_cat-by-industry","7":"product_cat-custom-jewelry-boxes-by-industry","8":"product_cat-lid-and-base-gift-box","9":"product_cat-paper-box-style","10":"product_tag-jewelry-packaging-rigid-box","11":"product_tag-jewelry-packaging-wholesalers","12":"product_tag-unique-jewelry-packaging","14":"first","15":"instock","16":"shipping-taxable","17":"product-type-grouped"},"_links":{"self":[{"href":"https:\/\/zojopackaging.com\/pl\/wp-json\/wp\/v2\/product\/4645","targetHints":{"allow":["GET"]}}],"collection":[{"href":"https:\/\/zojopackaging.com\/pl\/wp-json\/wp\/v2\/product"}],"about":[{"href":"https:\/\/zojopackaging.com\/pl\/wp-json\/wp\/v2\/types\/product"}],"version-history":[{"count":2,"href":"https:\/\/zojopackaging.com\/pl\/wp-json\/wp\/v2\/product\/4645\/revisions"}],"predecessor-version":[{"id":8104,"href":"https:\/\/zojopackaging.com\/pl\/wp-json\/wp\/v2\/product\/4645\/revisions\/8104"}],"wp:featuredmedia":[{"embeddable":true,"href":"https:\/\/zojopackaging.com\/pl\/wp-json\/wp\/v2\/media\/4650"}],"wp:attachment":[{"href":"https:\/\/zojopackaging.com\/pl\/wp-json\/wp\/v2\/media?parent=4645"}],"wp:term":[{"taxonomy":"product_brand","embeddable":true,"href":"https:\/\/zojopackaging.com\/pl\/wp-json\/wp\/v2\/product_brand?post=4645"},{"taxonomy":"product_cat","embeddable":true,"href":"https:\/\/zojopackaging.com\/pl\/wp-json\/wp\/v2\/product_cat?post=4645"},{"taxonomy":"product_tag","embeddable":true,"href":"https:\/\/zojopackaging.com\/pl\/wp-json\/wp\/v2\/product_tag?post=4645"}],"curies":[{"name":"wp","href":"https:\/\/api.w.org\/{rel}","templated":true}]}}