{"id":4666,"date":"2024-03-25T10:39:37","date_gmt":"2024-03-25T02:39:37","guid":{"rendered":"https:\/\/zojopackaging.com\/?post_type=product&#038;p=4666"},"modified":"2025-03-25T14:54:16","modified_gmt":"2025-03-25T06:54:16","slug":"custom-luxury-paper-packaging-bag","status":"publish","type":"product","link":"https:\/\/zojopackaging.com\/pl\/product\/custom-luxury-paper-packaging-bag\/","title":{"rendered":"Marka Sztywny luksusowy uchwyt Pude\u0142ko na prezenty Producenci pude\u0142ek OEM"},"content":{"rendered":"<h1 class=\"auto-hide-last-sibling-br paragraph-u1TS5p paragraph-element br-paragraph-space\">Niestandardowe sztywne pude\u0142ko na prezenty z luksusowym uchwytem Producenci pude\u0142ek OEM<\/h1>\n<div class=\"auto-hide-last-sibling-br paragraph-u1TS5p paragraph-element br-paragraph-space\">Szukasz luksusowych toreb papierowych z nadrukiem do swojego sklepu lub na specjaln\u0105 okazj\u0119? W takim razie wybierz nasze luksusowe torby papierowe na zam\u00f3wienie. Luksusowe torby papierowe to cr\u00e8me de la cr\u00e8me toreb papierowych i mo\u017cna je \u0142\u0105czy\u0107 zgodnie z w\u0142asnymi \u017cyczeniami. Pomy\u015bl o rozmiarze, materiale, p\u0119telkach lub uchwytach, eleganckiej wst\u0105\u017cce zamykaj\u0105cej i mo\u017cliwo\u015bciach drukowania z luksusowymi wyko\u0144czeniami. Czy wolisz drukowa\u0107 ekologiczne luksusowe torby papierowe? W takim razie luksusowe torby papierowe wykonane z papieru ekologicznego (na przyk\u0142ad papieru z recyklingu lub papieru z certyfikatem FSC\u00ae) s\u0105 dobrym rozwi\u0105zaniem. Zobacz wszystkie opcje luksusowych toreb papierowych poni\u017cej.<\/div>\n<div>\n<h1><strong>Specyfikacja<\/strong><\/h1>\n<table style=\"border-collapse: collapse; width: 759.02pt;\" border=\"0\" width=\"1012\" cellspacing=\"0\" cellpadding=\"0\">\n<tbody>\n<tr style=\"height: 16.50pt;\">\n<td class=\"et3\" style=\"height: 16.50pt; width: 379.50pt;\" width=\"506\" height=\"22\">Wymiary<\/td>\n<td class=\"et3\" style=\"width: 379.50pt;\" width=\"506\">Wszystkie niestandardowe rozmiary i kszta\u0142ty<\/td>\n<\/tr>\n<tr style=\"height: 16.50pt;\">\n<td class=\"et3\" style=\"height: 16.50pt;\" height=\"22\">Min. ilo\u015b\u0107<\/td>\n<td class=\"et3\">500szt.<\/td>\n<\/tr>\n<tr style=\"height: 16.50pt;\">\n<td class=\"et3\" style=\"height: 16.50pt;\" height=\"22\">Proces domy\u015blny<\/td>\n<td class=\"et3\">Sztancowanie, klejenie, nacinanie, perforacja<\/td>\n<\/tr>\n<tr style=\"height: 16.50pt;\">\n<td class=\"et3\" style=\"height: 16.50pt;\" height=\"22\">Drukowanie<\/td>\n<td class=\"et3\">Cmyk, pms, bez drukowania<\/td>\n<\/tr>\n<tr style=\"height: 16.50pt;\">\n<td class=\"et3\" style=\"height: 16.50pt;\" height=\"22\">Opcja materia\u0142u<\/td>\n<td class=\"et3\">Bia\u0142y papier kartonowy, papier powlekany, papier artystyczny, papier siarczanowy, ko\u015b\u0107 s\u0142oniowa, tektura dwustronna, papier specjalny itp.<\/td>\n<\/tr>\n<tr style=\"height: 17.25pt;\">\n<td class=\"et3\" style=\"height: 17.25pt;\" height=\"23\">Wyko\u0144czenie powierzchni<\/td>\n<td class=\"et4\" style=\"width: 379.50pt;\" width=\"506\">Laminowanie matowe\/b\u0142yszcz\u0105ce, punktowe UVDebossing, t\u0142oczenie, t\u0142oczenie foli\u0105 itp.<\/td>\n<\/tr>\n<tr style=\"height: 17.25pt;\">\n<td class=\"et4\" style=\"height: 17.25pt; width: 379.50pt;\" width=\"506\" height=\"23\">Wykorzystanie w przemy\u015ble<\/td>\n<td class=\"et4\" style=\"width: 379.50pt;\" width=\"506\">kosmetyki, perfumy, odzie\u017c, bi\u017cuteria, tyto\u0144, \u017cywno\u015b\u0107, towary codziennego u\u017cytku,<\/td>\n<\/tr>\n<tr style=\"height: 34.50pt;\">\n<td class=\"et4\" style=\"height: 34.50pt; width: 379.50pt;\" width=\"506\" height=\"46\">Kontrola jako\u015bci<\/td>\n<td class=\"et4\" style=\"width: 379.50pt;\" width=\"506\">Zaawansowany sprz\u0119t i do\u015bwiadczony zesp\u00f3\u0142 kontroli jako\u015bci dok\u0142adnie sprawdz\u0105 materia\u0142y, p\u00f3\u0142produkty i gotowe produkty na ka\u017cdym etapie przed ich u\u017cyciem.<\/td>\n<\/tr>\n<tr style=\"height: 34.50pt;\">\n<td class=\"et4\" style=\"height: 34.50pt; width: 379.50pt;\" width=\"506\" height=\"46\">Cena<\/td>\n<td class=\"et4\" style=\"width: 379.50pt;\" width=\"506\">Ostateczna cena b\u0119dzie dostosowana do produktu i wymaganej ilo\u015bci<\/td>\n<\/tr>\n<tr style=\"height: 16.50pt;\">\n<td class=\"et3\" style=\"height: 16.50pt;\" height=\"22\">Czas zwrotu<\/td>\n<td class=\"et3\">7-14 dni roboczych, po\u015bpiech<\/td>\n<\/tr>\n<tr style=\"height: 16.50pt;\">\n<td class=\"et3\" style=\"height: 16.50pt;\" height=\"22\">Papier<\/td>\n<td class=\"et3\">10pt do 28pt (60lb do 400lb) ekologiczny Kraft, tektura falista e-flute, tektura bux, karton<\/td>\n<\/tr>\n<tr style=\"height: 16.50pt;\">\n<td class=\"et3\" style=\"height: 16.50pt;\" height=\"22\">Dow\u00f3d<\/td>\n<td class=\"et3\">Widok p\u0142aski, makieta 3D, pr\u00f3bkowanie fizyczne (na \u017c\u0105danie)<\/td>\n<\/tr>\n<\/tbody>\n<\/table>\n<\/div>\n<h2 class=\"auto-hide-last-sibling-br paragraph-u1TS5p paragraph-element br-paragraph-space\">Kluczowe cechy<\/h2>\n<ol class=\"auto-hide-last-sibling-br\">\n<li>Materia\u0142y najwy\u017cszej jako\u015bci: Wykonane z najwy\u017cszej jako\u015bci papieru, nasze luksusowe torby oferuj\u0105 wra\u017cenia dotykowe i wizualne, kt\u00f3re emanuj\u0105 bogactwem. Wybieraj spo\u015br\u00f3d wysokiej jako\u015bci papier\u00f3w, w tym teksturowanych, wyt\u0142aczanych lub powlekanych, aby stworzy\u0107 charakterystyczny wygl\u0105d i styl.<\/li>\n<li>Misterne detale: Ka\u017cdy aspekt tych toreb jest skrupulatnie zaprojektowany, od precyzyjnych szw\u00f3w po delikatne wyko\u0144czenia i akcenty. Drobne techniki wyt\u0142aczania, t\u0142oczenia foli\u0105 i wyt\u0142aczania mog\u0105 by\u0107 stosowane w celu dodania g\u0142\u0119bi i tekstury do logo marki lub element\u00f3w projektu.<\/li>\n<li>Niestandardowe kszta\u0142ty i rozmiary: Dostosuj torby do swoich specyficznych wymaga\u0144, zapewniaj\u0105c idealne dopasowanie do swoich produkt\u00f3w. Niezale\u017cnie od tego, czy potrzebujesz eleganckiego prostok\u0105tnego kszta\u0142tu, czy unikalnej niestandardowej formy, nasze mo\u017cliwo\u015bci produkcyjne pozwalaj\u0105 na nieograniczone mo\u017cliwo\u015bci.<\/li>\n<li>Ulepszenie wn\u0119trza: Rozpieszczaj swoje produkty wystawnym wn\u0119trzem. Opcje obejmuj\u0105 mi\u0119kkie podszewki z tkaniny, satynowe wst\u0105\u017cki lub niestandardowe przegr\u00f3dki, kt\u00f3re zapewniaj\u0105 dodatkow\u0105 ochron\u0119 i luksusowy wygl\u0105d.<\/li>\n<li>Opcje brandingu: Wyra\u017a swoj\u0105 mark\u0119, umieszczaj\u0105c j\u0105 w widocznym miejscu. Nasze zaawansowane technologie druku zapewniaj\u0105, \u017ce logo, kolory marki i komunikaty s\u0105 wy\u015bwietlane z precyzj\u0105 i przejrzysto\u015bci\u0105, tworz\u0105c trwa\u0142e wra\u017cenie na klientach.<\/li>\n<li>Trwa\u0142o\u015b\u0107 i wytrzyma\u0142o\u015b\u0107: Pomimo luksusowego wygl\u0105du, nasze torby s\u0105 zaprojektowane tak, aby by\u0142y trwa\u0142e i funkcjonalne. Wzmocnione uchwyty i solidna konstrukcja zapewniaj\u0105, \u017ce wytrzymaj\u0105 one ci\u0119\u017car produkt\u00f3w, zachowuj\u0105c jednocze\u015bnie swoj\u0105 elegancj\u0119.<\/li>\n<\/ol>\n<h2 class=\"auto-hide-last-sibling-br paragraph-u1TS5p paragraph-element br-paragraph-space\">Proces zamawiania<\/h2>\n<div class=\"auto-hide-last-sibling-br paragraph-u1TS5p paragraph-element br-paragraph-space\">Nasz oddany zesp\u00f3\u0142 ekspert\u00f3w jest tutaj, aby poprowadzi\u0107 Ci\u0119 przez proces dostosowywania. Od wst\u0119pnych dyskusji koncepcyjnych po ko\u0144cow\u0105 produkcj\u0119, \u015bci\u015ble wsp\u00f3\u0142pracujemy z Tob\u0105, aby urzeczywistni\u0107 Twoj\u0105 wizj\u0119. Oferujemy pr\u00f3bki i prototypy do przegl\u0105du i zatwierdzenia, zapewniaj\u0105c, \u017ce produkt ko\u0144cowy przekroczy Twoje oczekiwania.<\/div>\n<h2 class=\"auto-hide-last-sibling-br paragraph-u1TS5p paragraph-element br-paragraph-space\">Czas dostawy<\/h2>\n<div class=\"auto-hide-last-sibling-br paragraph-u1TS5p paragraph-element br-paragraph-space\">Rozumiemy, jak wa\u017cna jest terminowa dostawa w celu zaspokojenia potrzeb biznesowych. Nasze wydajne systemy produkcyjne i logistyczne zapewniaj\u0105, \u017ce niestandardowe luksusowe papierowe torby do pakowania s\u0105 dostarczane w uzgodnionym terminie, co pozwala na ich p\u0142ynn\u0105 integracj\u0119 z operacjami.<\/div>\n<div class=\"widget block block-static-block\">\n<div class=\"landing-page-section option-bottom\">\n<div class=\"custom-materials-tabs-content container container-adjustment\">\n<div class=\"custom-materials-tab-content active\">\n<div class=\"widget block block-static-block\">\n<div class=\"options-items\">\n<div class=\"flex-grid-row-option\">\n<div class=\"flex-grid-item-option\">\n<div class=\"material-box\">\n<p>&nbsp;<\/p>\n<\/div>\n<\/div>\n<\/div>\n<\/div>\n<p><!---end of option item--><\/p>\n<\/div>\n<\/div>\n<\/div>\n<\/div>\n<\/div>","protected":false},"excerpt":{"rendered":"<p>-Twoje pude\u0142ko b\u0119dzie: Sztywny, Luksusowy, Wysokiej klasy, Markowy<br \/>\n-Rodzaj materia\u0142u: Ekologiczny, posiada certyfikaty FSC, ISO, BSCI<br \/>\n-Dostosowanie: Mo\u017ce niestandardowy rozmiar \/ nadruk \/ materia\u0142 \/ wyko\u0144czenie \/ kszta\u0142t itp.<br \/>\n-Czas produkcji: Pr\u00f3bka 1-3 dni; Bulk 7-9 dni Czas wysy\u0142ki: Express 3-7 dni; Air 12-16 dni; Boat 25-30 dni\uff08R\u00f3\u017cne kraje maj\u0105 r\u00f3\u017cne czasy)<br \/>\n-Cena: Skontaktuj si\u0119 z nami, aby wys\u0142a\u0107 zapytanie<\/p>","protected":false},"featured_media":4669,"template":"","meta":[],"product_brand":[],"product_cat":[30,414,390,424,31],"product_tag":[615,280,613,614],"class_list":{"0":"post-4666","1":"product","2":"type-product","3":"status-publish","4":"has-post-thumbnail","6":"product_cat-by-industry","7":"product_cat-custom-apparel-boxes","8":"product_cat-custom-cosmetics-boxes","9":"product_cat-magnetic-closure-boxes","10":"product_cat-paper-box-style","11":"product_tag-brand-box","12":"product_tag-custom-rigid-boxes","13":"product_tag-handle-gift-box","14":"product_tag-oem-boxes-manufacturers","16":"first","17":"instock","18":"shipping-taxable","19":"product-type-grouped"},"_links":{"self":[{"href":"https:\/\/zojopackaging.com\/pl\/wp-json\/wp\/v2\/product\/4666","targetHints":{"allow":["GET"]}}],"collection":[{"href":"https:\/\/zojopackaging.com\/pl\/wp-json\/wp\/v2\/product"}],"about":[{"href":"https:\/\/zojopackaging.com\/pl\/wp-json\/wp\/v2\/types\/product"}],"version-history":[{"count":2,"href":"https:\/\/zojopackaging.com\/pl\/wp-json\/wp\/v2\/product\/4666\/revisions"}],"predecessor-version":[{"id":8213,"href":"https:\/\/zojopackaging.com\/pl\/wp-json\/wp\/v2\/product\/4666\/revisions\/8213"}],"wp:featuredmedia":[{"embeddable":true,"href":"https:\/\/zojopackaging.com\/pl\/wp-json\/wp\/v2\/media\/4669"}],"wp:attachment":[{"href":"https:\/\/zojopackaging.com\/pl\/wp-json\/wp\/v2\/media?parent=4666"}],"wp:term":[{"taxonomy":"product_brand","embeddable":true,"href":"https:\/\/zojopackaging.com\/pl\/wp-json\/wp\/v2\/product_brand?post=4666"},{"taxonomy":"product_cat","embeddable":true,"href":"https:\/\/zojopackaging.com\/pl\/wp-json\/wp\/v2\/product_cat?post=4666"},{"taxonomy":"product_tag","embeddable":true,"href":"https:\/\/zojopackaging.com\/pl\/wp-json\/wp\/v2\/product_tag?post=4666"}],"curies":[{"name":"wp","href":"https:\/\/api.w.org\/{rel}","templated":true}]}}