{"id":4672,"date":"2024-03-25T10:45:33","date_gmt":"2024-03-25T02:45:33","guid":{"rendered":"https:\/\/zojopackaging.com\/?post_type=product&#038;p=4672"},"modified":"2025-03-27T20:02:46","modified_gmt":"2025-03-27T12:02:46","slug":"alushee-corrugated-packaging-box","status":"publish","type":"product","link":"https:\/\/zojopackaging.com\/pl\/product\/alushee-corrugated-packaging-box\/","title":{"rendered":"Maszyna do usuwania w\u0142os\u00f3w Dystrybucja pude\u0142ek z tektury falistej Kraft"},"content":{"rendered":"<h1 class=\"self-content-pre-ca33f6\">Maszyna do usuwania w\u0142os\u00f3w Dystrybucja pude\u0142ek z tektury falistej Kraft<\/h1>\n<p>Pude\u0142ko z tektury falistej do depilacji Alushee to specjalistyczne rozwi\u0105zanie opakowaniowe zaprojektowane specjalnie dla produkt\u00f3w do depilacji.<\/p>\n<p><strong>Kluczowe cechy pude\u0142ka z tektury falistej do depilacji Alushee obejmuj\u0105:<\/strong><\/p>\n<ul>\n<li>Zaprojektowany specjalnie dla produkt\u00f3w do depilacji, zapewniaj\u0105c idealne dopasowanie i optymaln\u0105 ochron\u0119.<\/li>\n<li>Wytrzyma\u0142y i odporny na uszkodzenia materia\u0142 falisty<\/li>\n<li>Konfigurowalne opcje rozmiaru, szczeg\u00f3\u0142\u00f3w projektu i marki w celu dostosowania do konkretnych potrzeb<\/li>\n<li>Idealny do pakowania krem\u00f3w do depilacji, zestaw\u00f3w do woskowania, maszynek do golenia i innych powi\u0105zanych produkt\u00f3w.<\/li>\n<li>Zapewnia profesjonalny i sp\u00f3jny wygl\u0105d linii produkt\u00f3w do usuwania w\u0142os\u00f3w.<\/li>\n<\/ul>\n<p>Niezale\u017cnie od tego, czy jeste\u015b producentem produkt\u00f3w do depilacji szukaj\u0105cym niezawodnego rozwi\u0105zania opakowaniowego, czy sprzedawc\u0105 detalicznym, kt\u00f3ry chce poprawi\u0107 prezentacj\u0119 swoich produkt\u00f3w do depilacji, pude\u0142ko z tektury falistej do depilacji Alushee jest idealnym wyborem.<\/p>\n<h1><strong>Specyfikacja<\/strong><\/h1>\n<table style=\"border-collapse: collapse; width: 759.02pt;\" border=\"0\" width=\"1012\" cellspacing=\"0\" cellpadding=\"0\">\n<tbody>\n<tr style=\"height: 16.50pt;\">\n<td class=\"et3\" style=\"height: 16.50pt; width: 379.50pt;\" width=\"506\" height=\"22\">Wymiary<\/td>\n<td class=\"et3\" style=\"width: 379.50pt;\" width=\"506\">Wszystkie niestandardowe rozmiary i kszta\u0142ty<\/td>\n<\/tr>\n<tr style=\"height: 16.50pt;\">\n<td class=\"et3\" style=\"height: 16.50pt;\" height=\"22\">Min. ilo\u015b\u0107<\/td>\n<td class=\"et3\">500 szt.<\/td>\n<\/tr>\n<tr style=\"height: 16.50pt;\">\n<td class=\"et3\" style=\"height: 16.50pt;\" height=\"22\">Proces domy\u015blny<\/td>\n<td class=\"et3\">Sztancowanie, klejenie, nacinanie, perforacja<\/td>\n<\/tr>\n<tr style=\"height: 16.50pt;\">\n<td class=\"et3\" style=\"height: 16.50pt;\" height=\"22\">Drukowanie<\/td>\n<td class=\"et3\">Cmyk, pms, bez drukowania<\/td>\n<\/tr>\n<tr style=\"height: 16.50pt;\">\n<td class=\"et3\" style=\"height: 16.50pt;\" height=\"22\">Opcja materia\u0142u<\/td>\n<td class=\"et3\">Bia\u0142y papier kartonowy, papier powlekany, papier artystyczny, papier siarczanowy, ko\u015b\u0107 s\u0142oniowa, tektura dwustronna, papier specjalny itp.<\/td>\n<\/tr>\n<tr style=\"height: 17.25pt;\">\n<td class=\"et3\" style=\"height: 17.25pt;\" height=\"23\">Wyko\u0144czenie powierzchni<\/td>\n<td class=\"et4\" style=\"width: 379.50pt;\" width=\"506\">Laminowanie matowe\/b\u0142yszcz\u0105ce, punktowe UVDebossing, t\u0142oczenie, t\u0142oczenie foli\u0105 itp.<\/td>\n<\/tr>\n<tr style=\"height: 17.25pt;\">\n<td class=\"et4\" style=\"height: 17.25pt; width: 379.50pt;\" width=\"506\" height=\"23\">Wykorzystanie w przemy\u015ble<\/td>\n<td class=\"et4\" style=\"width: 379.50pt;\" width=\"506\">kosmetyki, perfumy, odzie\u017c, bi\u017cuteria, tyto\u0144, \u017cywno\u015b\u0107, towary codziennego u\u017cytku,<\/td>\n<\/tr>\n<tr style=\"height: 34.50pt;\">\n<td class=\"et4\" style=\"height: 34.50pt; width: 379.50pt;\" width=\"506\" height=\"46\">Kontrola jako\u015bci<\/td>\n<td class=\"et4\" style=\"width: 379.50pt;\" width=\"506\">Zaawansowany sprz\u0119t i do\u015bwiadczony zesp\u00f3\u0142 kontroli jako\u015bci dok\u0142adnie sprawdz\u0105 materia\u0142y, p\u00f3\u0142produkty i gotowe produkty na ka\u017cdym etapie przed ich u\u017cyciem.<\/td>\n<\/tr>\n<tr style=\"height: 34.50pt;\">\n<td class=\"et4\" style=\"height: 34.50pt; width: 379.50pt;\" width=\"506\" height=\"46\">Cena<\/td>\n<td class=\"et4\" style=\"width: 379.50pt;\" width=\"506\">Ostateczna cena b\u0119dzie dostosowana do produktu i wymaganej ilo\u015bci<\/td>\n<\/tr>\n<tr style=\"height: 16.50pt;\">\n<td class=\"et3\" style=\"height: 16.50pt;\" height=\"22\">Czas zwrotu<\/td>\n<td class=\"et3\">7-14 dni roboczych, po\u015bpiech<\/td>\n<\/tr>\n<tr style=\"height: 16.50pt;\">\n<td class=\"et3\" style=\"height: 16.50pt;\" height=\"22\">Papier<\/td>\n<td class=\"et3\">10pt do 28pt (60lb do 400lb) ekologiczny Kraft, tektura falista e-flute, tektura bux, karton<\/td>\n<\/tr>\n<tr style=\"height: 16.50pt;\">\n<td class=\"et3\" style=\"height: 16.50pt;\" height=\"22\">Dow\u00f3d<\/td>\n<td class=\"et3\">Widok p\u0142aski, makieta 3D, pr\u00f3bkowanie fizyczne (na \u017c\u0105danie)<\/td>\n<\/tr>\n<\/tbody>\n<\/table>\n<div class=\"widget block block-static-block\">\n<div class=\"landing-page-section option-bottom\">\n<div class=\"custom-materials-tabs-content container container-adjustment\">\n<div class=\"custom-materials-tab-content active\">\n<div class=\"widget block block-static-block\">\n<div class=\"options-items\">\n<div class=\"flex-grid-row-option\">\n<div class=\"flex-grid-item-option\">\n<div class=\"material-box\">\n<div class=\"material-des\">\n<p>&nbsp;<\/p>\n<\/div>\n<p>&nbsp;<\/p>\n<\/div>\n<\/div>\n<\/div>\n<\/div>\n<p><!---end of option item--><\/p>\n<\/div>\n<\/div>\n<\/div>\n<\/div>\n<\/div>","protected":false},"excerpt":{"rendered":"<p>-Twoje pude\u0142ko b\u0119dzie: Ekonomiczny, trwa\u0142y, sztywny, sk\u0142adany.<br \/>\n-Rodzaj materia\u0142u: Ekologiczny, posiada certyfikaty FSC, ISO, BSCI<br \/>\n-Dostosowanie: Mo\u017ce niestandardowy rozmiar \/ nadruk \/ materia\u0142 \/ wyko\u0144czenie \/ kszta\u0142t itp.<br \/>\n-Czas produkcji: Pr\u00f3bka 1-3 dni; Bulk 7-9 dni Czas wysy\u0142ki: Express 3-7 dni; Air 12-16 dni; Boat 25-30 dni\uff08R\u00f3\u017cne kraje maj\u0105 r\u00f3\u017cne czasy)<br \/>\n-Cena: Skontaktuj si\u0119 z nami, aby wys\u0142a\u0107 zapytanie<\/p>","protected":false},"featured_media":4676,"template":"","meta":[],"product_brand":[],"product_cat":[30,413,31,433],"product_tag":[611,612,610,243],"class_list":{"0":"post-4672","1":"product","2":"type-product","3":"status-publish","4":"has-post-thumbnail","6":"product_cat-by-industry","7":"product_cat-consumer-electronics-boxes","8":"product_cat-paper-box-style","9":"product_cat-shipping-mailer-boxes","10":"product_tag-hair-removal-machine-box","11":"product_tag-kraft-corrugated-box","12":"product_tag-mailer-box-distribution","13":"product_tag-paper-box-manufacturer","15":"first","16":"instock","17":"shipping-taxable","18":"product-type-grouped"},"_links":{"self":[{"href":"https:\/\/zojopackaging.com\/pl\/wp-json\/wp\/v2\/product\/4672","targetHints":{"allow":["GET"]}}],"collection":[{"href":"https:\/\/zojopackaging.com\/pl\/wp-json\/wp\/v2\/product"}],"about":[{"href":"https:\/\/zojopackaging.com\/pl\/wp-json\/wp\/v2\/types\/product"}],"version-history":[{"count":2,"href":"https:\/\/zojopackaging.com\/pl\/wp-json\/wp\/v2\/product\/4672\/revisions"}],"predecessor-version":[{"id":8212,"href":"https:\/\/zojopackaging.com\/pl\/wp-json\/wp\/v2\/product\/4672\/revisions\/8212"}],"wp:featuredmedia":[{"embeddable":true,"href":"https:\/\/zojopackaging.com\/pl\/wp-json\/wp\/v2\/media\/4676"}],"wp:attachment":[{"href":"https:\/\/zojopackaging.com\/pl\/wp-json\/wp\/v2\/media?parent=4672"}],"wp:term":[{"taxonomy":"product_brand","embeddable":true,"href":"https:\/\/zojopackaging.com\/pl\/wp-json\/wp\/v2\/product_brand?post=4672"},{"taxonomy":"product_cat","embeddable":true,"href":"https:\/\/zojopackaging.com\/pl\/wp-json\/wp\/v2\/product_cat?post=4672"},{"taxonomy":"product_tag","embeddable":true,"href":"https:\/\/zojopackaging.com\/pl\/wp-json\/wp\/v2\/product_tag?post=4672"}],"curies":[{"name":"wp","href":"https:\/\/api.w.org\/{rel}","templated":true}]}}