{"id":4679,"date":"2024-03-25T11:00:33","date_gmt":"2024-03-25T03:00:33","guid":{"rendered":"https:\/\/zojopackaging.com\/?post_type=product&#038;p=4679"},"modified":"2025-03-24T15:03:02","modified_gmt":"2025-03-24T07:03:02","slug":"custom-underwear-airplane-box","status":"publish","type":"product","link":"https:\/\/zojopackaging.com\/pl\/product\/custom-underwear-airplane-box\/","title":{"rendered":"Niestandardowa bielizna Odzie\u017c Mailer Pude\u0142ka wysy\u0142kowe Materia\u0142y eksploatacyjne"},"content":{"rendered":"<h1 class=\"self-content-pre-ca33f6\">Niestandardowa bielizna Odzie\u017c Mailer Pude\u0142ka wysy\u0142kowe Materia\u0142y eksploatacyjne<\/h1>\n<p>Przedstawiamy nasz\u0105 <strong>Niestandardowe pude\u0142ko na bielizn\u0119 do samolotu<\/strong>unikalne i innowacyjne rozwi\u0105zanie opakowaniowe zaprojektowane specjalnie dla bran\u017cy bieli\u017aniarskiej.<br \/>\nWybierz nasze niestandardowe pude\u0142ko na bielizn\u0119 do samolotu, aby zrobi\u0107 odwa\u017cne o\u015bwiadczenie na rynku i pozostawi\u0107 trwa\u0142e wra\u017cenie na swoich klientach.<\/p>\n<p><strong>Najwa\u017cniejsze cechy Custom Underwear Airplane Box:<\/strong><\/p>\n<ul>\n<li>Przyci\u0105gaj\u0105ca wzrok i zapadaj\u0105ca w pami\u0119\u0107 konstrukcja w kszta\u0142cie samolotu<\/li>\n<li>Wytrzyma\u0142a konstrukcja chroni\u0105ca bielizn\u0119 i utrzymuj\u0105ca jej kszta\u0142t<\/li>\n<li>Konfigurowalne opcje rozmiaru, koloru i szczeg\u00f3\u0142\u00f3w projektu w celu dostosowania do estetyki marki.<\/li>\n<li>Idealny do pakowania komplet\u00f3w bielizny, bielizny i innej odzie\u017cy intymnej.<\/li>\n<li>Dodaje odrobin\u0119 kaprysu i kreatywno\u015bci do opakowania, poprawiaj\u0105c og\u00f3lne wra\u017cenia klienta.<\/li>\n<\/ul>\n<h1><strong>Specyfikacja<\/strong><\/h1>\n<table style=\"border-collapse: collapse; width: 759.02pt;\" border=\"0\" width=\"1012\" cellspacing=\"0\" cellpadding=\"0\">\n<tbody>\n<tr style=\"height: 16.50pt;\">\n<td class=\"et3\" style=\"height: 16.50pt; width: 379.50pt;\" width=\"506\" height=\"22\">Wymiary<\/td>\n<td class=\"et3\" style=\"width: 379.50pt;\" width=\"506\">Wszystkie niestandardowe rozmiary i kszta\u0142ty<\/td>\n<\/tr>\n<tr style=\"height: 16.50pt;\">\n<td class=\"et3\" style=\"height: 16.50pt;\" height=\"22\">Min. ilo\u015b\u0107<\/td>\n<td class=\"et3\">500 szt.<\/td>\n<\/tr>\n<tr style=\"height: 16.50pt;\">\n<td class=\"et3\" style=\"height: 16.50pt;\" height=\"22\">Proces domy\u015blny<\/td>\n<td class=\"et3\">Sztancowanie, klejenie, nacinanie, perforacja<\/td>\n<\/tr>\n<tr style=\"height: 16.50pt;\">\n<td class=\"et3\" style=\"height: 16.50pt;\" height=\"22\">Drukowanie<\/td>\n<td class=\"et3\">Cmyk, pms, bez drukowania<\/td>\n<\/tr>\n<tr style=\"height: 16.50pt;\">\n<td class=\"et3\" style=\"height: 16.50pt;\" height=\"22\">Opcja materia\u0142u<\/td>\n<td class=\"et3\">Bia\u0142y papier kartonowy, papier powlekany, papier artystyczny, papier siarczanowy, ko\u015b\u0107 s\u0142oniowa, tektura dwustronna, papier specjalny itp.<\/td>\n<\/tr>\n<tr style=\"height: 17.25pt;\">\n<td class=\"et3\" style=\"height: 17.25pt;\" height=\"23\">Wyko\u0144czenie powierzchni<\/td>\n<td class=\"et4\" style=\"width: 379.50pt;\" width=\"506\">Laminowanie matowe\/b\u0142yszcz\u0105ce, punktowe UVDebossing, t\u0142oczenie, t\u0142oczenie foli\u0105 itp.<\/td>\n<\/tr>\n<tr style=\"height: 17.25pt;\">\n<td class=\"et4\" style=\"height: 17.25pt; width: 379.50pt;\" width=\"506\" height=\"23\">Wykorzystanie w przemy\u015ble<\/td>\n<td class=\"et4\" style=\"width: 379.50pt;\" width=\"506\">kosmetyki, perfumy, odzie\u017c, bi\u017cuteria, tyto\u0144, \u017cywno\u015b\u0107, towary codziennego u\u017cytku,<\/td>\n<\/tr>\n<tr style=\"height: 34.50pt;\">\n<td class=\"et4\" style=\"height: 34.50pt; width: 379.50pt;\" width=\"506\" height=\"46\">Kontrola jako\u015bci<\/td>\n<td class=\"et4\" style=\"width: 379.50pt;\" width=\"506\">Zaawansowany sprz\u0119t i do\u015bwiadczony zesp\u00f3\u0142 kontroli jako\u015bci dok\u0142adnie sprawdz\u0105 materia\u0142y, p\u00f3\u0142produkty i gotowe produkty na ka\u017cdym etapie przed ich u\u017cyciem.<\/td>\n<\/tr>\n<tr style=\"height: 34.50pt;\">\n<td class=\"et4\" style=\"height: 34.50pt; width: 379.50pt;\" width=\"506\" height=\"46\">Cena<\/td>\n<td class=\"et4\" style=\"width: 379.50pt;\" width=\"506\">Ostateczna cena b\u0119dzie dostosowana do produktu i wymaganej ilo\u015bci<\/td>\n<\/tr>\n<tr style=\"height: 16.50pt;\">\n<td class=\"et3\" style=\"height: 16.50pt;\" height=\"22\">Czas zwrotu<\/td>\n<td class=\"et3\">10-12 dni roboczych, po\u015bpiech<\/td>\n<\/tr>\n<tr style=\"height: 16.50pt;\">\n<td class=\"et3\" style=\"height: 16.50pt;\" height=\"22\">Papier<\/td>\n<td class=\"et3\">10pt do 28pt (60lb do 400lb) ekologiczny Kraft, tektura falista e-flute, tektura bux, karton<\/td>\n<\/tr>\n<tr style=\"height: 16.50pt;\">\n<td class=\"et3\" style=\"height: 16.50pt;\" height=\"22\">Dow\u00f3d<\/td>\n<td class=\"et3\">Widok p\u0142aski, makieta 3D, pr\u00f3bkowanie fizyczne (na \u017c\u0105danie)<\/td>\n<\/tr>\n<\/tbody>\n<\/table>\n<div class=\"widget block block-static-block\">\n<div class=\"landing-page-section option-bottom\">\n<div class=\"custom-materials-tabs-content container container-adjustment\">\n<div class=\"custom-materials-tab-content active\">\n<div class=\"widget block block-static-block\">\n<div class=\"options-items\">\n<div class=\"flex-grid-row-option\">\n<div class=\"flex-grid-item-option\">\n<div class=\"material-box\">\n<div class=\"material-des\">\n<p>&nbsp;<\/p>\n<\/div>\n<p>&nbsp;<\/p>\n<\/div>\n<\/div>\n<\/div>\n<\/div>\n<p><!---end of option item--><\/p>\n<\/div>\n<\/div>\n<\/div>\n<\/div>\n<\/div>","protected":false},"excerpt":{"rendered":"<p>Niestandardowe pude\u0142ka z tektury falistej na odzie\u017c, dwustronny kolorowy nadruk w kolorach makaronu, aby stworzy\u0107 mi\u0119kk\u0105, lekk\u0105 tekstur\u0119, zapewniaj\u0105c r\u00f3\u017cnorodne typy pude\u0142ek i rozwi\u0105zania tacek wewn\u0119trznych dostosowane do kategorii odzie\u017cy, nieograniczone dostosowanie rozmiaru, sublimacj\u0119 zr\u00f3\u017cnicowanego do\u015bwiadczenia marki.<\/p>","protected":false},"featured_media":4685,"template":"","meta":[],"product_brand":[],"product_cat":[30,414,31,433],"product_tag":[556,557,555],"class_list":{"0":"post-4679","1":"product","2":"type-product","3":"status-publish","4":"has-post-thumbnail","6":"product_cat-by-industry","7":"product_cat-custom-apparel-boxes","8":"product_cat-paper-box-style","9":"product_cat-shipping-mailer-boxes","10":"product_tag-clothing-shipping-boxes","11":"product_tag-mailer-shipping-boxes-supplies","12":"product_tag-underwear-mailer-boxes","14":"first","15":"instock","16":"shipping-taxable","17":"product-type-grouped"},"_links":{"self":[{"href":"https:\/\/zojopackaging.com\/pl\/wp-json\/wp\/v2\/product\/4679","targetHints":{"allow":["GET"]}}],"collection":[{"href":"https:\/\/zojopackaging.com\/pl\/wp-json\/wp\/v2\/product"}],"about":[{"href":"https:\/\/zojopackaging.com\/pl\/wp-json\/wp\/v2\/types\/product"}],"version-history":[{"count":2,"href":"https:\/\/zojopackaging.com\/pl\/wp-json\/wp\/v2\/product\/4679\/revisions"}],"predecessor-version":[{"id":8102,"href":"https:\/\/zojopackaging.com\/pl\/wp-json\/wp\/v2\/product\/4679\/revisions\/8102"}],"wp:featuredmedia":[{"embeddable":true,"href":"https:\/\/zojopackaging.com\/pl\/wp-json\/wp\/v2\/media\/4685"}],"wp:attachment":[{"href":"https:\/\/zojopackaging.com\/pl\/wp-json\/wp\/v2\/media?parent=4679"}],"wp:term":[{"taxonomy":"product_brand","embeddable":true,"href":"https:\/\/zojopackaging.com\/pl\/wp-json\/wp\/v2\/product_brand?post=4679"},{"taxonomy":"product_cat","embeddable":true,"href":"https:\/\/zojopackaging.com\/pl\/wp-json\/wp\/v2\/product_cat?post=4679"},{"taxonomy":"product_tag","embeddable":true,"href":"https:\/\/zojopackaging.com\/pl\/wp-json\/wp\/v2\/product_tag?post=4679"}],"curies":[{"name":"wp","href":"https:\/\/api.w.org\/{rel}","templated":true}]}}