{"id":4701,"date":"2024-03-25T14:30:02","date_gmt":"2024-03-25T06:30:02","guid":{"rendered":"https:\/\/zojopackaging.com\/?post_type=product&#038;p=4701"},"modified":"2025-03-27T20:01:54","modified_gmt":"2025-03-27T12:01:54","slug":"cleaner-airplane-packaging-box","status":"publish","type":"product","link":"https:\/\/zojopackaging.com\/pl\/product\/cleaner-airplane-packaging-box\/","title":{"rendered":"Fabryka niestandardowych opakowa\u0144 produkt\u00f3w elektronicznych"},"content":{"rendered":"<h1 class=\"self-content-pre-ca33f6\">Fabryka niestandardowych opakowa\u0144 produkt\u00f3w elektronicznych<\/h1>\n<p>Opakowanie Cleaner Airplane zosta\u0142o zaprojektowane z my\u015bl\u0105 o zr\u00f3wnowa\u017conym rozwoju. Wykonany z ekologicznych materia\u0142\u00f3w, nadaje si\u0119 do recyklingu i biodegradacji, zmniejszaj\u0105c wp\u0142yw na \u015brodowisko. Jego kompaktowy rozmiar u\u0142atwia przechowywanie i przenoszenie, idealnie wpasowuj\u0105c si\u0119 w ograniczon\u0105 przestrze\u0144 samolotu. Pude\u0142ko jest solidne i trwa\u0142e, zapewniaj\u0105c ochron\u0119 zawarto\u015bci podczas transportu. Opakowanie zosta\u0142o zaprojektowane tak, aby by\u0142o lekkie, zmniejszaj\u0105c ca\u0142kowit\u0105 wag\u0119 przesy\u0142ki i minimalizuj\u0105c zu\u017cycie paliwa. Dzi\u0119ki eleganckiemu i nowoczesnemu wzornictwu, opakowanie Cleaner Airplane Packaging Box nie tylko spe\u0142nia swoj\u0105 funkcj\u0119, ale tak\u017ce dodaje odrobin\u0119 stylu do podr\u00f3\u017cy.<\/p>\n<p><strong>Kluczowe cechy:<\/strong><\/p>\n<ul>\n<li>Lekki i wytrzyma\u0142y materia\u0142 u\u0142atwiaj\u0105cy przenoszenie i bezpieczne przechowywanie<\/li>\n<li>Ekologiczna konstrukcja zmniejszaj\u0105ca \u015blad w\u0119glowy<\/li>\n<li>Kompaktowy rozmiar, aby zmaksymalizowa\u0107 przestrze\u0144 do przechowywania i zminimalizowa\u0107 ilo\u015b\u0107 odpad\u00f3w<\/li>\n<li>\u0141atwy monta\u017c i demonta\u017c w celu szybkiego pakowania i rozpakowywania<\/li>\n<\/ul>\n<h1><strong>Specyfikacja<\/strong><\/h1>\n<table style=\"border-collapse: collapse; width: 759.02pt;\" border=\"0\" width=\"1012\" cellspacing=\"0\" cellpadding=\"0\">\n<tbody>\n<tr style=\"height: 16.50pt;\">\n<td class=\"et3\" style=\"height: 16.50pt; width: 379.50pt;\" width=\"506\" height=\"22\">Wymiary<\/td>\n<td class=\"et3\" style=\"width: 379.50pt;\" width=\"506\">Wszystkie niestandardowe rozmiary i kszta\u0142ty<\/td>\n<\/tr>\n<tr style=\"height: 16.50pt;\">\n<td class=\"et3\" style=\"height: 16.50pt;\" height=\"22\">Min. ilo\u015b\u0107<\/td>\n<td class=\"et3\">500szt.<\/td>\n<\/tr>\n<tr style=\"height: 16.50pt;\">\n<td class=\"et3\" style=\"height: 16.50pt;\" height=\"22\">Proces domy\u015blny<\/td>\n<td class=\"et3\">Sztancowanie, klejenie, nacinanie, perforacja<\/td>\n<\/tr>\n<tr style=\"height: 16.50pt;\">\n<td class=\"et3\" style=\"height: 16.50pt;\" height=\"22\">Drukowanie<\/td>\n<td class=\"et3\">Cmyk, pms, bez drukowania<\/td>\n<\/tr>\n<tr style=\"height: 16.50pt;\">\n<td class=\"et3\" style=\"height: 16.50pt;\" height=\"22\">Opcja materia\u0142u<\/td>\n<td class=\"et3\">Bia\u0142y papier kartonowy, papier powlekany, papier artystyczny, papier siarczanowy, ko\u015b\u0107 s\u0142oniowa, tektura dwustronna, papier specjalny itp.<\/td>\n<\/tr>\n<tr style=\"height: 17.25pt;\">\n<td class=\"et3\" style=\"height: 17.25pt;\" height=\"23\">Wyko\u0144czenie powierzchni<\/td>\n<td class=\"et4\" style=\"width: 379.50pt;\" width=\"506\">Laminowanie matowe\/b\u0142yszcz\u0105ce, punktowe UVDebossing, t\u0142oczenie, t\u0142oczenie foli\u0105 itp.<\/td>\n<\/tr>\n<tr style=\"height: 17.25pt;\">\n<td class=\"et4\" style=\"height: 17.25pt; width: 379.50pt;\" width=\"506\" height=\"23\">Wykorzystanie w przemy\u015ble<\/td>\n<td class=\"et4\" style=\"width: 379.50pt;\" width=\"506\">kosmetyki, perfumy, odzie\u017c, bi\u017cuteria, tyto\u0144, \u017cywno\u015b\u0107, towary codziennego u\u017cytku,<\/td>\n<\/tr>\n<tr style=\"height: 34.50pt;\">\n<td class=\"et4\" style=\"height: 34.50pt; width: 379.50pt;\" width=\"506\" height=\"46\">Kontrola jako\u015bci<\/td>\n<td class=\"et4\" style=\"width: 379.50pt;\" width=\"506\">Zaawansowany sprz\u0119t i do\u015bwiadczony zesp\u00f3\u0142 kontroli jako\u015bci dok\u0142adnie sprawdz\u0105 materia\u0142y, p\u00f3\u0142produkty i gotowe produkty na ka\u017cdym etapie przed ich u\u017cyciem.<\/td>\n<\/tr>\n<tr style=\"height: 34.50pt;\">\n<td class=\"et4\" style=\"height: 34.50pt; width: 379.50pt;\" width=\"506\" height=\"46\">Cena<\/td>\n<td class=\"et4\" style=\"width: 379.50pt;\" width=\"506\">Ostateczna cena b\u0119dzie dostosowana do produktu i wymaganej ilo\u015bci<\/td>\n<\/tr>\n<tr style=\"height: 16.50pt;\">\n<td class=\"et3\" style=\"height: 16.50pt;\" height=\"22\">Czas zwrotu<\/td>\n<td class=\"et3\">7-14 dni roboczych, po\u015bpiech<\/td>\n<\/tr>\n<tr style=\"height: 16.50pt;\">\n<td class=\"et3\" style=\"height: 16.50pt;\" height=\"22\">Papier<\/td>\n<td class=\"et3\">10pt do 28pt (60lb do 400lb) ekologiczny Kraft, tektura falista e-flute, tektura bux, karton<\/td>\n<\/tr>\n<tr style=\"height: 16.50pt;\">\n<td class=\"et3\" style=\"height: 16.50pt;\" height=\"22\">Dow\u00f3d<\/td>\n<td class=\"et3\">Widok p\u0142aski, makieta 3D, pr\u00f3bkowanie fizyczne (na \u017c\u0105danie)<\/td>\n<\/tr>\n<\/tbody>\n<\/table>\n<div class=\"widget block block-static-block\">\n<div class=\"landing-page-section option-bottom\">\n<div class=\"custom-materials-tabs-content container container-adjustment\">\n<div class=\"custom-materials-tab-content active\">\n<div class=\"widget block block-static-block\">\n<div class=\"options-items\">\n<div class=\"flex-grid-row-option\">\n<div class=\"flex-grid-item-option\">\n<div class=\"material-box\">\n<div class=\"material-des\">\n<p>&nbsp;<\/p>\n<\/div>\n<p>&nbsp;<\/p>\n<\/div>\n<\/div>\n<\/div>\n<\/div>\n<p><!---end of option item--><\/p>\n<\/div>\n<\/div>\n<\/div>\n<\/div>\n<\/div>","protected":false},"excerpt":{"rendered":"<p>-Tw\u00f3j zestaw pude\u0142kowy b\u0119dzie: Dopasowany rozmiar, wyra\u017any nadruk, wodoodporny, p\u0142aski statek, aby zaoszcz\u0119dzi\u0107 op\u0142at\u0119 za wysy\u0142k\u0119<br \/>\n-Rodzaj materia\u0142u: Ekologiczny, posiada certyfikaty FSC, ISO, BSCI<br \/>\n-Dostosowanie: Mo\u017ce niestandardowy rozmiar \/ nadruk \/ materia\u0142 \/ wyko\u0144czenie \/ kszta\u0142t itp.<br \/>\n-Czas produkcji: Pr\u00f3bka 1-3 dni; Bulk 7-9 dni Czas wysy\u0142ki: Express 3-7 dni; Air 12-16 dni; Boat 25-30 dni\uff08R\u00f3\u017cne kraje maj\u0105 r\u00f3\u017cne czasy)<br \/>\n-Cena: Skontaktuj si\u0119 z nami, aby wys\u0142a\u0107 zapytanie<\/p>","protected":false},"featured_media":4707,"template":"","meta":[],"product_brand":[],"product_cat":[30,413,31,433],"product_tag":[259,222,90],"class_list":{"0":"post-4701","1":"product","2":"type-product","3":"status-publish","4":"has-post-thumbnail","6":"product_cat-by-industry","7":"product_cat-consumer-electronics-boxes","8":"product_cat-paper-box-style","9":"product_cat-shipping-mailer-boxes","10":"product_tag-custom-electronics-boxes","11":"product_tag-custom-packaging-box","12":"product_tag-paper-box-factory","14":"first","15":"instock","16":"shipping-taxable","17":"product-type-grouped"},"_links":{"self":[{"href":"https:\/\/zojopackaging.com\/pl\/wp-json\/wp\/v2\/product\/4701","targetHints":{"allow":["GET"]}}],"collection":[{"href":"https:\/\/zojopackaging.com\/pl\/wp-json\/wp\/v2\/product"}],"about":[{"href":"https:\/\/zojopackaging.com\/pl\/wp-json\/wp\/v2\/types\/product"}],"version-history":[{"count":2,"href":"https:\/\/zojopackaging.com\/pl\/wp-json\/wp\/v2\/product\/4701\/revisions"}],"predecessor-version":[{"id":8206,"href":"https:\/\/zojopackaging.com\/pl\/wp-json\/wp\/v2\/product\/4701\/revisions\/8206"}],"wp:featuredmedia":[{"embeddable":true,"href":"https:\/\/zojopackaging.com\/pl\/wp-json\/wp\/v2\/media\/4707"}],"wp:attachment":[{"href":"https:\/\/zojopackaging.com\/pl\/wp-json\/wp\/v2\/media?parent=4701"}],"wp:term":[{"taxonomy":"product_brand","embeddable":true,"href":"https:\/\/zojopackaging.com\/pl\/wp-json\/wp\/v2\/product_brand?post=4701"},{"taxonomy":"product_cat","embeddable":true,"href":"https:\/\/zojopackaging.com\/pl\/wp-json\/wp\/v2\/product_cat?post=4701"},{"taxonomy":"product_tag","embeddable":true,"href":"https:\/\/zojopackaging.com\/pl\/wp-json\/wp\/v2\/product_tag?post=4701"}],"curies":[{"name":"wp","href":"https:\/\/api.w.org\/{rel}","templated":true}]}}