{"id":5697,"date":"2024-05-10T11:01:37","date_gmt":"2024-05-10T03:01:37","guid":{"rendered":"https:\/\/zojopackaging.com\/?post_type=product&#038;p=5697"},"modified":"2025-03-24T11:53:28","modified_gmt":"2025-03-24T03:53:28","slug":"custom-pizza-packaging-box","status":"publish","type":"product","link":"https:\/\/zojopackaging.com\/pl\/product\/custom-pizza-packaging-box\/","title":{"rendered":"Chiny Premium niestandardowe drukowane pude\u0142ka na pizz\u0119 Kraft hurtowo"},"content":{"rendered":"<h1>Chiny Premium niestandardowe drukowane pude\u0142ka na pizz\u0119 Kraft hurtowo<\/h1>\n<p><strong>Ekologiczne opakowania na \u017cywno\u015b\u0107<\/strong><\/p>\n<div class=\"auto-hide-last-sibling-br paragraph-ae1685 br-paragraph-space\" data-sider-select-id=\"3048e002-9888-4134-9a86-1328e88ae0c7\">\n<p>Odkryj nasz\u0105 wyj\u0105tkow\u0105 gam\u0119 niestandardowych opakowa\u0144 do \u017cywno\u015bci, zaprojektowanych specjalnie w celu zaspokojenia r\u00f3\u017cnorodnych potrzeb Twojej firmy. Nasze niestandardowe pude\u0142ka to idealne po\u0142\u0105czenie funkcjonalno\u015bci i kreatywno\u015bci.<br \/>\nTe pude\u0142ka do pakowania s\u0105 wykonane z dba\u0142o\u015bci\u0105 o szczeg\u00f3\u0142y, zapewniaj\u0105c najwy\u017csz\u0105 jako\u015b\u0107 i trwa\u0142o\u015b\u0107. Dostosowane do dok\u0142adnych specyfikacji, oferuj\u0105 bezproblemowe dopasowanie do produkt\u00f3w spo\u017cywczych, zapewniaj\u0105c optymaln\u0105 ochron\u0119 i prezentacj\u0119.<\/p>\n<p>Dzi\u0119ki szerokiej gamie konfigurowalnych opcji mo\u017cesz spersonalizowa\u0107 projekt, kolor, rozmiar i nadruk pude\u0142ek, aby dopasowa\u0107 je do to\u017csamo\u015bci swojej marki. Niezale\u017cnie od tego, czy potrzebujesz eleganckiego, nowoczesnego czy unikalnego opakowania, mamy dla Ciebie odpowiednie rozwi\u0105zania.<\/p>\n<p>W ZOJO Print oferujemy szerok\u0105 gam\u0119 niestandardowych opakowa\u0144 do \u017cywno\u015bci, kt\u00f3re zaspokajaj\u0105 potrzeby r\u00f3\u017cnych firm. Nasze produkty s\u0105 wykonane z wysokiej jako\u015bci materia\u0142\u00f3w i mo\u017cna je dostosowa\u0107 do w\u0142asnych wymaga\u0144. Niezale\u017cnie od tego, czy potrzebujesz opakowa\u0144 dla swojej restauracji, food trucka czy firmy cateringowej, mamy dla Ciebie rozwi\u0105zanie.<\/p>\n<p><strong>Zakres niestandardowych opakowa\u0144 do \u017cywno\u015bci<\/strong><br \/>\nZOJO Print oferuje szereg r\u00f3\u017cnych opcji niestandardowych opakowa\u0144 na \u017cywno\u015b\u0107 dla Twoich produkt\u00f3w. Wszystkie s\u0105 wykonane z bezpiecznego dla \u017cywno\u015bci kartonu Delipac\u00a9 (z wyj\u0105tkiem opakowa\u0144 Doypack) i mog\u0105 by\u0107 spersonalizowane za pomoc\u0105 grafiki. Poni\u017cej znajduje si\u0119 kr\u00f3tkie podsumowanie, ale pe\u0142ne informacje mo\u017cna znale\u017a\u0107 na osobnych stronach.<\/p>\n<ul>\n<li>Pojemniki na \u017cywno\u015b\u0107: dost\u0119pne w czterech formatach, s\u0105 idealne do \u017cywno\u015bci takiej jak popcorn i chipsy ze wzgl\u0119du na sw\u00f3j kszta\u0142t i s\u0105 odporne na olej i t\u0142uszcz.<\/li>\n<li>Pude\u0142ka na \u017cywno\u015b\u0107 Flip Lid: je\u015bli potrzebujesz ochrony dla swoich produkt\u00f3w, \u0142atwa w u\u017cyciu pokrywa tych pude\u0142ek sprawia, \u017ce s\u0105 one idealne do wszelkiego rodzaju produkt\u00f3w, zw\u0142aszcza \u017cywno\u015bci ulicznej i da\u0144 na wynos.<\/li>\n<li>Pude\u0142ka na \u017cywno\u015b\u0107 Deluxe: oferuj\u0105 wyrafinowany wygl\u0105d dzi\u0119ki ciekawemu kszta\u0142towi i przyci\u0105gaj\u0105cym wzrok zapi\u0119ciom. Do wyboru z zamkni\u0119ciem na wst\u0105\u017ck\u0119 lub uchwyt i w r\u00f3\u017cnych rozmiarach<\/li>\n<li>Pude\u0142ka na kanapki: te pude\u0142ka s\u0105 przeznaczone do przechowywania kanapek, rogalik\u00f3w i innych produkt\u00f3w piekarniczych, chroni\u0105c je i utrzymuj\u0105c ciep\u0142o gor\u0105cych potraw. Ich wyd\u0142u\u017cony kszta\u0142t zapobiega zgnieceniu \u017cywno\u015bci<\/li>\n<li>Doypacks: woreczki stoj\u0105ce wykonane z czterech materia\u0142\u00f3w do ochrony i przechowywania produkt\u00f3w spo\u017cywczych. Opcjonalna laminacja, zamek b\u0142yskawiczny i otw\u00f3r do zawieszenia.<\/li>\n<\/ul>\n<p><strong>Kartonowe opakowania na \u017cywno\u015b\u0107<\/strong><br \/>\nNasze spersonalizowane opakowania na \u017cywno\u015b\u0107 s\u0105 wykonane ze specjalnego kartonu o nazwie Delipac\u00a9, posiadaj\u0105cego szereg cech, kt\u00f3re odr\u00f3\u017cniaj\u0105 go od innych materia\u0142\u00f3w:<\/p>\n<ul>\n<li>Posiada pow\u0142ok\u0119 na bazie wody, kt\u00f3ra sprawia, \u017ce jest wyj\u0105tkowo odporna na oleje i smary<\/li>\n<li>Mo\u017cna go bez problemu umie\u015bci\u0107 w zamra\u017carce lub kuchence mikrofalowej.<\/li>\n<li>Zapewnia \u017cywno\u015bci dobr\u0105 izolacj\u0119 ciepln\u0105<\/li>\n<li>Jest odporny na migracj\u0119 atramentu<\/li>\n<\/ul>\n<p>Ponadto w naszych drukarkach u\u017cywamy atrament\u00f3w o niskiej migracji podczas dostosowywania drukowanych opakowa\u0144 na \u017cywno\u015b\u0107, aby unikn\u0105\u0107 ryzyka zanieczyszczenia \u017cywno\u015bci. Komponenty te zosta\u0142y r\u00f3wnie\u017c przetestowane laboratoryjnie, aby zapewni\u0107 ich bezpiecze\u0144stwo.<\/p>\n<p><strong>Ekologiczne opakowania na \u017cywno\u015b\u0107<\/strong><\/p>\n<p>Nasze spersonalizowane opakowania na \u017cywno\u015b\u0107 to przyjazne dla \u015brodowiska rozwi\u0105zanie dla firm z bran\u017cy spo\u017cywczej. W dzisiejszych czasach zr\u00f3wnowa\u017cony rozw\u00f3j i dokonywanie ekologicznych wybor\u00f3w jest coraz wa\u017cniejsze i jest to co\u015b, na co klienci zwracaj\u0105 uwag\u0119 przy podejmowaniu decyzji, od kt\u00f3rych firm kupowa\u0107. Dlatego nasze ekologiczne opakowania na \u017cywno\u015b\u0107 mog\u0105 stanowi\u0107 warto\u015b\u0107 dodan\u0105 dla Twojej firmy. Maj\u0105 one nast\u0119puj\u0105ce w\u0142a\u015bciwo\u015bci:<\/p>\n<ul>\n<li>Biodegradowalny<\/li>\n<li>Kompostowalny<\/li>\n<li>Nadaje si\u0119 do recyklingu<\/li>\n<\/ul>\n<p><strong>Zamawianie niestandardowych opakowa\u0144 do \u017cywno\u015bci<\/strong><\/p>\n<p>Zamawianie spersonalizowanych opakowa\u0144 na \u017cywno\u015b\u0107 w ZOJO Print jest bardzo proste. Wystarczy wybra\u0107 styl produktu, kt\u00f3ry bardziej Ci odpowiada i przej\u015b\u0107 do odpowiedniej strony. Znajdziesz tam formularz zam\u00f3wienia, kt\u00f3ry krok po kroku poprowadzi Ci\u0119 przez ca\u0142y proces. Wybierz preferowane opcje personalizacji, takie jak rozmiar, materia\u0142 itp., a bezp\u0142atna wycena zostanie wy\u015bwietlona automatycznie.<\/p>\n<p>Wybierz spo\u015br\u00f3d wielu cen i opcji dostawy, aby dopasowa\u0107 je do swoich potrzeb, a nast\u0119pnie prze\u015blij nam swoj\u0105 grafik\u0119. W razie jakichkolwiek problem\u00f3w lub pyta\u0144 prosimy o kontakt.<\/p>\n<\/div>\n<h1><strong>Specyfikacja<\/strong><\/h1>\n<div class=\"widget block block-static-block\">\n<div class=\"landing-page-section option-bottom\">\n<div class=\"custom-materials-tabs-content container container-adjustment\">\n<div class=\"custom-materials-tab-content active\">\n<div class=\"widget block block-static-block\">\n<div class=\"options-items\">\n<div class=\"flex-grid-row-option\">\n<div class=\"flex-grid-item-option\">\n<div class=\"material-box\">\n<div class=\"material-des\">\n<table style=\"height: 666px;\" width=\"1070\">\n<tbody>\n<tr>\n<td width=\"373\">Wymiary<\/td>\n<td width=\"373\">Wszystkie niestandardowe rozmiary i kszta\u0142ty<\/td>\n<\/tr>\n<tr>\n<td width=\"373\">MOQ<\/td>\n<td width=\"373\">500szt.<\/td>\n<\/tr>\n<tr>\n<td width=\"373\">Czas pr\u00f3by<\/td>\n<td width=\"373\">3-5 dni<\/td>\n<\/tr>\n<tr>\n<td width=\"373\">Proces domy\u015blny<\/td>\n<td width=\"373\">Sztancowanie, klejenie, nacinanie, perforacja<\/td>\n<\/tr>\n<tr>\n<td width=\"373\">Drukowanie<\/td>\n<td width=\"373\">Cmyk, pms, bez drukowania<\/td>\n<\/tr>\n<tr>\n<td width=\"373\">Opcja materia\u0142u<\/td>\n<td width=\"373\">Bia\u0142y papier kartonowy, papier powlekany, papier artystyczny, papier siarczanowy, ko\u015b\u0107 s\u0142oniowa, tektura dwustronna, papier specjalny itp.<\/td>\n<\/tr>\n<tr>\n<td width=\"373\">Wyko\u0144czenie powierzchni<\/td>\n<td width=\"373\">Laminowanie matowe\/b\u0142yszcz\u0105ce, punktowe UVDebossing, t\u0142oczenie, t\u0142oczenie foli\u0105 itp.<\/td>\n<\/tr>\n<tr>\n<td width=\"373\">Wykorzystanie w przemy\u015ble<\/td>\n<td width=\"373\">kosmetyki, perfumy, odzie\u017c, bi\u017cuteria, tyto\u0144, \u017cywno\u015b\u0107, towary codziennego u\u017cytku,<\/td>\n<\/tr>\n<tr>\n<td width=\"373\">Kontrola jako\u015bci<\/td>\n<td width=\"373\">Zaawansowany sprz\u0119t i do\u015bwiadczony zesp\u00f3\u0142 kontroli jako\u015bci dok\u0142adnie sprawdz\u0105 materia\u0142y, p\u00f3\u0142produkty i gotowe produkty na ka\u017cdym etapie przed ich u\u017cyciem.<\/td>\n<\/tr>\n<tr>\n<td width=\"373\">Cena<\/td>\n<td width=\"373\">Ostateczna cena b\u0119dzie dostosowana do produktu i wymaganej ilo\u015bci<\/td>\n<\/tr>\n<tr>\n<td width=\"373\">Czas zwrotu<\/td>\n<td width=\"373\">7-14 dni roboczych, po\u015bpiech<\/td>\n<\/tr>\n<tr>\n<td width=\"373\">Papier<\/td>\n<td width=\"373\">10pt do 28pt (60lb do 400lb) ekologiczny Kraft, tektura falista e-flute, tektura bux, karton<\/td>\n<\/tr>\n<tr>\n<td width=\"373\">Format grafiki<\/td>\n<td width=\"373\">JPG, PDF, AI, CDR, EPS, GIF....<\/td>\n<\/tr>\n<tr>\n<td width=\"373\">Akcesoria<\/td>\n<td width=\"373\">Magnes, ta\u015bma, forma EVA, plastikowa taca, g\u0105bka, okienko PVC\/PET\/PP,...<\/td>\n<\/tr>\n<tr>\n<td width=\"373\">Termin p\u0142atno\u015bci<\/td>\n<td width=\"373\">T \/ T, Western Union, Paypal, depozyt 30% i saldo 70% przed wysy\u0142k\u0105.<\/td>\n<\/tr>\n<\/tbody>\n<\/table>\n<\/div>\n<p>&nbsp;<\/p>\n<\/div>\n<\/div>\n<\/div>\n<\/div>\n<p><!---end of option item--><\/p>\n<\/div>\n<\/div>\n<\/div>\n<\/div>\n<\/div>","protected":false},"excerpt":{"rendered":"<p>Sk\u0142adane pude\u0142ka na pizz\u0119 z papieru pakowego dostarczane bezpo\u015brednio przez chi\u0144skie fabryki, obs\u0142uguj\u0105 nieograniczone dostosowywanie rozmiaru, projektowanie opakowa\u0144 spo\u017cywczych, wygodny transport i oszcz\u0119dno\u015b\u0107 miejsca.<\/p>","protected":false},"featured_media":6705,"template":"","meta":[],"product_brand":[],"product_cat":[30,422,31,433],"product_tag":[532,533,531],"class_list":{"0":"post-5697","1":"product","2":"type-product","3":"status-publish","4":"has-post-thumbnail","6":"product_cat-by-industry","7":"product_cat-custom-gourmet-boxes-by-industry","8":"product_cat-paper-box-style","9":"product_cat-shipping-mailer-boxes","10":"product_tag-kraft-pizza-boxes","11":"product_tag-pizza-boxes-wholesale","12":"product_tag-premium-pizza-boxes","14":"first","15":"instock","16":"shipping-taxable","17":"product-type-grouped"},"_links":{"self":[{"href":"https:\/\/zojopackaging.com\/pl\/wp-json\/wp\/v2\/product\/5697","targetHints":{"allow":["GET"]}}],"collection":[{"href":"https:\/\/zojopackaging.com\/pl\/wp-json\/wp\/v2\/product"}],"about":[{"href":"https:\/\/zojopackaging.com\/pl\/wp-json\/wp\/v2\/types\/product"}],"version-history":[{"count":3,"href":"https:\/\/zojopackaging.com\/pl\/wp-json\/wp\/v2\/product\/5697\/revisions"}],"predecessor-version":[{"id":8093,"href":"https:\/\/zojopackaging.com\/pl\/wp-json\/wp\/v2\/product\/5697\/revisions\/8093"}],"wp:featuredmedia":[{"embeddable":true,"href":"https:\/\/zojopackaging.com\/pl\/wp-json\/wp\/v2\/media\/6705"}],"wp:attachment":[{"href":"https:\/\/zojopackaging.com\/pl\/wp-json\/wp\/v2\/media?parent=5697"}],"wp:term":[{"taxonomy":"product_brand","embeddable":true,"href":"https:\/\/zojopackaging.com\/pl\/wp-json\/wp\/v2\/product_brand?post=5697"},{"taxonomy":"product_cat","embeddable":true,"href":"https:\/\/zojopackaging.com\/pl\/wp-json\/wp\/v2\/product_cat?post=5697"},{"taxonomy":"product_tag","embeddable":true,"href":"https:\/\/zojopackaging.com\/pl\/wp-json\/wp\/v2\/product_tag?post=5697"}],"curies":[{"name":"wp","href":"https:\/\/api.w.org\/{rel}","templated":true}]}}