{"id":5971,"date":"2024-06-18T09:26:16","date_gmt":"2024-06-18T01:26:16","guid":{"rendered":"https:\/\/zojopackaging.com\/?post_type=product&#038;p=5971"},"modified":"2025-03-24T12:09:12","modified_gmt":"2025-03-24T04:09:12","slug":"custom-cylinder-cr-vape-cartridge-box","status":"publish","type":"product","link":"https:\/\/zojopackaging.com\/pl\/product\/custom-cylinder-cr-vape-cartridge-box\/","title":{"rendered":"Niestandardowe, odporne na dzieci pude\u0142ko na kartrid\u017ce Vape Paper Tube Factory"},"content":{"rendered":"<h1>Niestandardowe, odporne na dzieci pude\u0142ko na kartrid\u017ce Vape Paper Tube Factory<\/h1>\n<p>Custom Packaging zapewnia swoim klientom doskona\u0142e rozwi\u0105zania w zakresie opakowa\u0144 do e-papieros\u00f3w w najbardziej rozs\u0105dnej cenie w historii.<\/p>\n<p><strong>NAJLEPSZY MATERIA\u0141 OPAKOWANIOWY<\/strong><br \/>\nKonsumenci e-papieros\u00f3w chc\u0105 mie\u0107 takie e-papierosy, kt\u00f3re s\u0105 najlepszej jako\u015bci, a to, co zauwa\u017caj\u0105 jako pierwsze podczas zakupu e-papieros\u00f3w, to zdecydowanie prezentacja. A opakowanie e-papierosa jest w rzeczywisto\u015bci jego prezentacj\u0105, kt\u00f3ra albo czyni produkt atrakcyjnym, albo czyni go niezauwa\u017calnym. Wszystko zale\u017cy od marki lub firmy, w jaki spos\u00f3b sprawiaj\u0105, \u017ce prezentacja ich produktu jest przyjemna dla konsument\u00f3w i kupuj\u0105cych. Oznacza to, \u017ce jako\u015b\u0107 e-papierosa i jako\u015b\u0107 jego opakowania s\u0105 r\u00f3wnie wa\u017cne dla klienta i jako sprzedawca detaliczny powiniene\u015b si\u0119 na tym skupi\u0107. W zwi\u0105zku z tym nasza firma \u015bwiadczy niezawodne us\u0142ugi wszystkim producentom i sprzedawcom e-papieros\u00f3w. Do produkcji pude\u0142ek na e-papierosy wykorzystujemy najlepsze materia\u0142y opakowaniowe.<\/p>\n<p><strong>PROJEKTY NA ZAM\u00d3WIENIE<\/strong><br \/>\nTo, co sprawia, \u017ce opakowanie produktu jest przyjemniejsze i bardziej przyci\u0105gaj\u0105ce wzrok, to projekt i nadruki na nim. A tutaj b\u0119dziesz mia\u0142 do wyboru wiele wzor\u00f3w i opcji drukowania. Nasza firma ma ekspert\u00f3w, kt\u00f3rzy mog\u0105 stworzy\u0107 dla Ciebie niesamowity projekt opakowania, popro\u015b o bezp\u0142atn\u0105 pomoc w projektowaniu lub przedstaw nam swoje w\u0142asne pomys\u0142y. Stworzymy najlepsze opakowanie na zam\u00f3wienie, jakie kiedykolwiek sobie wyobra\u017ca\u0142e\u015b. Pomo\u017cemy Ci wyr\u00f3\u017cni\u0107 Twoje e-papierosy na rynku. Spraw, aby niestandardowe pude\u0142ka na e-papierosy sta\u0142y si\u0119 znakiem marki i zarabiaj wi\u0119cej. Oferujemy zar\u00f3wno techniki druku CMYK, jak i PMS, wybierz, co chcesz. Pude\u0142ka mo\u017cna zam\u00f3wi\u0107 w dowolnym rozmiarze lub kszta\u0142cie z nadrukiem. Otrzymasz tutaj asortyment projekt\u00f3w na zam\u00f3wienie, wybierz \u017c\u0105dany lub przedstaw nam swoj\u0105 wyobra\u017ani\u0119.<\/p>\n<p><strong>PRZYCI\u0104GAJ\u0104CE WZROK OPCJE DODATKOWE<\/strong><br \/>\nFirma Custom Packaging jest jedn\u0105 z najlepszych w mie\u015bcie. To w\u0142a\u015bnie dzi\u0119ki naszym us\u0142ugom premium jeste\u015bmy zwi\u0105zani z wieloma klientami od wielu lat. Poniewa\u017c oferujemy pakiet niestandardowych opcji naszym ukochanym klientom, wol\u0105 oni wielokrotnie korzysta\u0107 z naszych us\u0142ug. Je\u015bli szukasz opakowa\u0144 na e-papierosy, to jest to w\u0142a\u015bciwe miejsce, w kt\u00f3rym wyl\u0105dowa\u0142e\u015b. Opr\u00f3cz dostarczania niestandardowych projekt\u00f3w i nadruk\u00f3w, nasza firma oferuje swoim klientom unikalne i przyci\u0105gaj\u0105ce wzrok opcje dodatkowe. Oferujemy laminowanie b\u0142yszcz\u0105ce lub matowe, foliowanie srebrne lub z\u0142ote, powlekanie punktowe UV lub wodne, aby Twoje pude\u0142ka na e-papierosy by\u0142y bardziej atrakcyjne. Wycinane lub okienne szyby z pewno\u015bci\u0105 zapewni\u0105 Twoim niestandardowym pude\u0142kom na e-papierosy przyci\u0105gaj\u0105cy wzrok wygl\u0105d. Na pude\u0142kach mo\u017cna umie\u015bci\u0107 nazw\u0119 marki e-papieros\u00f3w w unikalny spos\u00f3b, co zwi\u0119kszy urok e-papieros\u00f3w.<\/p>\n<p>Skontaktuj si\u0119 z nami przez e-mail\u00a0<span style=\"color: #ff0000;\"><strong>info@zojoprint.com<\/strong><\/span>\u00a0lub\u00a0<span style=\"color: #ff0000;\"><strong>vickio@zojopackaging.com<\/strong>\u00a0<\/span>lub mo\u017cesz zadzwoni\u0107 do nas pod podany numer telefonu w dowolnym momencie, nasza obs\u0142uga klienta jest dost\u0119pna 24 godziny na dob\u0119. Mo\u017cesz r\u00f3wnie\u017c uzyska\u0107 natychmiastow\u0105 odpowied\u017a na swoje zapytanie za po\u015brednictwem naszego czatu na \u017cywo.<\/p>\n<h1><strong>Specyfikacja<\/strong><\/h1>\n<table width=\"1153\">\n<tbody>\n<tr>\n<td width=\"373\">Wymiary<\/td>\n<td width=\"373\">Wszystkie niestandardowe rozmiary i kszta\u0142ty<\/td>\n<\/tr>\n<tr>\n<td width=\"373\">Drukowanie<\/td>\n<td width=\"373\">CMYK, PMS, bez nadruku<\/td>\n<\/tr>\n<tr>\n<td width=\"373\">Papier zapasowy<\/td>\n<td width=\"373\">10pt do 28pt (60lb do 400lb) Ekologiczny Kraft, tektura falista E-flute, tektura Bux, karton<\/td>\n<\/tr>\n<tr>\n<td width=\"373\">Ilo\u015bci<\/td>\n<td width=\"373\">500- 500,000<\/td>\n<\/tr>\n<tr>\n<td width=\"373\">Pow\u0142oka<\/td>\n<td width=\"373\">B\u0142yszcz\u0105cy, matowy, punktowy UV<\/td>\n<\/tr>\n<tr>\n<td width=\"373\">Proces domy\u015blny<\/td>\n<td width=\"373\">Sztancowanie, klejenie, nacinanie, perforacja<\/td>\n<\/tr>\n<tr>\n<td width=\"373\">Opcje<\/td>\n<td width=\"373\">Niestandardowe wyci\u0119cie okna, foliowanie z\u0142ote\/srebrne, wyt\u0142aczanie, wypuk\u0142y atrament, arkusz PVC.<\/td>\n<\/tr>\n<tr>\n<td width=\"373\">Dow\u00f3d<\/td>\n<td width=\"373\">Widok p\u0142aski, makieta 3D, pr\u00f3bkowanie fizyczne (na \u017c\u0105danie)<\/td>\n<\/tr>\n<tr>\n<td width=\"373\">Czas realizacji<\/td>\n<td width=\"373\">7-14 dni roboczych, po\u015bpiech<\/td>\n<\/tr>\n<tr>\n<td width=\"373\">MOQ<\/td>\n<td width=\"373\">500<\/td>\n<\/tr>\n<tr>\n<td width=\"373\">Czas pr\u00f3by<\/td>\n<td width=\"373\">3-5 dni<\/td>\n<\/tr>\n<tr>\n<td width=\"373\">Termin p\u0142atno\u015bci<\/td>\n<td width=\"373\">T \/ T, Western Union, Paypal, depozyt 30% i saldo 70% przed wysy\u0142k\u0105.<\/td>\n<\/tr>\n<\/tbody>\n<\/table>\n<p><img fetchpriority=\"high\" decoding=\"async\" class=\"alignnone wp-image-5947\" src=\"https:\/\/zojopackaging.com\/wp-content\/uploads\/2024\/06\/\u5706\u7b52\u8be6\u60c5\u9875_01-300x123.jpg\" alt=\"\" width=\"1362\" height=\"558\" title=\"\" srcset=\"https:\/\/zojopackaging.com\/wp-content\/uploads\/2024\/06\/\u5706\u7b52\u8be6\u60c5\u9875_01-300x123.jpg 300w, https:\/\/zojopackaging.com\/wp-content\/uploads\/2024\/06\/\u5706\u7b52\u8be6\u60c5\u9875_01-600x246.jpg 600w, https:\/\/zojopackaging.com\/wp-content\/uploads\/2024\/06\/\u5706\u7b52\u8be6\u60c5\u9875_01.jpg 750w\" sizes=\"(max-width: 1362px) 100vw, 1362px\" \/> \u00a0<img decoding=\"async\" class=\"alignnone wp-image-5949\" src=\"https:\/\/zojopackaging.com\/wp-content\/uploads\/2024\/06\/\u5706\u7b52\u8be6\u60c5\u9875_03-298x300.jpg\" alt=\"\" width=\"1367\" height=\"1377\" title=\"\" srcset=\"https:\/\/zojopackaging.com\/wp-content\/uploads\/2024\/06\/\u5706\u7b52\u8be6\u60c5\u9875_03-298x300.jpg 298w, https:\/\/zojopackaging.com\/wp-content\/uploads\/2024\/06\/\u5706\u7b52\u8be6\u60c5\u9875_03-80x80.jpg 80w, https:\/\/zojopackaging.com\/wp-content\/uploads\/2024\/06\/\u5706\u7b52\u8be6\u60c5\u9875_03-600x604.jpg 600w, https:\/\/zojopackaging.com\/wp-content\/uploads\/2024\/06\/\u5706\u7b52\u8be6\u60c5\u9875_03-100x100.jpg 100w, https:\/\/zojopackaging.com\/wp-content\/uploads\/2024\/06\/\u5706\u7b52\u8be6\u60c5\u9875_03.jpg 750w\" sizes=\"(max-width: 1367px) 100vw, 1367px\" \/> \u00a0<img decoding=\"async\" class=\"alignnone wp-image-5951\" src=\"https:\/\/zojopackaging.com\/wp-content\/uploads\/2024\/06\/\u5706\u7b52\u8be6\u60c5\u9875_05-218x300.jpg\" alt=\"\" width=\"1351\" height=\"1859\" title=\"\" srcset=\"https:\/\/zojopackaging.com\/wp-content\/uploads\/2024\/06\/\u5706\u7b52\u8be6\u60c5\u9875_05-218x300.jpg 218w, https:\/\/zojopackaging.com\/wp-content\/uploads\/2024\/06\/\u5706\u7b52\u8be6\u60c5\u9875_05-600x827.jpg 600w\" sizes=\"(max-width: 1351px) 100vw, 1351px\" \/> <img loading=\"lazy\" decoding=\"async\" class=\"alignnone wp-image-5952\" src=\"https:\/\/zojopackaging.com\/wp-content\/uploads\/2024\/06\/\u5706\u7b52\u8be6\u60c5\u9875_06-207x300.jpg\" alt=\"\" width=\"1356\" height=\"1965\" title=\"\" srcset=\"https:\/\/zojopackaging.com\/wp-content\/uploads\/2024\/06\/\u5706\u7b52\u8be6\u60c5\u9875_06-207x300.jpg 207w, https:\/\/zojopackaging.com\/wp-content\/uploads\/2024\/06\/\u5706\u7b52\u8be6\u60c5\u9875_06-600x868.jpg 600w\" sizes=\"(max-width: 1356px) 100vw, 1356px\" \/> <img loading=\"lazy\" decoding=\"async\" class=\"alignnone wp-image-5953\" src=\"https:\/\/zojopackaging.com\/wp-content\/uploads\/2024\/06\/\u5706\u7b52\u8be6\u60c5\u9875_07-151x300.jpg\" alt=\"\" width=\"1361\" height=\"2703\" title=\"\" srcset=\"https:\/\/zojopackaging.com\/wp-content\/uploads\/2024\/06\/\u5706\u7b52\u8be6\u60c5\u9875_07-151x300.jpg 151w, https:\/\/zojopackaging.com\/wp-content\/uploads\/2024\/06\/\u5706\u7b52\u8be6\u60c5\u9875_07-518x1030.jpg 518w, https:\/\/zojopackaging.com\/wp-content\/uploads\/2024\/06\/\u5706\u7b52\u8be6\u60c5\u9875_07-600x1193.jpg 600w, https:\/\/zojopackaging.com\/wp-content\/uploads\/2024\/06\/\u5706\u7b52\u8be6\u60c5\u9875_07.jpg 750w\" sizes=\"(max-width: 1361px) 100vw, 1361px\" \/> <img loading=\"lazy\" decoding=\"async\" class=\"alignnone wp-image-5954\" src=\"https:\/\/zojopackaging.com\/wp-content\/uploads\/2024\/06\/\u5706\u7b52\u8be6\u60c5\u9875_08-182x300.jpg\" alt=\"\" width=\"1358\" height=\"2238\" title=\"\" srcset=\"https:\/\/zojopackaging.com\/wp-content\/uploads\/2024\/06\/\u5706\u7b52\u8be6\u60c5\u9875_08-182x300.jpg 182w, https:\/\/zojopackaging.com\/wp-content\/uploads\/2024\/06\/\u5706\u7b52\u8be6\u60c5\u9875_08-625x1030.jpg 625w, https:\/\/zojopackaging.com\/wp-content\/uploads\/2024\/06\/\u5706\u7b52\u8be6\u60c5\u9875_08-600x989.jpg 600w, https:\/\/zojopackaging.com\/wp-content\/uploads\/2024\/06\/\u5706\u7b52\u8be6\u60c5\u9875_08.jpg 750w\" sizes=\"(max-width: 1358px) 100vw, 1358px\" \/> \u00a0<img loading=\"lazy\" decoding=\"async\" class=\"alignnone wp-image-5956\" src=\"https:\/\/zojopackaging.com\/wp-content\/uploads\/2024\/06\/\u5706\u7b52\u8be6\u60c5\u9875_10-300x284.jpg\" alt=\"\" width=\"1429\" height=\"1353\" title=\"\" srcset=\"https:\/\/zojopackaging.com\/wp-content\/uploads\/2024\/06\/\u5706\u7b52\u8be6\u60c5\u9875_10-300x284.jpg 300w, https:\/\/zojopackaging.com\/wp-content\/uploads\/2024\/06\/\u5706\u7b52\u8be6\u60c5\u9875_10-600x567.jpg 600w, https:\/\/zojopackaging.com\/wp-content\/uploads\/2024\/06\/\u5706\u7b52\u8be6\u60c5\u9875_10.jpg 750w\" sizes=\"(max-width: 1429px) 100vw, 1429px\" \/> <img loading=\"lazy\" decoding=\"async\" class=\"alignnone wp-image-5957\" src=\"https:\/\/zojopackaging.com\/wp-content\/uploads\/2024\/06\/\u5706\u7b52\u8be6\u60c5\u9875_11-133x300.jpg\" alt=\"\" width=\"1359\" height=\"3065\" title=\"\" srcset=\"https:\/\/zojopackaging.com\/wp-content\/uploads\/2024\/06\/\u5706\u7b52\u8be6\u60c5\u9875_11-133x300.jpg 133w, https:\/\/zojopackaging.com\/wp-content\/uploads\/2024\/06\/\u5706\u7b52\u8be6\u60c5\u9875_11-457x1030.jpg 457w\" sizes=\"(max-width: 1359px) 100vw, 1359px\" \/><\/p>","protected":false},"excerpt":{"rendered":"<p>Pude\u0142ko z papierow\u0105 tub\u0105 na wk\u0142ady vape obs\u0142uguje nieograniczone dostosowywanie rozmiaru i jest elastyczne w adaptacji. Wykorzystuje sztywny papier 1200GSM + papier artystyczny 157GSM, kt\u00f3ry jest mocny i odporny na nacisk. Wyprodukowany bezpo\u015brednio w fabryce w Chinach, ma wbudowan\u0105 konstrukcj\u0119 zabezpieczaj\u0105c\u0105 przed dzie\u0107mi, bior\u0105c pod uwag\u0119 bezpiecze\u0144stwo i wysok\u0105 wydajno\u015b\u0107 kosztow\u0105.<\/p>","protected":false},"featured_media":5980,"template":"","meta":[],"product_brand":[],"product_cat":[30,431,420,31],"product_tag":[535,534,536],"class_list":{"0":"post-5971","1":"product","2":"type-product","3":"status-publish","4":"has-post-thumbnail","6":"product_cat-by-industry","7":"product_cat-child-resistant-packaging","8":"product_cat-custom-cannabis-boxes","9":"product_cat-paper-box-style","10":"product_tag-child-resistant-vape-cartridge-box","11":"product_tag-vape-cartridge-box","12":"product_tag-vape-cartridge-box-factory","14":"first","15":"instock","16":"shipping-taxable","17":"product-type-simple"},"_links":{"self":[{"href":"https:\/\/zojopackaging.com\/pl\/wp-json\/wp\/v2\/product\/5971","targetHints":{"allow":["GET"]}}],"collection":[{"href":"https:\/\/zojopackaging.com\/pl\/wp-json\/wp\/v2\/product"}],"about":[{"href":"https:\/\/zojopackaging.com\/pl\/wp-json\/wp\/v2\/types\/product"}],"version-history":[{"count":2,"href":"https:\/\/zojopackaging.com\/pl\/wp-json\/wp\/v2\/product\/5971\/revisions"}],"predecessor-version":[{"id":8094,"href":"https:\/\/zojopackaging.com\/pl\/wp-json\/wp\/v2\/product\/5971\/revisions\/8094"}],"wp:featuredmedia":[{"embeddable":true,"href":"https:\/\/zojopackaging.com\/pl\/wp-json\/wp\/v2\/media\/5980"}],"wp:attachment":[{"href":"https:\/\/zojopackaging.com\/pl\/wp-json\/wp\/v2\/media?parent=5971"}],"wp:term":[{"taxonomy":"product_brand","embeddable":true,"href":"https:\/\/zojopackaging.com\/pl\/wp-json\/wp\/v2\/product_brand?post=5971"},{"taxonomy":"product_cat","embeddable":true,"href":"https:\/\/zojopackaging.com\/pl\/wp-json\/wp\/v2\/product_cat?post=5971"},{"taxonomy":"product_tag","embeddable":true,"href":"https:\/\/zojopackaging.com\/pl\/wp-json\/wp\/v2\/product_tag?post=5971"}],"curies":[{"name":"wp","href":"https:\/\/api.w.org\/{rel}","templated":true}]}}