{"id":6279,"date":"2024-06-27T15:38:52","date_gmt":"2024-06-27T07:38:52","guid":{"rendered":"https:\/\/zojopackaging.com\/?post_type=product&#038;p=6279"},"modified":"2025-03-27T20:55:02","modified_gmt":"2025-03-27T12:55:02","slug":"luxury-lid-and-base-box","status":"publish","type":"product","link":"https:\/\/zojopackaging.com\/pl\/product\/luxury-lid-and-base-box\/","title":{"rendered":"Wysokiej jako\u015bci sztywne pude\u0142ko do pakowania inteligentnych zegark\u00f3w z chi\u0144skiej fabryki"},"content":{"rendered":"<h1 id=\"customized-lid-and-base-box-an-excellent-packaging-tailored-for-your-products\" class=\"header-_3c730 auto-hide-last-sibling-br\">Premium Smart Watch Opakowanie sztywne pude\u0142ko z chi\u0144skiej fabryki<\/h1>\n<div class=\"auto-hide-last-sibling-br paragraph-ae1685 br-paragraph-space\">W erze d\u0105\u017cenia do jako\u015bci i indywidualno\u015bci, wyj\u0105tkowe opakowanie mo\u017ce sprawi\u0107, \u017ce Twoje produkty wyr\u00f3\u017cni\u0105 si\u0119 w\u015br\u00f3d wielu konkurent\u00f3w. Z dum\u0105 polecamy niestandardowe pude\u0142ko z pokrywk\u0105 i podstaw\u0105, kt\u00f3re jest doskona\u0142ym rozwi\u0105zaniem opakowaniowym \u0142\u0105cz\u0105cym wykwintne rzemios\u0142o, innowacyjny design i spersonalizowane dostosowanie.<\/div>\n<div>\n<h1><strong>Specyfikacja<\/strong><\/h1>\n<table style=\"height: 683px;\" width=\"999\">\n<tbody>\n<tr>\n<td width=\"373\">Wymiary<\/td>\n<td width=\"373\">Wszystkie niestandardowe rozmiary i kszta\u0142ty<\/td>\n<\/tr>\n<tr>\n<td width=\"373\">MOQ<\/td>\n<td width=\"373\">500szt.<\/td>\n<\/tr>\n<tr>\n<td width=\"373\">Czas pr\u00f3by<\/td>\n<td width=\"373\">\u00a03-5 dni<\/td>\n<\/tr>\n<tr>\n<td width=\"373\">Proces domy\u015blny<\/td>\n<td width=\"373\">Sztancowanie, klejenie, nacinanie, perforacja<\/td>\n<\/tr>\n<tr>\n<td width=\"373\">Drukowanie<\/td>\n<td width=\"373\">Cmyk, pms, bez drukowania<\/td>\n<\/tr>\n<tr>\n<td width=\"373\">Opcja materia\u0142u<\/td>\n<td width=\"373\">Bia\u0142y papier kartonowy, papier powlekany, papier artystyczny, papier siarczanowy, ko\u015b\u0107 s\u0142oniowa, tektura dwustronna, papier specjalny itp.<\/td>\n<\/tr>\n<tr>\n<td width=\"373\">Wyko\u0144czenie powierzchni<\/td>\n<td width=\"373\">Laminowanie matowe\/b\u0142yszcz\u0105ce, punktowe UVDebossing, t\u0142oczenie, t\u0142oczenie foli\u0105 itp.<\/td>\n<\/tr>\n<tr>\n<td width=\"373\">Wykorzystanie w przemy\u015ble<\/td>\n<td width=\"373\">kosmetyki, perfumy, odzie\u017c, bi\u017cuteria, tyto\u0144, \u017cywno\u015b\u0107, towary codziennego u\u017cytku,<\/td>\n<\/tr>\n<tr>\n<td width=\"373\">Kontrola jako\u015bci<\/td>\n<td width=\"373\">Zaawansowany sprz\u0119t i do\u015bwiadczony zesp\u00f3\u0142 kontroli jako\u015bci dok\u0142adnie sprawdz\u0105 materia\u0142y, p\u00f3\u0142produkty i gotowe produkty na ka\u017cdym etapie przed ich u\u017cyciem.<\/td>\n<\/tr>\n<tr>\n<td width=\"373\">Cena<\/td>\n<td width=\"373\">Ostateczna cena b\u0119dzie dostosowana do produktu i wymaganej ilo\u015bci<\/td>\n<\/tr>\n<tr>\n<td width=\"373\">Czas zwrotu<\/td>\n<td width=\"373\">7-14 dni roboczych, po\u015bpiech<\/td>\n<\/tr>\n<tr>\n<td width=\"373\">Papier<\/td>\n<td width=\"373\">10pt do 28pt (60lb do 400lb) ekologiczny Kraft, tektura falista e-flute, tektura bux, karton<\/td>\n<\/tr>\n<tr>\n<td width=\"373\">Format grafiki<\/td>\n<td width=\"373\">JPG, PDF, AI, CDR, EPS, GIF....<\/td>\n<\/tr>\n<tr>\n<td width=\"373\">Akcesoria<\/td>\n<td width=\"373\">Magnes, ta\u015bma, forma EVA, plastikowa taca, g\u0105bka, okienko PVC\/PET\/PP,...<\/td>\n<\/tr>\n<tr>\n<td width=\"373\">Termin p\u0142atno\u015bci<\/td>\n<td width=\"373\">T \/ T, Western Union, Paypal, depozyt 30% i saldo 70% przed wysy\u0142k\u0105.<\/td>\n<\/tr>\n<\/tbody>\n<\/table>\n<\/div>\n<h2 id=\"exquisite-craftsmanship\" class=\"header-_3c730 auto-hide-last-sibling-br\">Znakomita jako\u015b\u0107 wykonania<\/h2>\n<ol class=\"auto-hide-last-sibling-br\">\n<li>Wybieramy wysokiej jako\u015bci materia\u0142y, takie jak tektury o wysokiej wytrzyma\u0142o\u015bci, ekologiczne papiery faliste i luksusowe papiery artystyczne, aby zapewni\u0107 doskona\u0142\u0105 trwa\u0142o\u015b\u0107 i tekstur\u0119 pude\u0142ka.<\/li>\n<li>Stosujemy zaawansowane techniki druku. Niezale\u017cnie od tego, czy jest to wykwintny kolorowy nadruk, realistyczne t\u0142oczenie czy wspania\u0142e z\u0142ote \/ srebrne t\u0142oczenie, wszystkie mog\u0105 doda\u0107 niepowtarzalnego uroku Twojemu pude\u0142ku.<\/li>\n<li>Precyzyjne techniki wykrawania i sk\u0142adania sprawiaj\u0105, \u017ce kraw\u0119dzie pokrywy i podstawy pude\u0142ka s\u0105 czyste i g\u0142adkie, a otwieranie i zamykanie p\u0142ynne, co zapewnia niezr\u00f3wnan\u0105 delikatno\u015b\u0107.<\/li>\n<\/ol>\n<h2 id=\"innovative-design\" class=\"header-_3c730 auto-hide-last-sibling-br\">Innowacyjny projekt<\/h2>\n<ol class=\"auto-hide-last-sibling-br\">\n<li>Nasz profesjonalny zesp\u00f3\u0142 projektant\u00f3w stworzy dla Ciebie unikalny projekt wieczka i podstawy pude\u0142ka w oparciu o cechy Twojego produktu i wizerunek marki.<\/li>\n<li>Pocz\u0105wszy od kszta\u0142tu i rozmiaru pude\u0142ka, a sko\u0144czywszy na jego wewn\u0119trznej strukturze, wszystko jest starannie zaplanowane, aby zapewni\u0107, \u017ce idealnie pomie\u015bci produkt i zapewni najlepszy efekt ekspozycji.<\/li>\n<li>Innowacyjne metody otwierania i zamykania oraz ukryte struktury zapewniaj\u0105 u\u017cytkownikom zaskakuj\u0105ce wra\u017cenia z u\u017cytkowania i zwi\u0119kszaj\u0105 warto\u015b\u0107 dodan\u0105 produktu.<\/li>\n<\/ol>\n<h2 id=\"personalized-customization\" class=\"header-_3c730 auto-hide-last-sibling-br\">Spersonalizowane dostosowanie<\/h2>\n<ol class=\"auto-hide-last-sibling-br\">\n<li>Mo\u017cesz dowolnie wybiera\u0107 elementy, takie jak kolor, wz\u00f3r i tekst pude\u0142ka, a tak\u017ce idealnie zintegrowa\u0107 z nim logo marki, informacje o produkcie lub spersonalizowane elementy.<\/li>\n<li>Oferujemy r\u00f3wnie\u017c r\u00f3\u017cne materia\u0142y i opcje obr\u00f3bki powierzchni, takie jak matowe, b\u0142yszcz\u0105ce i matowe, dzi\u0119ki czemu pude\u0142ko mo\u017ce mie\u0107 charakterystyczny styl.<\/li>\n<li>Niezale\u017cnie od tego, czy chodzi o ma\u0142\u0105 parti\u0119 spersonalizowanej personalizacji, czy o masow\u0105 produkcj\u0119 na du\u017c\u0105 skal\u0119, mo\u017cemy spe\u0142ni\u0107 Twoje wymagania i zapewni\u0107 elastyczne us\u0142ugi dostosowywania.<\/li>\n<\/ol>\n<h2 id=\"wide-application\" class=\"header-_3c730 auto-hide-last-sibling-br\">Szerokie zastosowanie<\/h2>\n<div class=\"auto-hide-last-sibling-br paragraph-ae1685 br-paragraph-space\">Dostosowana pokrywa i pude\u0142ko bazowe s\u0105 odpowiednie dla wielu bran\u017c i produkt\u00f3w, takich jak<\/div>\n<ol class=\"auto-hide-last-sibling-br\">\n<li>Bi\u017cuteria: Zapewnij bezpieczne i pi\u0119kne opakowanie dla cennej bi\u017cuterii, aby podkre\u015bli\u0107 jej szlachetn\u0105 jako\u015b\u0107.<\/li>\n<li>Produkty elektroniczne: Skuteczna ochrona produkt\u00f3w elektronicznych przy jednoczesnym pokazaniu wyczucia technologii i mody.<\/li>\n<li>Kosmetyki: Poprawa jako\u015bci kosmetyk\u00f3w i przyci\u0105gni\u0119cie uwagi konsument\u00f3w.<\/li>\n<li>Prezenty: Jako starannie przygotowane opakowanie prezentowe, przeka\u017c swoje g\u0142\u0119bokie uczucie.<\/li>\n<\/ol>\n<h2 id=\"quality-service\" class=\"header-_3c730 auto-hide-last-sibling-br\">Jako\u015b\u0107 us\u0142ug<\/h2>\n<ol class=\"auto-hide-last-sibling-br\">\n<li>Od konsultacji, przez projektowanie, po produkcj\u0119 i dostaw\u0119, zapewniamy kompleksow\u0105 obs\u0142ug\u0119, aby zapewni\u0107 p\u0142ynny i bezproblemowy proces dostosowywania.<\/li>\n<li>Nasz rygorystyczny system kontroli jako\u015bci zapewnia, \u017ce ka\u017cda pokrywa i pude\u0142ko bazowe spe\u0142niaj\u0105 wysokie standardy jako\u015bci.<\/li>\n<li>Obiecujemy terminow\u0105 dostaw\u0119, aby zapewni\u0107, \u017ce Twoje produkty zostan\u0105 wprowadzone na rynek na czas i wykorzystaj\u0105 szans\u0119 rynkow\u0105.<\/li>\n<\/ol>\n<div class=\"auto-hide-last-sibling-br paragraph-ae1685 br-paragraph-space\">Wybierz nasz\u0105 spersonalizowan\u0105 pokryw\u0119 i pude\u0142ko bazowe, co jest jak wyb\u00f3r ubrania swoich produkt\u00f3w w pi\u0119kny p\u0142aszcz, przyci\u0105gaj\u0105cy uwag\u0119 wi\u0119kszej liczby konsument\u00f3w i zwi\u0119kszaj\u0105cy warto\u015b\u0107 marki.<\/div>\n<div class=\"widget block block-static-block\">\n<div class=\"landing-page-section option-bottom\">\n<div class=\"custom-materials-tabs-content container container-adjustment\">\n<div class=\"custom-materials-tab-content active\">\n<div class=\"widget block block-static-block\">\n<p><!---end of option item--><\/p>\n<\/div>\n<\/div>\n<\/div>\n<\/div>\n<\/div>","protected":false},"excerpt":{"rendered":"<p>Spersonalizowane pokrywy i podstawy inteligentnych zegark\u00f3w obs\u0142uguj\u0105 pe\u0142nowymiarowy spersonalizowany projekt i struktur\u0119 podszewki, kt\u00f3ra dok\u0142adnie pasuje do cech produktu. Proces laminowania matowego w chi\u0144skiej fabryce jest po\u0142\u0105czony z pi\u0119ciokolorow\u0105 technologi\u0105 druku w wysokiej rozdzielczo\u015bci, aby zapewni\u0107 zerowe odchylenia kolor\u00f3w i stworzy\u0107 wysokiej jako\u015bci rozwi\u0105zania w zakresie opakowa\u0144 elektronicznych produkt\u00f3w konsumenckich.<\/p>","protected":false},"featured_media":6282,"template":"","meta":[],"product_brand":[],"product_cat":[30,413,425,31],"product_tag":[543,545,544],"class_list":{"0":"post-6279","1":"product","2":"type-product","3":"status-publish","4":"has-post-thumbnail","6":"product_cat-by-industry","7":"product_cat-consumer-electronics-boxes","8":"product_cat-lid-and-base-gift-box","9":"product_cat-paper-box-style","10":"product_tag-premium-smart-watch-packaging","11":"product_tag-smart-watch-box-factory","12":"product_tag-smart-watch-packaging","14":"first","15":"instock","16":"shipping-taxable","17":"product-type-grouped"},"_links":{"self":[{"href":"https:\/\/zojopackaging.com\/pl\/wp-json\/wp\/v2\/product\/6279","targetHints":{"allow":["GET"]}}],"collection":[{"href":"https:\/\/zojopackaging.com\/pl\/wp-json\/wp\/v2\/product"}],"about":[{"href":"https:\/\/zojopackaging.com\/pl\/wp-json\/wp\/v2\/types\/product"}],"version-history":[{"count":2,"href":"https:\/\/zojopackaging.com\/pl\/wp-json\/wp\/v2\/product\/6279\/revisions"}],"predecessor-version":[{"id":8097,"href":"https:\/\/zojopackaging.com\/pl\/wp-json\/wp\/v2\/product\/6279\/revisions\/8097"}],"wp:featuredmedia":[{"embeddable":true,"href":"https:\/\/zojopackaging.com\/pl\/wp-json\/wp\/v2\/media\/6282"}],"wp:attachment":[{"href":"https:\/\/zojopackaging.com\/pl\/wp-json\/wp\/v2\/media?parent=6279"}],"wp:term":[{"taxonomy":"product_brand","embeddable":true,"href":"https:\/\/zojopackaging.com\/pl\/wp-json\/wp\/v2\/product_brand?post=6279"},{"taxonomy":"product_cat","embeddable":true,"href":"https:\/\/zojopackaging.com\/pl\/wp-json\/wp\/v2\/product_cat?post=6279"},{"taxonomy":"product_tag","embeddable":true,"href":"https:\/\/zojopackaging.com\/pl\/wp-json\/wp\/v2\/product_tag?post=6279"}],"curies":[{"name":"wp","href":"https:\/\/api.w.org\/{rel}","templated":true}]}}