{"id":6288,"date":"2024-06-27T18:18:08","date_gmt":"2024-06-27T10:18:08","guid":{"rendered":"https:\/\/zojopackaging.com\/?post_type=product&#038;p=6288"},"modified":"2025-03-24T12:21:28","modified_gmt":"2025-03-24T04:21:28","slug":"magnetic-flip-top-concentrate-box","status":"publish","type":"product","link":"https:\/\/zojopackaging.com\/pl\/product\/magnetic-flip-top-concentrate-box\/","title":{"rendered":"Hurtownia niestandardowych pojemnik\u00f3w na koncentraty Pude\u0142ka do pakowania"},"content":{"rendered":"<h1>Hurtownia niestandardowych pojemnik\u00f3w na koncentraty Pude\u0142ka do pakowania<\/h1>\n<p>Dla tych, kt\u00f3rzy chc\u0105 zapakowa\u0107 swoje papierosy w pi\u0119kne pude\u0142ko, firma Zojoprint Packaging oferuje niestandardowe opakowania z nadrukiem typu flip-top. Pude\u0142ka typu flip-top s\u0105 szeroko stosowane jako opakowania papieros\u00f3w. Ten wyj\u0105tkowy styl opakowania z pewno\u015bci\u0105 przyci\u0105gnie uwag\u0119 klient\u00f3w.<\/p>\n<p>Rozumiemy znaczenie personalizacji w spe\u0142nianiu unikalnych wymaga\u0144 marki. Dzi\u0119ki naszym zaawansowanym technikom drukowania i wyka\u0144czania mo\u017cesz spersonalizowa\u0107 pude\u0142ko za pomoc\u0105 logo marki, kolor\u00f3w i grafiki, tworz\u0105c charakterystyczne opakowanie, kt\u00f3re odzwierciedla to\u017csamo\u015b\u0107 Twojej marki i wyr\u00f3\u017cnia Twoje produkty na tle konkurencji.<\/p>\n<p>Niezale\u017cnie od tego, czy jeste\u015b producentem, czy dystrybutorem kremu do papieros\u00f3w, nasze niestandardowe pude\u0142ko na krem do papieros\u00f3w z klapk\u0105 jest idealnym wyborem, aby poprawi\u0107 wizerunek produktu i zwi\u0119kszy\u0107 zadowolenie klient\u00f3w.<\/p>\n<p>Niezale\u017cnie od tego, czy prowadzisz ju\u017c dzia\u0142alno\u015b\u0107, czy dopiero zaczynasz, nasz zesp\u00f3\u0142 obs\u0142ugi klienta pomo\u017ce Ci na ka\u017cdym etapie realizacji zam\u00f3wienia. Nasze wysokiej jako\u015bci rozwi\u0105zania opakowaniowe, konkurencyjne ceny i szybki czas realizacji u\u0142atwiaj\u0105 znalezienie idealnego pude\u0142ka do swoich potrzeb. Uwierz nam, \u017ce jest to \u015bwietne rozwi\u0105zanie, je\u015bli chcesz zmieni\u0107 wizerunek swojego opakowania, dostosowa\u0107 je za pomoc\u0105 r\u00f3\u017cnych specyfikacji, a nawet stworzy\u0107 w\u0142asny, unikalny projekt. Jeste\u015bmy gotowi zaoferowa\u0107 najlepsze z naszych produkt\u00f3w w najbardziej przyst\u0119pnych cenach. Mo\u017cesz zacz\u0105\u0107 od niskiego minimum wynosz\u0105cego zaledwie 500 pude\u0142ek lub maksymalnej ilo\u015bci hurtowej do 50000 pude\u0142ek. <a href=\"https:\/\/zojopackaging.com\/pl\/contact-us\/\"><strong>Zam\u00f3w teraz.<\/strong><\/a><\/p>\n<h1><strong>Specyfikacja<\/strong><\/h1>\n<table width=\"1153\">\n<tbody>\n<tr>\n<td width=\"373\">Wymiary<\/td>\n<td width=\"373\">Wszystkie niestandardowe rozmiary i kszta\u0142ty<\/td>\n<\/tr>\n<tr>\n<td width=\"373\">Drukowanie<\/td>\n<td width=\"373\">CMYK, PMS, bez nadruku<\/td>\n<\/tr>\n<tr>\n<td width=\"373\">Papier zapasowy<\/td>\n<td width=\"373\">10pt do 28pt (60lb do 400lb) Ekologiczny Kraft, tektura falista E-flute, tektura Bux, karton<\/td>\n<\/tr>\n<tr>\n<td width=\"373\">Ilo\u015bci<\/td>\n<td width=\"373\">500- 500,000<\/td>\n<\/tr>\n<tr>\n<td width=\"373\">Pow\u0142oka<\/td>\n<td width=\"373\">B\u0142yszcz\u0105cy, matowy, punktowy UV<\/td>\n<\/tr>\n<tr>\n<td width=\"373\">Proces domy\u015blny<\/td>\n<td width=\"373\">Sztancowanie, klejenie, nacinanie, perforacja<\/td>\n<\/tr>\n<tr>\n<td width=\"373\">Opcje<\/td>\n<td width=\"373\">Niestandardowe wyci\u0119cie okna, foliowanie z\u0142ote\/srebrne, wyt\u0142aczanie, wypuk\u0142y atrament, arkusz PVC.<\/td>\n<\/tr>\n<tr>\n<td width=\"373\">Dow\u00f3d<\/td>\n<td width=\"373\">Widok p\u0142aski, makieta 3D, pr\u00f3bkowanie fizyczne (na \u017c\u0105danie)<\/td>\n<\/tr>\n<tr>\n<td width=\"373\">Czas realizacji<\/td>\n<td width=\"373\">7-14 dni roboczych, po\u015bpiech<\/td>\n<\/tr>\n<tr>\n<td width=\"373\">MOQ<\/td>\n<td width=\"373\">500<\/td>\n<\/tr>\n<tr>\n<td width=\"373\">Czas pr\u00f3by<\/td>\n<td width=\"373\">\u00a03-5 dni<\/td>\n<\/tr>\n<tr>\n<td width=\"373\">Termin p\u0142atno\u015bci<\/td>\n<td width=\"373\">T \/ T, Western Union, Paypal, depozyt 30% i saldo 70% przed wysy\u0142k\u0105.<\/td>\n<\/tr>\n<\/tbody>\n<\/table>\n<p><img fetchpriority=\"high\" decoding=\"async\" class=\"alignnone wp-image-5947\" src=\"https:\/\/zojopackaging.com\/wp-content\/uploads\/2024\/06\/\u5706\u7b52\u8be6\u60c5\u9875_01-300x123.jpg\" alt=\"\" width=\"1362\" height=\"558\" title=\"\" srcset=\"https:\/\/zojopackaging.com\/wp-content\/uploads\/2024\/06\/\u5706\u7b52\u8be6\u60c5\u9875_01-300x123.jpg 300w, https:\/\/zojopackaging.com\/wp-content\/uploads\/2024\/06\/\u5706\u7b52\u8be6\u60c5\u9875_01-600x246.jpg 600w, https:\/\/zojopackaging.com\/wp-content\/uploads\/2024\/06\/\u5706\u7b52\u8be6\u60c5\u9875_01.jpg 750w\" sizes=\"(max-width: 1362px) 100vw, 1362px\" \/><\/p>\n<p><img decoding=\"async\" class=\"alignnone wp-image-6289\" src=\"https:\/\/zojopackaging.com\/wp-content\/uploads\/2024\/06\/\u8be6\u60c5\u9875_02-300x224.jpg\" alt=\"\u00a0Niestandardowe pude\u0142ko na papierosy z klapk\u0105\" width=\"1361\" height=\"1016\" title=\"\" srcset=\"https:\/\/zojopackaging.com\/wp-content\/uploads\/2024\/06\/\u8be6\u60c5\u9875_02-300x224.jpg 300w, https:\/\/zojopackaging.com\/wp-content\/uploads\/2024\/06\/\u8be6\u60c5\u9875_02-600x448.jpg 600w, https:\/\/zojopackaging.com\/wp-content\/uploads\/2024\/06\/\u8be6\u60c5\u9875_02.jpg 750w\" sizes=\"(max-width: 1361px) 100vw, 1361px\" \/><\/p>\n<p><img decoding=\"async\" class=\"alignnone wp-image-5951\" src=\"https:\/\/zojopackaging.com\/wp-content\/uploads\/2024\/06\/\u5706\u7b52\u8be6\u60c5\u9875_05-218x300.jpg\" alt=\"\" width=\"1351\" height=\"1859\" title=\"\" srcset=\"https:\/\/zojopackaging.com\/wp-content\/uploads\/2024\/06\/\u5706\u7b52\u8be6\u60c5\u9875_05-218x300.jpg 218w, https:\/\/zojopackaging.com\/wp-content\/uploads\/2024\/06\/\u5706\u7b52\u8be6\u60c5\u9875_05-600x827.jpg 600w\" sizes=\"(max-width: 1351px) 100vw, 1351px\" \/> <img loading=\"lazy\" decoding=\"async\" class=\"alignnone wp-image-5952\" src=\"https:\/\/zojopackaging.com\/wp-content\/uploads\/2024\/06\/\u5706\u7b52\u8be6\u60c5\u9875_06-207x300.jpg\" alt=\"\" width=\"1356\" height=\"1965\" title=\"\" srcset=\"https:\/\/zojopackaging.com\/wp-content\/uploads\/2024\/06\/\u5706\u7b52\u8be6\u60c5\u9875_06-207x300.jpg 207w, https:\/\/zojopackaging.com\/wp-content\/uploads\/2024\/06\/\u5706\u7b52\u8be6\u60c5\u9875_06-600x868.jpg 600w\" sizes=\"(max-width: 1356px) 100vw, 1356px\" \/> <img loading=\"lazy\" decoding=\"async\" class=\"alignnone wp-image-5953\" src=\"https:\/\/zojopackaging.com\/wp-content\/uploads\/2024\/06\/\u5706\u7b52\u8be6\u60c5\u9875_07-151x300.jpg\" alt=\"\" width=\"1361\" height=\"2703\" title=\"\" srcset=\"https:\/\/zojopackaging.com\/wp-content\/uploads\/2024\/06\/\u5706\u7b52\u8be6\u60c5\u9875_07-151x300.jpg 151w, https:\/\/zojopackaging.com\/wp-content\/uploads\/2024\/06\/\u5706\u7b52\u8be6\u60c5\u9875_07-518x1030.jpg 518w, https:\/\/zojopackaging.com\/wp-content\/uploads\/2024\/06\/\u5706\u7b52\u8be6\u60c5\u9875_07-600x1193.jpg 600w, https:\/\/zojopackaging.com\/wp-content\/uploads\/2024\/06\/\u5706\u7b52\u8be6\u60c5\u9875_07.jpg 750w\" sizes=\"(max-width: 1361px) 100vw, 1361px\" \/> <img loading=\"lazy\" decoding=\"async\" class=\"alignnone wp-image-5954\" src=\"https:\/\/zojopackaging.com\/wp-content\/uploads\/2024\/06\/\u5706\u7b52\u8be6\u60c5\u9875_08-182x300.jpg\" alt=\"\" width=\"1358\" height=\"2238\" title=\"\" srcset=\"https:\/\/zojopackaging.com\/wp-content\/uploads\/2024\/06\/\u5706\u7b52\u8be6\u60c5\u9875_08-182x300.jpg 182w, https:\/\/zojopackaging.com\/wp-content\/uploads\/2024\/06\/\u5706\u7b52\u8be6\u60c5\u9875_08-625x1030.jpg 625w, https:\/\/zojopackaging.com\/wp-content\/uploads\/2024\/06\/\u5706\u7b52\u8be6\u60c5\u9875_08-600x989.jpg 600w, https:\/\/zojopackaging.com\/wp-content\/uploads\/2024\/06\/\u5706\u7b52\u8be6\u60c5\u9875_08.jpg 750w\" sizes=\"(max-width: 1358px) 100vw, 1358px\" \/> \u00a0<img loading=\"lazy\" decoding=\"async\" class=\"alignnone wp-image-5956\" src=\"https:\/\/zojopackaging.com\/wp-content\/uploads\/2024\/06\/\u5706\u7b52\u8be6\u60c5\u9875_10-300x284.jpg\" alt=\"\" width=\"1429\" height=\"1353\" title=\"\" srcset=\"https:\/\/zojopackaging.com\/wp-content\/uploads\/2024\/06\/\u5706\u7b52\u8be6\u60c5\u9875_10-300x284.jpg 300w, https:\/\/zojopackaging.com\/wp-content\/uploads\/2024\/06\/\u5706\u7b52\u8be6\u60c5\u9875_10-600x567.jpg 600w, https:\/\/zojopackaging.com\/wp-content\/uploads\/2024\/06\/\u5706\u7b52\u8be6\u60c5\u9875_10.jpg 750w\" sizes=\"(max-width: 1429px) 100vw, 1429px\" \/> <img loading=\"lazy\" decoding=\"async\" class=\"alignnone wp-image-5957\" src=\"https:\/\/zojopackaging.com\/wp-content\/uploads\/2024\/06\/\u5706\u7b52\u8be6\u60c5\u9875_11-133x300.jpg\" alt=\"\" width=\"1359\" height=\"3065\" title=\"\" srcset=\"https:\/\/zojopackaging.com\/wp-content\/uploads\/2024\/06\/\u5706\u7b52\u8be6\u60c5\u9875_11-133x300.jpg 133w, https:\/\/zojopackaging.com\/wp-content\/uploads\/2024\/06\/\u5706\u7b52\u8be6\u60c5\u9875_11-457x1030.jpg 457w\" sizes=\"(max-width: 1359px) 100vw, 1359px\" \/><\/p>","protected":false},"excerpt":{"rendered":"<p>Skoncentrowane magnetyczne pude\u0142ko zamykaj\u0105ce, nieograniczone dostosowanie rozmiaru, odpowiednie do wszelkiego rodzaju potrzeb. Sztywny papier 1200GSM + papier artystyczny 157GSM, podszewka mo\u017ce by\u0107 zaprojektowana zgodnie z charakterystyk\u0105 produktu. Z\u0142ote t\u0142oczenie + pow\u0142oka procesowa UV, wyj\u0105tkowa tekstura. Bezpo\u015brednio produkowane w Chinach, bior\u0105c pod uwag\u0119 praktyczno\u015b\u0107 i wizualn\u0105 premi\u0119, koszt dostosowywania jest kontrolowany<\/p>","protected":false},"featured_media":6290,"template":"","meta":[],"product_brand":[],"product_cat":[30,420,424,31],"product_tag":[539,537,538],"class_list":{"0":"post-6288","1":"product","2":"type-product","3":"status-publish","4":"has-post-thumbnail","6":"product_cat-by-industry","7":"product_cat-custom-cannabis-boxes","8":"product_cat-magnetic-closure-boxes","9":"product_cat-paper-box-style","10":"product_tag-concentrate-boxes-wholesale","11":"product_tag-concentrate-containers-packaging","12":"product_tag-custom-concentrate-packaging","14":"first","15":"instock","16":"shipping-taxable","17":"product-type-simple"},"_links":{"self":[{"href":"https:\/\/zojopackaging.com\/pl\/wp-json\/wp\/v2\/product\/6288","targetHints":{"allow":["GET"]}}],"collection":[{"href":"https:\/\/zojopackaging.com\/pl\/wp-json\/wp\/v2\/product"}],"about":[{"href":"https:\/\/zojopackaging.com\/pl\/wp-json\/wp\/v2\/types\/product"}],"version-history":[{"count":2,"href":"https:\/\/zojopackaging.com\/pl\/wp-json\/wp\/v2\/product\/6288\/revisions"}],"predecessor-version":[{"id":8095,"href":"https:\/\/zojopackaging.com\/pl\/wp-json\/wp\/v2\/product\/6288\/revisions\/8095"}],"wp:featuredmedia":[{"embeddable":true,"href":"https:\/\/zojopackaging.com\/pl\/wp-json\/wp\/v2\/media\/6290"}],"wp:attachment":[{"href":"https:\/\/zojopackaging.com\/pl\/wp-json\/wp\/v2\/media?parent=6288"}],"wp:term":[{"taxonomy":"product_brand","embeddable":true,"href":"https:\/\/zojopackaging.com\/pl\/wp-json\/wp\/v2\/product_brand?post=6288"},{"taxonomy":"product_cat","embeddable":true,"href":"https:\/\/zojopackaging.com\/pl\/wp-json\/wp\/v2\/product_cat?post=6288"},{"taxonomy":"product_tag","embeddable":true,"href":"https:\/\/zojopackaging.com\/pl\/wp-json\/wp\/v2\/product_tag?post=6288"}],"curies":[{"name":"wp","href":"https:\/\/api.w.org\/{rel}","templated":true}]}}