{"id":6768,"date":"2024-07-17T09:22:23","date_gmt":"2024-07-17T01:22:23","guid":{"rendered":"https:\/\/zojopackaging.com\/?post_type=product&#038;p=6768"},"modified":"2025-03-24T11:40:30","modified_gmt":"2025-03-24T03:40:30","slug":"custom-round-shaped-rigid-boxes","status":"publish","type":"product","link":"https:\/\/zojopackaging.com\/pl\/product\/custom-round-shaped-rigid-boxes\/","title":{"rendered":"Niestandardowe okr\u0105g\u0142e, eleganckie tuby papierowe do perfum w kszta\u0142cie cylindra"},"content":{"rendered":"<h1>Niestandardowe okr\u0105g\u0142e, eleganckie tuby papierowe do perfum w kszta\u0142cie cylindra<\/h1>\n<h2><strong>Przegl\u0105d produkt\u00f3w<\/strong><\/h2>\n<p>Przedstawiamy nasze eleganckie i wysoce funkcjonalne niestandardowe sztywne pude\u0142ka o okr\u0105g\u0142ym kszta\u0142cie, zaprojektowane w celu zaspokojenia r\u00f3\u017cnorodnych potrzeb w zakresie opakowa\u0144. To wyj\u0105tkowe rozwi\u0105zanie opakowaniowe \u0142\u0105czy w sobie styl i trwa\u0142o\u015b\u0107, aby zapewni\u0107 najlepsz\u0105 mo\u017cliw\u0105 prezentacj\u0119 i ochron\u0119 produkt\u00f3w.<\/p>\n<h2>Kluczowe cechy<\/h2>\n<p>Uderzaj\u0105cy design: Elegancki czarny kolor i okr\u0105g\u0142y kszta\u0142t nadaj\u0105 pude\u0142ku nowoczesny i wyrafinowany wygl\u0105d, dzi\u0119ki czemu wyr\u00f3\u017cnia si\u0119 ono na p\u00f3\u0142kach.<br \/>\nMateria\u0142y najwy\u017cszej jako\u015bci: Wykonane z wysokiej jako\u015bci kartonu lub tektury, zapewniaj\u0105 wytrzyma\u0142o\u015b\u0107 i solidno\u015b\u0107, aby chroni\u0107 zawarto\u015b\u0107.<br \/>\nMo\u017cliwo\u015b\u0107 dostosowania rozmiaru: Dost\u0119pne w r\u00f3\u017cnych \u015brednicach i wysoko\u015bciach, aby dostosowa\u0107 si\u0119 do r\u00f3\u017cnych wymiar\u00f3w produktu.<br \/>\nBezpieczne zamkni\u0119cie: Opcje ciasno przylegaj\u0105cych pokrywek lub zakr\u0119canych nakr\u0119tek zapobiegaj\u0105cych rozlaniu lub uszkodzeniu zawarto\u015bci.<br \/>\nPowierzchnia do zadrukowania: Idealny do niestandardowego nadruku logo marki, informacji o produkcie lub dowolnego wybranego projektu dla maksymalnej widoczno\u015bci marki.<\/p>\n<h2>Zastosowania<\/h2>\n<p>To czarne okr\u0105g\u0142e opakowanie idealnie nadaje si\u0119 do szerokiej gamy produkt\u00f3w, takich jak kosmetyki, \u015bwiece, drobne upominki, s\u0142odycze i towary konsumpcyjne premium.<br \/>\nKorzy\u015bci:<br \/>\nPoprawa wizerunku marki: Charakterystyczny design pomaga marce wywrze\u0107 trwa\u0142e wra\u017cenie na klientach.<br \/>\nOchrona produkt\u00f3w: Solidna konstrukcja zapewnia doskona\u0142\u0105 ochron\u0119 podczas przechowywania i transportu.<br \/>\nWszechstronne zastosowanie: Nadaje si\u0119 zar\u00f3wno do pakowania detalicznego, jak i hurtowego.<br \/>\nEkonomiczne: Zapewnia ekonomiczne rozwi\u0105zanie opakowaniowe bez uszczerbku dla jako\u015bci.<\/p>\n<h2>Informacje o zamawianiu<\/h2>\n<table style=\"border-collapse: collapse; width: 681.77pt;\" border=\"0\" width=\"909\" cellspacing=\"0\" cellpadding=\"0\">\n<tbody>\n<tr style=\"height: 15.75pt;\">\n<td class=\"et3\" style=\"height: 15.75pt; width: 306.75pt;\" width=\"409\" height=\"21\">MOQ<\/td>\n<td class=\"et3\" style=\"width: 375.00pt;\" width=\"500\">500 - 500 000 sztuk<\/td>\n<\/tr>\n<tr style=\"height: 31.50pt;\">\n<td class=\"et3\" style=\"height: 31.50pt; width: 306.75pt;\" width=\"409\" height=\"42\">Kolory<\/td>\n<td class=\"et3\" style=\"width: 375.00pt;\" width=\"500\">Zwyk\u0142y bia\u0142y\/br\u0105zowy Kraft, CMYK, PMS, kolory specjalne (metaliczny srebrny, metaliczny z\u0142oty),<\/td>\n<\/tr>\n<tr style=\"height: 16.50pt;\">\n<td class=\"et4\" style=\"height: 16.50pt;\" height=\"22\">Drukowanie<\/td>\n<td class=\"et5\">Druk CMYK<\/td>\n<\/tr>\n<tr style=\"height: 16.50pt;\">\n<td class=\"et5\" style=\"height: 16.50pt;\" height=\"22\">Wymiar<\/td>\n<td class=\"et5\">D\u0142. + szer. &lt;= 20 cali; wys. &lt;= 26 cali<\/td>\n<\/tr>\n<tr style=\"height: 16.50pt;\">\n<td class=\"et4\" style=\"height: 16.50pt;\" height=\"22\">Certyfikacja<\/td>\n<td class=\"et5\">SGS, IOS9001<\/td>\n<\/tr>\n<tr style=\"height: 16.50pt;\">\n<td class=\"et4\" style=\"height: 16.50pt;\" height=\"22\">Struktura<\/td>\n<td class=\"et5\">3 sztuki papierowej tuby teleskopowej<\/td>\n<\/tr>\n<tr style=\"height: 16.50pt;\">\n<td class=\"et4\" style=\"height: 16.50pt;\" height=\"22\">Us\u0142uga<\/td>\n<td class=\"et5\">OEM\/ODM<\/td>\n<\/tr>\n<tr style=\"height: 31.50pt;\">\n<td class=\"et3\" style=\"height: 31.50pt; width: 306.75pt;\" width=\"409\" height=\"42\">Papier zapasowy<\/td>\n<td class=\"et3\" style=\"width: 375.00pt;\" width=\"500\">12pt do 24pt bia\u0142y karton, 18pt do 24pt SBS, 18pt do 24pt Kraft karton, tektura falista.<\/td>\n<\/tr>\n<tr style=\"height: 15.75pt;\">\n<td class=\"et3\" style=\"height: 15.75pt; width: 306.75pt;\" width=\"409\" height=\"21\">Wyko\u0144czenie<\/td>\n<td class=\"et3\" style=\"width: 375.00pt;\" width=\"500\">B\u0142yszcz\u0105cy AQ (domy\u015blnie), B\u0142yszcz\u0105cy UV, Matowy UV<\/td>\n<\/tr>\n<tr style=\"height: 15.75pt;\">\n<td class=\"et3\" style=\"height: 15.75pt; width: 306.75pt;\" width=\"409\" height=\"21\">Dow\u00f3d<\/td>\n<td class=\"et3\" style=\"width: 375.00pt;\" width=\"500\">Proof cyfrowy (plik gotowy do druku) potwierdzony przez klienta.<\/td>\n<\/tr>\n<tr style=\"height: 31.50pt;\">\n<td class=\"et3\" style=\"height: 31.50pt; width: 306.75pt;\" width=\"409\" height=\"42\">Zwrot<\/td>\n<td class=\"et3\" style=\"width: 375.00pt;\" width=\"500\">7-14 dni roboczych na wydruk i wysy\u0142k\u0119 po ostatecznym zatwierdzeniu (wysy\u0142ka GRATIS)<\/td>\n<\/tr>\n<tr style=\"height: 31.50pt;\">\n<td class=\"et7\" style=\"height: 31.50pt; width: 306.75pt;\" width=\"409\" height=\"42\">Termin p\u0142atno\u015bci<\/td>\n<td class=\"et7\" style=\"width: 375.00pt;\" width=\"500\">T \/ T, Western Union, Paypal, depozyt 30% i saldo 70% przed wysy\u0142k\u0105.<\/td>\n<\/tr>\n<\/tbody>\n<\/table>","protected":false},"excerpt":{"rendered":"<p>Dostawca opakowa\u0144 na perfumy, nieograniczone dostosowanie do rozmiaru produktu, to pude\u0142ko jest wykonane z szarej tektury 1200 GSM i papieru powlekanego 157 GSM, proces t\u0142oczenia na gor\u0105co mo\u017ce poprawi\u0107 efekt wizualny, specjalny materia\u0142 papierowy ma wyj\u0105tkowe wra\u017cenia wizualne i dotykowe, i poprawia jako\u015b\u0107 produktu.<\/p>","protected":false},"featured_media":6773,"template":"","meta":[],"product_brand":[],"product_cat":[417,429],"product_tag":[530,528,529],"class_list":{"0":"post-6768","1":"product","2":"type-product","3":"status-publish","4":"has-post-thumbnail","6":"product_cat-custom-perfume-boxes-by-industry","7":"product_cat-paper-tube-boxes","8":"product_tag-custom-paper-tubes","9":"product_tag-cylinder-perfume-paper-tubes","10":"product_tag-perfume-paper-tubes-supplies","12":"first","13":"instock","14":"shipping-taxable","15":"product-type-simple"},"_links":{"self":[{"href":"https:\/\/zojopackaging.com\/pl\/wp-json\/wp\/v2\/product\/6768","targetHints":{"allow":["GET"]}}],"collection":[{"href":"https:\/\/zojopackaging.com\/pl\/wp-json\/wp\/v2\/product"}],"about":[{"href":"https:\/\/zojopackaging.com\/pl\/wp-json\/wp\/v2\/types\/product"}],"version-history":[{"count":2,"href":"https:\/\/zojopackaging.com\/pl\/wp-json\/wp\/v2\/product\/6768\/revisions"}],"predecessor-version":[{"id":8091,"href":"https:\/\/zojopackaging.com\/pl\/wp-json\/wp\/v2\/product\/6768\/revisions\/8091"}],"wp:featuredmedia":[{"embeddable":true,"href":"https:\/\/zojopackaging.com\/pl\/wp-json\/wp\/v2\/media\/6773"}],"wp:attachment":[{"href":"https:\/\/zojopackaging.com\/pl\/wp-json\/wp\/v2\/media?parent=6768"}],"wp:term":[{"taxonomy":"product_brand","embeddable":true,"href":"https:\/\/zojopackaging.com\/pl\/wp-json\/wp\/v2\/product_brand?post=6768"},{"taxonomy":"product_cat","embeddable":true,"href":"https:\/\/zojopackaging.com\/pl\/wp-json\/wp\/v2\/product_cat?post=6768"},{"taxonomy":"product_tag","embeddable":true,"href":"https:\/\/zojopackaging.com\/pl\/wp-json\/wp\/v2\/product_tag?post=6768"}],"curies":[{"name":"wp","href":"https:\/\/api.w.org\/{rel}","templated":true}]}}