{"id":6780,"date":"2024-07-17T10:03:51","date_gmt":"2024-07-17T02:03:51","guid":{"rendered":"https:\/\/zojopackaging.com\/?post_type=product&#038;p=6780"},"modified":"2025-03-24T11:23:21","modified_gmt":"2025-03-24T03:23:21","slug":"custom-round-wine-cardboard-box","status":"publish","type":"product","link":"https:\/\/zojopackaging.com\/pl\/product\/custom-round-wine-cardboard-box\/","title":{"rendered":"Niestandardowe pude\u0142ka do pakowania tubek z winem Premium Fabryka"},"content":{"rendered":"<h1>Niestandardowe pude\u0142ka do pakowania tubek z winem Premium Fabryka<\/h1>\n<div class=\"auto-hide-last-sibling-br paragraph-u1TS5p paragraph-element br-paragraph-space\">Nasze niestandardowe okr\u0105g\u0142e pude\u0142ko kartonowe na wino to rozwi\u0105zanie opakowaniowe zaprojektowane na zam\u00f3wienie, spe\u0142niaj\u0105ce rygorystyczne standardy bran\u017cy winiarskiej. Wykonane z precyzj\u0105 i dba\u0142o\u015bci\u0105 o szczeg\u00f3\u0142y, pude\u0142ka te s\u0105 idealnym wyborem do prezentacji i ochrony win premium.<\/div>\n<div>\n<h2 class=\"yikes-custom-woo-tab-title yikes-custom-woo-tab-title-specifications\">Specyfikacje<\/h2>\n<\/div>\n<div>\n<table style=\"border-collapse: collapse; width: 681.77pt;\" border=\"0\" width=\"909\" cellspacing=\"0\" cellpadding=\"0\">\n<tbody>\n<tr style=\"height: 15.75pt;\">\n<td class=\"et3\" style=\"height: 15.75pt; width: 306.75pt;\" width=\"409\" height=\"21\">MOQ<\/td>\n<td class=\"et3\" style=\"width: 375.00pt;\" width=\"500\">500 - 500 000 sztuk<\/td>\n<\/tr>\n<tr style=\"height: 31.50pt;\">\n<td class=\"et3\" style=\"height: 31.50pt; width: 306.75pt;\" width=\"409\" height=\"42\">Kolory<\/td>\n<td class=\"et3\" style=\"width: 375.00pt;\" width=\"500\">Zwyk\u0142y bia\u0142y\/br\u0105zowy Kraft, CMYK, PMS, kolory specjalne (metaliczny srebrny, metaliczny z\u0142oty),<\/td>\n<\/tr>\n<tr style=\"height: 16.50pt;\">\n<td class=\"et4\" style=\"height: 16.50pt;\" height=\"22\">Drukowanie<\/td>\n<td class=\"et5\">Druk CMYK<\/td>\n<\/tr>\n<tr style=\"height: 16.50pt;\">\n<td class=\"et5\" style=\"height: 16.50pt;\" height=\"22\">Wymiar<\/td>\n<td class=\"et5\">D\u0142. + szer. &lt;= 20 cali; wys. &lt;= 26 cali<\/td>\n<\/tr>\n<tr style=\"height: 16.50pt;\">\n<td class=\"et4\" style=\"height: 16.50pt;\" height=\"22\">Certyfikacja<\/td>\n<td class=\"et5\">SGS, IOS9001<\/td>\n<\/tr>\n<tr style=\"height: 16.50pt;\">\n<td class=\"et4\" style=\"height: 16.50pt;\" height=\"22\">Struktura<\/td>\n<td class=\"et5\">3 sztuki papierowej tuby teleskopowej<\/td>\n<\/tr>\n<tr style=\"height: 16.50pt;\">\n<td class=\"et4\" style=\"height: 16.50pt;\" height=\"22\">Us\u0142uga<\/td>\n<td class=\"et5\">OEM\/ODM<\/td>\n<\/tr>\n<tr style=\"height: 31.50pt;\">\n<td class=\"et3\" style=\"height: 31.50pt; width: 306.75pt;\" width=\"409\" height=\"42\">Papier zapasowy<\/td>\n<td class=\"et3\" style=\"width: 375.00pt;\" width=\"500\">12pt do 24pt bia\u0142y karton, 18pt do 24pt SBS, 18pt do 24pt Kraft karton, tektura falista.<\/td>\n<\/tr>\n<tr style=\"height: 15.75pt;\">\n<td class=\"et3\" style=\"height: 15.75pt; width: 306.75pt;\" width=\"409\" height=\"21\">Wyko\u0144czenie<\/td>\n<td class=\"et3\" style=\"width: 375.00pt;\" width=\"500\">B\u0142yszcz\u0105cy AQ (domy\u015blnie), B\u0142yszcz\u0105cy UV, Matowy UV<\/td>\n<\/tr>\n<tr style=\"height: 15.75pt;\">\n<td class=\"et3\" style=\"height: 15.75pt; width: 306.75pt;\" width=\"409\" height=\"21\">Dow\u00f3d<\/td>\n<td class=\"et3\" style=\"width: 375.00pt;\" width=\"500\">Proof cyfrowy (plik gotowy do druku) potwierdzony przez klienta.<\/td>\n<\/tr>\n<tr style=\"height: 31.50pt;\">\n<td class=\"et3\" style=\"height: 31.50pt; width: 306.75pt;\" width=\"409\" height=\"42\">Zwrot<\/td>\n<td class=\"et3\" style=\"width: 375.00pt;\" width=\"500\">7-14 dni roboczych na wydruk i wysy\u0142k\u0119 po ostatecznym zatwierdzeniu (wysy\u0142ka GRATIS)<\/td>\n<\/tr>\n<tr style=\"height: 31.50pt;\">\n<td class=\"et7\" style=\"height: 31.50pt; width: 306.75pt;\" width=\"409\" height=\"42\">Termin p\u0142atno\u015bci<\/td>\n<td class=\"et7\" style=\"width: 375.00pt;\" width=\"500\">T \/ T, Western Union, Paypal, depozyt 30% i saldo 70% przed wysy\u0142k\u0105.<\/td>\n<\/tr>\n<\/tbody>\n<\/table>\n<\/div>\n<h2 class=\"auto-hide-last-sibling-br paragraph-u1TS5p paragraph-element br-paragraph-space\">Kluczowe cechy<\/h2>\n<ol class=\"auto-hide-last-sibling-br\">\n<li>Okr\u0105g\u0142y kszta\u0142t: Okr\u0105g\u0142y kszta\u0142t zapewnia wyj\u0105tkow\u0105 i eleganck\u0105 estetyk\u0119, wyr\u00f3\u017cniaj\u0105c wino na p\u00f3\u0142ce.<\/li>\n<li>Mo\u017cliwo\u015b\u0107 dostosowania wymiar\u00f3w: Dostosuj rozmiar pude\u0142ka, aby pomie\u015bci\u0107 r\u00f3\u017cne kszta\u0142ty i rozmiary butelek, zapewniaj\u0105c dok\u0142adne i bezpieczne dopasowanie.<\/li>\n<li>Wysokiej jako\u015bci karton: Wykonane z wytrzyma\u0142ej i trwa\u0142ej tektury, kt\u00f3ra zapewnia doskona\u0142\u0105 ochron\u0119 przed uderzeniami i naciskami zewn\u0119trznymi.<\/li>\n<li>Opcje nadruku i brandingu: Nadruk logo marki, szczeg\u00f3\u0142\u00f3w dotycz\u0105cych wina lub dowolnego niestandardowego projektu w wysokiej rozdzielczo\u015bci zapewnia maksymaln\u0105 widoczno\u015b\u0107 marki i atrakcyjno\u015b\u0107 produktu.<\/li>\n<li>Wewn\u0119trzna wy\u015bci\u00f3\u0142ka: Mi\u0119kka wy\u015bci\u00f3\u0142ka wewn\u0105trz chroni butelk\u0119 przed zadrapaniami i uszkodzeniami podczas transportu.<\/li>\n<li>Odporno\u015b\u0107 na wilgo\u0107: Specjalne pow\u0142oki lub laminaty mog\u0105 by\u0107 dodawane w celu zapewnienia odporno\u015bci na wilgo\u0107, zapewniaj\u0105c integralno\u015b\u0107 pude\u0142ka i wina.<\/li>\n<\/ol>\n<h2 class=\"auto-hide-last-sibling-br paragraph-u1TS5p paragraph-element br-paragraph-space\">Proces produkcji<\/h2>\n<div class=\"auto-hide-last-sibling-br paragraph-u1TS5p paragraph-element br-paragraph-space\">Nasze najnowocze\u015bniejsze zak\u0142ady produkcyjne umo\u017cliwiaj\u0105 nam realizacj\u0119 du\u017cych zam\u00f3wie\u0144 przy zachowaniu \u015bcis\u0142ej kontroli jako\u015bci. Od koncepcji projektu do ko\u0144cowej produkcji, nasz zesp\u00f3\u0142 \u015bci\u015ble wsp\u00f3\u0142pracuje z klientem, aby zapewni\u0107, \u017ce ka\u017cdy aspekt niestandardowego okr\u0105g\u0142ego kartonu na wino spe\u0142nia jego oczekiwania.<\/div>\n<h2 class=\"auto-hide-last-sibling-br paragraph-u1TS5p paragraph-element br-paragraph-space\">Zamawianie i dostawa<\/h2>\n<div class=\"auto-hide-last-sibling-br paragraph-u1TS5p paragraph-element br-paragraph-space\">Aby zapewni\u0107 op\u0142acalno\u015b\u0107, obowi\u0105zuj\u0105 minimalne ilo\u015bci zam\u00f3wienia. Oferujemy elastyczne terminy realizacji i niezawodne us\u0142ugi dostawy, aby szybko dostarczy\u0107 pude\u0142ka do klienta.<\/div>\n<div class=\"auto-hide-last-sibling-br paragraph-u1TS5p paragraph-element br-paragraph-space\">Zainwestuj w nasze niestandardowe okr\u0105g\u0142e pude\u0142ko kartonowe na wino, aby stylowo zaprezentowa\u0107 swoje wina i chroni\u0107 ich jako\u015b\u0107. Skontaktuj si\u0119 z nami ju\u017c dzi\u015b, aby om\u00f3wi\u0107 swoje konkretne wymagania i zrobi\u0107 pierwszy krok w kierunku doskona\u0142o\u015bci opakowa\u0144.<\/div>","protected":false},"excerpt":{"rendered":"<p>To papierowe pude\u0142ko do pakowania czerwonego wina spirytusowego przyjmuje dwustronn\u0105 struktur\u0119 kompozytow\u0105 z szarej tektury 1200GSM + papieru powlekanego 157GSM, a materia\u0142 bazowy przeszed\u0142 certyfikacj\u0119 \u015brodowiskow\u0105 FSC.<\/p>","protected":false},"featured_media":6786,"template":"","meta":[],"product_brand":[],"product_cat":[419,429],"product_tag":[526,527,525],"class_list":{"0":"post-6780","1":"product","2":"type-product","3":"status-publish","4":"has-post-thumbnail","6":"product_cat-custom-wines-spirits-boxes","7":"product_cat-paper-tube-boxes","8":"product_tag-custom-tube-packaging-boxes","9":"product_tag-tube-packaging-factory","10":"product_tag-wine-spirits-tube-packaging","12":"first","13":"instock","14":"shipping-taxable","15":"product-type-simple"},"_links":{"self":[{"href":"https:\/\/zojopackaging.com\/pl\/wp-json\/wp\/v2\/product\/6780","targetHints":{"allow":["GET"]}}],"collection":[{"href":"https:\/\/zojopackaging.com\/pl\/wp-json\/wp\/v2\/product"}],"about":[{"href":"https:\/\/zojopackaging.com\/pl\/wp-json\/wp\/v2\/types\/product"}],"version-history":[{"count":2,"href":"https:\/\/zojopackaging.com\/pl\/wp-json\/wp\/v2\/product\/6780\/revisions"}],"predecessor-version":[{"id":8089,"href":"https:\/\/zojopackaging.com\/pl\/wp-json\/wp\/v2\/product\/6780\/revisions\/8089"}],"wp:featuredmedia":[{"embeddable":true,"href":"https:\/\/zojopackaging.com\/pl\/wp-json\/wp\/v2\/media\/6786"}],"wp:attachment":[{"href":"https:\/\/zojopackaging.com\/pl\/wp-json\/wp\/v2\/media?parent=6780"}],"wp:term":[{"taxonomy":"product_brand","embeddable":true,"href":"https:\/\/zojopackaging.com\/pl\/wp-json\/wp\/v2\/product_brand?post=6780"},{"taxonomy":"product_cat","embeddable":true,"href":"https:\/\/zojopackaging.com\/pl\/wp-json\/wp\/v2\/product_cat?post=6780"},{"taxonomy":"product_tag","embeddable":true,"href":"https:\/\/zojopackaging.com\/pl\/wp-json\/wp\/v2\/product_tag?post=6780"}],"curies":[{"name":"wp","href":"https:\/\/api.w.org\/{rel}","templated":true}]}}