{"id":6793,"date":"2024-07-17T10:24:49","date_gmt":"2024-07-17T02:24:49","guid":{"rendered":"https:\/\/zojopackaging.com\/?post_type=product&#038;p=6793"},"modified":"2025-03-24T10:18:40","modified_gmt":"2025-03-24T02:18:40","slug":"custom-chocolate-packaging-gift-box","status":"publish","type":"product","link":"https:\/\/zojopackaging.com\/pl\/product\/custom-chocolate-packaging-gift-box\/","title":{"rendered":"Niestandardowe opakowania z papieru czekoladowego nadaj\u0105ce si\u0119 do recyklingu hurtowo"},"content":{"rendered":"<h1>Niestandardowe opakowania z papieru czekoladowego nadaj\u0105ce si\u0119 do recyklingu hurtowo<\/h1>\n<div class=\"auto-hide-last-sibling-br paragraph-u1TS5p paragraph-element br-paragraph-space\">Nasze niestandardowe opakowania na czekolad\u0119 s\u0105 wykonane z precyzj\u0105 i dba\u0142o\u015bci\u0105 o szczeg\u00f3\u0142y, aby zapewni\u0107 eleganckie i funkcjonalne rozwi\u0105zanie dla Twoich potrzeb cukierniczych.<\/div>\n<div>\n<table style=\"border-collapse: collapse; width: 681.77pt;\" border=\"0\" width=\"909\" cellspacing=\"0\" cellpadding=\"0\">\n<tbody>\n<tr style=\"height: 15.75pt;\">\n<td class=\"et3\" style=\"height: 15.75pt; width: 306.75pt;\" width=\"409\" height=\"21\">MOQ<\/td>\n<td class=\"et3\" style=\"width: 375.00pt;\" width=\"500\">500 - 500 000 sztuk<\/td>\n<\/tr>\n<tr style=\"height: 31.50pt;\">\n<td class=\"et3\" style=\"height: 31.50pt; width: 306.75pt;\" width=\"409\" height=\"42\">Kolory<\/td>\n<td class=\"et3\" style=\"width: 375.00pt;\" width=\"500\">Zwyk\u0142y bia\u0142y\/br\u0105zowy Kraft, CMYK, PMS, kolory specjalne (metaliczny srebrny, metaliczny z\u0142oty),<\/td>\n<\/tr>\n<tr style=\"height: 16.50pt;\">\n<td class=\"et4\" style=\"height: 16.50pt;\" height=\"22\">Drukowanie<\/td>\n<td class=\"et5\">Druk CMYK<\/td>\n<\/tr>\n<tr style=\"height: 16.50pt;\">\n<td class=\"et5\" style=\"height: 16.50pt;\" height=\"22\">Wymiar<\/td>\n<td class=\"et5\">D\u0142. + szer. &lt;= 20 cali; wys. &lt;= 26 cali<\/td>\n<\/tr>\n<tr style=\"height: 16.50pt;\">\n<td class=\"et4\" style=\"height: 16.50pt;\" height=\"22\">Certyfikacja<\/td>\n<td class=\"et5\">SGS, IOS9001<\/td>\n<\/tr>\n<tr style=\"height: 16.50pt;\">\n<td class=\"et4\" style=\"height: 16.50pt;\" height=\"22\">Struktura<\/td>\n<td class=\"et5\">3 sztuki papierowej tuby teleskopowej<\/td>\n<\/tr>\n<tr style=\"height: 16.50pt;\">\n<td class=\"et4\" style=\"height: 16.50pt;\" height=\"22\">Us\u0142uga<\/td>\n<td class=\"et5\">OEM\/ODM<\/td>\n<\/tr>\n<tr style=\"height: 31.50pt;\">\n<td class=\"et3\" style=\"height: 31.50pt; width: 306.75pt;\" width=\"409\" height=\"42\">Papier zapasowy<\/td>\n<td class=\"et3\" style=\"width: 375.00pt;\" width=\"500\">12pt do 24pt bia\u0142y karton, 18pt do 24pt SBS, 18pt do 24pt Kraft karton, tektura falista.<\/td>\n<\/tr>\n<tr style=\"height: 15.75pt;\">\n<td class=\"et3\" style=\"height: 15.75pt; width: 306.75pt;\" width=\"409\" height=\"21\">Wyko\u0144czenie<\/td>\n<td class=\"et3\" style=\"width: 375.00pt;\" width=\"500\">B\u0142yszcz\u0105cy AQ (domy\u015blnie), B\u0142yszcz\u0105cy UV, Matowy UV<\/td>\n<\/tr>\n<tr style=\"height: 15.75pt;\">\n<td class=\"et3\" style=\"height: 15.75pt; width: 306.75pt;\" width=\"409\" height=\"21\">Dow\u00f3d<\/td>\n<td class=\"et3\" style=\"width: 375.00pt;\" width=\"500\">Proof cyfrowy (plik gotowy do druku) potwierdzony przez klienta.<\/td>\n<\/tr>\n<tr style=\"height: 31.50pt;\">\n<td class=\"et3\" style=\"height: 31.50pt; width: 306.75pt;\" width=\"409\" height=\"42\">Zwrot<\/td>\n<td class=\"et3\" style=\"width: 375.00pt;\" width=\"500\">7-14 dni roboczych na wydruk i wysy\u0142k\u0119 po ostatecznym zatwierdzeniu (wysy\u0142ka GRATIS)<\/td>\n<\/tr>\n<tr style=\"height: 31.50pt;\">\n<td class=\"et7\" style=\"height: 31.50pt; width: 306.75pt;\" width=\"409\" height=\"42\">Termin p\u0142atno\u015bci<\/td>\n<td class=\"et7\" style=\"width: 375.00pt;\" width=\"500\">T \/ T, Western Union, Paypal, depozyt 30% i saldo 70% przed wysy\u0142k\u0105.<\/td>\n<\/tr>\n<\/tbody>\n<\/table>\n<\/div>\n<h2 class=\"auto-hide-last-sibling-br paragraph-u1TS5p paragraph-element br-paragraph-space\">Kluczowe cechy<\/h2>\n<ol class=\"auto-hide-last-sibling-br\">\n<li>Indywidualne projekty: \u015aci\u015ble wsp\u00f3\u0142pracuj z naszym zespo\u0142em projektowym, aby stworzy\u0107 unikalne i przyci\u0105gaj\u0105ce wzrok pude\u0142ko, kt\u00f3re odzwierciedla osobowo\u015b\u0107 Twojej marki i istot\u0119 Twojej oferty czekoladek. Mo\u017cesz wybiera\u0107 spo\u015br\u00f3d r\u00f3\u017cnych kszta\u0142t\u00f3w, rozmiar\u00f3w i styl\u00f3w, aby idealnie zaprezentowa\u0107 swoje czekoladki.<\/li>\n<li>Wysokiej jako\u015bci materia\u0142y: U\u017cywamy papieru najwy\u017cszej jako\u015bci, kt\u00f3ry jest nie tylko wytrzyma\u0142y, ale tak\u017ce zapewnia luksusowy wygl\u0105d. Materia\u0142 ten zapewnia ochron\u0119 i \u015bwie\u017co\u015b\u0107 czekoladek, zachowuj\u0105c ich jako\u015b\u0107.<\/li>\n<li>Opcje druku: Wybierz spo\u015br\u00f3d zaawansowanych technik drukowania, takich jak druk offsetowy, druk cyfrowy lub wyt\u0142aczanie, aby doda\u0107 skomplikowane szczeg\u00f3\u0142y, \u017cywe kolory i dotykowe wyko\u0144czenie opakowania.<\/li>\n<li>Udoskonalenia wn\u0119trza: Dostosuj wn\u0119trze pude\u0142ka za pomoc\u0105 wk\u0142adek, przegr\u00f3dek lub foliowej podszewki, aby czekoladki by\u0142y bezpiecznie na swoim miejscu i doda\u0142y dodatkowego wyrafinowania.<\/li>\n<li>Wyci\u0119cia w okienku: Opcja do\u0142\u0105czenia przezroczystego okienka, aby da\u0107 klientom podgl\u0105d na pyszne czekoladki w \u015brodku, zach\u0119caj\u0105c ich do zakupu.<\/li>\n<li>Mo\u017cliwo\u015bci brandingu: Wyeksponuj logo marki, slogan i informacje o produkcie, aby zwi\u0119kszy\u0107 \u015bwiadomo\u015b\u0107 i rozpoznawalno\u015b\u0107 marki.<\/li>\n<\/ol>\n<h2 class=\"auto-hide-last-sibling-br paragraph-u1TS5p paragraph-element br-paragraph-space\">Korzy\u015bci dla firmy<\/h2>\n<ol class=\"auto-hide-last-sibling-br\">\n<li>Zr\u00f3\u017cnicowanie marki: Wyr\u00f3\u017cnij si\u0119 na tle konkurencji dzi\u0119ki charakterystycznemu opakowaniu, kt\u00f3re przykuje uwag\u0119 konsumenta i pozostawi niezatarte wra\u017cenie.<\/li>\n<li>Wi\u0119ksza atrakcyjno\u015b\u0107 dla klient\u00f3w: Atrakcyjne opakowanie zwi\u0119ksza postrzegan\u0105 warto\u015b\u0107 czekoladek, czyni\u0105c je bardziej atrakcyjnymi dla klient\u00f3w i zwi\u0119kszaj\u0105c sprzeda\u017c.<\/li>\n<li>Ochrona i konserwacja: Wysokiej jako\u015bci materia\u0142 i konstrukcja zapewniaj\u0105, \u017ce czekoladki pozostan\u0105 w idealnym stanie, zachowuj\u0105c sw\u00f3j smak i konsystencj\u0119.<\/li>\n<li>Narz\u0119dzie marketingowe: Opakowanie s\u0142u\u017cy jako pot\u0119\u017cne narz\u0119dzie marketingowe, przekazuj\u0105ce potencjalnym klientom przes\u0142anie i warto\u015bci marki.<\/li>\n<\/ol>\n<h2 class=\"auto-hide-last-sibling-br paragraph-u1TS5p paragraph-element br-paragraph-space\">Proces zamawiania<\/h2>\n<div class=\"auto-hide-last-sibling-br paragraph-u1TS5p paragraph-element br-paragraph-space\">Nasz dedykowany zesp\u00f3\u0142 jest tutaj, aby poprowadzi\u0107 Ci\u0119 przez \u0142atwy i p\u0142ynny proces zamawiania. Od wst\u0119pnej koncepcji do ko\u0144cowej produkcji, wsp\u00f3\u0142pracujemy z Tob\u0105 na ka\u017cdym etapie, aby upewni\u0107 si\u0119, \u017ce opakowanie spe\u0142nia Twoje oczekiwania.<\/div>\n<h2 class=\"auto-hide-last-sibling-br paragraph-u1TS5p paragraph-element br-paragraph-space\">Dostawa i czas realizacji<\/h2>\n<div class=\"auto-hide-last-sibling-br paragraph-u1TS5p paragraph-element br-paragraph-space\">Rozumiemy znaczenie terminowej dostawy. Nasze wydajne systemy produkcyjne i logistyczne zapewniaj\u0105, \u017ce niestandardowe opakowania papierowe na czekolad\u0119 s\u0105 dostarczane na czas, umo\u017cliwiaj\u0105c dotrzymanie termin\u00f3w biznesowych.<br \/>\n<a href=\"https:\/\/zojopackaging.com\/pl\/contact-us\/\"><strong>Skontaktuj si\u0119 z nami<\/strong><\/a> ju\u017c dzi\u015b, aby rozpocz\u0105\u0107 tworzenie idealnego opakowania dla swoich s\u0142odyczy.<\/div>","protected":false},"excerpt":{"rendered":"<p>To pude\u0142ko do pakowania ciastek czekoladowych klasy spo\u017cywczej wykorzystuje szar\u0105 tektur\u0119 1200GSM + powlekany papier artystyczny 157GSM i jest przyjaznym dla \u015brodowiska pod\u0142o\u017cem z certyfikatem FSC, aby zapewni\u0107 bezpiecze\u0144stwo \u017cywno\u015bci. Typ pude\u0142ka obs\u0142uguje nieograniczone dostosowywanie deformacji rozmiaru, a bezp\u0142atne pr\u00f3bki s\u0105 dostarczane w celu sprawdzenia jako\u015bci.<\/p>","protected":false},"featured_media":6794,"template":"","meta":[],"product_brand":[],"product_cat":[422,429],"product_tag":[522,523,524],"class_list":{"0":"post-6793","1":"product","2":"type-product","3":"status-publish","4":"has-post-thumbnail","6":"product_cat-custom-gourmet-boxes-by-industry","7":"product_cat-paper-tube-boxes","8":"product_tag-chocolate-paper-tube","9":"product_tag-custom-chocolate-paper-tube","10":"product_tag-paper-tube-wholesale","12":"first","13":"instock","14":"shipping-taxable","15":"product-type-simple"},"_links":{"self":[{"href":"https:\/\/zojopackaging.com\/pl\/wp-json\/wp\/v2\/product\/6793","targetHints":{"allow":["GET"]}}],"collection":[{"href":"https:\/\/zojopackaging.com\/pl\/wp-json\/wp\/v2\/product"}],"about":[{"href":"https:\/\/zojopackaging.com\/pl\/wp-json\/wp\/v2\/types\/product"}],"version-history":[{"count":2,"href":"https:\/\/zojopackaging.com\/pl\/wp-json\/wp\/v2\/product\/6793\/revisions"}],"predecessor-version":[{"id":8088,"href":"https:\/\/zojopackaging.com\/pl\/wp-json\/wp\/v2\/product\/6793\/revisions\/8088"}],"wp:featuredmedia":[{"embeddable":true,"href":"https:\/\/zojopackaging.com\/pl\/wp-json\/wp\/v2\/media\/6794"}],"wp:attachment":[{"href":"https:\/\/zojopackaging.com\/pl\/wp-json\/wp\/v2\/media?parent=6793"}],"wp:term":[{"taxonomy":"product_brand","embeddable":true,"href":"https:\/\/zojopackaging.com\/pl\/wp-json\/wp\/v2\/product_brand?post=6793"},{"taxonomy":"product_cat","embeddable":true,"href":"https:\/\/zojopackaging.com\/pl\/wp-json\/wp\/v2\/product_cat?post=6793"},{"taxonomy":"product_tag","embeddable":true,"href":"https:\/\/zojopackaging.com\/pl\/wp-json\/wp\/v2\/product_tag?post=6793"}],"curies":[{"name":"wp","href":"https:\/\/api.w.org\/{rel}","templated":true}]}}