{"id":6800,"date":"2024-07-17T10:36:39","date_gmt":"2024-07-17T02:36:39","guid":{"rendered":"https:\/\/zojopackaging.com\/?post_type=product&#038;p=6800"},"modified":"2025-03-24T10:05:41","modified_gmt":"2025-03-24T02:05:41","slug":"custom-paper-tube-paper-box","status":"publish","type":"product","link":"https:\/\/zojopackaging.com\/pl\/product\/custom-paper-tube-paper-box\/","title":{"rendered":"Fabryka niestandardowych zr\u00f3wnowa\u017conych okr\u0105g\u0142ych tubek papierowych do perfum"},"content":{"rendered":"<h1>Fabryka niestandardowych zr\u00f3wnowa\u017conych okr\u0105g\u0142ych tubek papierowych do perfum<\/h1>\n<div class=\"auto-hide-last-sibling-br paragraph-u1TS5p paragraph-element br-paragraph-space\">\n<div class=\"auto-hide-last-sibling-br paragraph-u1TS5p paragraph-element br-paragraph-space\">\n<div class=\"elementor-element elementor-element-052609b elementor-widget elementor-widget-heading\" data-id=\"052609b\" data-element_type=\"widget\" data-widget_type=\"heading.default\">\n<div class=\"elementor-widget-container\">\n<h2 class=\"elementor-heading-title elementor-size-default\">Kompleksowe rozwi\u0105zanie w zakresie opakowa\u0144<\/h2>\n<\/div>\n<\/div>\n<div class=\"elementor-element elementor-element-ad86f67 elementor-widget elementor-widget-text-editor\" data-id=\"ad86f67\" data-element_type=\"widget\" data-widget_type=\"text-editor.default\">\n<div class=\"elementor-widget-container\">\n<p>Opakowanie jest cz\u0119\u015bci\u0105 Twojej marki, kartonowe pude\u0142ka tubowe to co\u015b wi\u0119cej ni\u017c ich wygl\u0105d, mo\u017cemy opracowa\u0107 zr\u00f3wnowa\u017cone rozwi\u0105zanie opakowaniowe, aby opowiedzie\u0107 o Twoim produkcie, ujawni\u0107 histori\u0119 Twojej marki. Tworzymy najbardziej innowacyjne i najwy\u017cszej jako\u015bci rozwi\u0105zania opakowaniowe.<\/p>\n<\/div>\n<\/div>\n<\/div>\n<table style=\"border-collapse: collapse; width: 681.77pt;\" border=\"0\" width=\"909\" cellspacing=\"0\" cellpadding=\"0\">\n<tbody>\n<tr style=\"height: 15.75pt;\">\n<td class=\"et3\" style=\"height: 15.75pt; width: 306.75pt;\" width=\"409\" height=\"21\">MOQ<\/td>\n<td class=\"et3\" style=\"width: 375.00pt;\" width=\"500\">500 - 500 000 sztuk<\/td>\n<\/tr>\n<tr style=\"height: 31.50pt;\">\n<td class=\"et3\" style=\"height: 31.50pt; width: 306.75pt;\" width=\"409\" height=\"42\">Kolory<\/td>\n<td class=\"et3\" style=\"width: 375.00pt;\" width=\"500\">Zwyk\u0142y bia\u0142y\/br\u0105zowy Kraft, CMYK, PMS, kolory specjalne (metaliczny srebrny, metaliczny z\u0142oty),<\/td>\n<\/tr>\n<tr style=\"height: 16.50pt;\">\n<td class=\"et4\" style=\"height: 16.50pt;\" height=\"22\">Drukowanie<\/td>\n<td class=\"et5\">Druk CMYK<\/td>\n<\/tr>\n<tr style=\"height: 16.50pt;\">\n<td class=\"et5\" style=\"height: 16.50pt;\" height=\"22\">Wymiar<\/td>\n<td class=\"et5\">D\u0142. + szer. &lt;= 20 cali; wys. &lt;= 26 cali<\/td>\n<\/tr>\n<tr style=\"height: 16.50pt;\">\n<td class=\"et4\" style=\"height: 16.50pt;\" height=\"22\">Certyfikacja<\/td>\n<td class=\"et5\">SGS, IOS9001<\/td>\n<\/tr>\n<tr style=\"height: 16.50pt;\">\n<td class=\"et4\" style=\"height: 16.50pt;\" height=\"22\">Struktura<\/td>\n<td class=\"et5\">3 sztuki papierowej tuby teleskopowej<\/td>\n<\/tr>\n<tr style=\"height: 16.50pt;\">\n<td class=\"et4\" style=\"height: 16.50pt;\" height=\"22\">Us\u0142uga<\/td>\n<td class=\"et5\">OEM\/ODM<\/td>\n<\/tr>\n<tr style=\"height: 31.50pt;\">\n<td class=\"et3\" style=\"height: 31.50pt; width: 306.75pt;\" width=\"409\" height=\"42\">Papier zapasowy<\/td>\n<td class=\"et3\" style=\"width: 375.00pt;\" width=\"500\">12pt do 24pt bia\u0142y karton, 18pt do 24pt SBS, 18pt do 24pt Kraft karton, tektura falista.<\/td>\n<\/tr>\n<tr style=\"height: 15.75pt;\">\n<td class=\"et3\" style=\"height: 15.75pt; width: 306.75pt;\" width=\"409\" height=\"21\">Wyko\u0144czenie<\/td>\n<td class=\"et3\" style=\"width: 375.00pt;\" width=\"500\">B\u0142yszcz\u0105cy AQ (domy\u015blnie), B\u0142yszcz\u0105cy UV, Matowy UV<\/td>\n<\/tr>\n<tr style=\"height: 15.75pt;\">\n<td class=\"et3\" style=\"height: 15.75pt; width: 306.75pt;\" width=\"409\" height=\"21\">Dow\u00f3d<\/td>\n<td class=\"et3\" style=\"width: 375.00pt;\" width=\"500\">Proof cyfrowy (plik gotowy do druku) potwierdzony przez klienta.<\/td>\n<\/tr>\n<tr style=\"height: 31.50pt;\">\n<td class=\"et3\" style=\"height: 31.50pt; width: 306.75pt;\" width=\"409\" height=\"42\">Zwrot<\/td>\n<td class=\"et3\" style=\"width: 375.00pt;\" width=\"500\">7-14 dni roboczych na wydruk i wysy\u0142k\u0119 po ostatecznym zatwierdzeniu (wysy\u0142ka GRATIS)<\/td>\n<\/tr>\n<tr style=\"height: 31.50pt;\">\n<td class=\"et7\" style=\"height: 31.50pt; width: 306.75pt;\" width=\"409\" height=\"42\">Termin p\u0142atno\u015bci<\/td>\n<td class=\"et7\" style=\"width: 375.00pt;\" width=\"500\">T \/ T, Western Union, Paypal, depozyt 30% i saldo 70% przed wysy\u0142k\u0105.<\/td>\n<\/tr>\n<\/tbody>\n<\/table>\n<h2 class=\"auto-hide-last-sibling-br paragraph-u1TS5p paragraph-element br-paragraph-space\">Kluczowe cechy<\/h2>\n<ol class=\"auto-hide-last-sibling-br\">\n<li>Opcje dostosowywania: Masz pe\u0142n\u0105 kontrol\u0119 nad rozmiarem, kszta\u0142tem i wymiarami papierowego pude\u0142ka tubowego, aby zapewni\u0107 idealne dopasowanie do swoich produkt\u00f3w. Wybieraj spo\u015br\u00f3d szerokiej gamy kolor\u00f3w, wzor\u00f3w i wyko\u0144cze\u0144, aby stworzy\u0107 unikalne i atrakcyjne wizualnie opakowanie.<\/li>\n<li>Wysokiej jako\u015bci materia\u0142y: U\u017cywamy papieru najwy\u017cszej jako\u015bci, kt\u00f3ry jest zar\u00f3wno trwa\u0142y, jak i przyjazny dla \u015brodowiska. Materia\u0142 ten zapewnia doskona\u0142\u0105 wytrzyma\u0142o\u015b\u0107 i ochron\u0119, dzi\u0119ki czemu produkty docieraj\u0105 do odbiorcy w idealnym stanie.<\/li>\n<li>Integralno\u015b\u0107 strukturalna: Konstrukcja papierowej tuby zapewnia doskona\u0142\u0105 stabilno\u015b\u0107 i wsparcie, zapobiegaj\u0105c uszkodzeniom podczas przenoszenia i transportu.<\/li>\n<li>Mo\u017cliwo\u015bci brandingu: Zaprezentuj logo marki, slogan i informacje o produkcie za pomoc\u0105 wysokiej jako\u015bci nadruku lub wyt\u0142oczenia, zwi\u0119kszaj\u0105c widoczno\u015b\u0107 i rozpoznawalno\u015b\u0107 marki.<\/li>\n<li>Wszechstronne zastosowania: Nadaje si\u0119 do r\u00f3\u017cnorodnych produkt\u00f3w, takich jak kosmetyki, upominki, artyku\u0142y papiernicze i inne.<\/li>\n<li>Recykling i zr\u00f3wnowa\u017cony rozw\u00f3j: Wykonane z materia\u0142\u00f3w nadaj\u0105cych si\u0119 do recyklingu, nasze niestandardowe papierowe pude\u0142ka tubowe s\u0105 \u015bwiadomym ekologicznie wyborem, kt\u00f3ry jest zgodny z warto\u015bciami Twojej marki.<\/li>\n<\/ol>\n<h2 class=\"auto-hide-last-sibling-br paragraph-u1TS5p paragraph-element br-paragraph-space\">Proces zamawiania<\/h2>\n<div class=\"auto-hide-last-sibling-br paragraph-u1TS5p paragraph-element br-paragraph-space\">Nasz zesp\u00f3\u0142 ekspert\u00f3w b\u0119dzie \u015bci\u015ble wsp\u00f3\u0142pracowa\u0142 z Tob\u0105 podczas ca\u0142ego procesu sk\u0142adania zam\u00f3wienia. Od wst\u0119pnych koncepcji projektowych po ko\u0144cow\u0105 produkcj\u0119, zapewniamy, \u017ce ka\u017cdy szczeg\u00f3\u0142 spe\u0142ni Twoje oczekiwania. Dostarczamy r\u00f3wnie\u017c pr\u00f3bki do przegl\u0105du i zatwierdzenia przed masow\u0105 produkcj\u0105.<\/div>\n<h2 class=\"auto-hide-last-sibling-br paragraph-u1TS5p paragraph-element br-paragraph-space\">Czas dostawy<\/h2>\n<div class=\"auto-hide-last-sibling-br paragraph-u1TS5p paragraph-element br-paragraph-space\">Rozumiemy znaczenie terminowej dostawy. Nasi niezawodni partnerzy logistyczni zapewniaj\u0105, \u017ce niestandardowe pude\u0142ka papierowe s\u0105 dostarczane do domu w uzgodnionym terminie, umo\u017cliwiaj\u0105c p\u0142ynne dotrzymywanie termin\u00f3w biznesowych.<\/div>\n<div><\/div>\n<div class=\"auto-hide-last-sibling-br paragraph-u1TS5p paragraph-element br-paragraph-space\">Wybierz nasze niestandardowe pude\u0142ko papierowe z tub\u0105 papierow\u0105, aby ulepszy\u0107 swoje opakowanie i wywrze\u0107 trwa\u0142e wra\u017cenie na klientach. <strong><a href=\"https:\/\/zojopackaging.com\/pl\/contact-us\/\">Skontaktuj si\u0119 z nami ju\u017c dzi\u015b<\/a><\/strong> aby rozpocz\u0105\u0107 tworzenie idealnego rozwi\u0105zania opakowaniowego dla Twojej firmy.<\/div>\n<\/div>","protected":false},"excerpt":{"rendered":"<p>To pude\u0142ko do pakowania butelek perfum wykorzystuje szar\u0105 tektur\u0119 1200GSM + powlekany papier artystyczny 157GSM i wykorzystuje papier przyjazny dla \u015brodowiska z certyfikatem FSC, aby uzyska\u0107 zr\u00f3wnowa\u017cone opakowanie. Obs\u0142uguje nieograniczone dostosowywanie typu pude\u0142ka, rozmiaru, nadruku powierzchni itp. w celu dopasowania do produkt\u00f3w i marek.<\/p>","protected":false},"featured_media":6804,"template":"","meta":[],"product_brand":[],"product_cat":[417,429],"product_tag":[520,521,519],"class_list":{"0":"post-6800","1":"product","2":"type-product","3":"status-publish","4":"has-post-thumbnail","6":"product_cat-custom-perfume-boxes-by-industry","7":"product_cat-paper-tube-boxes","8":"product_tag-custom-fragranc-paper-tubes","9":"product_tag-perfume-paper-tubes","10":"product_tag-perfume-paper-tubes-factory","12":"first","13":"instock","14":"shipping-taxable","15":"product-type-simple"},"_links":{"self":[{"href":"https:\/\/zojopackaging.com\/pl\/wp-json\/wp\/v2\/product\/6800","targetHints":{"allow":["GET"]}}],"collection":[{"href":"https:\/\/zojopackaging.com\/pl\/wp-json\/wp\/v2\/product"}],"about":[{"href":"https:\/\/zojopackaging.com\/pl\/wp-json\/wp\/v2\/types\/product"}],"version-history":[{"count":2,"href":"https:\/\/zojopackaging.com\/pl\/wp-json\/wp\/v2\/product\/6800\/revisions"}],"predecessor-version":[{"id":8087,"href":"https:\/\/zojopackaging.com\/pl\/wp-json\/wp\/v2\/product\/6800\/revisions\/8087"}],"wp:featuredmedia":[{"embeddable":true,"href":"https:\/\/zojopackaging.com\/pl\/wp-json\/wp\/v2\/media\/6804"}],"wp:attachment":[{"href":"https:\/\/zojopackaging.com\/pl\/wp-json\/wp\/v2\/media?parent=6800"}],"wp:term":[{"taxonomy":"product_brand","embeddable":true,"href":"https:\/\/zojopackaging.com\/pl\/wp-json\/wp\/v2\/product_brand?post=6800"},{"taxonomy":"product_cat","embeddable":true,"href":"https:\/\/zojopackaging.com\/pl\/wp-json\/wp\/v2\/product_cat?post=6800"},{"taxonomy":"product_tag","embeddable":true,"href":"https:\/\/zojopackaging.com\/pl\/wp-json\/wp\/v2\/product_tag?post=6800"}],"curies":[{"name":"wp","href":"https:\/\/api.w.org\/{rel}","templated":true}]}}