{"id":6811,"date":"2024-07-17T13:41:36","date_gmt":"2024-07-17T05:41:36","guid":{"rendered":"https:\/\/zojopackaging.com\/?post_type=product&#038;p=6811"},"modified":"2025-03-24T09:49:41","modified_gmt":"2025-03-24T01:49:41","slug":"customized-printed-paper-gift-bags","status":"publish","type":"product","link":"https:\/\/zojopackaging.com\/pl\/product\/customized-printed-paper-gift-bags\/","title":{"rendered":"Luksusowe niestandardowe sk\u0142adane papierowe torby na zakupy Producent"},"content":{"rendered":"<h1 class=\"auto-hide-last-sibling-br paragraph-u1TS5p paragraph-element br-paragraph-space\">Papierowe torby na prezenty z nadrukiem<\/h1>\n<div class=\"auto-hide-last-sibling-br paragraph-u1TS5p paragraph-element br-paragraph-space\">Nasze spersonalizowane papierowe torby prezentowe z nadrukiem to idealny wyb\u00f3r, aby doda\u0107 spersonalizowany i niezapomniany akcent do prezentu.<\/div>\n<h2 class=\"auto-hide-last-sibling-br paragraph-u1TS5p paragraph-element br-paragraph-space\">Kluczowe cechy<\/h2>\n<ol class=\"auto-hide-last-sibling-br\">\n<li>Projekty szyte na miar\u0119: \u015aci\u015ble wsp\u00f3\u0142pracuj z naszym zespo\u0142em projektant\u00f3w, aby stworzy\u0107 unikaln\u0105 torb\u0119, kt\u00f3ra b\u0119dzie pasowa\u0107 do Twojej marki lub motywu wydarzenia. Mo\u017cesz wybiera\u0107 spo\u015br\u00f3d szerokiej gamy kolor\u00f3w, wzor\u00f3w i grafik, aby Twoje torby na prezenty by\u0142y naprawd\u0119 jedyne w swoim rodzaju.<\/li>\n<li>Wysokiej jako\u015bci materia\u0142y: U\u017cywamy papieru najwy\u017cszej jako\u015bci, kt\u00f3ry jest nie tylko wytrzyma\u0142y, ale tak\u017ce luksusowy w dotyku. Papier jest wybierany tak, aby zapewni\u0107 trwa\u0142o\u015b\u0107 i g\u0142adkie wyko\u0144czenie.<\/li>\n<li>Precyzyjne drukowanie: Nasza zaawansowana technologia druku pozwala uzyska\u0107 ostre, \u017cywe i trwa\u0142e wydruki. Niezale\u017cnie od tego, czy jest to szczeg\u00f3\u0142owe logo, z\u0142o\u017cony projekt czy szczera wiadomo\u015b\u0107, gwarantujemy najwy\u017csz\u0105 jako\u015b\u0107 reprodukcji.<\/li>\n<li>Opcje uchwyt\u00f3w: Wybierz spo\u015br\u00f3d r\u00f3\u017cnych styl\u00f3w uchwyt\u00f3w, takich jak satynowa wst\u0105\u017cka, skr\u0119cona papierowa lina lub p\u0142askie papierowe uchwyty, aby zwi\u0119kszy\u0107 wygod\u0119 i styl.<\/li>\n<li>Dostosowanie rozmiaru: Dost\u0119pne w wielu rozmiarach, aby pomie\u015bci\u0107 r\u00f3\u017cne przedmioty upominkowe, od ma\u0142ych drobiazg\u00f3w po wi\u0119ksze prezenty.<\/li>\n<li>Opcje wn\u0119trza: Wzboga\u0107 prezentacj\u0119, dodaj\u0105c bibu\u0142k\u0119 lub specjaln\u0105 wy\u015bci\u00f3\u0142k\u0119 do wn\u0119trza torby.<\/li>\n<\/ol>\n<h2 class=\"auto-hide-last-sibling-br paragraph-u1TS5p paragraph-element br-paragraph-space\">Proces zamawiania<\/h2>\n<div class=\"auto-hide-last-sibling-br paragraph-u1TS5p paragraph-element br-paragraph-space\">Nasz proces zamawiania jest prosty i nieskomplikowany. Wystarczy podzieli\u0107 si\u0119 z nami swoimi pomys\u0142ami i wymaganiami, a my przedstawimy szczeg\u00f3\u0142ow\u0105 wycen\u0119 i makiet\u0119. Po zatwierdzeniu nasz sprawny zesp\u00f3\u0142 produkcyjny zapewni terminow\u0105 dostaw\u0119 zam\u00f3wienia.<\/div>\n<h2 class=\"auto-hide-last-sibling-br paragraph-u1TS5p paragraph-element br-paragraph-space\">Dostawa i czas realizacji<\/h2>\n<div class=\"auto-hide-last-sibling-br paragraph-u1TS5p paragraph-element br-paragraph-space\">Rozumiemy, jak wa\u017cne jest dotrzymywanie termin\u00f3w. Oferujemy niezawodne us\u0142ugi dostawy i zapewniamy jasne szacunki czasu realizacji w oparciu o wielko\u015b\u0107 i z\u0142o\u017cono\u015b\u0107 zam\u00f3wienia.<\/div>\n<div class=\"auto-hide-last-sibling-br paragraph-u1TS5p paragraph-element br-paragraph-space\">Zainwestuj w nasze spersonalizowane papierowe torby prezentowe z nadrukiem, aby wyr\u00f3\u017cni\u0107 swoje prezenty i pozostawi\u0107 po sobie trwa\u0142e wra\u017cenie. <strong><a href=\"https:\/\/zojopackaging.com\/pl\/contact-us\/\">Skontaktuj si\u0119 z nami ju\u017c dzi\u015b<\/a><\/strong> aby rozpocz\u0105\u0107 tworzenie idealnego rozwi\u0105zania w zakresie toreb na prezenty dla potrzeb Twojej firmy.<\/div>\n<div>\n<h2 class=\"yikes-custom-woo-tab-title yikes-custom-woo-tab-title-specifications\">Specyfikacje<\/h2>\n<table class=\"table table-striped\">\n<tbody>\n<tr>\n<td>Box Style<\/td>\n<td>Ko\u0144c\u00f3wka Reverse Tuck<\/td>\n<\/tr>\n<tr>\n<td>Kluczowe cechy<\/td>\n<td>G\u00f3rne zamkni\u0119cie z blokad\u0105 ciern\u0105<\/td>\n<\/tr>\n<tr>\n<td>Wymiar<\/td>\n<td>D\u0142. + szer. &lt;= 20 cali; wys. &lt;= 26 cali<\/td>\n<\/tr>\n<tr>\n<td>Ilo\u015bci<\/td>\n<td>500 &#8211; 500,000<\/td>\n<\/tr>\n<tr>\n<td>Papier zapasowy<\/td>\n<td>12pt do 24pt bia\u0142y karton, 18pt do 24pt SBS, 18pt do 24pt Kraft karton, tektura falista.<\/td>\n<\/tr>\n<tr>\n<td>Kolory<\/td>\n<td>Zwyk\u0142y bia\u0142y\/br\u0105zowy Kraft, CMYK, PMS, kolory specjalne (metaliczny srebrny, metaliczny z\u0142oty),<\/td>\n<\/tr>\n<tr>\n<td>Wyko\u0144czenie<\/td>\n<td>B\u0142yszcz\u0105cy AQ (domy\u015blnie), B\u0142yszcz\u0105cy UV, Matowy UV<\/td>\n<\/tr>\n<tr>\n<td>Przesy\u0142anie plik\u00f3w<\/td>\n<td>Linia produkcyjna i projekt w oddzielnych warstwach<\/p>\n<p>Pr\u00f3bka PMS odnotowana, je\u015bli dotyczy<\/td>\n<\/tr>\n<tr>\n<td>Dow\u00f3d<\/td>\n<td>Proof cyfrowy (plik gotowy do druku) potwierdzony przez klienta.<\/td>\n<\/tr>\n<tr>\n<td>Zwrot<\/td>\n<td>7-14 dni roboczych na wydruk i wysy\u0142k\u0119 po ostatecznym zatwierdzeniu (wysy\u0142ka GRATIS)<\/td>\n<\/tr>\n<tr>\n<td>Wysy\u0142ka<\/td>\n<td>Opakowanie p\u0142askie<\/td>\n<\/tr>\n<\/tbody>\n<\/table>\n<\/div>","protected":false},"excerpt":{"rendered":"<p>Ta czarna sk\u0142adana papierowa torba wykorzystuje proces matowej laminacji, aby stworzy\u0107 stonowan\u0105, odporn\u0105 na zarysowania powierzchni\u0119, w po\u0142\u0105czeniu ze z\u0142ot\u0105 foli\u0105 t\u0142oczon\u0105 na gor\u0105co, aby zaprezentowa\u0107 ekskluzywny wz\u00f3r marki i jest po\u0142\u0105czona z odpinan\u0105 wst\u0105\u017ck\u0105 \/ lin\u0105 uchwytu, sk\u0142adana konstrukcja mo\u017ce zaoszcz\u0119dzi\u0107 50% miejsca do przechowywania i transportu.<\/p>","protected":false},"featured_media":6817,"template":"","meta":[],"product_brand":[],"product_cat":[30,413,432,31],"product_tag":[518,516,517],"class_list":{"0":"post-6811","1":"product","2":"type-product","3":"status-publish","4":"has-post-thumbnail","6":"product_cat-by-industry","7":"product_cat-consumer-electronics-boxes","8":"product_cat-pape-gift-bags","9":"product_cat-paper-box-style","10":"product_tag-custom-paper-bags","11":"product_tag-foldable-paper-shopping-bags","12":"product_tag-paper-shopping-bags-manufacturer","14":"first","15":"instock","16":"shipping-taxable","17":"product-type-simple"},"_links":{"self":[{"href":"https:\/\/zojopackaging.com\/pl\/wp-json\/wp\/v2\/product\/6811","targetHints":{"allow":["GET"]}}],"collection":[{"href":"https:\/\/zojopackaging.com\/pl\/wp-json\/wp\/v2\/product"}],"about":[{"href":"https:\/\/zojopackaging.com\/pl\/wp-json\/wp\/v2\/types\/product"}],"version-history":[{"count":2,"href":"https:\/\/zojopackaging.com\/pl\/wp-json\/wp\/v2\/product\/6811\/revisions"}],"predecessor-version":[{"id":8086,"href":"https:\/\/zojopackaging.com\/pl\/wp-json\/wp\/v2\/product\/6811\/revisions\/8086"}],"wp:featuredmedia":[{"embeddable":true,"href":"https:\/\/zojopackaging.com\/pl\/wp-json\/wp\/v2\/media\/6817"}],"wp:attachment":[{"href":"https:\/\/zojopackaging.com\/pl\/wp-json\/wp\/v2\/media?parent=6811"}],"wp:term":[{"taxonomy":"product_brand","embeddable":true,"href":"https:\/\/zojopackaging.com\/pl\/wp-json\/wp\/v2\/product_brand?post=6811"},{"taxonomy":"product_cat","embeddable":true,"href":"https:\/\/zojopackaging.com\/pl\/wp-json\/wp\/v2\/product_cat?post=6811"},{"taxonomy":"product_tag","embeddable":true,"href":"https:\/\/zojopackaging.com\/pl\/wp-json\/wp\/v2\/product_tag?post=6811"}],"curies":[{"name":"wp","href":"https:\/\/api.w.org\/{rel}","templated":true}]}}