{"id":6823,"date":"2024-07-17T13:56:32","date_gmt":"2024-07-17T05:56:32","guid":{"rendered":"https:\/\/zojopackaging.com\/?post_type=product&#038;p=6823"},"modified":"2025-03-24T00:27:48","modified_gmt":"2025-03-23T16:27:48","slug":"custom-printed-paper-gift-bags","status":"publish","type":"product","link":"https:\/\/zojopackaging.com\/pl\/product\/custom-printed-paper-gift-bags\/","title":{"rendered":"Dostawca Niestandardowe luksusowe papierowe torby na prezenty Producenci"},"content":{"rendered":"<h1 class=\"auto-hide-last-sibling-br paragraph-u1TS5p paragraph-element br-paragraph-space\">Papierowe torby na prezenty z nadrukiem<\/h1>\n<div class=\"auto-hide-last-sibling-br paragraph-u1TS5p paragraph-element br-paragraph-space\">\n<div class=\"auto-hide-last-sibling-br paragraph-u1TS5p paragraph-element br-paragraph-space\">\n<p>Nasze niestandardowe torby papierowe z nadrukiem oferuj\u0105 indywidualne rozwi\u0105zanie opakowaniowe, kt\u00f3re \u0142\u0105czy w sobie styl, funkcjonalno\u015b\u0107 i promocj\u0119 marki.<\/p>\n<p>Potrzebujesz niestandardowego opakowania w unikalnym stylu lub rozmiarze? Potrzebujesz du\u017cej ilo\u015bci produkt\u00f3w? Mamy ca\u0142y dzia\u0142 zajmuj\u0105cy si\u0119 wyszukiwaniem i opracowywaniem unikalnych produkt\u00f3w, kt\u00f3re dok\u0142adnie spe\u0142niaj\u0105 najbardziej wymagaj\u0105ce wymagania dotycz\u0105ce opakowa\u0144.<\/p>\n<\/div>\n<h2 class=\"auto-hide-last-sibling-br paragraph-u1TS5p paragraph-element br-paragraph-space\">Proces zamawiania<\/h2>\n<div class=\"auto-hide-last-sibling-br paragraph-u1TS5p paragraph-element br-paragraph-space\">Nasz do\u015bwiadczony zesp\u00f3\u0142 przeprowadzi Ci\u0119 przez \u0142atwy i bezproblemowy proces zamawiania. Zaczynamy od zrozumienia konkretnych wymaga\u0144 i preferencji projektowych. Mo\u017cesz dostarczy\u0107 w\u0142asny projekt lub wsp\u00f3\u0142pracowa\u0107 z naszymi wewn\u0119trznymi ekspertami ds. projektowania, aby stworzy\u0107 koncepcj\u0119, kt\u00f3ra spe\u0142ni Twoj\u0105 wizj\u0119. Po zatwierdzeniu projektu, nasz wydajny zak\u0142ad produkcyjny zapewni terminow\u0105 dostaw\u0119 zam\u00f3wienia, przy zachowaniu \u015bcis\u0142ych \u015brodk\u00f3w kontroli jako\u015bci w celu zagwarantowania najwy\u017cszych standard\u00f3w.<\/div>\n<h2 class=\"yikes-custom-woo-tab-title yikes-custom-woo-tab-title-specifications\">Specyfikacje<\/h2>\n<table class=\"table table-striped\">\n<tbody>\n<tr>\n<td>Box Style<\/td>\n<td>Ko\u0144c\u00f3wka Reverse Tuck<\/td>\n<\/tr>\n<tr>\n<td>Kluczowe cechy<\/td>\n<td>G\u00f3rne zamkni\u0119cie z blokad\u0105 ciern\u0105<\/td>\n<\/tr>\n<tr>\n<td>Wymiar<\/td>\n<td>D\u0142. + szer. &lt;= 20 cali; wys. &lt;= 26 cali<\/td>\n<\/tr>\n<tr>\n<td>Ilo\u015bci<\/td>\n<td>500 &#8211; 500,000<\/td>\n<\/tr>\n<tr>\n<td>Papier zapasowy<\/td>\n<td>12pt do 24pt bia\u0142y karton, 18pt do 24pt SBS, 18pt do 24pt Kraft karton, tektura falista.<\/td>\n<\/tr>\n<tr>\n<td>Kolory<\/td>\n<td>Zwyk\u0142y bia\u0142y\/br\u0105zowy Kraft, CMYK, PMS, kolory specjalne (metaliczny srebrny, metaliczny z\u0142oty),<\/td>\n<\/tr>\n<tr>\n<td>Wyko\u0144czenie<\/td>\n<td>B\u0142yszcz\u0105cy AQ (domy\u015blnie), B\u0142yszcz\u0105cy UV, Matowy UV<\/td>\n<\/tr>\n<tr>\n<td>Przesy\u0142anie plik\u00f3w<\/td>\n<td>Linia produkcyjna i projekt w oddzielnych warstwach<\/p>\n<p>Pr\u00f3bka PMS odnotowana, je\u015bli dotyczy<\/td>\n<\/tr>\n<tr>\n<td>Dow\u00f3d<\/td>\n<td>Proof cyfrowy (plik gotowy do druku) potwierdzony przez klienta.<\/td>\n<\/tr>\n<tr>\n<td>Zwrot<\/td>\n<td>7-14 dni roboczych na wydruk i wysy\u0142k\u0119 po ostatecznym zatwierdzeniu (wysy\u0142ka GRATIS)<\/td>\n<\/tr>\n<tr>\n<td>Wysy\u0142ka<\/td>\n<td>Opakowanie p\u0142askie<\/td>\n<\/tr>\n<\/tbody>\n<\/table>\n<\/div>","protected":false},"excerpt":{"rendered":"<p>Ta bia\u0142a papierowa torebka prezentowa na perfumy wykorzystuje laminacj\u0119 matow\u0105 foli\u0105, aby stworzy\u0107 matow\u0105 tekstur\u0119 i jest zamkni\u0119ta jedwabn\u0105 \/ satynow\u0105 wst\u0105\u017ck\u0105 w tym samym kolorze, podkre\u015blaj\u0105c wykwintny ton produktu zapachowego o minimalistycznej estetyce.<\/p>","protected":false},"featured_media":6824,"template":"","meta":[],"product_brand":[],"product_cat":[30,417,432,31],"product_tag":[514,285,515],"class_list":{"0":"post-6823","1":"product","2":"type-product","3":"status-publish","4":"has-post-thumbnail","6":"product_cat-by-industry","7":"product_cat-custom-perfume-boxes-by-industry","8":"product_cat-pape-gift-bags","9":"product_cat-paper-box-style","10":"product_tag-custom-perfume-paper-gift-bags","11":"product_tag-paper-gift-bags","12":"product_tag-paper-gift-bags-manufacturers","14":"first","15":"instock","16":"shipping-taxable","17":"product-type-simple"},"_links":{"self":[{"href":"https:\/\/zojopackaging.com\/pl\/wp-json\/wp\/v2\/product\/6823","targetHints":{"allow":["GET"]}}],"collection":[{"href":"https:\/\/zojopackaging.com\/pl\/wp-json\/wp\/v2\/product"}],"about":[{"href":"https:\/\/zojopackaging.com\/pl\/wp-json\/wp\/v2\/types\/product"}],"version-history":[{"count":2,"href":"https:\/\/zojopackaging.com\/pl\/wp-json\/wp\/v2\/product\/6823\/revisions"}],"predecessor-version":[{"id":8084,"href":"https:\/\/zojopackaging.com\/pl\/wp-json\/wp\/v2\/product\/6823\/revisions\/8084"}],"wp:featuredmedia":[{"embeddable":true,"href":"https:\/\/zojopackaging.com\/pl\/wp-json\/wp\/v2\/media\/6824"}],"wp:attachment":[{"href":"https:\/\/zojopackaging.com\/pl\/wp-json\/wp\/v2\/media?parent=6823"}],"wp:term":[{"taxonomy":"product_brand","embeddable":true,"href":"https:\/\/zojopackaging.com\/pl\/wp-json\/wp\/v2\/product_brand?post=6823"},{"taxonomy":"product_cat","embeddable":true,"href":"https:\/\/zojopackaging.com\/pl\/wp-json\/wp\/v2\/product_cat?post=6823"},{"taxonomy":"product_tag","embeddable":true,"href":"https:\/\/zojopackaging.com\/pl\/wp-json\/wp\/v2\/product_tag?post=6823"}],"curies":[{"name":"wp","href":"https:\/\/api.w.org\/{rel}","templated":true}]}}