{"id":6831,"date":"2024-07-17T14:18:58","date_gmt":"2024-07-17T06:18:58","guid":{"rendered":"https:\/\/zojopackaging.com\/?post_type=product&#038;p=6831"},"modified":"2025-03-24T00:14:27","modified_gmt":"2025-03-23T16:14:27","slug":"custom-paper-bags","status":"publish","type":"product","link":"https:\/\/zojopackaging.com\/pl\/product\/custom-paper-bags\/","title":{"rendered":"Niestandardowe luksusowe torby na prezenty odzie\u017cowe Fabryka papierowych toreb na prezenty"},"content":{"rendered":"<h1 class=\"base Category_tile title\">Niestandardowe luksusowe torby na prezenty odzie\u017cowe Fabryka papierowych toreb na prezenty<\/h1>\n<div class=\"auto-hide-last-sibling-br paragraph-u1TS5p paragraph-element br-paragraph-space\">\n<div class=\"auto-hide-last-sibling-br paragraph-u1TS5p paragraph-element br-paragraph-space\">\n<p>Niezale\u017cnie od tego, czy planujesz wydarzenie promocyjne, czy potrzebujesz rozwi\u0105za\u0144 do codziennego u\u017cytku biznesowego, istniej\u0105 r\u00f3\u017cne sposoby, w jakie niestandardowe torby papierowe mog\u0105 by\u0107 pomocne.<\/p>\n<h1>Dlaczego warto kupowa\u0107 niestandardowe torby papierowe?<\/h1>\n<p>Istniej\u0105 r\u00f3\u017cne sposoby wykorzystania spersonalizowanych toreb papierowych, w zale\u017cno\u015bci od wymaga\u0144 biznesowych.<\/p>\n<ul>\n<li>Targi i inne wydarzenia sprzeda\u017cowe lub promocyjne<\/li>\n<li>Podczas rozdawania przedmiot\u00f3w promocyjnych<\/li>\n<li>Konferencje i seminaria biznesowe<\/li>\n<li>Aby przekaza\u0107 przedmioty bezpo\u015brednio poza biurem<\/li>\n<\/ul>\n<p>Torby papierowe to przedmioty, kt\u00f3re Twoja firma mo\u017ce wykorzysta\u0107 na r\u00f3\u017cne sposoby i \u015bwietnie nadaj\u0105 si\u0119 do zwi\u0119kszania \u015bwiadomo\u015bci marki. Odbiorcy poczuj\u0105 si\u0119 r\u00f3wnie\u017c bardziej lojalni wobec Twojej marki, poniewa\u017c uwierz\u0105, \u017ce wk\u0142adasz w to dodatkowy wysi\u0142ek. Dotrzyj do swoich odbiorc\u00f3w we w\u0142a\u015bciwy spos\u00f3b, gdy idziesz o krok dalej, dostarczaj\u0105c spersonalizowane torby papierowe.<\/p>\n<h1>Dost\u0119pne r\u00f3\u017cne odmiany<\/h1>\n<p>Je\u015bli szukasz idealnej torby papierowej, kt\u00f3ra b\u0119dzie reprezentowa\u0107 Twoj\u0105 firm\u0119, masz do wyboru r\u00f3\u017cne opcje. Niekt\u00f3re opcje s\u0105 nast\u0119puj\u0105ce:<\/p>\n<ul>\n<li>Torby papierowe Kraft: Torby te s\u0105 wykonane z papieru makulaturowego 100% i stanowi\u0105 doskona\u0142\u0105 alternatyw\u0119 dla konwencjonalnych toreb papierowych. Mo\u017cna je znale\u017a\u0107 w r\u00f3\u017cnych kolorach i rozmiarach. S\u0105 idealne do r\u00f3\u017cnych cel\u00f3w.<\/li>\n<li>Torby papierowe z po\u0142yskiem: Te torby papierowe maj\u0105 b\u0142yszcz\u0105ce wyko\u0144czenie. Mo\u017cna je podda\u0107 dalszemu recyklingowi, co jest \u015bwietnym rozwi\u0105zaniem dla os\u00f3b poszukuj\u0105cych opcji przyjaznych dla \u015brodowiska. Torby te s\u0105 r\u00f3wnie\u017c bardziej odporne na standardowe zu\u017cycie ni\u017c zwyk\u0142e torby papierowe.<\/li>\n<li>Laminowane torby Euro: Te laminowane warianty s\u0105 idealne, gdy chcesz doda\u0107 luksusowy element do tradycyjnych toreb papierowych. S\u0105 one dost\u0119pne w r\u00f3\u017cnych kolorach i mog\u0105 uosabia\u0107 dok\u0142adnie taki wizerunek, jaki chce pokaza\u0107 Twoja firma.<\/li>\n<\/ul>\n<h2>Dalsza personalizacja<\/h2>\n<p>Wspania\u0142\u0105 rzecz\u0105 w tych papierowych torbach jest to, \u017ce mo\u017cna je dostosowa\u0107 do wymaga\u0144 biznesowych. W zale\u017cno\u015bci od wariantu torby papierowej, kt\u00f3r\u0105 ostatecznie otrzymasz, mo\u017cesz znale\u017a\u0107 r\u00f3\u017cne dost\u0119pne opcje personalizacji:<\/p>\n<ul>\n<li>Sitodruk<\/li>\n<li>Stempel foliowy<\/li>\n<\/ul>\n<h2>Proces zamawiania<\/h2>\n<p>Nasz dedykowany zesp\u00f3\u0142 b\u0119dzie \u015bci\u015ble wsp\u00f3\u0142pracowa\u0142 z Tob\u0105 podczas ca\u0142ego procesu zamawiania. Zaczynamy od zrozumienia wizji i wymaga\u0144 marki, dostarczaj\u0105c sugestie projektowe i makiety. Po zatwierdzeniu projektu nasz wydajny zak\u0142ad produkcyjny szybko wyprodukuje torby, a nasi niezawodni partnerzy wysy\u0142kowi zapewni\u0105 szybk\u0105 dostaw\u0119.<\/p>\n<h2>Czas dostawy<\/h2>\n<p>Rozumiemy, jak wa\u017cna jest terminowa dostawa w celu spe\u0142nienia potrzeb biznesowych. W oparciu o ilo\u015b\u0107 zam\u00f3wienia i z\u0142o\u017cono\u015b\u0107 personalizacji, przedstawimy szacowany czas realizacji i b\u0119dziemy na bie\u017c\u0105co informowa\u0107 o procesie produkcji i wysy\u0142ki.<\/p>\n<p>Skontaktuj si\u0119 z nami ju\u017c dzi\u015b, aby rozpocz\u0105\u0107 tworzenie idealnego opakowania dla Twojej firmy.<\/p>\n<\/div>\n<\/div>","protected":false},"excerpt":{"rendered":"<p>Ta wysokiej klasy papierowa torba do pakowania odzie\u017cy wykorzystuje technologi\u0119 t\u0142oczenia na gor\u0105co, aby zaprezentowa\u0107 logo marki lub wz\u00f3r, i jest po\u0142\u0105czona z wytrzyma\u0142ym uchwytem ze skr\u0119conej liny, \u0142\u0105cz\u0105c lekkie luksusowe detale z prostym designem.<\/p>","protected":false},"featured_media":6832,"template":"","meta":[],"product_brand":[],"product_cat":[30,414,432,31],"product_tag":[511,512,513],"class_list":{"0":"post-6831","1":"product","2":"type-product","3":"status-publish","4":"has-post-thumbnail","6":"product_cat-by-industry","7":"product_cat-custom-apparel-boxes","8":"product_cat-pape-gift-bags","9":"product_cat-paper-box-style","10":"product_tag-apparel-paper-gift-bags","11":"product_tag-garment-paper-gift-bags","12":"product_tag-paper-gift-bags-factory","14":"first","15":"instock","16":"shipping-taxable","17":"product-type-simple"},"_links":{"self":[{"href":"https:\/\/zojopackaging.com\/pl\/wp-json\/wp\/v2\/product\/6831","targetHints":{"allow":["GET"]}}],"collection":[{"href":"https:\/\/zojopackaging.com\/pl\/wp-json\/wp\/v2\/product"}],"about":[{"href":"https:\/\/zojopackaging.com\/pl\/wp-json\/wp\/v2\/types\/product"}],"version-history":[{"count":2,"href":"https:\/\/zojopackaging.com\/pl\/wp-json\/wp\/v2\/product\/6831\/revisions"}],"predecessor-version":[{"id":8083,"href":"https:\/\/zojopackaging.com\/pl\/wp-json\/wp\/v2\/product\/6831\/revisions\/8083"}],"wp:featuredmedia":[{"embeddable":true,"href":"https:\/\/zojopackaging.com\/pl\/wp-json\/wp\/v2\/media\/6832"}],"wp:attachment":[{"href":"https:\/\/zojopackaging.com\/pl\/wp-json\/wp\/v2\/media?parent=6831"}],"wp:term":[{"taxonomy":"product_brand","embeddable":true,"href":"https:\/\/zojopackaging.com\/pl\/wp-json\/wp\/v2\/product_brand?post=6831"},{"taxonomy":"product_cat","embeddable":true,"href":"https:\/\/zojopackaging.com\/pl\/wp-json\/wp\/v2\/product_cat?post=6831"},{"taxonomy":"product_tag","embeddable":true,"href":"https:\/\/zojopackaging.com\/pl\/wp-json\/wp\/v2\/product_tag?post=6831"}],"curies":[{"name":"wp","href":"https:\/\/api.w.org\/{rel}","templated":true}]}}