{"id":6838,"date":"2024-07-17T14:36:28","date_gmt":"2024-07-17T06:36:28","guid":{"rendered":"https:\/\/zojopackaging.com\/?post_type=product&#038;p=6838"},"modified":"2025-03-24T00:00:20","modified_gmt":"2025-03-23T16:00:20","slug":"custom-luxury-paper-shopping-bags","status":"publish","type":"product","link":"https:\/\/zojopackaging.com\/pl\/product\/custom-luxury-paper-shopping-bags\/","title":{"rendered":"Niestandardowy projekt Ekologiczne torby na prezenty z papieru jubilerskiego Hurtownia"},"content":{"rendered":"<h1 class=\"base Category_tile title\">Niestandardowe luksusowe papierowe torby na zakupy<\/h1>\n<h2 style=\"font-weight: 500;\"><strong>Atrakcyjny, dok\u0142adny i tani druk masowy<\/strong><\/h2>\n<p style=\"font-weight: 400;\">Je\u015bli chodzi o drukowanie naszych najwy\u017cszej jako\u015bci toreb na zakupy, My Box Packaging wykorzystuje najnowocze\u015bniejsze techniki druku offsetowego, sitodruku i druku cyfrowego, aby zapewni\u0107 atrakcyjne i dok\u0142adne projekty kolorystyczne, w tym nazwy marek i logo z chwytliwym, unikalnym nadrukiem. U\u017cywamy r\u00f3wnie\u017c wysokiej jako\u015bci najtrwalszych atrament\u00f3w, kt\u00f3re zapewniaj\u0105 wysoki kontrast i ostre, szczeg\u00f3\u0142owe wydruki, a wydajno\u015b\u0107 naszych kana\u0142\u00f3w biznesowych oferuje najta\u0144sze drukowanie toreb na zakupy w bran\u017cy. Nasi wykwalifikowani eksperci ds. druku oferuj\u0105 r\u00f3wnie\u017c bezp\u0142atn\u0105 pomoc w zakresie projektowania, a po potwierdzeniu zapewniamy r\u00f3wnie\u017c bezp\u0142atne szablony, dzi\u0119ki czemu masz pewno\u015b\u0107, \u017ce otrzymasz dok\u0142adnie takie nadruki, jakich potrzebujesz dla swoich toreb na zakupy.<\/p>\n<h3 style=\"font-weight: 500;\"><strong>Wysokiej jako\u015bci personalizacje i luksusowe opcje powlekania powierzchni<\/strong><\/h3>\n<p style=\"font-weight: 400;\">Je\u015bli chodzi o zapewnienie klientom detalicznym najbardziej luksusowych do\u015bwiadcze\u0144 zakupowych, chcesz, aby wszystko wygl\u0105da\u0142o i czu\u0142o si\u0119 tak samo. Luksusowa us\u0142uga drukowania toreb na zakupy od My Box Packaging zapewnia w\u0142a\u015bnie to. Dostosuj swoje torby na zakupy za pomoc\u0105 t\u0142oczenia foli\u0105 w dowolnych wymaganych b\u0142yszcz\u0105cych kolorach, wypuk\u0142ego nadruku, aby zrobi\u0107 r\u00f3\u017cnic\u0119, wyt\u0142aczania lub wyt\u0142aczania, aby uzyska\u0107 wyj\u0105tkowy wygl\u0105d i wielokolorowe dok\u0142adne logo, nazw\u0119 marki lub nadruk projektu, aby jak najlepiej uzupe\u0142ni\u0107 produkty detaliczne. Ponadto oferujemy wiele r\u00f3\u017cnych opcji wyko\u0144czenia powierzchni, w tym opcje b\u0142yszcz\u0105ce, matowe, punktowe UV lub mi\u0119kkie w dotyku. Zapewnij swoim klientom tylko to, czego potrzebuj\u0105, aby rozwin\u0105\u0107 pozytywny wizerunek Twojej marki i produkt\u00f3w, zwi\u0119kszaj\u0105c sprzeda\u017c w d\u0142u\u017cszej perspektywie.<\/p>\n<h2>Proces zamawiania<\/h2>\n<p>Nasz zesp\u00f3\u0142 ekspert\u00f3w przeprowadzi Ci\u0119 przez p\u0142ynny proces zamawiania. Zaczynamy od zrozumienia wymaga\u0144 marki i preferencji projektowych. Nast\u0119pnie dostarczamy szczeg\u00f3\u0142owe makiety i pr\u00f3bki do zatwierdzenia przed przej\u015bciem do produkcji.<\/p>\n<h2 class=\"yikes-custom-woo-tab-title yikes-custom-woo-tab-title-specifications\">Specyfikacje<\/h2>\n<table class=\"table table-striped\">\n<tbody>\n<tr>\n<td>Box Style<\/td>\n<td>Ko\u0144c\u00f3wka Reverse Tuck<\/td>\n<\/tr>\n<tr>\n<td>Kluczowe cechy<\/td>\n<td>G\u00f3rne zamkni\u0119cie z blokad\u0105 ciern\u0105<\/td>\n<\/tr>\n<tr>\n<td>Wymiar<\/td>\n<td>D\u0142. + szer. &lt;= 20 cali; wys. &lt;= 26 cali<\/td>\n<\/tr>\n<tr>\n<td>Ilo\u015bci<\/td>\n<td>500 &#8211; 500,000<\/td>\n<\/tr>\n<tr>\n<td>Papier zapasowy<\/td>\n<td>12pt do 24pt bia\u0142y karton, 18pt do 24pt SBS, 18pt do 24pt Kraft karton, tektura falista.<\/td>\n<\/tr>\n<tr>\n<td>Kolory<\/td>\n<td>Zwyk\u0142y bia\u0142y\/br\u0105zowy Kraft, CMYK, PMS, kolory specjalne (metaliczny srebrny, metaliczny z\u0142oty),<\/td>\n<\/tr>\n<tr>\n<td>Wyko\u0144czenie<\/td>\n<td>B\u0142yszcz\u0105cy AQ (domy\u015blnie), B\u0142yszcz\u0105cy UV, Matowy UV<\/td>\n<\/tr>\n<tr>\n<td>Przesy\u0142anie plik\u00f3w<\/td>\n<td>Linia produkcyjna i projekt w oddzielnych warstwach<\/p>\n<p>Pr\u00f3bka PMS odnotowana, je\u015bli dotyczy<\/td>\n<\/tr>\n<tr>\n<td>Dow\u00f3d<\/td>\n<td>Proof cyfrowy (plik gotowy do druku) potwierdzony przez klienta.<\/td>\n<\/tr>\n<tr>\n<td>Zwrot<\/td>\n<td>7-14 dni roboczych na wydruk i wysy\u0142k\u0119 po ostatecznym zatwierdzeniu (wysy\u0142ka GRATIS)<\/td>\n<\/tr>\n<tr>\n<td>Wysy\u0142ka<\/td>\n<td>Opakowanie p\u0142askie<\/td>\n<\/tr>\n<\/tbody>\n<\/table>\n<div class=\"auto-hide-last-sibling-br paragraph-u1TS5p paragraph-element br-paragraph-space\">\n<div class=\"auto-hide-last-sibling-br paragraph-u1TS5p paragraph-element br-paragraph-space\">\n<p>&nbsp;<\/p>\n<\/div>\n<\/div>","protected":false},"excerpt":{"rendered":"<p>Te papierowe torby prezentowe na bi\u017cuteri\u0119 wykorzystuj\u0105 wysokiej jako\u015bci torby papierowe z wykwintnym wzorem wst\u0105\u017cki, w po\u0142\u0105czeniu z kunsztem reliefowym w celu stworzenia tr\u00f3jwymiarowych wzor\u00f3w, podkre\u015blaj\u0105c lekk\u0105 luksusow\u0105 tekstur\u0119. Obs\u0142uguje nieograniczone us\u0142ugi dostosowywania i mo\u017ce elastycznie dostosowywa\u0107 rozmiar, wz\u00f3r reliefu, kolor wst\u0105\u017cki i struktur\u0119 opakowania, idealnie dostosowuj\u0105c si\u0119 do r\u00f3\u017cnych produkt\u00f3w jubilerskich, takich jak pier\u015bcionki i naszyjniki.<\/p>","protected":false},"featured_media":6840,"template":"","meta":[],"product_brand":[],"product_cat":[30,415,432,31],"product_tag":[509,508,510],"class_list":{"0":"post-6838","1":"product","2":"type-product","3":"status-publish","4":"has-post-thumbnail","6":"product_cat-by-industry","7":"product_cat-custom-jewelry-boxes-by-industry","8":"product_cat-pape-gift-bags","9":"product_cat-paper-box-style","10":"product_tag-custom-paper-gift-bags","11":"product_tag-jewelry-paper-gift-bags","12":"product_tag-paper-gift-bags-wholesale","14":"first","15":"instock","16":"shipping-taxable","17":"product-type-simple"},"_links":{"self":[{"href":"https:\/\/zojopackaging.com\/pl\/wp-json\/wp\/v2\/product\/6838","targetHints":{"allow":["GET"]}}],"collection":[{"href":"https:\/\/zojopackaging.com\/pl\/wp-json\/wp\/v2\/product"}],"about":[{"href":"https:\/\/zojopackaging.com\/pl\/wp-json\/wp\/v2\/types\/product"}],"version-history":[{"count":2,"href":"https:\/\/zojopackaging.com\/pl\/wp-json\/wp\/v2\/product\/6838\/revisions"}],"predecessor-version":[{"id":8081,"href":"https:\/\/zojopackaging.com\/pl\/wp-json\/wp\/v2\/product\/6838\/revisions\/8081"}],"wp:featuredmedia":[{"embeddable":true,"href":"https:\/\/zojopackaging.com\/pl\/wp-json\/wp\/v2\/media\/6840"}],"wp:attachment":[{"href":"https:\/\/zojopackaging.com\/pl\/wp-json\/wp\/v2\/media?parent=6838"}],"wp:term":[{"taxonomy":"product_brand","embeddable":true,"href":"https:\/\/zojopackaging.com\/pl\/wp-json\/wp\/v2\/product_brand?post=6838"},{"taxonomy":"product_cat","embeddable":true,"href":"https:\/\/zojopackaging.com\/pl\/wp-json\/wp\/v2\/product_cat?post=6838"},{"taxonomy":"product_tag","embeddable":true,"href":"https:\/\/zojopackaging.com\/pl\/wp-json\/wp\/v2\/product_tag?post=6838"}],"curies":[{"name":"wp","href":"https:\/\/api.w.org\/{rel}","templated":true}]}}