{"id":6845,"date":"2024-07-17T14:51:40","date_gmt":"2024-07-17T06:51:40","guid":{"rendered":"https:\/\/zojopackaging.com\/?post_type=product&#038;p=6845"},"modified":"2025-03-23T23:44:03","modified_gmt":"2025-03-23T15:44:03","slug":"wholesale-customized-paper-bag","status":"publish","type":"product","link":"https:\/\/zojopackaging.com\/pl\/product\/wholesale-customized-paper-bag\/","title":{"rendered":"Promocyjne papierowe torby na kosmetyki wysokiej jako\u015bci hurtowo"},"content":{"rendered":"<h1>Promocyjne papierowe torby na kosmetyki wysokiej jako\u015bci hurtowo<\/h1>\n<p>Nasze promocyjne, wysokiej jako\u015bci papierowe torby prezentowe na kosmetyki s\u0105 idealnym wyborem dla firm poszukuj\u0105cych wysokiej jako\u015bci, op\u0142acalnych i spersonalizowanych rozwi\u0105za\u0144 opakowaniowych luzem.<\/p>\n<p>Wykonane z najwy\u017cszej jako\u015bci papieru, s\u0105 wystarczaj\u0105co mocne, aby pomie\u015bci\u0107 r\u00f3\u017cne przedmioty, zachowuj\u0105c przy tym sw\u00f3j kszta\u0142t i integralno\u015b\u0107.<\/p>\n<p>Mo\u017cesz wybiera\u0107 spo\u015br\u00f3d szerokiej gamy rozmiar\u00f3w, kszta\u0142t\u00f3w i styl\u00f3w, aby zapewni\u0107 idealne dopasowanie do swoich produkt\u00f3w.<\/p>\n<h2>Proces zamawiania<\/h2>\n<p>Rozumiemy wyj\u0105tkowe potrzeby firm i staramy si\u0119, aby proces ten przebiega\u0142 sprawnie i wydajnie. Podaj nam szczeg\u00f3\u0142y personalizacji, wymagania dotycz\u0105ce ilo\u015bci i preferowany harmonogram dostaw, a my zajmiemy si\u0119 reszt\u0105.<\/p>\n<h2>Czas dostawy<\/h2>\n<p>Nawi\u0105zali\u015bmy niezawodne partnerstwa logistyczne, aby zapewni\u0107 szybk\u0105 i bezpieczn\u0105 dostaw\u0119 hurtowych niestandardowych toreb papierowych. W zale\u017cno\u015bci od wielko\u015bci zam\u00f3wienia i z\u0142o\u017cono\u015bci produkcji, zapewnimy dok\u0142adny czas realizacji i b\u0119dziemy na bie\u017c\u0105co informowa\u0107 o post\u0119pach w wysy\u0142ce.<\/p>\n<table width=\"1153\">\n<tbody>\n<tr>\n<td width=\"373\">Wymiary<\/td>\n<td width=\"373\">Wszystkie niestandardowe rozmiary i kszta\u0142ty<\/td>\n<\/tr>\n<tr>\n<td width=\"373\">Drukowanie<\/td>\n<td width=\"373\">CMYK, PMS, bez nadruku<\/td>\n<\/tr>\n<tr>\n<td width=\"373\">Papier zapasowy<\/td>\n<td width=\"373\">10pt do 28pt (60lb do 400lb) Ekologiczny Kraft, tektura falista E-flute, tektura Bux, karton<\/td>\n<\/tr>\n<tr>\n<td width=\"373\">Ilo\u015bci<\/td>\n<td width=\"373\">500- 500,000<\/td>\n<\/tr>\n<tr>\n<td width=\"373\">Pow\u0142oka<\/td>\n<td width=\"373\">B\u0142yszcz\u0105cy, matowy, punktowy UV<\/td>\n<\/tr>\n<tr>\n<td width=\"373\">Proces domy\u015blny<\/td>\n<td width=\"373\">Sztancowanie, klejenie, nacinanie, perforacja<\/td>\n<\/tr>\n<tr>\n<td width=\"373\">Opcje<\/td>\n<td width=\"373\">Niestandardowe wyci\u0119cie okna, foliowanie z\u0142ote\/srebrne, wyt\u0142aczanie, wypuk\u0142y atrament, arkusz PVC.<\/td>\n<\/tr>\n<tr>\n<td width=\"373\">Dow\u00f3d<\/td>\n<td width=\"373\">Widok p\u0142aski, makieta 3D, pr\u00f3bkowanie fizyczne (na \u017c\u0105danie)<\/td>\n<\/tr>\n<tr>\n<td width=\"373\">Czas realizacji<\/td>\n<td width=\"373\">7-14 dni roboczych, po\u015bpiech<\/td>\n<\/tr>\n<tr>\n<td width=\"373\">MOQ<\/td>\n<td width=\"373\">500<\/td>\n<\/tr>\n<tr>\n<td width=\"373\">Czas pr\u00f3by<\/td>\n<td width=\"373\">3-5 dni<\/td>\n<\/tr>\n<tr>\n<td width=\"373\">Termin p\u0142atno\u015bci<\/td>\n<td width=\"373\">T \/ T, Western Union, Paypal, depozyt 30% i saldo 70% przed wysy\u0142k\u0105.<\/td>\n<\/tr>\n<\/tbody>\n<\/table>\n<p>Wybierz nasze hurtowe niestandardowe torby papierowe, aby wyr\u00f3\u017cni\u0107 si\u0119 na rynku i usprawni\u0107 swoje potrzeby w zakresie opakowa\u0144. Skontaktuj si\u0119 z nami ju\u017c dzi\u015b, aby rozpocz\u0105\u0107 udan\u0105 wsp\u00f3\u0142prac\u0119.<\/p>\n<div class=\"auto-hide-last-sibling-br paragraph-u1TS5p paragraph-element br-paragraph-space\">\n<div class=\"auto-hide-last-sibling-br paragraph-u1TS5p paragraph-element br-paragraph-space\">\n<p>&nbsp;<\/p>\n<\/div>\n<\/div>","protected":false},"excerpt":{"rendered":"<p>Luksusowe papierowe torby na prezenty Hurtownia toreb na zakupy z uchwytem linowym i z\u0142otym logo t\u0142oczonym na gor\u0105co<\/p>","protected":false},"featured_media":6858,"template":"","meta":[],"product_brand":[],"product_cat":[30,390,432,31],"product_tag":[505,506,507],"class_list":{"0":"post-6845","1":"product","2":"type-product","3":"status-publish","4":"has-post-thumbnail","6":"product_cat-by-industry","7":"product_cat-custom-cosmetics-boxes","8":"product_cat-pape-gift-bags","9":"product_cat-paper-box-style","10":"product_tag-cosmetics-gift-bags-wholesale","11":"product_tag-high-quality-gift-bags","12":"product_tag-promotional-gift-bags","14":"first","15":"instock","16":"shipping-taxable","17":"product-type-simple"},"_links":{"self":[{"href":"https:\/\/zojopackaging.com\/pl\/wp-json\/wp\/v2\/product\/6845","targetHints":{"allow":["GET"]}}],"collection":[{"href":"https:\/\/zojopackaging.com\/pl\/wp-json\/wp\/v2\/product"}],"about":[{"href":"https:\/\/zojopackaging.com\/pl\/wp-json\/wp\/v2\/types\/product"}],"version-history":[{"count":2,"href":"https:\/\/zojopackaging.com\/pl\/wp-json\/wp\/v2\/product\/6845\/revisions"}],"predecessor-version":[{"id":8080,"href":"https:\/\/zojopackaging.com\/pl\/wp-json\/wp\/v2\/product\/6845\/revisions\/8080"}],"wp:featuredmedia":[{"embeddable":true,"href":"https:\/\/zojopackaging.com\/pl\/wp-json\/wp\/v2\/media\/6858"}],"wp:attachment":[{"href":"https:\/\/zojopackaging.com\/pl\/wp-json\/wp\/v2\/media?parent=6845"}],"wp:term":[{"taxonomy":"product_brand","embeddable":true,"href":"https:\/\/zojopackaging.com\/pl\/wp-json\/wp\/v2\/product_brand?post=6845"},{"taxonomy":"product_cat","embeddable":true,"href":"https:\/\/zojopackaging.com\/pl\/wp-json\/wp\/v2\/product_cat?post=6845"},{"taxonomy":"product_tag","embeddable":true,"href":"https:\/\/zojopackaging.com\/pl\/wp-json\/wp\/v2\/product_tag?post=6845"}],"curies":[{"name":"wp","href":"https:\/\/api.w.org\/{rel}","templated":true}]}}