{"id":6908,"date":"2024-07-19T10:13:11","date_gmt":"2024-07-19T02:13:11","guid":{"rendered":"https:\/\/zojopackaging.com\/?post_type=product&#038;p=6908"},"modified":"2025-03-23T23:27:25","modified_gmt":"2025-03-23T15:27:25","slug":"custom-cardboard-gift-perfume-box","status":"publish","type":"product","link":"https:\/\/zojopackaging.com\/pl\/product\/custom-cardboard-gift-perfume-box\/","title":{"rendered":"Niestandardowe drukowane opakowania perfum hurtowo"},"content":{"rendered":"<h1>Niestandardowe drukowane opakowania perfum hurtowo<\/h1>\n<p>Wszystkie rodzaje rozmiar\u00f3w i kszta\u0142t\u00f3w dla kreatywnych pomys\u0142\u00f3w i konkretnych produkt\u00f3w perfumeryjnych. U\u017cyj kartonowych pude\u0142ek na perfumy, aby wzmocni\u0107 to\u017csamo\u015b\u0107 swojej marki.<\/p>\n<h1>Producent sztywnych pude\u0142 kartonowych w Chinach<\/h1>\n<p>Dzi\u0119ki ponad 13-letniemu do\u015bwiadczeniu w produkcji pude\u0142 kartonowych, Hongyi napotka\u0142o wiele kluczowych kamieni milowych, kt\u00f3re okre\u015bli\u0142y, kim jeste\u015bmy jako firma. Obecnie jeste\u015bmy jednym z wiod\u0105cych producent\u00f3w i dostawc\u00f3w kartonowych pude\u0142ek na perfumy, sztywnych pude\u0142ek, pude\u0142ek na prezenty i pude\u0142ek kosmetycznych.<\/p>\n<p>Zajmujemy si\u0119 projektowaniem, drukowaniem i produkcj\u0105 hurtowych pude\u0142ek kartonowych przy minimalnym zam\u00f3wieniu wynosz\u0105cym 3000 sztuk. Nasi wykwalifikowani rzemie\u015blnicy zawsze \u015bci\u015ble wsp\u00f3\u0142pracowali z klientami, zapewniaj\u0105c, \u017ce produkujemy tylko wysokiej jako\u015bci i dostosowane do potrzeb luksusowe pude\u0142ka na perfumy.<\/p>\n<h1>Dlaczego warto dostosowa\u0107 projekt pude\u0142ka kartonowego do marki?<\/h1>\n<p>Dlaczego niezb\u0119dne jest posiadanie niestandardowego sztywnego pude\u0142ka kartonowego dla swojej marki? Oto kilka powod\u00f3w:<\/p>\n<p><strong>To naprawd\u0119 chroni produkt.<\/strong><br \/>\nPoniewa\u017c nie ma jednego uniwersalnego pude\u0142ka, wa\u017cne jest, aby zna\u0107 warto\u015b\u0107 niestandardowego projektu pude\u0142ka. Idealny rozmiar pude\u0142ka dla produktu b\u0119dzie pierwsz\u0105 lini\u0105 obrony w celu ochrony produkt\u00f3w, takich jak perfumy i kosmetyki.<\/p>\n<p><strong>Przyci\u0105gnie to nowych klient\u00f3w.<\/strong><br \/>\nWykonane na zam\u00f3wienie pude\u0142ko kartonowe mo\u017ce przyci\u0105gn\u0105\u0107 nowych klient\u00f3w, poniewa\u017c uznaj\u0105 oni jego projekt i struktur\u0119 za unikalne, tak jakby zosta\u0142o wyprodukowane tylko dla Twojej marki.<\/p>\n<p><strong>Mo\u017ce to budowa\u0107 wizerunek marki.<\/strong><br \/>\nKlienci uwa\u017caj\u0105, \u017ce niestandardowe pude\u0142ka kartonowe z nadrukiem s\u0105 modne, a ponadto mog\u0105 sprawi\u0107, \u017ce Twoja marka stanie si\u0119 charakterystycznym narz\u0119dziem. Pami\u0119taj, \u017ce konsumenci ufaj\u0105 i polegaj\u0105 na tego rodzaju wizualizacjach, kt\u00f3re pozostawiaj\u0105 trwa\u0142e wra\u017cenia zwi\u0105zane z mark\u0105.<\/p>\n<h1>Specyfikacje<\/h1>\n<table style=\"border-collapse: collapse; width: 759.02pt;\" border=\"0\" width=\"1012\" cellspacing=\"0\" cellpadding=\"0\">\n<tbody>\n<tr style=\"height: 16.50pt;\">\n<td class=\"et3\" style=\"height: 16.50pt; width: 379.50pt;\" width=\"506\" height=\"22\">Wymiary<\/td>\n<td class=\"et3\" style=\"width: 379.50pt;\" width=\"506\">Wszystkie niestandardowe rozmiary i kszta\u0142ty<\/td>\n<\/tr>\n<tr style=\"height: 16.50pt;\">\n<td class=\"et3\" style=\"height: 16.50pt;\" height=\"22\">Min. ilo\u015b\u0107<\/td>\n<td class=\"et3\">500 szt.<\/td>\n<\/tr>\n<tr style=\"height: 16.50pt;\">\n<td class=\"et3\" style=\"height: 16.50pt;\" height=\"22\">Drukowanie<\/td>\n<td class=\"et3\">Cmyk, pms, bez drukowania<\/td>\n<\/tr>\n<tr style=\"height: 16.50pt;\">\n<td class=\"et3\" style=\"height: 16.50pt;\" height=\"22\">Opcja materia\u0142u<\/td>\n<td class=\"et3\">Bia\u0142y papier kartonowy, papier powlekany, papier artystyczny, papier siarczanowy, ko\u015b\u0107 s\u0142oniowa, tektura dwustronna, papier specjalny itp.<\/td>\n<\/tr>\n<tr style=\"height: 17.25pt;\">\n<td class=\"et3\" style=\"height: 17.25pt;\" height=\"23\">Wyko\u0144czenie powierzchni<\/td>\n<td class=\"et4\" style=\"width: 379.50pt;\" width=\"506\">Laminowanie matowe\/b\u0142yszcz\u0105ce, punktowe UVDebossing, t\u0142oczenie, t\u0142oczenie foli\u0105 itp.<\/td>\n<\/tr>\n<tr style=\"height: 17.25pt;\">\n<td class=\"et4\" style=\"height: 17.25pt; width: 379.50pt;\" width=\"506\" height=\"23\">Wykorzystanie w przemy\u015ble<\/td>\n<td class=\"et4\" style=\"width: 379.50pt;\" width=\"506\">kosmetyki, perfumy, odzie\u017c, bi\u017cuteria, tyto\u0144, \u017cywno\u015b\u0107, towary codziennego u\u017cytku,<\/td>\n<\/tr>\n<tr style=\"height: 34.50pt;\">\n<td class=\"et4\" style=\"height: 34.50pt; width: 379.50pt;\" width=\"506\" height=\"46\">Kontrola jako\u015bci<\/td>\n<td class=\"et4\" style=\"width: 379.50pt;\" width=\"506\">Zaawansowany sprz\u0119t i do\u015bwiadczony zesp\u00f3\u0142 kontroli jako\u015bci dok\u0142adnie sprawdz\u0105 materia\u0142y, p\u00f3\u0142produkty i gotowe produkty na ka\u017cdym etapie przed ich u\u017cyciem.<\/td>\n<\/tr>\n<tr style=\"height: 34.50pt;\">\n<td class=\"et4\" style=\"height: 34.50pt; width: 379.50pt;\" width=\"506\" height=\"46\">Cena<\/td>\n<td class=\"et4\" style=\"width: 379.50pt;\" width=\"506\">Ostateczna cena b\u0119dzie dostosowana do produktu i wymaganej ilo\u015bci<\/td>\n<\/tr>\n<tr style=\"height: 16.50pt;\">\n<td class=\"et3\" style=\"height: 16.50pt;\" height=\"22\">Czas zwrotu<\/td>\n<td class=\"et3\">7-14 dni roboczych, po\u015bpiech<\/td>\n<\/tr>\n<tr style=\"height: 16.50pt;\">\n<td class=\"et3\" style=\"height: 16.50pt;\" height=\"22\">Papier<\/td>\n<td class=\"et3\">10pt do 28pt (60lb do 400lb) ekologiczny Kraft, tektura falista e-flute, tektura bux, karton<\/td>\n<\/tr>\n<tr style=\"height: 16.50pt;\">\n<td class=\"et3\" style=\"height: 16.50pt;\" height=\"22\">Dow\u00f3d<\/td>\n<td class=\"et3\">Widok p\u0142aski, makieta 3D, pr\u00f3bkowanie fizyczne (na \u017c\u0105danie)<\/td>\n<\/tr>\n<\/tbody>\n<\/table>\n<div class=\"widget block block-static-block\">\n<div class=\"landing-page-section option-bottom\">\n<div class=\"custom-materials-tabs-content container container-adjustment\">\n<div class=\"custom-materials-tab-content active\">\n<div class=\"widget block block-static-block\">\n<div class=\"options-items\">\n<div class=\"flex-grid-row-option\">\n<div class=\"flex-grid-item-option\">\n<div class=\"material-box\">\n<div class=\"material-des\">\n<p>&nbsp;<\/p>\n<\/div>\n<p>&nbsp;<\/p>\n<\/div>\n<\/div>\n<\/div>\n<\/div>\n<p><!---end of option item--><\/p>\n<\/div>\n<\/div>\n<\/div>\n<\/div>\n<\/div>","protected":false},"excerpt":{"rendered":"<p>Mo\u017cemy dostarczy\u0107 najbardziej premium i wysokiej jako\u015bci pude\u0142ka do opakowa\u0144 perfum z Chin hurtowo. mo\u017cemy nieko\u0144cz\u0105ce si\u0119 niestandardowe drukowane pude\u0142ka do pakowania i bezp\u0142atn\u0105 pr\u00f3bk\u0119.<\/p>","protected":false},"featured_media":6915,"template":"","meta":[],"product_brand":[],"product_cat":[30,417,425,31],"product_tag":[498,503,504],"class_list":{"0":"post-6908","1":"product","2":"type-product","3":"status-publish","4":"has-post-thumbnail","6":"product_cat-by-industry","7":"product_cat-custom-perfume-boxes-by-industry","8":"product_cat-lid-and-base-gift-box","9":"product_cat-paper-box-style","10":"product_tag-custom-perfume-packaging","11":"product_tag-fragrance-packaging-boxes","12":"product_tag-perfume-fragrance-packaging-wholesale","14":"first","15":"instock","16":"shipping-taxable","17":"product-type-grouped"},"_links":{"self":[{"href":"https:\/\/zojopackaging.com\/pl\/wp-json\/wp\/v2\/product\/6908","targetHints":{"allow":["GET"]}}],"collection":[{"href":"https:\/\/zojopackaging.com\/pl\/wp-json\/wp\/v2\/product"}],"about":[{"href":"https:\/\/zojopackaging.com\/pl\/wp-json\/wp\/v2\/types\/product"}],"version-history":[{"count":2,"href":"https:\/\/zojopackaging.com\/pl\/wp-json\/wp\/v2\/product\/6908\/revisions"}],"predecessor-version":[{"id":8078,"href":"https:\/\/zojopackaging.com\/pl\/wp-json\/wp\/v2\/product\/6908\/revisions\/8078"}],"wp:featuredmedia":[{"embeddable":true,"href":"https:\/\/zojopackaging.com\/pl\/wp-json\/wp\/v2\/media\/6915"}],"wp:attachment":[{"href":"https:\/\/zojopackaging.com\/pl\/wp-json\/wp\/v2\/media?parent=6908"}],"wp:term":[{"taxonomy":"product_brand","embeddable":true,"href":"https:\/\/zojopackaging.com\/pl\/wp-json\/wp\/v2\/product_brand?post=6908"},{"taxonomy":"product_cat","embeddable":true,"href":"https:\/\/zojopackaging.com\/pl\/wp-json\/wp\/v2\/product_cat?post=6908"},{"taxonomy":"product_tag","embeddable":true,"href":"https:\/\/zojopackaging.com\/pl\/wp-json\/wp\/v2\/product_tag?post=6908"}],"curies":[{"name":"wp","href":"https:\/\/api.w.org\/{rel}","templated":true}]}}