{"id":7184,"date":"2024-08-07T10:51:09","date_gmt":"2024-08-07T02:51:09","guid":{"rendered":"https:\/\/zojopackaging.com\/?post_type=product&#038;p=7184"},"modified":"2025-03-23T18:35:48","modified_gmt":"2025-03-23T10:35:48","slug":"custom-pizza-boxes","status":"publish","type":"product","link":"https:\/\/zojopackaging.com\/pl\/product\/custom-pizza-boxes\/","title":{"rendered":"Najwy\u017cszej jako\u015bci niestandardowe drukowane pude\u0142ka na pizz\u0119 w sprzeda\u017cy hurtowej"},"content":{"rendered":"<h1>Najwy\u017cszej jako\u015bci niestandardowe drukowane pude\u0142ka na pizz\u0119 w sprzeda\u017cy hurtowej<\/h1>\n<p>Jeste\u015bmy niestandardowym producentem z wieloletnim do\u015bwiadczeniem i zaanga\u017cowaniem w jako\u015b\u0107. Nasze najnowocze\u015bniejsze obiekty i zaawansowane procesy produkcyjne zapewniaj\u0105, \u017ce ka\u017cde wyprodukowane przez nas pude\u0142ko do pizzy spe\u0142nia najwy\u017csze standardy.<\/p>\n<p>Nasz zesp\u00f3\u0142 wykwalifikowanych specjalist\u00f3w \u015bci\u015ble wsp\u00f3\u0142pracuje z klientem podczas ca\u0142ego procesu. Od wst\u0119pnej koncepcji projektu do ko\u0144cowej produkcji, zwracamy uwag\u0119 na ka\u017cdy szczeg\u00f3\u0142, aby zapewni\u0107, \u017ce pude\u0142ka na pizz\u0119 nie tylko chroni\u0105 pizz\u0119, ale tak\u017ce poprawiaj\u0105 wizerunek marki.<\/p>\n<p>Oferujemy szerok\u0105 gam\u0119 materia\u0142\u00f3w i opcji drukowania, aby tworzy\u0107 pude\u0142ka na pizz\u0119, kt\u00f3re s\u0105 zar\u00f3wno funkcjonalne, jak i atrakcyjne wizualnie. Mo\u017cesz wybiera\u0107 spo\u015br\u00f3d ekologicznych materia\u0142\u00f3w, aby pokaza\u0107 swoje zaanga\u017cowanie w ochron\u0119 \u015brodowiska lub wybra\u0107 specjalne pow\u0142oki dla zwi\u0119kszenia trwa\u0142o\u015bci.<\/p>\n<p>Dzi\u0119ki naszemu wydajnemu \u0142a\u0144cuchowi dostaw i niezawodnym us\u0142ugom dostawczym mo\u017cesz liczy\u0107 na to, \u017ce Twoja firma b\u0119dzie dzia\u0142a\u0107 p\u0142ynnie.<\/p>\n<h1><strong>Specyfikacja<\/strong><\/h1>\n<div class=\"widget block block-static-block\">\n<div class=\"landing-page-section option-bottom\">\n<div class=\"custom-materials-tabs-content container container-adjustment\">\n<div class=\"custom-materials-tab-content active\">\n<div class=\"widget block block-static-block\">\n<div class=\"options-items\">\n<div class=\"flex-grid-row-option\">\n<div class=\"flex-grid-item-option\">\n<div class=\"material-box\">\n<div class=\"material-des\">\n<table width=\"1070\">\n<tbody>\n<tr>\n<td width=\"373\">Wymiary<\/td>\n<td width=\"373\">Wszystkie niestandardowe rozmiary i kszta\u0142ty<\/td>\n<\/tr>\n<tr>\n<td width=\"373\">MOQ<\/td>\n<td width=\"373\">500szt.<\/td>\n<\/tr>\n<tr>\n<td width=\"373\">Czas pr\u00f3by<\/td>\n<td width=\"373\">\u00a03-5 dni<\/td>\n<\/tr>\n<tr>\n<td width=\"373\">Proces domy\u015blny<\/td>\n<td width=\"373\">Sztancowanie, klejenie, nacinanie, perforacja<\/td>\n<\/tr>\n<tr>\n<td width=\"373\">Drukowanie<\/td>\n<td width=\"373\">Cmyk, pms, bez drukowania<\/td>\n<\/tr>\n<tr>\n<td width=\"373\">Opcja materia\u0142u<\/td>\n<td width=\"373\">Bia\u0142y papier kartonowy, papier powlekany, papier artystyczny, papier siarczanowy, ko\u015b\u0107 s\u0142oniowa, tektura dwustronna, papier specjalny itp.<\/td>\n<\/tr>\n<tr>\n<td width=\"373\">Wyko\u0144czenie powierzchni<\/td>\n<td width=\"373\">Laminowanie matowe\/b\u0142yszcz\u0105ce, punktowe UVDebossing, t\u0142oczenie, t\u0142oczenie foli\u0105 itp.<\/td>\n<\/tr>\n<tr>\n<td width=\"373\">Wykorzystanie w przemy\u015ble<\/td>\n<td width=\"373\">kosmetyki, perfumy, odzie\u017c, bi\u017cuteria, tyto\u0144, \u017cywno\u015b\u0107, towary codziennego u\u017cytku,<\/td>\n<\/tr>\n<tr>\n<td width=\"373\">Kontrola jako\u015bci<\/td>\n<td width=\"373\">Zaawansowany sprz\u0119t i do\u015bwiadczony zesp\u00f3\u0142 kontroli jako\u015bci dok\u0142adnie sprawdz\u0105 materia\u0142y, p\u00f3\u0142produkty i gotowe produkty na ka\u017cdym etapie przed ich u\u017cyciem.<\/td>\n<\/tr>\n<tr>\n<td width=\"373\">Cena<\/td>\n<td width=\"373\">Ostateczna cena b\u0119dzie dostosowana do produktu i wymaganej ilo\u015bci<\/td>\n<\/tr>\n<tr>\n<td width=\"373\">Czas zwrotu<\/td>\n<td width=\"373\">7-14 dni roboczych, po\u015bpiech<\/td>\n<\/tr>\n<tr>\n<td width=\"373\">Papier<\/td>\n<td width=\"373\">10pt do 28pt (60lb do 400lb) ekologiczny Kraft, tektura falista e-flute, tektura bux, karton<\/td>\n<\/tr>\n<tr>\n<td width=\"373\">Format grafiki<\/td>\n<td width=\"373\">JPG, PDF, AI, CDR, EPS, GIF....<\/td>\n<\/tr>\n<tr>\n<td width=\"373\">Akcesoria<\/td>\n<td width=\"373\">Magnes, ta\u015bma, forma EVA, plastikowa taca, g\u0105bka, okienko PVC\/PET\/PP,...<\/td>\n<\/tr>\n<tr>\n<td width=\"373\">Termin p\u0142atno\u015bci<\/td>\n<td width=\"373\">T \/ T, Western Union, Paypal, depozyt 30% i saldo 70% przed wysy\u0142k\u0105.<\/td>\n<\/tr>\n<\/tbody>\n<\/table>\n<\/div>\n<\/div>\n<\/div>\n<\/div>\n<\/div>\n<\/div>\n<\/div>\n<\/div>\n<\/div>\n<\/div>","protected":false},"excerpt":{"rendered":"<p>Hurtownia niestandardowych drukowanych pude\u0142ek na pizz\u0119. Najwy\u017csza jako\u015b\u0107, trwa\u0142e materia\u0142y i najlepszy druk. Dost\u0119pne niskie minima. Zaprojektuj swoje idealne pude\u0142ko ju\u017c dzi\u015b!<\/p>","protected":false},"featured_media":7181,"template":"","meta":[],"product_brand":[],"product_cat":[30,422,430],"product_tag":[496,495,497],"class_list":{"0":"post-7184","1":"product","2":"type-product","3":"status-publish","4":"has-post-thumbnail","6":"product_cat-by-industry","7":"product_cat-custom-gourmet-boxes-by-industry","8":"product_cat-folding-cartons","9":"product_tag-custom-printed-pizza-box","10":"product_tag-pizza-box-wholesale","11":"product_tag-top-quality-pizza-box","13":"first","14":"instock","15":"shipping-taxable","16":"product-type-simple"},"_links":{"self":[{"href":"https:\/\/zojopackaging.com\/pl\/wp-json\/wp\/v2\/product\/7184","targetHints":{"allow":["GET"]}}],"collection":[{"href":"https:\/\/zojopackaging.com\/pl\/wp-json\/wp\/v2\/product"}],"about":[{"href":"https:\/\/zojopackaging.com\/pl\/wp-json\/wp\/v2\/types\/product"}],"version-history":[{"count":2,"href":"https:\/\/zojopackaging.com\/pl\/wp-json\/wp\/v2\/product\/7184\/revisions"}],"predecessor-version":[{"id":8073,"href":"https:\/\/zojopackaging.com\/pl\/wp-json\/wp\/v2\/product\/7184\/revisions\/8073"}],"wp:featuredmedia":[{"embeddable":true,"href":"https:\/\/zojopackaging.com\/pl\/wp-json\/wp\/v2\/media\/7181"}],"wp:attachment":[{"href":"https:\/\/zojopackaging.com\/pl\/wp-json\/wp\/v2\/media?parent=7184"}],"wp:term":[{"taxonomy":"product_brand","embeddable":true,"href":"https:\/\/zojopackaging.com\/pl\/wp-json\/wp\/v2\/product_brand?post=7184"},{"taxonomy":"product_cat","embeddable":true,"href":"https:\/\/zojopackaging.com\/pl\/wp-json\/wp\/v2\/product_cat?post=7184"},{"taxonomy":"product_tag","embeddable":true,"href":"https:\/\/zojopackaging.com\/pl\/wp-json\/wp\/v2\/product_tag?post=7184"}],"curies":[{"name":"wp","href":"https:\/\/api.w.org\/{rel}","templated":true}]}}